{"id":4297,"date":"2024-12-20T20:21:27","date_gmt":"2024-12-20T19:21:27","guid":{"rendered":"https:\/\/reccopolisforall.es\/erklaerung-zur-zugaenglichkeit\/"},"modified":"2025-12-11T13:42:42","modified_gmt":"2025-12-11T12:42:42","slug":"erklaerung-zur-zugaenglichkeit","status":"publish","type":"page","link":"https:\/\/reccopolisforall.es\/de\/erklaerung-zur-zugaenglichkeit\/","title":{"rendered":"Erkl\u00e4rung zur Zug\u00e4nglichkeit"},"content":{"rendered":"\t\t<div data-elementor-type=\"wp-page\" data-elementor-id=\"4297\" class=\"elementor elementor-4297 elementor-3583\" data-elementor-post-type=\"page\">\n\t\t\t\t<div class=\"elementor-element elementor-element-1c63da58 e-con-full e-flex e-con e-parent\" data-id=\"1c63da58\" data-element_type=\"container\" data-e-type=\"container\" data-settings=\"{&quot;background_background&quot;:&quot;classic&quot;}\">\n\t\t\t\t<div class=\"elementor-element elementor-element-270a107d elementor-widget-mobile__width-inherit elementor-widget__width-inherit elementor-widget elementor-widget-heading\" data-id=\"270a107d\" data-element_type=\"widget\" data-e-type=\"widget\" data-widget_type=\"heading.default\">\n\t\t\t\t<div class=\"elementor-widget-container\">\n\t\t\t\t\t<h1 class=\"elementor-heading-title elementor-size-default\">Erkl\u00e4rung zur Zug\u00e4nglichkeit<\/h1>\t\t\t\t<\/div>\n\t\t\t\t<\/div>\n\t\t\t\t<\/div>\n\t\t<div class=\"elementor-element elementor-element-0823626 e-flex e-con-boxed e-con e-parent\" data-id=\"0823626\" data-element_type=\"container\" data-e-type=\"container\">\n\t\t\t\t\t<div class=\"e-con-inner\">\n\t\t\t\t<div class=\"elementor-element elementor-element-b0dcc29 elementor-widget elementor-widget-heading\" data-id=\"b0dcc29\" data-element_type=\"widget\" data-e-type=\"widget\" data-widget_type=\"heading.default\">\n\t\t\t\t<div class=\"elementor-widget-container\">\n\t\t\t\t\t<h2 class=\"elementor-heading-title elementor-size-default\">Politik der Zug\u00e4nglichkeit<\/h2>\t\t\t\t<\/div>\n\t\t\t\t<\/div>\n\t\t\t\t<div class=\"elementor-element elementor-element-8a603e7 elementor-widget elementor-widget-text-editor\" data-id=\"8a603e7\" data-element_type=\"widget\" data-e-type=\"widget\" data-widget_type=\"text-editor.default\">\n\t\t\t\t<div class=\"elementor-widget-container\">\n\t\t\t\t\t\t\t\t\t<p><br>Das Unternehmen Universidad de Alcal\u00e1 verpflichtet sich, seine Website gem\u00e4\u00df dem K\u00f6niglichen Erlass 1112\/2018 vom 7. September \u00fcber die Zug\u00e4nglichkeit von Websites und Anwendungen des \u00f6ffentlichen Sektors f\u00fcr mobile Ger\u00e4te oder von Europa finanzierte Entwicklungen zug\u00e4nglich zu machen. Diese Erkl\u00e4rung zur Zug\u00e4nglichkeit gilt f\u00fcr die Website<a href=\"https:\/\/reccopolisforall.es\/de\/\"><strong>https:\/\/reccopolisforall.es<\/strong><\/a> mit Ausnahme eingebetteter Inhalte von anderen Domains.<\/p>\t\t\t\t\t\t\t\t<\/div>\n\t\t\t\t<\/div>\n\t\t\t\t<div class=\"elementor-element elementor-element-5a1a7ef elementor-widget elementor-widget-heading\" data-id=\"5a1a7ef\" data-element_type=\"widget\" data-e-type=\"widget\" data-widget_type=\"heading.default\">\n\t\t\t\t<div class=\"elementor-widget-container\">\n\t\t\t\t\t<h2 class=\"elementor-heading-title elementor-size-default\">Status der Einhaltung<\/h2>\t\t\t\t<\/div>\n\t\t\t\t<\/div>\n\t\t\t\t<div class=\"elementor-element elementor-element-81d4199 elementor-widget elementor-widget-text-editor\" data-id=\"81d4199\" data-element_type=\"widget\" data-e-type=\"widget\" data-widget_type=\"text-editor.default\">\n\t\t\t\t<div class=\"elementor-widget-container\">\n\t\t\t\t\t\t\t\t\t<p>Diese Website ist teilweise konform mit der RD 1112\/2018, da die folgenden Aspekte nicht erf\u00fcllt sind.<\/p>\t\t\t\t\t\t\t\t<\/div>\n\t\t\t\t<\/div>\n\t\t\t\t<div class=\"elementor-element elementor-element-3c5954a elementor-widget elementor-widget-heading\" data-id=\"3c5954a\" data-element_type=\"widget\" data-e-type=\"widget\" data-widget_type=\"heading.default\">\n\t\t\t\t<div class=\"elementor-widget-container\">\n\t\t\t\t\t<h2 class=\"elementor-heading-title elementor-size-default\">Inhalt nicht zug\u00e4nglich<\/h2>\t\t\t\t<\/div>\n\t\t\t\t<\/div>\n\t\t\t\t<div class=\"elementor-element elementor-element-1dd0fc4 elementor-widget elementor-widget-text-editor\" data-id=\"1dd0fc4\" data-element_type=\"widget\" data-e-type=\"widget\" data-widget_type=\"text-editor.default\">\n\t\t\t\t<div class=\"elementor-widget-container\">\n\t\t\t\t\t\t\t\t\t<p>Der folgende Inhalt ist aus den folgenden Gr\u00fcnden nicht zug\u00e4nglich:<\/p><ul><li>Nichteinhaltung der Vorschriften:<\/li><li>Es kann Kopfzeilenelemente geben, die nicht korrekt implementiert sind oder deren logische Reihenfolge nicht korrekt ist &#8211; Anforderungsnummer 9.1.3.1 Informationen und Beziehungen der UNE-EN 301549:2022<\/li><li>Auf einigen Seiten kann es Elemente mit unzureichendem Kontrast geben &#8211; Anforderung 9.1.4.3 Kontrast UNE-EN 301549:2020<\/li><li>Es kann \u00dcberschriften geben, die nicht klar oder kurz sind, oder die keine \u00dcberschriften sein sollten &#8211; Anforderung Nummer 9.2.4.6 \u00dcberschriften und Kennzeichnungen der UNE-EN 301549:2022<\/li><li>Auf einigen Webseiten kann es gelegentlich zu Bearbeitungsfehlern kommen.<\/li><li>Unverh\u00e4ltnism\u00e4\u00dfige Belastung: Nicht zutreffend.<\/li><li>Der Inhalt f\u00e4llt nicht in den Geltungsbereich der geltenden Gesetzgebung.<\/li><\/ul><p><br>Es kann Office-Dateien in PDF- oder anderen Formaten geben, die vor dem 20. September 2018 ver\u00f6ffentlicht wurden und nicht alle Anforderungen an die Barrierefreiheit erf\u00fcllen. Es kann Inhalte von Dritten geben, die nicht von dieser Abteilung entwickelt wurden oder unter deren Kontrolle stehen, wie z. B. Office-Dateien von verschiedenen Agenturen, die auf dieser Website ver\u00f6ffentlicht werden m\u00fcssen.<\/p>\t\t\t\t\t\t\t\t<\/div>\n\t\t\t\t<\/div>\n\t\t\t\t<div class=\"elementor-element elementor-element-2584a9d elementor-widget elementor-widget-heading\" data-id=\"2584a9d\" data-element_type=\"widget\" data-e-type=\"widget\" data-widget_type=\"heading.default\">\n\t\t\t\t<div class=\"elementor-widget-container\">\n\t\t\t\t\t<h2 class=\"elementor-heading-title elementor-size-default\">Vorbereitung dieser Erkl\u00e4rung zur Zug\u00e4nglichkeit<\/h2>\t\t\t\t<\/div>\n\t\t\t\t<\/div>\n\t\t\t\t<div class=\"elementor-element elementor-element-4566968 elementor-widget elementor-widget-text-editor\" data-id=\"4566968\" data-element_type=\"widget\" data-e-type=\"widget\" data-widget_type=\"text-editor.default\">\n\t\t\t\t<div class=\"elementor-widget-container\">\n\t\t\t\t\t\t\t\t\t<p>Diese Erkl\u00e4rung wurde am 12\/12\/2024 erstellt.<\/p><p>Die Methode zur Erstellung der Erkl\u00e4rung war eine externe Selbstbewertung, die von der Firma <a href=\"https:\/\/www.tuwebaccesible.es\/\">Tu Web Accesible<\/a> durchgef\u00fchrt wurde.<\/p><p>Letzte \u00dcberarbeitung der Erkl\u00e4rung: 12\/12\/2024.<\/p>\t\t\t\t\t\t\t\t<\/div>\n\t\t\t\t<\/div>\n\t\t\t\t<div class=\"elementor-element elementor-element-5744032 elementor-widget elementor-widget-image\" data-id=\"5744032\" data-element_type=\"widget\" data-e-type=\"widget\" data-widget_type=\"image.default\">\n\t\t\t\t<div class=\"elementor-widget-container\">\n\t\t\t\t\t\t\t\t\t\t\t\t\t\t\t<img fetchpriority=\"high\" decoding=\"async\" width=\"285\" height=\"300\" src=\"https:\/\/reccopolisforall.es\/wp-content\/uploads\/2024\/12\/Proyecto-ACCARQ-Sello-Accesibilidad-Web-Nota-Negro-285x300.png\" class=\"attachment-medium size-medium wp-image-4274\" alt=\"Zug\u00e4nglichkeitssiegel von 9,66 von 10.\" srcset=\"https:\/\/reccopolisforall.es\/wp-content\/uploads\/2024\/12\/Proyecto-ACCARQ-Sello-Accesibilidad-Web-Nota-Negro-285x300.png 285w, https:\/\/reccopolisforall.es\/wp-content\/uploads\/2024\/12\/Proyecto-ACCARQ-Sello-Accesibilidad-Web-Nota-Negro-972x1024.png 972w, https:\/\/reccopolisforall.es\/wp-content\/uploads\/2024\/12\/Proyecto-ACCARQ-Sello-Accesibilidad-Web-Nota-Negro-768x809.png 768w, https:\/\/reccopolisforall.es\/wp-content\/uploads\/2024\/12\/Proyecto-ACCARQ-Sello-Accesibilidad-Web-Nota-Negro.png 1018w\" sizes=\"(max-width: 285px) 100vw, 285px\" \/>\t\t\t\t\t\t\t\t\t\t\t\t\t\t\t<\/div>\n\t\t\t\t<\/div>\n\t\t\t\t<div class=\"elementor-element elementor-element-be73b4d elementor-widget elementor-widget-heading\" data-id=\"be73b4d\" data-element_type=\"widget\" data-e-type=\"widget\" data-widget_type=\"heading.default\">\n\t\t\t\t<div class=\"elementor-widget-container\">\n\t\t\t\t\t<h2 class=\"elementor-heading-title elementor-size-default\">Bemerkungen und Kontaktangaben<\/h2>\t\t\t\t<\/div>\n\t\t\t\t<\/div>\n\t\t\t\t<div class=\"elementor-element elementor-element-cb35ace elementor-widget elementor-widget-text-editor\" data-id=\"cb35ace\" data-element_type=\"widget\" data-e-type=\"widget\" data-widget_type=\"text-editor.default\">\n\t\t\t\t<div class=\"elementor-widget-container\">\n\t\t\t\t\t\t\t\t\t<p>Sie k\u00f6nnen Mitteilungen \u00fcber die Anforderungen an die Zug\u00e4nglichkeit machen [Artikel 10.2.a) des RD 1112\/2018], wie z.B.:<\/p><ul><li>Um einen m\u00f6glichen Versto\u00df gegen die Bestimmungen dieser Website zu melden.<\/li><li>\u00dcbermitteln Sie andere Schwierigkeiten beim Zugriff auf Inhalte.<\/li><li>Bei weiteren Fragen oder Anregungen zur Barrierefreiheit der Website kontaktieren Sie uns bitte unter der folgenden E-Mail-Adresse <a href=\"http:\/\/arqueologia@uah.es\">arqueologia@uah.es<\/a>.<\/li><\/ul><p>Sie k\u00f6nnen einreichen:<\/p><ul><li>Eine Beschwerde bez\u00fcglich der Einhaltung der Anforderungen des RD 1112\/2018<\/li><li>Ein Antrag auf zug\u00e4ngliche Informationen in Bezug auf:<ul><li>Inhalte, die gem\u00e4\u00df Artikel 3, Absatz 4 vom Anwendungsbereich der RD 1112\/2018 ausgeschlossen sind.<\/li><li>Inhalte, die von den Zug\u00e4nglichkeitsanforderungen ausgenommen sind, weil sie eine unverh\u00e4ltnism\u00e4\u00dfige Belastung darstellen.<\/li><\/ul><\/li><\/ul><p>In dem Antrag auf Zugang zu Informationen m\u00fcssen die Fakten, die Gr\u00fcnde und der Antrag klar dargelegt werden, um nachzuweisen, dass der Antrag angemessen und legitim ist.<\/p>\t\t\t\t\t\t\t\t<\/div>\n\t\t\t\t<\/div>\n\t\t\t\t\t<\/div>\n\t\t\t\t<\/div>\n\t\t\t\t<\/div>\n\t\t","protected":false},"excerpt":{"rendered":"<div class=\"entry-summary\">\nErkl\u00e4rung zur Zug\u00e4nglichkeit Politik der Zug\u00e4nglichkeit Das Unternehmen Universidad de Alcal\u00e1 verpflichtet sich, seine Website gem\u00e4\u00df dem K\u00f6niglichen Erlass 1112\/2018 vom 7. September \u00fcber die Zug\u00e4nglichkeit von Websites und Anwendungen des \u00f6ffentlichen Sektors f\u00fcr mobile Ger\u00e4te oder von Europa finanzierte&hellip;\n<\/div>\n<div class=\"link-more\"><a href=\"https:\/\/reccopolisforall.es\/de\/erklaerung-zur-zugaenglichkeit\/\" class=\"more-link\">Continue reading<span class=\"screen-reader-text\"> &ldquo;Erkl\u00e4rung zur Zug\u00e4nglichkeit&rdquo;<\/span>&hellip;<\/a><\/div>\n","protected":false},"author":1,"featured_media":0,"parent":0,"menu_order":0,"comment_status":"closed","ping_status":"closed","template":"","meta":{"_acf_changed":false,"footnotes":""},"class_list":["post-4297","page","type-page","status-publish","hentry","entry"],"acf":[],"_links":{"self":[{"href":"https:\/\/reccopolisforall.es\/de\/wp-json\/wp\/v2\/pages\/4297","targetHints":{"allow":["GET"]}}],"collection":[{"href":"https:\/\/reccopolisforall.es\/de\/wp-json\/wp\/v2\/pages"}],"about":[{"href":"https:\/\/reccopolisforall.es\/de\/wp-json\/wp\/v2\/types\/page"}],"author":[{"embeddable":true,"href":"https:\/\/reccopolisforall.es\/de\/wp-json\/wp\/v2\/users\/1"}],"replies":[{"embeddable":true,"href":"https:\/\/reccopolisforall.es\/de\/wp-json\/wp\/v2\/comments?post=4297"}],"version-history":[{"count":2,"href":"https:\/\/reccopolisforall.es\/de\/wp-json\/wp\/v2\/pages\/4297\/revisions"}],"predecessor-version":[{"id":4861,"href":"https:\/\/reccopolisforall.es\/de\/wp-json\/wp\/v2\/pages\/4297\/revisions\/4861"}],"wp:attachment":[{"href":"https:\/\/reccopolisforall.es\/de\/wp-json\/wp\/v2\/media?parent=4297"}],"curies":[{"name":"wp","href":"https:\/\/api.w.org\/{rel}","templated":true}]}}