{"id":4320,"date":"2024-06-20T11:15:39","date_gmt":"2024-06-20T09:15:39","guid":{"rendered":"https:\/\/reccopolisforall.es\/01_der-schrein-de-jungfrau-oliva-poster\/"},"modified":"2025-02-10T19:29:12","modified_gmt":"2025-02-10T18:29:12","slug":"01_der-schrein-de-jungfrau-oliva-poster","status":"publish","type":"page","link":"https:\/\/reccopolisforall.es\/de\/01_der-schrein-de-jungfrau-oliva-poster\/","title":{"rendered":"01_Der Schrein de Jungfrau Oliva Poster"},"content":{"rendered":"\t\t<div data-elementor-type=\"wp-page\" data-elementor-id=\"4320\" class=\"elementor elementor-4320 elementor-446\" data-elementor-post-type=\"page\">\n\t\t\t\t<div class=\"elementor-element elementor-element-25c92de e-flex e-con-boxed elementor-invisible e-con e-parent\" data-id=\"25c92de\" data-element_type=\"container\" data-e-type=\"container\" data-settings=\"{&quot;animation&quot;:&quot;fadeInUp&quot;}\">\n\t\t\t\t\t<div class=\"e-con-inner\">\n\t\t\t\t<div class=\"elementor-element elementor-element-a010749 elementor-widget__width-inherit elementor-widget elementor-widget-heading\" data-id=\"a010749\" data-element_type=\"widget\" data-e-type=\"widget\" data-widget_type=\"heading.default\">\n\t\t\t\t<div class=\"elementor-widget-container\">\n\t\t\t\t\t<h1 class=\"elementor-heading-title elementor-size-default\">Der Schrein der Jungfrau Oliva<\/h1>\t\t\t\t<\/div>\n\t\t\t\t<\/div>\n\t\t\t\t\t<\/div>\n\t\t\t\t<\/div>\n\t\t<div class=\"elementor-element elementor-element-ae6d2da e-flex e-con-boxed elementor-invisible e-con e-parent\" data-id=\"ae6d2da\" data-element_type=\"container\" data-e-type=\"container\" data-settings=\"{&quot;animation&quot;:&quot;fadeInUp&quot;}\">\n\t\t\t\t\t<div class=\"e-con-inner\">\n\t\t\t\t<div class=\"elementor-element elementor-element-689d839 elementor-widget elementor-widget-text-editor\" data-id=\"689d839\" data-element_type=\"widget\" data-e-type=\"widget\" data-widget_type=\"text-editor.default\">\n\t\t\t\t<div class=\"elementor-widget-container\">\n\t\t\t\t\t\t\t\t\t<p>Das modernste Geb\u00e4ude der Fundst\u00e4tte ist der im 15. Jahrhundert errichtete Schrein der Jungfrau Oliva, auf Spanisch Virgen de la Oliva. F\u00fcr den Bau nutzte man das Gestein der Ruinen einer romanischen Kirche aus dem 12. Jahrhundert. Auch diese romanische Kirche wurde auf den Resten einer gro\u00dfen westgotischen Kirche aus dem 6.<\/p><p>Jahrhundert errichtet. Bis weit in das 16. Jahrhundert hinein war der Schrein der Virgen de la Oliva Wallfahrtsort der Region, an denen alle Bewohnenden der umliegenden D\u00f6rfer teilnahmen. Man gedachte so der gro\u00dfen alten Stadt, deren Ruinen immer noch zu erahnen waren.<\/p>\t\t\t\t\t\t\t\t<\/div>\n\t\t\t\t<\/div>\n\t\t\t\t\t<\/div>\n\t\t\t\t<\/div>\n\t\t<div class=\"elementor-element elementor-element-2366b20 e-flex e-con-boxed e-con e-parent\" data-id=\"2366b20\" data-element_type=\"container\" data-e-type=\"container\">\n\t\t\t\t\t<div class=\"e-con-inner\">\n\t\t<div class=\"elementor-element elementor-element-c3915af e-con-full e-flex e-con e-child\" data-id=\"c3915af\" data-element_type=\"container\" data-e-type=\"container\">\n\t\t\t\t<div class=\"elementor-element elementor-element-520ad87 elementor-widget elementor-widget-image\" data-id=\"520ad87\" data-element_type=\"widget\" data-e-type=\"widget\" data-widget_type=\"image.default\">\n\t\t\t\t<div class=\"elementor-widget-container\">\n\t\t\t\t\t\t\t\t\t\t\t\t<figure class=\"wp-caption\">\n\t\t\t\t\t\t\t\t\t\t<img fetchpriority=\"high\" decoding=\"async\" width=\"700\" height=\"540\" src=\"https:\/\/reccopolisforall.es\/wp-content\/uploads\/2024\/08\/C1_IMAGEN2.jpg\" class=\"attachment-large size-large wp-image-3904\" alt=\"Zeichnung des Grundrisses der im 16. Jahrhundert erbauten Einsiedelei Virgen de la Oliva.\" srcset=\"https:\/\/reccopolisforall.es\/wp-content\/uploads\/2024\/08\/C1_IMAGEN2.jpg 700w, https:\/\/reccopolisforall.es\/wp-content\/uploads\/2024\/08\/C1_IMAGEN2-300x231.jpg 300w\" sizes=\"(max-width: 700px) 100vw, 700px\" \/>\t\t\t\t\t\t\t\t\t\t\t<figcaption class=\"widget-image-caption wp-caption-text\">Plan der Schrein. 16. Jahrhundert. <\/figcaption>\n\t\t\t\t\t\t\t\t\t\t<\/figure>\n\t\t\t\t\t\t\t\t\t<\/div>\n\t\t\t\t<\/div>\n\t\t\t\t<\/div>\n\t\t<div class=\"elementor-element elementor-element-69f02b1 e-con-full e-flex e-con e-child\" data-id=\"69f02b1\" data-element_type=\"container\" data-e-type=\"container\">\n\t\t\t\t<div class=\"elementor-element elementor-element-93c2caf elementor-widget elementor-widget-image\" data-id=\"93c2caf\" data-element_type=\"widget\" data-e-type=\"widget\" data-widget_type=\"image.default\">\n\t\t\t\t<div class=\"elementor-widget-container\">\n\t\t\t\t\t\t\t\t\t\t\t\t<figure class=\"wp-caption\">\n\t\t\t\t\t\t\t\t\t\t<img decoding=\"async\" width=\"700\" height=\"606\" src=\"https:\/\/reccopolisforall.es\/wp-content\/uploads\/2024\/08\/C1_IMAGEN1.jpg\" class=\"attachment-large size-large wp-image-3906\" alt=\"Zwei Halbkreisb\u00f6gen, die von der Einsiedelei aus dem 16. Jahrhundert \u00fcbrig geblieben sind.\" srcset=\"https:\/\/reccopolisforall.es\/wp-content\/uploads\/2024\/08\/C1_IMAGEN1.jpg 700w, https:\/\/reccopolisforall.es\/wp-content\/uploads\/2024\/08\/C1_IMAGEN1-300x260.jpg 300w\" sizes=\"(max-width: 700px) 100vw, 700px\" \/>\t\t\t\t\t\t\t\t\t\t\t<figcaption class=\"widget-image-caption wp-caption-text\">Die \u00fcbrigen Rundb\u00f6gen der Einsiedelei <\/figcaption>\n\t\t\t\t\t\t\t\t\t\t<\/figure>\n\t\t\t\t\t\t\t\t\t<\/div>\n\t\t\t\t<\/div>\n\t\t\t\t<\/div>\n\t\t<div class=\"elementor-element elementor-element-5c4959e e-con-full e-flex e-con e-child\" data-id=\"5c4959e\" data-element_type=\"container\" data-e-type=\"container\">\n\t\t\t\t<div class=\"elementor-element elementor-element-aeb56d9 elementor-widget elementor-widget-image\" data-id=\"aeb56d9\" data-element_type=\"widget\" data-e-type=\"widget\" data-widget_type=\"image.default\">\n\t\t\t\t<div class=\"elementor-widget-container\">\n\t\t\t\t\t\t\t\t\t\t\t\t<figure class=\"wp-caption\">\n\t\t\t\t\t\t\t\t\t\t<img decoding=\"async\" width=\"700\" height=\"419\" src=\"https:\/\/reccopolisforall.es\/wp-content\/uploads\/2024\/08\/C1_IMAGEN3.jpg\" class=\"attachment-large size-large wp-image-3908\" alt=\"Eremitage und Basilika aus der Luft gesehen, k\u00f6nnen Sie auch die Gr\u00e4ber der sp\u00e4tmittelalterlichen Nekropole sehen.\" srcset=\"https:\/\/reccopolisforall.es\/wp-content\/uploads\/2024\/08\/C1_IMAGEN3.jpg 700w, https:\/\/reccopolisforall.es\/wp-content\/uploads\/2024\/08\/C1_IMAGEN3-300x180.jpg 300w\" sizes=\"(max-width: 700px) 100vw, 700px\" \/>\t\t\t\t\t\t\t\t\t\t\t<figcaption class=\"widget-image-caption wp-caption-text\">Schrein Virgen de la Oliva aus der Vogelperspektive<\/figcaption>\n\t\t\t\t\t\t\t\t\t\t<\/figure>\n\t\t\t\t\t\t\t\t\t<\/div>\n\t\t\t\t<\/div>\n\t\t\t\t<\/div>\n\t\t\t\t\t<\/div>\n\t\t\t\t<\/div>\n\t\t<div class=\"elementor-element elementor-element-59d800e e-flex e-con-boxed e-con e-parent\" data-id=\"59d800e\" data-element_type=\"container\" data-e-type=\"container\">\n\t\t\t\t\t<div class=\"e-con-inner\">\n\t\t\t\t<div class=\"elementor-element elementor-element-bb28e37 elementor-widget-divider--view-line elementor-widget elementor-widget-divider\" data-id=\"bb28e37\" data-element_type=\"widget\" data-e-type=\"widget\" data-widget_type=\"divider.default\">\n\t\t\t\t<div class=\"elementor-widget-container\">\n\t\t\t\t\t\t\t<div class=\"elementor-divider\">\n\t\t\t<span class=\"elementor-divider-separator\">\n\t\t\t\t\t\t<\/span>\n\t\t<\/div>\n\t\t\t\t\t\t<\/div>\n\t\t\t\t<\/div>\n\t\t\t\t\t<\/div>\n\t\t\t\t<\/div>\n\t\t<div class=\"elementor-element elementor-element-a9d2ecc e-con-full e-flex e-con e-parent\" data-id=\"a9d2ecc\" data-element_type=\"container\" data-e-type=\"container\">\n\t\t<div class=\"elementor-element elementor-element-19d5948 e-con-full e-grid e-con e-child\" data-id=\"19d5948\" data-element_type=\"container\" data-e-type=\"container\">\n\t\t\t\t<div class=\"elementor-element elementor-element-7769db4 elementor-widget elementor-widget-heading\" data-id=\"7769db4\" data-element_type=\"widget\" data-e-type=\"widget\" data-widget_type=\"heading.default\">\n\t\t\t\t<div class=\"elementor-widget-container\">\n\t\t\t\t\t<h2 class=\"elementor-heading-title elementor-size-default\">ENDE DES BESUCHS<\/h2>\t\t\t\t<\/div>\n\t\t\t\t<\/div>\n\t\t\t\t<div class=\"elementor-element elementor-element-e9c6285 elementor-widget__width-auto elementor-widget elementor-widget-button\" data-id=\"e9c6285\" data-element_type=\"widget\" data-e-type=\"widget\" data-widget_type=\"button.default\">\n\t\t\t\t<div class=\"elementor-widget-container\">\n\t\t\t\t\t\t\t\t\t<div class=\"elementor-button-wrapper\">\n\t\t\t\t\t<a class=\"elementor-button elementor-button-link elementor-size-sm\" href=\"https:\/\/reccopolisforall.es\/cambia-paisaje\/\">\n\t\t\t\t\t\t<span class=\"elementor-button-content-wrapper\">\n\t\t\t\t\t\t<span class=\"elementor-button-icon\">\n\t\t\t\t<svg aria-hidden=\"true\" class=\"e-font-icon-svg e-far-image\" viewBox=\"0 0 512 512\" xmlns=\"http:\/\/www.w3.org\/2000\/svg\"><path d=\"M464 64H48C21.49 64 0 85.49 0 112v288c0 26.51 21.49 48 48 48h416c26.51 0 48-21.49 48-48V112c0-26.51-21.49-48-48-48zm-6 336H54a6 6 0 0 1-6-6V118a6 6 0 0 1 6-6h404a6 6 0 0 1 6 6v276a6 6 0 0 1-6 6zM128 152c-22.091 0-40 17.909-40 40s17.909 40 40 40 40-17.909 40-40-17.909-40-40-40zM96 352h320v-80l-87.515-87.515c-4.686-4.686-12.284-4.686-16.971 0L192 304l-39.515-39.515c-4.686-4.686-12.284-4.686-16.971 0L96 304v48z\"><\/path><\/svg>\t\t\t<\/span>\n\t\t\t\t\t\t\t\t\t<span class=\"elementor-button-text\">Poster 18 <span class=\"screen-reader-text\">Gehe zu Poster 18<\/span><\/span>\n\t\t\t\t\t<\/span>\n\t\t\t\t\t<\/a>\n\t\t\t\t<\/div>\n\t\t\t\t\t\t\t\t<\/div>\n\t\t\t\t<\/div>\n\t\t\t\t<\/div>\n\t\t<div class=\"elementor-element elementor-element-c4b1d6e e-con-full e-flex e-con e-child\" data-id=\"c4b1d6e\" data-element_type=\"container\" data-e-type=\"container\">\n\t\t\t\t<div class=\"elementor-element elementor-element-00865b1 elementor-widget__width-auto elementor-align-center elementor-widget elementor-widget-button\" data-id=\"00865b1\" data-element_type=\"widget\" data-e-type=\"widget\" data-widget_type=\"button.default\">\n\t\t\t\t<div class=\"elementor-widget-container\">\n\t\t\t\t\t\t\t\t\t<div class=\"elementor-button-wrapper\">\n\t\t\t\t\t<a class=\"elementor-button elementor-button-link elementor-size-sm\" href=\"https:\/\/reccopolisforall.es\/visita-reccopolis\/\">\n\t\t\t\t\t\t<span class=\"elementor-button-content-wrapper\">\n\t\t\t\t\t\t<span class=\"elementor-button-icon\">\n\t\t\t\t<svg aria-hidden=\"true\" class=\"e-font-icon-svg e-fas-map-marked-alt\" viewBox=\"0 0 576 512\" xmlns=\"http:\/\/www.w3.org\/2000\/svg\"><path d=\"M288 0c-69.59 0-126 56.41-126 126 0 56.26 82.35 158.8 113.9 196.02 6.39 7.54 17.82 7.54 24.2 0C331.65 284.8 414 182.26 414 126 414 56.41 357.59 0 288 0zm0 168c-23.2 0-42-18.8-42-42s18.8-42 42-42 42 18.8 42 42-18.8 42-42 42zM20.12 215.95A32.006 32.006 0 0 0 0 245.66v250.32c0 11.32 11.43 19.06 21.94 14.86L160 448V214.92c-8.84-15.98-16.07-31.54-21.25-46.42L20.12 215.95zM288 359.67c-14.07 0-27.38-6.18-36.51-16.96-19.66-23.2-40.57-49.62-59.49-76.72v182l192 64V266c-18.92 27.09-39.82 53.52-59.49 76.72-9.13 10.77-22.44 16.95-36.51 16.95zm266.06-198.51L416 224v288l139.88-55.95A31.996 31.996 0 0 0 576 426.34V176.02c0-11.32-11.43-19.06-21.94-14.86z\"><\/path><\/svg>\t\t\t<\/span>\n\t\t\t\t\t\t\t\t\t<span class=\"elementor-button-text\">Reccopolis Lageplan <span class=\"screen-reader-text\">Zur\u00fcck zur Hauptansicht Reccopolis Lageplan<\/span><\/span>\n\t\t\t\t\t<\/span>\n\t\t\t\t\t<\/a>\n\t\t\t\t<\/div>\n\t\t\t\t\t\t\t\t<\/div>\n\t\t\t\t<\/div>\n\t\t\t\t<\/div>\n\t\t<div class=\"elementor-element elementor-element-619c2f7 e-con-full e-grid e-con e-child\" data-id=\"619c2f7\" data-element_type=\"container\" data-e-type=\"container\">\n\t\t\t\t<div class=\"elementor-element elementor-element-769a025 elementor-widget elementor-widget-heading\" data-id=\"769a025\" data-element_type=\"widget\" data-e-type=\"widget\" data-widget_type=\"heading.default\">\n\t\t\t\t<div class=\"elementor-widget-container\">\n\t\t\t\t\t<h2 class=\"elementor-heading-title elementor-size-default\">DER BESUCH GEHT WEITER<\/h2>\t\t\t\t<\/div>\n\t\t\t\t<\/div>\n\t\t\t\t<div class=\"elementor-element elementor-element-79f0e1e elementor-widget__width-auto elementor-widget elementor-widget-button\" data-id=\"79f0e1e\" data-element_type=\"widget\" data-e-type=\"widget\" data-widget_type=\"button.default\">\n\t\t\t\t<div class=\"elementor-widget-container\">\n\t\t\t\t\t\t\t\t\t<div class=\"elementor-button-wrapper\">\n\t\t\t\t\t<a class=\"elementor-button elementor-button-link elementor-size-sm\" href=\"https:\/\/reccopolisforall.es\/reccopolis\/\">\n\t\t\t\t\t\t<span class=\"elementor-button-content-wrapper\">\n\t\t\t\t\t\t<span class=\"elementor-button-icon\">\n\t\t\t\t<svg aria-hidden=\"true\" class=\"e-font-icon-svg e-far-image\" viewBox=\"0 0 512 512\" xmlns=\"http:\/\/www.w3.org\/2000\/svg\"><path d=\"M464 64H48C21.49 64 0 85.49 0 112v288c0 26.51 21.49 48 48 48h416c26.51 0 48-21.49 48-48V112c0-26.51-21.49-48-48-48zm-6 336H54a6 6 0 0 1-6-6V118a6 6 0 0 1 6-6h404a6 6 0 0 1 6 6v276a6 6 0 0 1-6 6zM128 152c-22.091 0-40 17.909-40 40s17.909 40 40 40 40-17.909 40-40-17.909-40-40-40zM96 352h320v-80l-87.515-87.515c-4.686-4.686-12.284-4.686-16.971 0L192 304l-39.515-39.515c-4.686-4.686-12.284-4.686-16.971 0L96 304v48z\"><\/path><\/svg>\t\t\t<\/span>\n\t\t\t\t\t\t\t\t\t<span class=\"elementor-button-text\">Poster 2 <span class=\"screen-reader-text\">Gehe zu Poster 2<\/span><\/span>\n\t\t\t\t\t<\/span>\n\t\t\t\t\t<\/a>\n\t\t\t\t<\/div>\n\t\t\t\t\t\t\t\t<\/div>\n\t\t\t\t<\/div>\n\t\t\t\t<\/div>\n\t\t\t\t<\/div>\n\t\t\t\t<\/div>\n\t\t","protected":false},"excerpt":{"rendered":"<div class=\"entry-summary\">\nDer Schrein der Jungfrau Oliva Das modernste Geb\u00e4ude der Fundst\u00e4tte ist der im 15. Jahrhundert errichtete Schrein der Jungfrau Oliva, auf Spanisch Virgen de la Oliva. F\u00fcr den Bau nutzte man das Gestein der Ruinen einer romanischen Kirche aus dem&hellip;\n<\/div>\n<div class=\"link-more\"><a href=\"https:\/\/reccopolisforall.es\/de\/01_der-schrein-de-jungfrau-oliva-poster\/\" class=\"more-link\">Continue reading<span class=\"screen-reader-text\"> &ldquo;01_Der Schrein de Jungfrau Oliva Poster&rdquo;<\/span>&hellip;<\/a><\/div>\n","protected":false},"author":1,"featured_media":0,"parent":0,"menu_order":0,"comment_status":"closed","ping_status":"closed","template":"","meta":{"_acf_changed":false,"footnotes":""},"class_list":["post-4320","page","type-page","status-publish","hentry","entry"],"acf":[],"_links":{"self":[{"href":"https:\/\/reccopolisforall.es\/de\/wp-json\/wp\/v2\/pages\/4320","targetHints":{"allow":["GET"]}}],"collection":[{"href":"https:\/\/reccopolisforall.es\/de\/wp-json\/wp\/v2\/pages"}],"about":[{"href":"https:\/\/reccopolisforall.es\/de\/wp-json\/wp\/v2\/types\/page"}],"author":[{"embeddable":true,"href":"https:\/\/reccopolisforall.es\/de\/wp-json\/wp\/v2\/users\/1"}],"replies":[{"embeddable":true,"href":"https:\/\/reccopolisforall.es\/de\/wp-json\/wp\/v2\/comments?post=4320"}],"version-history":[{"count":3,"href":"https:\/\/reccopolisforall.es\/de\/wp-json\/wp\/v2\/pages\/4320\/revisions"}],"predecessor-version":[{"id":4337,"href":"https:\/\/reccopolisforall.es\/de\/wp-json\/wp\/v2\/pages\/4320\/revisions\/4337"}],"wp:attachment":[{"href":"https:\/\/reccopolisforall.es\/de\/wp-json\/wp\/v2\/media?parent=4320"}],"curies":[{"name":"wp","href":"https:\/\/api.w.org\/{rel}","templated":true}]}}