{"id":4322,"date":"2024-06-20T11:45:49","date_gmt":"2024-06-20T09:45:49","guid":{"rendered":"https:\/\/reccopolisforall.es\/02_-reccopolis-poster\/"},"modified":"2025-02-12T09:06:52","modified_gmt":"2025-02-12T08:06:52","slug":"02_-reccopolis-poster","status":"publish","type":"page","link":"https:\/\/reccopolisforall.es\/de\/02_-reccopolis-poster\/","title":{"rendered":"02_ Reccopolis Poster"},"content":{"rendered":"\t\t<div data-elementor-type=\"wp-page\" data-elementor-id=\"4322\" class=\"elementor elementor-4322 elementor-470\" data-elementor-post-type=\"page\">\n\t\t\t\t<div class=\"elementor-element elementor-element-4cd34e8 e-flex e-con-boxed elementor-invisible e-con e-parent\" data-id=\"4cd34e8\" data-element_type=\"container\" data-e-type=\"container\" data-settings=\"{&quot;animation&quot;:&quot;fadeInUp&quot;}\">\n\t\t\t\t\t<div class=\"e-con-inner\">\n\t\t\t\t<div class=\"elementor-element elementor-element-c50d837 elementor-widget elementor-widget-heading\" data-id=\"c50d837\" data-element_type=\"widget\" data-e-type=\"widget\" data-widget_type=\"heading.default\">\n\t\t\t\t<div class=\"elementor-widget-container\">\n\t\t\t\t\t<h1 class=\"elementor-heading-title elementor-size-default\">RECCOPOLIS<\/h1>\t\t\t\t<\/div>\n\t\t\t\t<\/div>\n\t\t\t\t\t<\/div>\n\t\t\t\t<\/div>\n\t\t<div class=\"elementor-element elementor-element-051c064 e-flex e-con-boxed elementor-invisible e-con e-parent\" data-id=\"051c064\" data-element_type=\"container\" data-e-type=\"container\" data-settings=\"{&quot;animation&quot;:&quot;fadeInUp&quot;}\">\n\t\t\t\t\t<div class=\"e-con-inner\">\n\t\t\t\t<div class=\"elementor-element elementor-element-43ef887 elementor-widget elementor-widget-text-editor\" data-id=\"43ef887\" data-element_type=\"widget\" data-e-type=\"widget\" data-widget_type=\"text-editor.default\">\n\t\t\t\t<div class=\"elementor-widget-container\">\n\t\t\t\t\t\t\t\t\t<p>Reccopolis war eine westgotische Stadt, die der K\u00f6nig Leovigild im Jahr 578 zu Ehren des westgotischen K\u00f6nigsreichs Toledos und zur Festigung der k\u00f6niglichen Macht errichten lie\u00df. Benannt wurde sie nach seinem Sohn und dem somit zuk\u00fcnftigen K\u00f6nig Reccared. <\/p><p>La ciudad, de grandes dimensiones, fue la \u00fanica de nueva planta que se levant\u00f3 en aquella \u00e9poca. Se construy\u00f3 con espl\u00e9ndidos edificios y siguiendo un plan urban\u00edstico jerarquizado que la divid\u00eda en varias zonas, el palacio, la zona comercial, las diferentes zonas de vivienda, la muralla y los arrabales. <\/p><p>Die Stadt Reccopolis zeichnete sich nicht nur durch ihre Gr\u00f6\u00dfe aus, sondern sie war auch die einzige neuerbaute Stadt in der westgotischen Epoche. F\u00fcr Reccopolis errichtete man prachtvolle Geb\u00e4ude und verfolgte einen hierarchischen Stadtplan, der die Stadt in verschiedene Bereiche unterteilte: den Palast, das Einkaufs- und Handelsviertel, die verschiedenen Wohnbezirke, die Stadtmauer sowie die Au\u00dfenbezirke \/Vororte.<br>W\u00e4hrend der westgotischen Epoche (Ende des 6. bis zu Beginn des 8. Jahrhunderts) und der fr\u00fchen andalusischen Epoche (Beginn des 8. bis Mitte des 9. Jahrhunderts) unterlag Reccopolis stets urbanem Wandel. So wurden im 9. Jahrhundert die \u00dcberreste der inzwischen verlassenen Stadt zum Bau der neuen andalusischen Stadt Zorita verwendet. Erst nach der christlichen Eroberung dieser Gebiete gegen Ende des 12. Jahrhunderts siedelte sich eine kleine Bauergemeinschaft im oberen Teil des H\u00fcgels an. Dabei nutzten sie die Reste der westgotischen Bauten, um sich eine Kirche und einige H\u00e4user zu erbauen.    <\/p>\t\t\t\t\t\t\t\t<\/div>\n\t\t\t\t<\/div>\n\t\t\t\t\t<\/div>\n\t\t\t\t<\/div>\n\t\t<div class=\"elementor-element elementor-element-57ed32de e-flex e-con-boxed e-con e-parent\" data-id=\"57ed32de\" data-element_type=\"container\" data-e-type=\"container\">\n\t\t\t\t\t<div class=\"e-con-inner\">\n\t\t<div class=\"elementor-element elementor-element-3a6b2795 e-con-full e-flex e-con e-child\" data-id=\"3a6b2795\" data-element_type=\"container\" data-e-type=\"container\">\n\t\t\t\t<div class=\"elementor-element elementor-element-1e3f12f5 elementor-widget__width-initial elementor-widget elementor-widget-image\" data-id=\"1e3f12f5\" data-element_type=\"widget\" data-e-type=\"widget\" data-widget_type=\"image.default\">\n\t\t\t\t<div class=\"elementor-widget-container\">\n\t\t\t\t\t\t\t\t\t\t\t\t<figure class=\"wp-caption\">\n\t\t\t\t\t\t\t\t\t\t<img fetchpriority=\"high\" decoding=\"async\" width=\"1080\" height=\"638\" src=\"https:\/\/reccopolisforall.es\/wp-content\/uploads\/2024\/08\/VISTA_GENERAL1.jpg\" class=\"attachment-2048x2048 size-2048x2048 wp-image-3910\" alt=\"Luftaufnahme des Standorts Reccopolis\" srcset=\"https:\/\/reccopolisforall.es\/wp-content\/uploads\/2024\/08\/VISTA_GENERAL1.jpg 1080w, https:\/\/reccopolisforall.es\/wp-content\/uploads\/2024\/08\/VISTA_GENERAL1-300x177.jpg 300w, https:\/\/reccopolisforall.es\/wp-content\/uploads\/2024\/08\/VISTA_GENERAL1-1024x605.jpg 1024w, https:\/\/reccopolisforall.es\/wp-content\/uploads\/2024\/08\/VISTA_GENERAL1-768x454.jpg 768w\" sizes=\"(max-width: 1080px) 100vw, 1080px\" \/>\t\t\t\t\t\t\t\t\t\t\t<figcaption class=\"widget-image-caption wp-caption-text\">Luftaufnahme des Reccopolis-Gel\u00e4ndes mit dem Fluss Tajo auf der rechten Seite.<\/figcaption>\n\t\t\t\t\t\t\t\t\t\t<\/figure>\n\t\t\t\t\t\t\t\t\t<\/div>\n\t\t\t\t<\/div>\n\t\t\t\t<div class=\"elementor-element elementor-element-e377dcd elementor-widget__width-initial elementor-widget elementor-widget-image\" data-id=\"e377dcd\" data-element_type=\"widget\" data-e-type=\"widget\" data-widget_type=\"image.default\">\n\t\t\t\t<div class=\"elementor-widget-container\">\n\t\t\t\t\t\t\t\t\t\t\t\t<figure class=\"wp-caption\">\n\t\t\t\t\t\t\t\t\t\t<img decoding=\"async\" width=\"1024\" height=\"685\" src=\"https:\/\/reccopolisforall.es\/wp-content\/uploads\/2024\/08\/C2_IMAGEN3-1024x685.jpg\" class=\"attachment-large size-large wp-image-3914\" alt=\"Westgotische W\u00e4hrung, bekannt als Trem\u00eds. Auf der linken Vorderseite die schematische Figur des Profils von K\u00f6nig Leovigild und die Legende \u201eLeovigild\u201c. Rechts die R\u00fcckseite mit schematischer Figur einer gefl\u00fcgelten Victory und der lateinischen Legende \u201eIllustrious King\u201c.\" srcset=\"https:\/\/reccopolisforall.es\/wp-content\/uploads\/2024\/08\/C2_IMAGEN3-1024x685.jpg 1024w, https:\/\/reccopolisforall.es\/wp-content\/uploads\/2024\/08\/C2_IMAGEN3-300x201.jpg 300w, https:\/\/reccopolisforall.es\/wp-content\/uploads\/2024\/08\/C2_IMAGEN3-768x513.jpg 768w, https:\/\/reccopolisforall.es\/wp-content\/uploads\/2024\/08\/C2_IMAGEN3.jpg 1080w\" sizes=\"(max-width: 1024px) 100vw, 1024px\" \/>\t\t\t\t\t\t\t\t\t\t\t<figcaption class=\"widget-image-caption wp-caption-text\">Westgotische M\u00fcnze, bekannt als Trem\u00eds. Links die Vorderseite mit einer schematischen Darstellung des Profils von K\u00f6nig Leovigild und der Legende 'Leovigild'. Auf der rechten Seite die R\u00fcckseite mit der schematischen Darstellung einer gefl\u00fcgelten Siegerin und der lateinischen Legende 'Erlauchter K\u00f6nig'.  <\/figcaption>\n\t\t\t\t\t\t\t\t\t\t<\/figure>\n\t\t\t\t\t\t\t\t\t<\/div>\n\t\t\t\t<\/div>\n\t\t\t\t<div class=\"elementor-element elementor-element-024a889 elementor-widget__width-initial elementor-widget elementor-widget-image\" data-id=\"024a889\" data-element_type=\"widget\" data-e-type=\"widget\" data-widget_type=\"image.default\">\n\t\t\t\t<div class=\"elementor-widget-container\">\n\t\t\t\t\t\t\t\t\t\t\t\t<figure class=\"wp-caption\">\n\t\t\t\t\t\t\t\t\t\t<img decoding=\"async\" width=\"1080\" height=\"810\" src=\"https:\/\/reccopolisforall.es\/wp-content\/uploads\/2024\/08\/VISTA_GENERAL2.jpg\" class=\"attachment-2048x2048 size-2048x2048 wp-image-3912\" alt=\"Luftaufnahme der Ausgrabungsst\u00e4tte in Reccopolis. Vom Eingang gelangt man durch den unteren Teil zur Basilika und Einsiedelei. Der Besuch geht weiter \u00fcber den Weg nach links und erreicht die Hauptstra\u00dfe mit den Tabernae auf beiden Seiten. Anschlie\u00dfend erreichen Sie das monumentale Tor und den Platz mit der Palatinanlage.\" srcset=\"https:\/\/reccopolisforall.es\/wp-content\/uploads\/2024\/08\/VISTA_GENERAL2.jpg 1080w, https:\/\/reccopolisforall.es\/wp-content\/uploads\/2024\/08\/VISTA_GENERAL2-300x225.jpg 300w, https:\/\/reccopolisforall.es\/wp-content\/uploads\/2024\/08\/VISTA_GENERAL2-1024x768.jpg 1024w, https:\/\/reccopolisforall.es\/wp-content\/uploads\/2024\/08\/VISTA_GENERAL2-768x576.jpg 768w\" sizes=\"(max-width: 1080px) 100vw, 1080px\" \/>\t\t\t\t\t\t\t\t\t\t\t<figcaption class=\"widget-image-caption wp-caption-text\">Luftaufnahme der gesamten Ausgrabungsst\u00e4tte aus der Vogelperspektive. Der Palastkomplex auf der rechten Seite, die Hauptstra\u00dfe mit den Tabernae auf beiden Seiten und die Wohnh\u00e4user dahinter.  <\/figcaption>\n\t\t\t\t\t\t\t\t\t\t<\/figure>\n\t\t\t\t\t\t\t\t\t<\/div>\n\t\t\t\t<\/div>\n\t\t\t\t<\/div>\n\t\t\t\t\t<\/div>\n\t\t\t\t<\/div>\n\t\t<div class=\"elementor-element elementor-element-5e666c0c e-con-full e-flex e-con e-parent\" data-id=\"5e666c0c\" data-element_type=\"container\" data-e-type=\"container\">\n\t\t<div class=\"elementor-element elementor-element-33100b1e e-con-full e-grid e-con e-child\" data-id=\"33100b1e\" data-element_type=\"container\" data-e-type=\"container\">\n\t\t\t\t<div class=\"elementor-element elementor-element-55853645 elementor-widget elementor-widget-heading\" data-id=\"55853645\" data-element_type=\"widget\" data-e-type=\"widget\" data-widget_type=\"heading.default\">\n\t\t\t\t<div class=\"elementor-widget-container\">\n\t\t\t\t\t<h2 class=\"elementor-heading-title elementor-size-default\">ZUR\u00dcCK BEIM BESUCH<\/h2>\t\t\t\t<\/div>\n\t\t\t\t<\/div>\n\t\t\t\t<div class=\"elementor-element elementor-element-7f83dc72 elementor-widget__width-auto elementor-widget elementor-widget-button\" data-id=\"7f83dc72\" data-element_type=\"widget\" data-e-type=\"widget\" data-widget_type=\"button.default\">\n\t\t\t\t<div class=\"elementor-widget-container\">\n\t\t\t\t\t\t\t\t\t<div class=\"elementor-button-wrapper\">\n\t\t\t\t\t<a class=\"elementor-button elementor-button-link elementor-size-sm\" href=\"https:\/\/reccopolisforall.es\/de\/01_der-schrein-de-jungfrau-oliva-poster\/\">\n\t\t\t\t\t\t<span class=\"elementor-button-content-wrapper\">\n\t\t\t\t\t\t<span class=\"elementor-button-icon\">\n\t\t\t\t<svg aria-hidden=\"true\" class=\"e-font-icon-svg e-far-image\" viewBox=\"0 0 512 512\" xmlns=\"http:\/\/www.w3.org\/2000\/svg\"><path d=\"M464 64H48C21.49 64 0 85.49 0 112v288c0 26.51 21.49 48 48 48h416c26.51 0 48-21.49 48-48V112c0-26.51-21.49-48-48-48zm-6 336H54a6 6 0 0 1-6-6V118a6 6 0 0 1 6-6h404a6 6 0 0 1 6 6v276a6 6 0 0 1-6 6zM128 152c-22.091 0-40 17.909-40 40s17.909 40 40 40 40-17.909 40-40-17.909-40-40-40zM96 352h320v-80l-87.515-87.515c-4.686-4.686-12.284-4.686-16.971 0L192 304l-39.515-39.515c-4.686-4.686-12.284-4.686-16.971 0L96 304v48z\"><\/path><\/svg>\t\t\t<\/span>\n\t\t\t\t\t\t\t\t\t<span class=\"elementor-button-text\">Poster 1 <span class=\"screen-reader-text\">Gehe zu Poster 1<\/span><\/span>\n\t\t\t\t\t<\/span>\n\t\t\t\t\t<\/a>\n\t\t\t\t<\/div>\n\t\t\t\t\t\t\t\t<\/div>\n\t\t\t\t<\/div>\n\t\t\t\t<\/div>\n\t\t<div class=\"elementor-element elementor-element-3871c2e e-con-full e-flex e-con e-child\" data-id=\"3871c2e\" data-element_type=\"container\" data-e-type=\"container\">\n\t\t\t\t<div class=\"elementor-element elementor-element-41ca04bf elementor-widget__width-auto elementor-align-center elementor-widget elementor-widget-button\" data-id=\"41ca04bf\" data-element_type=\"widget\" data-e-type=\"widget\" data-widget_type=\"button.default\">\n\t\t\t\t<div class=\"elementor-widget-container\">\n\t\t\t\t\t\t\t\t\t<div class=\"elementor-button-wrapper\">\n\t\t\t\t\t<a class=\"elementor-button elementor-button-link elementor-size-sm\" href=\"https:\/\/reccopolisforall.es\/visita-reccopolis\/\">\n\t\t\t\t\t\t<span class=\"elementor-button-content-wrapper\">\n\t\t\t\t\t\t<span class=\"elementor-button-icon\">\n\t\t\t\t<svg aria-hidden=\"true\" class=\"e-font-icon-svg e-fas-map-marked-alt\" viewBox=\"0 0 576 512\" xmlns=\"http:\/\/www.w3.org\/2000\/svg\"><path d=\"M288 0c-69.59 0-126 56.41-126 126 0 56.26 82.35 158.8 113.9 196.02 6.39 7.54 17.82 7.54 24.2 0C331.65 284.8 414 182.26 414 126 414 56.41 357.59 0 288 0zm0 168c-23.2 0-42-18.8-42-42s18.8-42 42-42 42 18.8 42 42-18.8 42-42 42zM20.12 215.95A32.006 32.006 0 0 0 0 245.66v250.32c0 11.32 11.43 19.06 21.94 14.86L160 448V214.92c-8.84-15.98-16.07-31.54-21.25-46.42L20.12 215.95zM288 359.67c-14.07 0-27.38-6.18-36.51-16.96-19.66-23.2-40.57-49.62-59.49-76.72v182l192 64V266c-18.92 27.09-39.82 53.52-59.49 76.72-9.13 10.77-22.44 16.95-36.51 16.95zm266.06-198.51L416 224v288l139.88-55.95A31.996 31.996 0 0 0 576 426.34V176.02c0-11.32-11.43-19.06-21.94-14.86z\"><\/path><\/svg>\t\t\t<\/span>\n\t\t\t\t\t\t\t\t\t<span class=\"elementor-button-text\">Reccopolis Lageplan <span class=\"screen-reader-text\">Zur\u00fcck zur Hauptansicht Reccopolis Lageplan<\/span><\/span>\n\t\t\t\t\t<\/span>\n\t\t\t\t\t<\/a>\n\t\t\t\t<\/div>\n\t\t\t\t\t\t\t\t<\/div>\n\t\t\t\t<\/div>\n\t\t\t\t<\/div>\n\t\t<div class=\"elementor-element elementor-element-1d4d4b0d e-con-full e-grid e-con e-child\" data-id=\"1d4d4b0d\" data-element_type=\"container\" data-e-type=\"container\">\n\t\t\t\t<div class=\"elementor-element elementor-element-73cb4f41 elementor-widget elementor-widget-heading\" data-id=\"73cb4f41\" data-element_type=\"widget\" data-e-type=\"widget\" data-widget_type=\"heading.default\">\n\t\t\t\t<div class=\"elementor-widget-container\">\n\t\t\t\t\t<h2 class=\"elementor-heading-title elementor-size-default\">DER BESUCH GEHT WEITER<\/h2>\t\t\t\t<\/div>\n\t\t\t\t<\/div>\n\t\t\t\t<div class=\"elementor-element elementor-element-527daeed elementor-widget__width-auto elementor-widget elementor-widget-button\" data-id=\"527daeed\" data-element_type=\"widget\" data-e-type=\"widget\" data-widget_type=\"button.default\">\n\t\t\t\t<div class=\"elementor-widget-container\">\n\t\t\t\t\t\t\t\t\t<div class=\"elementor-button-wrapper\">\n\t\t\t\t\t<a class=\"elementor-button elementor-button-link elementor-size-sm\" href=\"https:\/\/reccopolisforall.es\/de\/03_-geschaefte-und-strassenbau-poster\/\">\n\t\t\t\t\t\t<span class=\"elementor-button-content-wrapper\">\n\t\t\t\t\t\t<span class=\"elementor-button-icon\">\n\t\t\t\t<svg aria-hidden=\"true\" class=\"e-font-icon-svg e-far-image\" viewBox=\"0 0 512 512\" xmlns=\"http:\/\/www.w3.org\/2000\/svg\"><path d=\"M464 64H48C21.49 64 0 85.49 0 112v288c0 26.51 21.49 48 48 48h416c26.51 0 48-21.49 48-48V112c0-26.51-21.49-48-48-48zm-6 336H54a6 6 0 0 1-6-6V118a6 6 0 0 1 6-6h404a6 6 0 0 1 6 6v276a6 6 0 0 1-6 6zM128 152c-22.091 0-40 17.909-40 40s17.909 40 40 40 40-17.909 40-40-17.909-40-40-40zM96 352h320v-80l-87.515-87.515c-4.686-4.686-12.284-4.686-16.971 0L192 304l-39.515-39.515c-4.686-4.686-12.284-4.686-16.971 0L96 304v48z\"><\/path><\/svg>\t\t\t<\/span>\n\t\t\t\t\t\t\t\t\t<span class=\"elementor-button-text\">Poster 3 <span class=\"screen-reader-text\">Gehe zu Poster 3<\/span><\/span>\n\t\t\t\t\t<\/span>\n\t\t\t\t\t<\/a>\n\t\t\t\t<\/div>\n\t\t\t\t\t\t\t\t<\/div>\n\t\t\t\t<\/div>\n\t\t\t\t<\/div>\n\t\t\t\t<\/div>\n\t\t\t\t<\/div>\n\t\t","protected":false},"excerpt":{"rendered":"<div class=\"entry-summary\">\nRECCOPOLIS Reccopolis war eine westgotische Stadt, die der K\u00f6nig Leovigild im Jahr 578 zu Ehren des westgotischen K\u00f6nigsreichs Toledos und zur Festigung der k\u00f6niglichen Macht errichten lie\u00df. Benannt wurde sie nach seinem Sohn und dem somit zuk\u00fcnftigen K\u00f6nig Reccared. La&hellip;\n<\/div>\n<div class=\"link-more\"><a href=\"https:\/\/reccopolisforall.es\/de\/02_-reccopolis-poster\/\" class=\"more-link\">Continue reading<span class=\"screen-reader-text\"> &ldquo;02_ Reccopolis Poster&rdquo;<\/span>&hellip;<\/a><\/div>\n","protected":false},"author":1,"featured_media":0,"parent":0,"menu_order":0,"comment_status":"closed","ping_status":"closed","template":"","meta":{"_acf_changed":false,"footnotes":""},"class_list":["post-4322","page","type-page","status-publish","hentry","entry"],"acf":[],"_links":{"self":[{"href":"https:\/\/reccopolisforall.es\/de\/wp-json\/wp\/v2\/pages\/4322","targetHints":{"allow":["GET"]}}],"collection":[{"href":"https:\/\/reccopolisforall.es\/de\/wp-json\/wp\/v2\/pages"}],"about":[{"href":"https:\/\/reccopolisforall.es\/de\/wp-json\/wp\/v2\/types\/page"}],"author":[{"embeddable":true,"href":"https:\/\/reccopolisforall.es\/de\/wp-json\/wp\/v2\/users\/1"}],"replies":[{"embeddable":true,"href":"https:\/\/reccopolisforall.es\/de\/wp-json\/wp\/v2\/comments?post=4322"}],"version-history":[{"count":5,"href":"https:\/\/reccopolisforall.es\/de\/wp-json\/wp\/v2\/pages\/4322\/revisions"}],"predecessor-version":[{"id":4471,"href":"https:\/\/reccopolisforall.es\/de\/wp-json\/wp\/v2\/pages\/4322\/revisions\/4471"}],"wp:attachment":[{"href":"https:\/\/reccopolisforall.es\/de\/wp-json\/wp\/v2\/media?parent=4322"}],"curies":[{"name":"wp","href":"https:\/\/api.w.org\/{rel}","templated":true}]}}