{"id":4334,"date":"2024-06-21T09:00:51","date_gmt":"2024-06-21T07:00:51","guid":{"rendered":"https:\/\/reccopolisforall.es\/06_-grosse-eingangstor-poster\/"},"modified":"2025-02-11T10:51:44","modified_gmt":"2025-02-11T09:51:44","slug":"06_-grosse-eingangstor-poster","status":"publish","type":"page","link":"https:\/\/reccopolisforall.es\/de\/06_-grosse-eingangstor-poster\/","title":{"rendered":"06_ gro\u00dfe Eingangstor Poster"},"content":{"rendered":"\t\t<div data-elementor-type=\"wp-page\" data-elementor-id=\"4334\" class=\"elementor elementor-4334 elementor-646\" data-elementor-post-type=\"page\">\n\t\t\t\t<div class=\"elementor-element elementor-element-5d51d38 e-con-full e-flex elementor-invisible e-con e-parent\" data-id=\"5d51d38\" data-element_type=\"container\" data-e-type=\"container\" data-settings=\"{&quot;animation&quot;:&quot;fadeInUp&quot;}\">\n\t\t\t\t<div class=\"elementor-element elementor-element-f3f065f elementor-widget elementor-widget-heading\" data-id=\"f3f065f\" data-element_type=\"widget\" data-e-type=\"widget\" data-widget_type=\"heading.default\">\n\t\t\t\t<div class=\"elementor-widget-container\">\n\t\t\t\t\t<h1 class=\"elementor-heading-title elementor-size-default\">Das gro\u00dfe Eingangstor<\/h1>\t\t\t\t<\/div>\n\t\t\t\t<\/div>\n\t\t\t\t<\/div>\n\t\t<div class=\"elementor-element elementor-element-6df7227 e-flex e-con-boxed elementor-invisible e-con e-parent\" data-id=\"6df7227\" data-element_type=\"container\" data-e-type=\"container\" data-settings=\"{&quot;animation&quot;:&quot;fadeInUp&quot;}\">\n\t\t\t\t\t<div class=\"e-con-inner\">\n\t\t\t\t<div class=\"elementor-element elementor-element-b2be1cf elementor-widget elementor-widget-text-editor\" data-id=\"b2be1cf\" data-element_type=\"widget\" data-e-type=\"widget\" data-widget_type=\"text-editor.default\">\n\t\t\t\t<div class=\"elementor-widget-container\">\n\t\t\t\t\t\t\t\t\t<p>W\u00e4hrend der westgotischen Epoche erbaute man zudem ein gro\u00dfes Eingangstor f\u00fcr den Palastkomplex der Stadt Reccopolis. Das riesige Tor ma\u00df ungef\u00e4hr sieben Meter und bestand aus mit Kalk verputzten Quadersteinen. Heute sind von diesem Tor nur noch die Sockel erhalten. W\u00e4hrend der andalusischen Epoche verschloss man das Tor, um den Zugang zur Festung aus dieser Zeit zu verwehren. Von diesen Reformen am Tor in der andalusischen Epoche zeugen die Quadersteine, die als Anschlag f\u00fcr die T\u00fcrfl\u00fcgel und zur Aufnahme der Scharnierl\u00f6cher dienten.   <\/p>\t\t\t\t\t\t\t\t<\/div>\n\t\t\t\t<\/div>\n\t\t\t\t\t<\/div>\n\t\t\t\t<\/div>\n\t\t<div class=\"elementor-element elementor-element-2f288a29 e-flex e-con-boxed e-con e-parent\" data-id=\"2f288a29\" data-element_type=\"container\" data-e-type=\"container\">\n\t\t\t\t\t<div class=\"e-con-inner\">\n\t\t<div class=\"elementor-element elementor-element-2cfdb153 e-con-full e-flex e-con e-child\" data-id=\"2cfdb153\" data-element_type=\"container\" data-e-type=\"container\">\n\t\t\t\t<div class=\"elementor-element elementor-element-b067a2 elementor-widget elementor-widget-image\" data-id=\"b067a2\" data-element_type=\"widget\" data-e-type=\"widget\" data-widget_type=\"image.default\">\n\t\t\t\t<div class=\"elementor-widget-container\">\n\t\t\t\t\t\t\t\t\t\t\t\t<figure class=\"wp-caption\">\n\t\t\t\t\t\t\t\t\t\t<img fetchpriority=\"high\" decoding=\"async\" width=\"800\" height=\"602\" src=\"https:\/\/reccopolisforall.es\/wp-content\/uploads\/2024\/09\/C6-PUERTA_VISIGO.jpg\" class=\"attachment-large size-large wp-image-3934\" alt=\"Zeichnung des Plans der monumentalen T\u00fcr in der westgotischen Zeit.\" srcset=\"https:\/\/reccopolisforall.es\/wp-content\/uploads\/2024\/09\/C6-PUERTA_VISIGO.jpg 800w, https:\/\/reccopolisforall.es\/wp-content\/uploads\/2024\/09\/C6-PUERTA_VISIGO-300x226.jpg 300w, https:\/\/reccopolisforall.es\/wp-content\/uploads\/2024\/09\/C6-PUERTA_VISIGO-768x578.jpg 768w\" sizes=\"(max-width: 800px) 100vw, 800px\" \/>\t\t\t\t\t\t\t\t\t\t\t<figcaption class=\"widget-image-caption wp-caption-text\">Planzeichnung des gro\u00dfe Eingangstor aus der westgotischen Zeit.<\/figcaption>\n\t\t\t\t\t\t\t\t\t\t<\/figure>\n\t\t\t\t\t\t\t\t\t<\/div>\n\t\t\t\t<\/div>\n\t\t\t\t<\/div>\n\t\t<div class=\"elementor-element elementor-element-3c665264 e-con-full e-flex e-con e-child\" data-id=\"3c665264\" data-element_type=\"container\" data-e-type=\"container\">\n\t\t\t\t<div class=\"elementor-element elementor-element-349baa5d elementor-widget elementor-widget-image\" data-id=\"349baa5d\" data-element_type=\"widget\" data-e-type=\"widget\" data-widget_type=\"image.default\">\n\t\t\t\t<div class=\"elementor-widget-container\">\n\t\t\t\t\t\t\t\t\t\t\t\t<figure class=\"wp-caption\">\n\t\t\t\t\t\t\t\t\t\t<img decoding=\"async\" width=\"1000\" height=\"675\" src=\"https:\/\/reccopolisforall.es\/wp-content\/uploads\/2024\/09\/Rec05-copia.jpg\" class=\"attachment-large size-large wp-image-3936\" alt=\"Virtuelle Nachbildung der Hauptstra\u00dfe mit dem monumentalen Tor aus der westgotischen Zeit.\" srcset=\"https:\/\/reccopolisforall.es\/wp-content\/uploads\/2024\/09\/Rec05-copia.jpg 1000w, https:\/\/reccopolisforall.es\/wp-content\/uploads\/2024\/09\/Rec05-copia-300x203.jpg 300w, https:\/\/reccopolisforall.es\/wp-content\/uploads\/2024\/09\/Rec05-copia-768x518.jpg 768w\" sizes=\"(max-width: 1000px) 100vw, 1000px\" \/>\t\t\t\t\t\t\t\t\t\t\t<figcaption class=\"widget-image-caption wp-caption-text\">Virtuelle Nachbildung der Hauptstra\u00dfe mit dem gro\u00dfe Eingangstor aus der westgotischen Zeit.<\/figcaption>\n\t\t\t\t\t\t\t\t\t\t<\/figure>\n\t\t\t\t\t\t\t\t\t<\/div>\n\t\t\t\t<\/div>\n\t\t\t\t<\/div>\n\t\t<div class=\"elementor-element elementor-element-4f3bf8e2 e-con-full e-grid e-con e-child\" data-id=\"4f3bf8e2\" data-element_type=\"container\" data-e-type=\"container\">\n\t\t\t\t<div class=\"elementor-element elementor-element-1bb91ad7 elementor-widget elementor-widget-image\" data-id=\"1bb91ad7\" data-element_type=\"widget\" data-e-type=\"widget\" data-widget_type=\"image.default\">\n\t\t\t\t<div class=\"elementor-widget-container\">\n\t\t\t\t\t\t\t\t\t\t\t\t<figure class=\"wp-caption\">\n\t\t\t\t\t\t\t\t\t\t<img decoding=\"async\" width=\"900\" height=\"677\" src=\"https:\/\/reccopolisforall.es\/wp-content\/uploads\/2024\/09\/C6-PUERTA_ISLAMICA_2.jpg\" class=\"attachment-large size-large wp-image-3960\" alt=\"Zeichnung des Grundrisses der monumentalen T\u00fcr in islamischer Zeit.\" srcset=\"https:\/\/reccopolisforall.es\/wp-content\/uploads\/2024\/09\/C6-PUERTA_ISLAMICA_2.jpg 900w, https:\/\/reccopolisforall.es\/wp-content\/uploads\/2024\/09\/C6-PUERTA_ISLAMICA_2-300x226.jpg 300w, https:\/\/reccopolisforall.es\/wp-content\/uploads\/2024\/09\/C6-PUERTA_ISLAMICA_2-768x578.jpg 768w\" sizes=\"(max-width: 900px) 100vw, 900px\" \/>\t\t\t\t\t\t\t\t\t\t\t<figcaption class=\"widget-image-caption wp-caption-text\">Planzeichnung des gro\u00dfe Eingangstor aus der islamischen Zeit.<\/figcaption>\n\t\t\t\t\t\t\t\t\t\t<\/figure>\n\t\t\t\t\t\t\t\t\t<\/div>\n\t\t\t\t<\/div>\n\t\t\t\t<div class=\"elementor-element elementor-element-1a09fe9 elementor-widget elementor-widget-image\" data-id=\"1a09fe9\" data-element_type=\"widget\" data-e-type=\"widget\" data-widget_type=\"image.default\">\n\t\t\t\t<div class=\"elementor-widget-container\">\n\t\t\t\t\t\t\t\t\t\t\t\t<figure class=\"wp-caption\">\n\t\t\t\t\t\t\t\t\t\t<img loading=\"lazy\" decoding=\"async\" width=\"768\" height=\"688\" src=\"https:\/\/reccopolisforall.es\/wp-content\/uploads\/2024\/09\/C6-PUERTA_ISLAMICA-768x688.jpg\" class=\"attachment-medium_large size-medium_large wp-image-3938\" alt=\"Bebilderte Darstellung der monumentalen T\u00fcr.\" srcset=\"https:\/\/reccopolisforall.es\/wp-content\/uploads\/2024\/09\/C6-PUERTA_ISLAMICA-768x688.jpg 768w, https:\/\/reccopolisforall.es\/wp-content\/uploads\/2024\/09\/C6-PUERTA_ISLAMICA-300x269.jpg 300w, https:\/\/reccopolisforall.es\/wp-content\/uploads\/2024\/09\/C6-PUERTA_ISLAMICA-1024x917.jpg 1024w, https:\/\/reccopolisforall.es\/wp-content\/uploads\/2024\/09\/C6-PUERTA_ISLAMICA.jpg 1102w\" sizes=\"(max-width: 768px) 100vw, 768px\" \/>\t\t\t\t\t\t\t\t\t\t\t<figcaption class=\"widget-image-caption wp-caption-text\">Nachbildung des gro\u00dfe Eingangstor aus der andalusischen Zeit.<\/figcaption>\n\t\t\t\t\t\t\t\t\t\t<\/figure>\n\t\t\t\t\t\t\t\t\t<\/div>\n\t\t\t\t<\/div>\n\t\t\t\t<\/div>\n\t\t\t\t\t<\/div>\n\t\t\t\t<\/div>\n\t\t<div class=\"elementor-element elementor-element-707e770b e-con-full e-flex e-con e-parent\" data-id=\"707e770b\" data-element_type=\"container\" data-e-type=\"container\">\n\t\t<div class=\"elementor-element elementor-element-468d69cc e-con-full e-grid e-con e-child\" data-id=\"468d69cc\" data-element_type=\"container\" data-e-type=\"container\">\n\t\t\t\t<div class=\"elementor-element elementor-element-46c55bdc elementor-widget elementor-widget-heading\" data-id=\"46c55bdc\" data-element_type=\"widget\" data-e-type=\"widget\" data-widget_type=\"heading.default\">\n\t\t\t\t<div class=\"elementor-widget-container\">\n\t\t\t\t\t<h2 class=\"elementor-heading-title elementor-size-default\">R\u00dcCKBLICK AUF DEN BESUCH<\/h2>\t\t\t\t<\/div>\n\t\t\t\t<\/div>\n\t\t\t\t<div class=\"elementor-element elementor-element-6ad69ab8 elementor-widget__width-auto elementor-widget elementor-widget-button\" data-id=\"6ad69ab8\" data-element_type=\"widget\" data-e-type=\"widget\" data-widget_type=\"button.default\">\n\t\t\t\t<div class=\"elementor-widget-container\">\n\t\t\t\t\t\t\t\t\t<div class=\"elementor-button-wrapper\">\n\t\t\t\t\t<a class=\"elementor-button elementor-button-link elementor-size-sm\" href=\"https:\/\/reccopolisforall.es\/de\/05_-glashuette-poster\/\">\n\t\t\t\t\t\t<span class=\"elementor-button-content-wrapper\">\n\t\t\t\t\t\t<span class=\"elementor-button-icon\">\n\t\t\t\t<svg aria-hidden=\"true\" class=\"e-font-icon-svg e-far-image\" viewBox=\"0 0 512 512\" xmlns=\"http:\/\/www.w3.org\/2000\/svg\"><path d=\"M464 64H48C21.49 64 0 85.49 0 112v288c0 26.51 21.49 48 48 48h416c26.51 0 48-21.49 48-48V112c0-26.51-21.49-48-48-48zm-6 336H54a6 6 0 0 1-6-6V118a6 6 0 0 1 6-6h404a6 6 0 0 1 6 6v276a6 6 0 0 1-6 6zM128 152c-22.091 0-40 17.909-40 40s17.909 40 40 40 40-17.909 40-40-17.909-40-40-40zM96 352h320v-80l-87.515-87.515c-4.686-4.686-12.284-4.686-16.971 0L192 304l-39.515-39.515c-4.686-4.686-12.284-4.686-16.971 0L96 304v48z\"><\/path><\/svg>\t\t\t<\/span>\n\t\t\t\t\t\t\t\t\t<span class=\"elementor-button-text\">Poster 5 <span class=\"screen-reader-text\">Gehen Sie zu Poster 5<\/span><\/span>\n\t\t\t\t\t<\/span>\n\t\t\t\t\t<\/a>\n\t\t\t\t<\/div>\n\t\t\t\t\t\t\t\t<\/div>\n\t\t\t\t<\/div>\n\t\t\t\t<\/div>\n\t\t<div class=\"elementor-element elementor-element-3e3c8cb1 e-con-full e-flex e-con e-child\" data-id=\"3e3c8cb1\" data-element_type=\"container\" data-e-type=\"container\">\n\t\t\t\t<div class=\"elementor-element elementor-element-7b15a00a elementor-widget__width-auto elementor-align-center elementor-widget elementor-widget-button\" data-id=\"7b15a00a\" data-element_type=\"widget\" data-e-type=\"widget\" data-widget_type=\"button.default\">\n\t\t\t\t<div class=\"elementor-widget-container\">\n\t\t\t\t\t\t\t\t\t<div class=\"elementor-button-wrapper\">\n\t\t\t\t\t<a class=\"elementor-button elementor-button-link elementor-size-sm\" href=\"https:\/\/reccopolisforall.es\/visita-reccopolis\/\">\n\t\t\t\t\t\t<span class=\"elementor-button-content-wrapper\">\n\t\t\t\t\t\t<span class=\"elementor-button-icon\">\n\t\t\t\t<svg aria-hidden=\"true\" class=\"e-font-icon-svg e-fas-map-marked-alt\" viewBox=\"0 0 576 512\" xmlns=\"http:\/\/www.w3.org\/2000\/svg\"><path d=\"M288 0c-69.59 0-126 56.41-126 126 0 56.26 82.35 158.8 113.9 196.02 6.39 7.54 17.82 7.54 24.2 0C331.65 284.8 414 182.26 414 126 414 56.41 357.59 0 288 0zm0 168c-23.2 0-42-18.8-42-42s18.8-42 42-42 42 18.8 42 42-18.8 42-42 42zM20.12 215.95A32.006 32.006 0 0 0 0 245.66v250.32c0 11.32 11.43 19.06 21.94 14.86L160 448V214.92c-8.84-15.98-16.07-31.54-21.25-46.42L20.12 215.95zM288 359.67c-14.07 0-27.38-6.18-36.51-16.96-19.66-23.2-40.57-49.62-59.49-76.72v182l192 64V266c-18.92 27.09-39.82 53.52-59.49 76.72-9.13 10.77-22.44 16.95-36.51 16.95zm266.06-198.51L416 224v288l139.88-55.95A31.996 31.996 0 0 0 576 426.34V176.02c0-11.32-11.43-19.06-21.94-14.86z\"><\/path><\/svg>\t\t\t<\/span>\n\t\t\t\t\t\t\t\t\t<span class=\"elementor-button-text\">Reccopolis Lageplan <span class=\"screen-reader-text\">Zur\u00fcck zur Hauptansicht Reccopolis Lageplan<\/span><\/span>\n\t\t\t\t\t<\/span>\n\t\t\t\t\t<\/a>\n\t\t\t\t<\/div>\n\t\t\t\t\t\t\t\t<\/div>\n\t\t\t\t<\/div>\n\t\t\t\t<\/div>\n\t\t<div class=\"elementor-element elementor-element-c530485 e-con-full e-grid e-con e-child\" data-id=\"c530485\" data-element_type=\"container\" data-e-type=\"container\">\n\t\t\t\t<div class=\"elementor-element elementor-element-427920ac elementor-widget elementor-widget-heading\" data-id=\"427920ac\" data-element_type=\"widget\" data-e-type=\"widget\" data-widget_type=\"heading.default\">\n\t\t\t\t<div class=\"elementor-widget-container\">\n\t\t\t\t\t<h2 class=\"elementor-heading-title elementor-size-default\">DER BESUCH GEHT WEITER<\/h2>\t\t\t\t<\/div>\n\t\t\t\t<\/div>\n\t\t\t\t<div class=\"elementor-element elementor-element-307c4b8 elementor-widget__width-auto elementor-widget elementor-widget-button\" data-id=\"307c4b8\" data-element_type=\"widget\" data-e-type=\"widget\" data-widget_type=\"button.default\">\n\t\t\t\t<div class=\"elementor-widget-container\">\n\t\t\t\t\t\t\t\t\t<div class=\"elementor-button-wrapper\">\n\t\t\t\t\t<a class=\"elementor-button elementor-button-link elementor-size-sm\" href=\"https:\/\/reccopolisforall.es\/conjunto-palatino\/\">\n\t\t\t\t\t\t<span class=\"elementor-button-content-wrapper\">\n\t\t\t\t\t\t<span class=\"elementor-button-icon\">\n\t\t\t\t<svg aria-hidden=\"true\" class=\"e-font-icon-svg e-far-image\" viewBox=\"0 0 512 512\" xmlns=\"http:\/\/www.w3.org\/2000\/svg\"><path d=\"M464 64H48C21.49 64 0 85.49 0 112v288c0 26.51 21.49 48 48 48h416c26.51 0 48-21.49 48-48V112c0-26.51-21.49-48-48-48zm-6 336H54a6 6 0 0 1-6-6V118a6 6 0 0 1 6-6h404a6 6 0 0 1 6 6v276a6 6 0 0 1-6 6zM128 152c-22.091 0-40 17.909-40 40s17.909 40 40 40 40-17.909 40-40-17.909-40-40-40zM96 352h320v-80l-87.515-87.515c-4.686-4.686-12.284-4.686-16.971 0L192 304l-39.515-39.515c-4.686-4.686-12.284-4.686-16.971 0L96 304v48z\"><\/path><\/svg>\t\t\t<\/span>\n\t\t\t\t\t\t\t\t\t<span class=\"elementor-button-text\">Poster 7 <span class=\"screen-reader-text\">Gehe zu Poster 7<\/span><\/span>\n\t\t\t\t\t<\/span>\n\t\t\t\t\t<\/a>\n\t\t\t\t<\/div>\n\t\t\t\t\t\t\t\t<\/div>\n\t\t\t\t<\/div>\n\t\t\t\t<\/div>\n\t\t\t\t<\/div>\n\t\t\t\t<\/div>\n\t\t","protected":false},"excerpt":{"rendered":"<div class=\"entry-summary\">\nDas gro\u00dfe Eingangstor W\u00e4hrend der westgotischen Epoche erbaute man zudem ein gro\u00dfes Eingangstor f\u00fcr den Palastkomplex der Stadt Reccopolis. Das riesige Tor ma\u00df ungef\u00e4hr sieben Meter und bestand aus mit Kalk verputzten Quadersteinen. Heute sind von diesem Tor nur noch&hellip;\n<\/div>\n<div class=\"link-more\"><a href=\"https:\/\/reccopolisforall.es\/de\/06_-grosse-eingangstor-poster\/\" class=\"more-link\">Continue reading<span class=\"screen-reader-text\"> &ldquo;06_ gro\u00dfe Eingangstor Poster&rdquo;<\/span>&hellip;<\/a><\/div>\n","protected":false},"author":1,"featured_media":0,"parent":0,"menu_order":0,"comment_status":"closed","ping_status":"closed","template":"","meta":{"_acf_changed":false,"footnotes":""},"class_list":["post-4334","page","type-page","status-publish","hentry","entry"],"acf":[],"_links":{"self":[{"href":"https:\/\/reccopolisforall.es\/de\/wp-json\/wp\/v2\/pages\/4334","targetHints":{"allow":["GET"]}}],"collection":[{"href":"https:\/\/reccopolisforall.es\/de\/wp-json\/wp\/v2\/pages"}],"about":[{"href":"https:\/\/reccopolisforall.es\/de\/wp-json\/wp\/v2\/types\/page"}],"author":[{"embeddable":true,"href":"https:\/\/reccopolisforall.es\/de\/wp-json\/wp\/v2\/users\/1"}],"replies":[{"embeddable":true,"href":"https:\/\/reccopolisforall.es\/de\/wp-json\/wp\/v2\/comments?post=4334"}],"version-history":[{"count":3,"href":"https:\/\/reccopolisforall.es\/de\/wp-json\/wp\/v2\/pages\/4334\/revisions"}],"predecessor-version":[{"id":4393,"href":"https:\/\/reccopolisforall.es\/de\/wp-json\/wp\/v2\/pages\/4334\/revisions\/4393"}],"wp:attachment":[{"href":"https:\/\/reccopolisforall.es\/de\/wp-json\/wp\/v2\/media?parent=4334"}],"curies":[{"name":"wp","href":"https:\/\/api.w.org\/{rel}","templated":true}]}}