{"id":4394,"date":"2024-06-21T09:06:24","date_gmt":"2024-06-21T07:06:24","guid":{"rendered":"https:\/\/reccopolisforall.es\/07_der-westgotische-palastkomplex-von-reccopolis-poster\/"},"modified":"2025-02-11T10:57:11","modified_gmt":"2025-02-11T09:57:11","slug":"07_der-westgotische-palastkomplex-von-reccopolis-poster","status":"publish","type":"page","link":"https:\/\/reccopolisforall.es\/de\/07_der-westgotische-palastkomplex-von-reccopolis-poster\/","title":{"rendered":"07_Der westgotische Palastkomplex von Reccopolis Poster"},"content":{"rendered":"\t\t<div data-elementor-type=\"wp-page\" data-elementor-id=\"4394\" class=\"elementor elementor-4394 elementor-652\" data-elementor-post-type=\"page\">\n\t\t\t\t<div class=\"elementor-element elementor-element-069b73a e-flex e-con-boxed elementor-invisible e-con e-parent\" data-id=\"069b73a\" data-element_type=\"container\" data-e-type=\"container\" data-settings=\"{&quot;animation&quot;:&quot;fadeInUp&quot;}\">\n\t\t\t\t\t<div class=\"e-con-inner\">\n\t\t\t\t<div class=\"elementor-element elementor-element-dbd3293 elementor-widget elementor-widget-heading\" data-id=\"dbd3293\" data-element_type=\"widget\" data-e-type=\"widget\" data-widget_type=\"heading.default\">\n\t\t\t\t<div class=\"elementor-widget-container\">\n\t\t\t\t\t<h1 class=\"elementor-heading-title elementor-size-default\">Der westgotische Palastkomplex von Reccopolis<\/h1>\t\t\t\t<\/div>\n\t\t\t\t<\/div>\n\t\t\t\t\t<\/div>\n\t\t\t\t<\/div>\n\t\t<div class=\"elementor-element elementor-element-0523ce8 e-flex e-con-boxed elementor-invisible e-con e-parent\" data-id=\"0523ce8\" data-element_type=\"container\" data-e-type=\"container\" data-settings=\"{&quot;animation&quot;:&quot;fadeInUp&quot;}\">\n\t\t\t\t\t<div class=\"e-con-inner\">\n\t\t\t\t<div class=\"elementor-element elementor-element-8d94822 elementor-widget__width-inherit elementor-widget elementor-widget-text-editor\" data-id=\"8d94822\" data-element_type=\"widget\" data-e-type=\"widget\" data-widget_type=\"text-editor.default\">\n\t\t\t\t<div class=\"elementor-widget-container\">\n\t\t\t\t\t\t\t\t\t<p>Im oberen Teil der Stadt befand sich der Palastkomplex von Reccopolis, dessen Geb\u00e4ude sich um einen gro\u00dfen Platz gruppierten. Dieser Geb\u00e4udekomplex diente nicht nur als Residenz f\u00fcr hohe W\u00fcrdentr\u00e4ger, sondern hatte auch eine Verwaltungsfunktion. Sie beherbergten alle \u00c4mter, die f\u00fcr die Verwaltung und Regierung von Reccopolis und seiner Umgebung notwendig waren.  <br><br>Den arch\u00e4ologischen Studien nach bestanden die Geb\u00e4ude des Palastkomplexes aus zwei Ebenen. Da man im oberen Stockwerk Reste von bemerkenswerten Dekorationen fand und dessen Pflasterung, aus sorgf\u00e4ltig bearbeitetem Beton r\u00f6mischen Ursprungs \uf02ddem opus signinum\uf02d bestand, l\u00e4sst sich vermuten, dass das obere Stockwerk der Pal\u00e4ste von gr\u00f6\u00dfter Bedeutung war. Man st\u00fctzte dieses obere Stockwerk durch eine Reihe von S\u00e4ulen in der Mitte des Palastgeb\u00e4udes.  <\/p><p>Die Kirche: innerhalb des Palastkomplexes befand sich zudem eine Kirche, die der wichtigste Tempel in ganz Reccopolis war. Die Kirche hatte einen kreuzf\u00f6rmigen Grundriss und war rechteckig angelegt. Auf den Ruinen der Apsis und des Querschiffs erbaute man im 12. Jahrundert eine romanische Kirche und sp\u00e4ter dann einen Schrein.   <\/p>\t\t\t\t\t\t\t\t<\/div>\n\t\t\t\t<\/div>\n\t\t\t\t\t<\/div>\n\t\t\t\t<\/div>\n\t\t<div class=\"elementor-element elementor-element-38421ae0 e-flex e-con-boxed e-con e-parent\" data-id=\"38421ae0\" data-element_type=\"container\" data-e-type=\"container\">\n\t\t\t\t\t<div class=\"e-con-inner\">\n\t\t<div class=\"elementor-element elementor-element-76f3b56e e-con-full e-flex e-con e-child\" data-id=\"76f3b56e\" data-element_type=\"container\" data-e-type=\"container\">\n\t\t\t\t<div class=\"elementor-element elementor-element-13c19ed7 elementor-widget elementor-widget-image\" data-id=\"13c19ed7\" data-element_type=\"widget\" data-e-type=\"widget\" data-widget_type=\"image.default\">\n\t\t\t\t<div class=\"elementor-widget-container\">\n\t\t\t\t\t\t\t\t\t\t\t\t<figure class=\"wp-caption\">\n\t\t\t\t\t\t\t\t\t\t<img fetchpriority=\"high\" decoding=\"async\" width=\"1024\" height=\"546\" src=\"https:\/\/reccopolisforall.es\/wp-content\/uploads\/2024\/09\/C7-PLANTA-CONJUTO-PALATINO-1024x546.jpg\" class=\"attachment-large size-large wp-image-3966\" alt=\"Plan des Palatin-Komplexes von Reccopolis.\" srcset=\"https:\/\/reccopolisforall.es\/wp-content\/uploads\/2024\/09\/C7-PLANTA-CONJUTO-PALATINO-1024x546.jpg 1024w, https:\/\/reccopolisforall.es\/wp-content\/uploads\/2024\/09\/C7-PLANTA-CONJUTO-PALATINO-300x160.jpg 300w, https:\/\/reccopolisforall.es\/wp-content\/uploads\/2024\/09\/C7-PLANTA-CONJUTO-PALATINO-768x409.jpg 768w, https:\/\/reccopolisforall.es\/wp-content\/uploads\/2024\/09\/C7-PLANTA-CONJUTO-PALATINO-1536x818.jpg 1536w, https:\/\/reccopolisforall.es\/wp-content\/uploads\/2024\/09\/C7-PLANTA-CONJUTO-PALATINO-2048x1091.jpg 2048w\" sizes=\"(max-width: 1024px) 100vw, 1024px\" \/>\t\t\t\t\t\t\t\t\t\t\t<figcaption class=\"widget-image-caption wp-caption-text\">Plan der Schrein. 16. Jahrhundert.<\/figcaption>\n\t\t\t\t\t\t\t\t\t\t<\/figure>\n\t\t\t\t\t\t\t\t\t<\/div>\n\t\t\t\t<\/div>\n\t\t\t\t<\/div>\n\t\t<div class=\"elementor-element elementor-element-36db70f0 e-con-full e-flex e-con e-child\" data-id=\"36db70f0\" data-element_type=\"container\" data-e-type=\"container\">\n\t\t\t\t<div class=\"elementor-element elementor-element-4f022d03 elementor-widget elementor-widget-image\" data-id=\"4f022d03\" data-element_type=\"widget\" data-e-type=\"widget\" data-widget_type=\"image.default\">\n\t\t\t\t<div class=\"elementor-widget-container\">\n\t\t\t\t\t\t\t\t\t\t\t\t<figure class=\"wp-caption\">\n\t\t\t\t\t\t\t\t\t\t<img decoding=\"async\" width=\"1000\" height=\"675\" src=\"https:\/\/reccopolisforall.es\/wp-content\/uploads\/2024\/09\/C7-3D_COMPLEJO.jpg\" class=\"attachment-large size-large wp-image-3968\" alt=\"Virtuelle Nachbildung des Palatin-Komplexes.\" srcset=\"https:\/\/reccopolisforall.es\/wp-content\/uploads\/2024\/09\/C7-3D_COMPLEJO.jpg 1000w, https:\/\/reccopolisforall.es\/wp-content\/uploads\/2024\/09\/C7-3D_COMPLEJO-300x203.jpg 300w, https:\/\/reccopolisforall.es\/wp-content\/uploads\/2024\/09\/C7-3D_COMPLEJO-768x518.jpg 768w\" sizes=\"(max-width: 1000px) 100vw, 1000px\" \/>\t\t\t\t\t\t\t\t\t\t\t<figcaption class=\"widget-image-caption wp-caption-text\">Die \u00fcbrigen Rundb\u00f6gen der Einsiedelei <\/figcaption>\n\t\t\t\t\t\t\t\t\t\t<\/figure>\n\t\t\t\t\t\t\t\t\t<\/div>\n\t\t\t\t<\/div>\n\t\t\t\t<\/div>\n\t\t<div class=\"elementor-element elementor-element-63ddfac e-con-full e-flex e-con e-child\" data-id=\"63ddfac\" data-element_type=\"container\" data-e-type=\"container\">\n\t\t\t\t<div class=\"elementor-element elementor-element-37cccb6 elementor-widget elementor-widget-image\" data-id=\"37cccb6\" data-element_type=\"widget\" data-e-type=\"widget\" data-widget_type=\"image.default\">\n\t\t\t\t<div class=\"elementor-widget-container\">\n\t\t\t\t\t\t\t\t\t\t\t\t<figure class=\"wp-caption\">\n\t\t\t\t\t\t\t\t\t\t<img decoding=\"async\" width=\"700\" height=\"469\" src=\"https:\/\/reccopolisforall.es\/wp-content\/uploads\/2024\/09\/C7-ESCULTURA.jpg\" class=\"attachment-large size-large wp-image-3970\" alt=\"Fragment eines Sarkophags mit Darstellung einer Person, von der der obere Teil des Kopfes erhalten ist.\" srcset=\"https:\/\/reccopolisforall.es\/wp-content\/uploads\/2024\/09\/C7-ESCULTURA.jpg 700w, https:\/\/reccopolisforall.es\/wp-content\/uploads\/2024\/09\/C7-ESCULTURA-300x201.jpg 300w\" sizes=\"(max-width: 700px) 100vw, 700px\" \/>\t\t\t\t\t\t\t\t\t\t\t<figcaption class=\"widget-image-caption wp-caption-text\">Fragment eines Sarkophags.<\/figcaption>\n\t\t\t\t\t\t\t\t\t\t<\/figure>\n\t\t\t\t\t\t\t\t\t<\/div>\n\t\t\t\t<\/div>\n\t\t\t\t<\/div>\n\t\t\t\t\t<\/div>\n\t\t\t\t<\/div>\n\t\t<div class=\"elementor-element elementor-element-2d3bd6c e-con-full e-flex e-con e-parent\" data-id=\"2d3bd6c\" data-element_type=\"container\" data-e-type=\"container\">\n\t\t<div class=\"elementor-element elementor-element-6e1a4df5 e-con-full e-grid e-con e-child\" data-id=\"6e1a4df5\" data-element_type=\"container\" data-e-type=\"container\">\n\t\t\t\t<div class=\"elementor-element elementor-element-7453e4e0 elementor-widget elementor-widget-heading\" data-id=\"7453e4e0\" data-element_type=\"widget\" data-e-type=\"widget\" data-widget_type=\"heading.default\">\n\t\t\t\t<div class=\"elementor-widget-container\">\n\t\t\t\t\t<h2 class=\"elementor-heading-title elementor-size-default\">ZUR\u00dcCK BEIM BESUCH<\/h2>\t\t\t\t<\/div>\n\t\t\t\t<\/div>\n\t\t\t\t<div class=\"elementor-element elementor-element-55177fff elementor-widget__width-auto elementor-widget elementor-widget-button\" data-id=\"55177fff\" data-element_type=\"widget\" data-e-type=\"widget\" data-widget_type=\"button.default\">\n\t\t\t\t<div class=\"elementor-widget-container\">\n\t\t\t\t\t\t\t\t\t<div class=\"elementor-button-wrapper\">\n\t\t\t\t\t<a class=\"elementor-button elementor-button-link elementor-size-sm\" href=\"https:\/\/reccopolisforall.es\/puerta\/\">\n\t\t\t\t\t\t<span class=\"elementor-button-content-wrapper\">\n\t\t\t\t\t\t<span class=\"elementor-button-icon\">\n\t\t\t\t<svg aria-hidden=\"true\" class=\"e-font-icon-svg e-far-image\" viewBox=\"0 0 512 512\" xmlns=\"http:\/\/www.w3.org\/2000\/svg\"><path d=\"M464 64H48C21.49 64 0 85.49 0 112v288c0 26.51 21.49 48 48 48h416c26.51 0 48-21.49 48-48V112c0-26.51-21.49-48-48-48zm-6 336H54a6 6 0 0 1-6-6V118a6 6 0 0 1 6-6h404a6 6 0 0 1 6 6v276a6 6 0 0 1-6 6zM128 152c-22.091 0-40 17.909-40 40s17.909 40 40 40 40-17.909 40-40-17.909-40-40-40zM96 352h320v-80l-87.515-87.515c-4.686-4.686-12.284-4.686-16.971 0L192 304l-39.515-39.515c-4.686-4.686-12.284-4.686-16.971 0L96 304v48z\"><\/path><\/svg>\t\t\t<\/span>\n\t\t\t\t\t\t\t\t\t<span class=\"elementor-button-text\">Poster 6 <span class=\"screen-reader-text\">Gehe zu Poster 6<\/span><\/span>\n\t\t\t\t\t<\/span>\n\t\t\t\t\t<\/a>\n\t\t\t\t<\/div>\n\t\t\t\t\t\t\t\t<\/div>\n\t\t\t\t<\/div>\n\t\t\t\t<\/div>\n\t\t<div class=\"elementor-element elementor-element-7e31628e e-con-full e-flex e-con e-child\" data-id=\"7e31628e\" data-element_type=\"container\" data-e-type=\"container\">\n\t\t\t\t<div class=\"elementor-element elementor-element-25975f68 elementor-widget__width-auto elementor-align-center elementor-widget elementor-widget-button\" data-id=\"25975f68\" data-element_type=\"widget\" data-e-type=\"widget\" data-widget_type=\"button.default\">\n\t\t\t\t<div class=\"elementor-widget-container\">\n\t\t\t\t\t\t\t\t\t<div class=\"elementor-button-wrapper\">\n\t\t\t\t\t<a class=\"elementor-button elementor-button-link elementor-size-sm\" href=\"https:\/\/reccopolisforall.es\/visita-reccopolis\/\">\n\t\t\t\t\t\t<span class=\"elementor-button-content-wrapper\">\n\t\t\t\t\t\t<span class=\"elementor-button-icon\">\n\t\t\t\t<svg aria-hidden=\"true\" class=\"e-font-icon-svg e-fas-map-marked-alt\" viewBox=\"0 0 576 512\" xmlns=\"http:\/\/www.w3.org\/2000\/svg\"><path d=\"M288 0c-69.59 0-126 56.41-126 126 0 56.26 82.35 158.8 113.9 196.02 6.39 7.54 17.82 7.54 24.2 0C331.65 284.8 414 182.26 414 126 414 56.41 357.59 0 288 0zm0 168c-23.2 0-42-18.8-42-42s18.8-42 42-42 42 18.8 42 42-18.8 42-42 42zM20.12 215.95A32.006 32.006 0 0 0 0 245.66v250.32c0 11.32 11.43 19.06 21.94 14.86L160 448V214.92c-8.84-15.98-16.07-31.54-21.25-46.42L20.12 215.95zM288 359.67c-14.07 0-27.38-6.18-36.51-16.96-19.66-23.2-40.57-49.62-59.49-76.72v182l192 64V266c-18.92 27.09-39.82 53.52-59.49 76.72-9.13 10.77-22.44 16.95-36.51 16.95zm266.06-198.51L416 224v288l139.88-55.95A31.996 31.996 0 0 0 576 426.34V176.02c0-11.32-11.43-19.06-21.94-14.86z\"><\/path><\/svg>\t\t\t<\/span>\n\t\t\t\t\t\t\t\t\t<span class=\"elementor-button-text\">Reccopolis Lageplan <span class=\"screen-reader-text\">Zur\u00fcck zur Hauptansicht Reccopolis Lageplan<\/span><\/span>\n\t\t\t\t\t<\/span>\n\t\t\t\t\t<\/a>\n\t\t\t\t<\/div>\n\t\t\t\t\t\t\t\t<\/div>\n\t\t\t\t<\/div>\n\t\t\t\t<\/div>\n\t\t<div class=\"elementor-element elementor-element-57bd989b e-con-full e-grid e-con e-child\" data-id=\"57bd989b\" data-element_type=\"container\" data-e-type=\"container\">\n\t\t\t\t<div class=\"elementor-element elementor-element-2a28bc24 elementor-widget elementor-widget-heading\" data-id=\"2a28bc24\" data-element_type=\"widget\" data-e-type=\"widget\" data-widget_type=\"heading.default\">\n\t\t\t\t<div class=\"elementor-widget-container\">\n\t\t\t\t\t<h2 class=\"elementor-heading-title elementor-size-default\">DER BESUCH GEHT WEITER<\/h2>\t\t\t\t<\/div>\n\t\t\t\t<\/div>\n\t\t\t\t<div class=\"elementor-element elementor-element-4f11b6d5 elementor-widget__width-auto elementor-widget elementor-widget-button\" data-id=\"4f11b6d5\" data-element_type=\"widget\" data-e-type=\"widget\" data-widget_type=\"button.default\">\n\t\t\t\t<div class=\"elementor-widget-container\">\n\t\t\t\t\t\t\t\t\t<div class=\"elementor-button-wrapper\">\n\t\t\t\t\t<a class=\"elementor-button elementor-button-link elementor-size-sm\" href=\"https:\/\/reccopolisforall.es\/fortaleza-andalusi\/\">\n\t\t\t\t\t\t<span class=\"elementor-button-content-wrapper\">\n\t\t\t\t\t\t<span class=\"elementor-button-icon\">\n\t\t\t\t<svg aria-hidden=\"true\" class=\"e-font-icon-svg e-far-image\" viewBox=\"0 0 512 512\" xmlns=\"http:\/\/www.w3.org\/2000\/svg\"><path d=\"M464 64H48C21.49 64 0 85.49 0 112v288c0 26.51 21.49 48 48 48h416c26.51 0 48-21.49 48-48V112c0-26.51-21.49-48-48-48zm-6 336H54a6 6 0 0 1-6-6V118a6 6 0 0 1 6-6h404a6 6 0 0 1 6 6v276a6 6 0 0 1-6 6zM128 152c-22.091 0-40 17.909-40 40s17.909 40 40 40 40-17.909 40-40-17.909-40-40-40zM96 352h320v-80l-87.515-87.515c-4.686-4.686-12.284-4.686-16.971 0L192 304l-39.515-39.515c-4.686-4.686-12.284-4.686-16.971 0L96 304v48z\"><\/path><\/svg>\t\t\t<\/span>\n\t\t\t\t\t\t\t\t\t<span class=\"elementor-button-text\">Poster 8 <span class=\"screen-reader-text\">Gehe zu Poster 8<\/span><\/span>\n\t\t\t\t\t<\/span>\n\t\t\t\t\t<\/a>\n\t\t\t\t<\/div>\n\t\t\t\t\t\t\t\t<\/div>\n\t\t\t\t<\/div>\n\t\t\t\t<\/div>\n\t\t\t\t<\/div>\n\t\t\t\t<\/div>\n\t\t","protected":false},"excerpt":{"rendered":"<div class=\"entry-summary\">\nDer westgotische Palastkomplex von Reccopolis Im oberen Teil der Stadt befand sich der Palastkomplex von Reccopolis, dessen Geb\u00e4ude sich um einen gro\u00dfen Platz gruppierten. Dieser Geb\u00e4udekomplex diente nicht nur als Residenz f\u00fcr hohe W\u00fcrdentr\u00e4ger, sondern hatte auch eine Verwaltungsfunktion. Sie&hellip;\n<\/div>\n<div class=\"link-more\"><a href=\"https:\/\/reccopolisforall.es\/de\/07_der-westgotische-palastkomplex-von-reccopolis-poster\/\" class=\"more-link\">Continue reading<span class=\"screen-reader-text\"> &ldquo;07_Der westgotische Palastkomplex von Reccopolis Poster&rdquo;<\/span>&hellip;<\/a><\/div>\n","protected":false},"author":1,"featured_media":0,"parent":0,"menu_order":0,"comment_status":"closed","ping_status":"closed","template":"","meta":{"_acf_changed":false,"footnotes":""},"class_list":["post-4394","page","type-page","status-publish","hentry","entry"],"acf":[],"_links":{"self":[{"href":"https:\/\/reccopolisforall.es\/de\/wp-json\/wp\/v2\/pages\/4394","targetHints":{"allow":["GET"]}}],"collection":[{"href":"https:\/\/reccopolisforall.es\/de\/wp-json\/wp\/v2\/pages"}],"about":[{"href":"https:\/\/reccopolisforall.es\/de\/wp-json\/wp\/v2\/types\/page"}],"author":[{"embeddable":true,"href":"https:\/\/reccopolisforall.es\/de\/wp-json\/wp\/v2\/users\/1"}],"replies":[{"embeddable":true,"href":"https:\/\/reccopolisforall.es\/de\/wp-json\/wp\/v2\/comments?post=4394"}],"version-history":[{"count":1,"href":"https:\/\/reccopolisforall.es\/de\/wp-json\/wp\/v2\/pages\/4394\/revisions"}],"predecessor-version":[{"id":4395,"href":"https:\/\/reccopolisforall.es\/de\/wp-json\/wp\/v2\/pages\/4394\/revisions\/4395"}],"wp:attachment":[{"href":"https:\/\/reccopolisforall.es\/de\/wp-json\/wp\/v2\/media?parent=4394"}],"curies":[{"name":"wp","href":"https:\/\/api.w.org\/{rel}","templated":true}]}}