{"id":4410,"date":"2024-06-26T13:23:05","date_gmt":"2024-06-26T11:23:05","guid":{"rendered":"https:\/\/reccopolisforall.es\/08_die-andalusische-festung-poster\/"},"modified":"2025-02-11T12:46:05","modified_gmt":"2025-02-11T11:46:05","slug":"08_die-andalusische-festung-poster","status":"publish","type":"page","link":"https:\/\/reccopolisforall.es\/de\/08_die-andalusische-festung-poster\/","title":{"rendered":"08_Die andalusische Festung Poster"},"content":{"rendered":"\t\t<div data-elementor-type=\"wp-page\" data-elementor-id=\"4410\" class=\"elementor elementor-4410 elementor-691\" data-elementor-post-type=\"page\">\n\t\t\t\t<div class=\"elementor-element elementor-element-067763c e-flex e-con-boxed elementor-invisible e-con e-parent\" data-id=\"067763c\" data-element_type=\"container\" data-e-type=\"container\" data-settings=\"{&quot;animation&quot;:&quot;fadeInUp&quot;}\">\n\t\t\t\t\t<div class=\"e-con-inner\">\n\t\t\t\t<div class=\"elementor-element elementor-element-cd945ae elementor-widget elementor-widget-heading\" data-id=\"cd945ae\" data-element_type=\"widget\" data-e-type=\"widget\" data-widget_type=\"heading.default\">\n\t\t\t\t<div class=\"elementor-widget-container\">\n\t\t\t\t\t<h1 class=\"elementor-heading-title elementor-size-default\">Die andalusische Festung<\/h1>\t\t\t\t<\/div>\n\t\t\t\t<\/div>\n\t\t\t\t\t<\/div>\n\t\t\t\t<\/div>\n\t\t<div class=\"elementor-element elementor-element-2f66948 e-flex e-con-boxed elementor-invisible e-con e-parent\" data-id=\"2f66948\" data-element_type=\"container\" data-e-type=\"container\" data-settings=\"{&quot;animation&quot;:&quot;fadeInUp&quot;}\">\n\t\t\t\t\t<div class=\"e-con-inner\">\n\t\t\t\t<div class=\"elementor-element elementor-element-ab9145b elementor-widget elementor-widget-text-editor\" data-id=\"ab9145b\" data-element_type=\"widget\" data-e-type=\"widget\" data-widget_type=\"text-editor.default\">\n\t\t\t\t<div class=\"elementor-widget-container\">\n\t\t\t\t\t\t\t\t\t<p>In der andalusischen Epoche (Zeitspanne Ende des 8. und Angang des 9. Jahrhunderts) lag der westgotische Palast bereits in Tr\u00fcmmern. Aus diesen Ruinen erbaute man auf den Resten der westlichen H\u00e4lfte des gr\u00f6\u00dften Palastgeb\u00e4udes eine Festung. Von diesem Wandel zeugen beispielsweise die wiederaufgebauten und verst\u00e4rkten Au\u00dfenmauern; die Aufteilung des Innenraums; der Turmbau am westlichen Ende der Festung und die Verschlie\u00dfung der beiden westgotischen Stadttore. Die Festung sch\u00fctzte zudem die Anlage, zu dem man nur Zugang durch das gro\u00dfe, nun verschlossene Eingangstor hatte.  <\/p>\t\t\t\t\t\t\t\t<\/div>\n\t\t\t\t<\/div>\n\t\t\t\t\t<\/div>\n\t\t\t\t<\/div>\n\t\t<div class=\"elementor-element elementor-element-2d2f4d70 e-flex e-con-boxed e-con e-parent\" data-id=\"2d2f4d70\" data-element_type=\"container\" data-e-type=\"container\">\n\t\t\t\t\t<div class=\"e-con-inner\">\n\t\t<div class=\"elementor-element elementor-element-441a2b4d e-con-full e-flex e-con e-child\" data-id=\"441a2b4d\" data-element_type=\"container\" data-e-type=\"container\">\n\t\t\t\t<div class=\"elementor-element elementor-element-54d5f6cd elementor-widget elementor-widget-image\" data-id=\"54d5f6cd\" data-element_type=\"widget\" data-e-type=\"widget\" data-widget_type=\"image.default\">\n\t\t\t\t<div class=\"elementor-widget-container\">\n\t\t\t\t\t\t\t\t\t\t\t\t<figure class=\"wp-caption\">\n\t\t\t\t\t\t\t\t\t\t<img fetchpriority=\"high\" decoding=\"async\" width=\"1024\" height=\"427\" src=\"https:\/\/reccopolisforall.es\/wp-content\/uploads\/2024\/09\/C8-PLANTA_PALACIO_1-1024x427.jpg\" class=\"attachment-large size-large wp-image-3940\" alt=\"Zeichnung des Grundrisses des westgotischen Palastes und der Reform aus andalusischer Zeit.\" srcset=\"https:\/\/reccopolisforall.es\/wp-content\/uploads\/2024\/09\/C8-PLANTA_PALACIO_1-1024x427.jpg 1024w, https:\/\/reccopolisforall.es\/wp-content\/uploads\/2024\/09\/C8-PLANTA_PALACIO_1-300x125.jpg 300w, https:\/\/reccopolisforall.es\/wp-content\/uploads\/2024\/09\/C8-PLANTA_PALACIO_1-768x320.jpg 768w, https:\/\/reccopolisforall.es\/wp-content\/uploads\/2024\/09\/C8-PLANTA_PALACIO_1-1536x640.jpg 1536w, https:\/\/reccopolisforall.es\/wp-content\/uploads\/2024\/09\/C8-PLANTA_PALACIO_1.jpg 1614w\" sizes=\"(max-width: 1024px) 100vw, 1024px\" \/>\t\t\t\t\t\t\t\t\t\t\t<figcaption class=\"widget-image-caption wp-caption-text\">Plan des westgotischen Palastes und die Ver\u00e4nderungen w\u00e4hrend der andalusischen Periode.<\/figcaption>\n\t\t\t\t\t\t\t\t\t\t<\/figure>\n\t\t\t\t\t\t\t\t\t<\/div>\n\t\t\t\t<\/div>\n\t\t\t\t<\/div>\n\t\t<div class=\"elementor-element elementor-element-664b8d1c e-con-full e-flex e-con e-child\" data-id=\"664b8d1c\" data-element_type=\"container\" data-e-type=\"container\">\n\t\t\t\t<div class=\"elementor-element elementor-element-3ff04d39 elementor-widget elementor-widget-image\" data-id=\"3ff04d39\" data-element_type=\"widget\" data-e-type=\"widget\" data-widget_type=\"image.default\">\n\t\t\t\t<div class=\"elementor-widget-container\">\n\t\t\t\t\t\t\t\t\t\t\t\t<figure class=\"wp-caption\">\n\t\t\t\t\t\t\t\t\t\t<img decoding=\"async\" width=\"1024\" height=\"801\" src=\"https:\/\/reccopolisforall.es\/wp-content\/uploads\/2024\/09\/C8_PALACIO_ANDALUSI-1024x801.jpg\" class=\"attachment-large size-large wp-image-3942\" alt=\"Luftaufnahme des Westgotenpalastes und der andalusischen Festung dar\u00fcber.\" srcset=\"https:\/\/reccopolisforall.es\/wp-content\/uploads\/2024\/09\/C8_PALACIO_ANDALUSI-1024x801.jpg 1024w, https:\/\/reccopolisforall.es\/wp-content\/uploads\/2024\/09\/C8_PALACIO_ANDALUSI-300x235.jpg 300w, https:\/\/reccopolisforall.es\/wp-content\/uploads\/2024\/09\/C8_PALACIO_ANDALUSI-768x601.jpg 768w, https:\/\/reccopolisforall.es\/wp-content\/uploads\/2024\/09\/C8_PALACIO_ANDALUSI.jpg 1200w\" sizes=\"(max-width: 1024px) 100vw, 1024px\" \/>\t\t\t\t\t\t\t\t\t\t\t<figcaption class=\"widget-image-caption wp-caption-text\">Luftaufnahme des Palastes aus der westgotischen Periode und der Umbauten aus der andalusischen Periode.<\/figcaption>\n\t\t\t\t\t\t\t\t\t\t<\/figure>\n\t\t\t\t\t\t\t\t\t<\/div>\n\t\t\t\t<\/div>\n\t\t\t\t<\/div>\n\t\t<div class=\"elementor-element elementor-element-5c12da0a e-con-full e-flex e-con e-child\" data-id=\"5c12da0a\" data-element_type=\"container\" data-e-type=\"container\">\n\t\t\t\t<div class=\"elementor-element elementor-element-3f8f650c elementor-widget elementor-widget-image\" data-id=\"3f8f650c\" data-element_type=\"widget\" data-e-type=\"widget\" data-widget_type=\"image.default\">\n\t\t\t\t<div class=\"elementor-widget-container\">\n\t\t\t\t\t\t\t\t\t\t\t\t<figure class=\"wp-caption\">\n\t\t\t\t\t\t\t\t\t\t<img decoding=\"async\" width=\"800\" height=\"542\" src=\"https:\/\/reccopolisforall.es\/wp-content\/uploads\/2024\/09\/C8_MONEDA-ANDALUSI.jpg\" class=\"attachment-large size-large wp-image-3944\" alt=\"M\u00fcnze aus andalusischer Zeit.\" srcset=\"https:\/\/reccopolisforall.es\/wp-content\/uploads\/2024\/09\/C8_MONEDA-ANDALUSI.jpg 800w, https:\/\/reccopolisforall.es\/wp-content\/uploads\/2024\/09\/C8_MONEDA-ANDALUSI-300x203.jpg 300w, https:\/\/reccopolisforall.es\/wp-content\/uploads\/2024\/09\/C8_MONEDA-ANDALUSI-768x520.jpg 768w\" sizes=\"(max-width: 800px) 100vw, 800px\" \/>\t\t\t\t\t\t\t\t\t\t\t<figcaption class=\"widget-image-caption wp-caption-text\">Felus des Unabh\u00e4ngigen Emirats (756-929 n. Chr.)<\/figcaption>\n\t\t\t\t\t\t\t\t\t\t<\/figure>\n\t\t\t\t\t\t\t\t\t<\/div>\n\t\t\t\t<\/div>\n\t\t\t\t<\/div>\n\t\t\t\t\t<\/div>\n\t\t\t\t<\/div>\n\t\t<div class=\"elementor-element elementor-element-5ce18ff5 e-con-full e-flex e-con e-parent\" data-id=\"5ce18ff5\" data-element_type=\"container\" data-e-type=\"container\">\n\t\t<div class=\"elementor-element elementor-element-e0e2605 e-con-full e-grid e-con e-child\" data-id=\"e0e2605\" data-element_type=\"container\" data-e-type=\"container\">\n\t\t\t\t<div class=\"elementor-element elementor-element-71323a8a elementor-widget elementor-widget-heading\" data-id=\"71323a8a\" data-element_type=\"widget\" data-e-type=\"widget\" data-widget_type=\"heading.default\">\n\t\t\t\t<div class=\"elementor-widget-container\">\n\t\t\t\t\t<h2 class=\"elementor-heading-title elementor-size-default\">ENDE DES BESUCHS<\/h2>\t\t\t\t<\/div>\n\t\t\t\t<\/div>\n\t\t\t\t<div class=\"elementor-element elementor-element-4c9240ef elementor-widget__width-auto elementor-widget elementor-widget-button\" data-id=\"4c9240ef\" data-element_type=\"widget\" data-e-type=\"widget\" data-widget_type=\"button.default\">\n\t\t\t\t<div class=\"elementor-widget-container\">\n\t\t\t\t\t\t\t\t\t<div class=\"elementor-button-wrapper\">\n\t\t\t\t\t<a class=\"elementor-button elementor-button-link elementor-size-sm\" href=\"https:\/\/reccopolisforall.es\/conjunto-palatino\/\">\n\t\t\t\t\t\t<span class=\"elementor-button-content-wrapper\">\n\t\t\t\t\t\t<span class=\"elementor-button-icon\">\n\t\t\t\t<svg aria-hidden=\"true\" class=\"e-font-icon-svg e-far-image\" viewBox=\"0 0 512 512\" xmlns=\"http:\/\/www.w3.org\/2000\/svg\"><path d=\"M464 64H48C21.49 64 0 85.49 0 112v288c0 26.51 21.49 48 48 48h416c26.51 0 48-21.49 48-48V112c0-26.51-21.49-48-48-48zm-6 336H54a6 6 0 0 1-6-6V118a6 6 0 0 1 6-6h404a6 6 0 0 1 6 6v276a6 6 0 0 1-6 6zM128 152c-22.091 0-40 17.909-40 40s17.909 40 40 40 40-17.909 40-40-17.909-40-40-40zM96 352h320v-80l-87.515-87.515c-4.686-4.686-12.284-4.686-16.971 0L192 304l-39.515-39.515c-4.686-4.686-12.284-4.686-16.971 0L96 304v48z\"><\/path><\/svg>\t\t\t<\/span>\n\t\t\t\t\t\t\t\t\t<span class=\"elementor-button-text\">Poster 7 <span class=\"screen-reader-text\">Gehe zu Poster 7<\/span><\/span>\n\t\t\t\t\t<\/span>\n\t\t\t\t\t<\/a>\n\t\t\t\t<\/div>\n\t\t\t\t\t\t\t\t<\/div>\n\t\t\t\t<\/div>\n\t\t\t\t<\/div>\n\t\t<div class=\"elementor-element elementor-element-1250a700 e-con-full e-flex e-con e-child\" data-id=\"1250a700\" data-element_type=\"container\" data-e-type=\"container\">\n\t\t\t\t<div class=\"elementor-element elementor-element-29d4f1bc elementor-widget__width-auto elementor-align-center elementor-widget elementor-widget-button\" data-id=\"29d4f1bc\" data-element_type=\"widget\" data-e-type=\"widget\" data-widget_type=\"button.default\">\n\t\t\t\t<div class=\"elementor-widget-container\">\n\t\t\t\t\t\t\t\t\t<div class=\"elementor-button-wrapper\">\n\t\t\t\t\t<a class=\"elementor-button elementor-button-link elementor-size-sm\" href=\"https:\/\/reccopolisforall.es\/visita-reccopolis\/\">\n\t\t\t\t\t\t<span class=\"elementor-button-content-wrapper\">\n\t\t\t\t\t\t<span class=\"elementor-button-icon\">\n\t\t\t\t<svg aria-hidden=\"true\" class=\"e-font-icon-svg e-fas-map-marked-alt\" viewBox=\"0 0 576 512\" xmlns=\"http:\/\/www.w3.org\/2000\/svg\"><path d=\"M288 0c-69.59 0-126 56.41-126 126 0 56.26 82.35 158.8 113.9 196.02 6.39 7.54 17.82 7.54 24.2 0C331.65 284.8 414 182.26 414 126 414 56.41 357.59 0 288 0zm0 168c-23.2 0-42-18.8-42-42s18.8-42 42-42 42 18.8 42 42-18.8 42-42 42zM20.12 215.95A32.006 32.006 0 0 0 0 245.66v250.32c0 11.32 11.43 19.06 21.94 14.86L160 448V214.92c-8.84-15.98-16.07-31.54-21.25-46.42L20.12 215.95zM288 359.67c-14.07 0-27.38-6.18-36.51-16.96-19.66-23.2-40.57-49.62-59.49-76.72v182l192 64V266c-18.92 27.09-39.82 53.52-59.49 76.72-9.13 10.77-22.44 16.95-36.51 16.95zm266.06-198.51L416 224v288l139.88-55.95A31.996 31.996 0 0 0 576 426.34V176.02c0-11.32-11.43-19.06-21.94-14.86z\"><\/path><\/svg>\t\t\t<\/span>\n\t\t\t\t\t\t\t\t\t<span class=\"elementor-button-text\">Reccopolis Lageplan <span class=\"screen-reader-text\">Zur\u00fcck zur Hauptansicht Reccopolis Lageplan<\/span><\/span>\n\t\t\t\t\t<\/span>\n\t\t\t\t\t<\/a>\n\t\t\t\t<\/div>\n\t\t\t\t\t\t\t\t<\/div>\n\t\t\t\t<\/div>\n\t\t\t\t<\/div>\n\t\t<div class=\"elementor-element elementor-element-b6afb18 e-con-full e-grid e-con e-child\" data-id=\"b6afb18\" data-element_type=\"container\" data-e-type=\"container\">\n\t\t\t\t<div class=\"elementor-element elementor-element-41acc1a5 elementor-widget elementor-widget-heading\" data-id=\"41acc1a5\" data-element_type=\"widget\" data-e-type=\"widget\" data-widget_type=\"heading.default\">\n\t\t\t\t<div class=\"elementor-widget-container\">\n\t\t\t\t\t<h2 class=\"elementor-heading-title elementor-size-default\">DER BESUCH GEHT WEITER<\/h2>\t\t\t\t<\/div>\n\t\t\t\t<\/div>\n\t\t\t\t<div class=\"elementor-element elementor-element-6bfc9b94 elementor-widget__width-auto elementor-widget elementor-widget-button\" data-id=\"6bfc9b94\" data-element_type=\"widget\" data-e-type=\"widget\" data-widget_type=\"button.default\">\n\t\t\t\t<div class=\"elementor-widget-container\">\n\t\t\t\t\t\t\t\t\t<div class=\"elementor-button-wrapper\">\n\t\t\t\t\t<a class=\"elementor-button elementor-button-link elementor-size-sm\" href=\"https:\/\/reccopolisforall.es\/entorno-natural\/\">\n\t\t\t\t\t\t<span class=\"elementor-button-content-wrapper\">\n\t\t\t\t\t\t<span class=\"elementor-button-icon\">\n\t\t\t\t<svg aria-hidden=\"true\" class=\"e-font-icon-svg e-far-image\" viewBox=\"0 0 512 512\" xmlns=\"http:\/\/www.w3.org\/2000\/svg\"><path d=\"M464 64H48C21.49 64 0 85.49 0 112v288c0 26.51 21.49 48 48 48h416c26.51 0 48-21.49 48-48V112c0-26.51-21.49-48-48-48zm-6 336H54a6 6 0 0 1-6-6V118a6 6 0 0 1 6-6h404a6 6 0 0 1 6 6v276a6 6 0 0 1-6 6zM128 152c-22.091 0-40 17.909-40 40s17.909 40 40 40 40-17.909 40-40-17.909-40-40-40zM96 352h320v-80l-87.515-87.515c-4.686-4.686-12.284-4.686-16.971 0L192 304l-39.515-39.515c-4.686-4.686-12.284-4.686-16.971 0L96 304v48z\"><\/path><\/svg>\t\t\t<\/span>\n\t\t\t\t\t\t\t\t\t<span class=\"elementor-button-text\">Poster 9 <span class=\"screen-reader-text\">Gehe zu Poster 9<\/span><\/span>\n\t\t\t\t\t<\/span>\n\t\t\t\t\t<\/a>\n\t\t\t\t<\/div>\n\t\t\t\t\t\t\t\t<\/div>\n\t\t\t\t<\/div>\n\t\t\t\t<\/div>\n\t\t\t\t<\/div>\n\t\t\t\t<\/div>\n\t\t","protected":false},"excerpt":{"rendered":"<div class=\"entry-summary\">\nDie andalusische Festung In der andalusischen Epoche (Zeitspanne Ende des 8. und Angang des 9. Jahrhunderts) lag der westgotische Palast bereits in Tr\u00fcmmern. Aus diesen Ruinen erbaute man auf den Resten der westlichen H\u00e4lfte des gr\u00f6\u00dften Palastgeb\u00e4udes eine Festung. Von&hellip;\n<\/div>\n<div class=\"link-more\"><a href=\"https:\/\/reccopolisforall.es\/de\/08_die-andalusische-festung-poster\/\" class=\"more-link\">Continue reading<span class=\"screen-reader-text\"> &ldquo;08_Die andalusische Festung Poster&rdquo;<\/span>&hellip;<\/a><\/div>\n","protected":false},"author":1,"featured_media":0,"parent":0,"menu_order":0,"comment_status":"closed","ping_status":"closed","template":"","meta":{"_acf_changed":false,"footnotes":""},"class_list":["post-4410","page","type-page","status-publish","hentry","entry"],"acf":[],"_links":{"self":[{"href":"https:\/\/reccopolisforall.es\/de\/wp-json\/wp\/v2\/pages\/4410","targetHints":{"allow":["GET"]}}],"collection":[{"href":"https:\/\/reccopolisforall.es\/de\/wp-json\/wp\/v2\/pages"}],"about":[{"href":"https:\/\/reccopolisforall.es\/de\/wp-json\/wp\/v2\/types\/page"}],"author":[{"embeddable":true,"href":"https:\/\/reccopolisforall.es\/de\/wp-json\/wp\/v2\/users\/1"}],"replies":[{"embeddable":true,"href":"https:\/\/reccopolisforall.es\/de\/wp-json\/wp\/v2\/comments?post=4410"}],"version-history":[{"count":1,"href":"https:\/\/reccopolisforall.es\/de\/wp-json\/wp\/v2\/pages\/4410\/revisions"}],"predecessor-version":[{"id":4411,"href":"https:\/\/reccopolisforall.es\/de\/wp-json\/wp\/v2\/pages\/4410\/revisions\/4411"}],"wp:attachment":[{"href":"https:\/\/reccopolisforall.es\/de\/wp-json\/wp\/v2\/media?parent=4410"}],"curies":[{"name":"wp","href":"https:\/\/api.w.org\/{rel}","templated":true}]}}