{"id":4414,"date":"2024-06-26T13:27:53","date_gmt":"2024-06-26T11:27:53","guid":{"rendered":"https:\/\/reccopolisforall.es\/09_eine-landschaft-gepraegt-vom-fluss-tajo-poster\/"},"modified":"2025-02-11T13:01:43","modified_gmt":"2025-02-11T12:01:43","slug":"09_eine-landschaft-gepraegt-vom-fluss-tajo-poster","status":"publish","type":"page","link":"https:\/\/reccopolisforall.es\/de\/09_eine-landschaft-gepraegt-vom-fluss-tajo-poster\/","title":{"rendered":"09_Eine Landschaft gepr\u00e4gt vom Fluss Tajo Poster"},"content":{"rendered":"\t\t<div data-elementor-type=\"wp-page\" data-elementor-id=\"4414\" class=\"elementor elementor-4414 elementor-705\" data-elementor-post-type=\"page\">\n\t\t\t\t<div class=\"elementor-element elementor-element-fc5c8d9 e-flex e-con-boxed elementor-invisible e-con e-parent\" data-id=\"fc5c8d9\" data-element_type=\"container\" data-e-type=\"container\" data-settings=\"{&quot;animation&quot;:&quot;fadeInUp&quot;}\">\n\t\t\t\t\t<div class=\"e-con-inner\">\n\t\t\t\t<div class=\"elementor-element elementor-element-3160654 elementor-widget elementor-widget-heading\" data-id=\"3160654\" data-element_type=\"widget\" data-e-type=\"widget\" data-widget_type=\"heading.default\">\n\t\t\t\t<div class=\"elementor-widget-container\">\n\t\t\t\t\t<h1 class=\"elementor-heading-title elementor-size-default\">Eine Landschaft gepr\u00e4gt vom Fluss Tajo<\/h1>\t\t\t\t<\/div>\n\t\t\t\t<\/div>\n\t\t\t\t\t<\/div>\n\t\t\t\t<\/div>\n\t\t<div class=\"elementor-element elementor-element-74655c3 e-flex e-con-boxed elementor-invisible e-con e-parent\" data-id=\"74655c3\" data-element_type=\"container\" data-e-type=\"container\" data-settings=\"{&quot;animation&quot;:&quot;fadeInUp&quot;,&quot;background_background&quot;:&quot;classic&quot;}\">\n\t\t\t\t\t<div class=\"e-con-inner\">\n\t\t\t\t<div class=\"elementor-element elementor-element-6845a30 elementor-widget elementor-widget-text-editor\" data-id=\"6845a30\" data-element_type=\"widget\" data-e-type=\"widget\" data-widget_type=\"text-editor.default\">\n\t\t\t\t<div class=\"elementor-widget-container\">\n\t\t\t\t\t\t\t\t\t<p>Diese Landschaft ist gepr\u00e4gt durch den gleichm\u00e4\u00dfig flie\u00dfenden Tajo und wirkt durch die bew\u00e4sserten Fl\u00e4chen und wiederaufgeforsteten Gebiete eher gleichf\u00f6rmig. Den unordentlichen Gegensatz dazu bildet der nat\u00fcrliche Wald mit der lebendigen Tierwelt und den wechselnden Farben der Wiesen und Str\u00e4ucher, die sich im Laufe der Jahreszeiten verf\u00e4rben. <\/p><p>Die Landschaft in unserer Umgebung ist durch eine spezielle Geologie gekennzeichnet:<\/p><ul><li>Die durch den Fluss entstandenen Terrassen wurden fr\u00fcher als G\u00e4rten und heutzutage als bew\u00e4sserte Anbaufl\u00e4chen genutzt .<\/li><li>Die verschiedenfarbigen Erdschichten zeigen, wie sich die Landschaft im Laufe der Zeit ver\u00e4ndert hat. Dort, wo heute ein H\u00fcgel zu sehen ist, gab es fr\u00fcher weite Wasserfl\u00e4chen. <\/li><li>Tonhaltige B\u00f6den wurden traditionell f\u00fcr den Anbau von Espartogras genutzt (einer Grasart, die in der Seil- und Textilindustrie verwendet wurde).<\/li><li>Die Wellenform des Flusses bzw. M\u00e4ander entstand durch verschiedene Str\u00f6mungen, die Material auf der einen Flussseite abtrugen und am gegen\u00fcber liegenden Ufer wieder ablagerten.<br>In der Pflanzenwelt ist vor allem besonders:<\/li><li>Der Ginster (Retama sphaerocarpa) z\u00e4hlt zu den wenigen B\u00fcschen, die auch auf \u00fcberweideten Fl\u00e4chen wachsen, und ist ein Zeichen daf\u00fcr, dass in dieser Region fr\u00fcher Vieh gez\u00fcchtet wurde.<\/li><li>Die Scharlacheiche (Quercus coccifera) z\u00e4hlt zu der nat\u00fcrlich vorkommenden Vegetation der Region und ist an Klima und Boden angepasst.<\/li><li>Der Auenwald am Ufer des Tajo verlor seine gro\u00dfe Pracht durch das Aufstauen des Wassers.<\/li><li>Die Abh\u00e4nge des Valquemado, der Teil eines Gebirgsmassivs ist, sind bedeckt durch wieder aufgeforsteten Kieferwald.<br>Aus der Tierwelt sticht besonders heraus:<\/li><li>Der M\u00e4usebussard (Buteo buteo) ist einer der Greifv\u00f6gel, der ganzj\u00e4hrig auf der iberischen Halbinsel zu finden ist.<\/li><li>Die Ginsterkatze (Genetta) wurde urspr\u00fcnglich wurde von der arabischen Bev\u00f6lkerung eingef\u00fchrt, um ihre H\u00e4user von M\u00e4usen sauber zu halten.<\/li><li>Das Bl\u00e4sshuhn (Fuliva atra) sieht durch das komplett schwarze Federkleid mit wei\u00dfem Schnabel und wei\u00dfer Stirn unverwechselbar aus.<\/li><li>Der Graureiher (Ardea cinerea) mit seinem geschwungenen Hals und dem eleganten Flug ist meist in der N\u00e4he des Flusses anzutreffen.<\/li><li>Wo fr\u00fcher Forellen \u00fcber die Stromschnellen sprangen, lebt heute die Barbe (Ardea cinerea) im aufgestauten Stillwasser.<\/li><li>Die Grauammer (Miliaria calandra) ist im Fr\u00fchling einzeln auf hohen Stellen und im Winter in Schw\u00e4rmen \u00fcber Feldern zu beobachten.<\/li><li>In lockeren B\u00f6den mit wenig B\u00e4umen findet die Europ\u00e4ische Fransenfingereidechse (Acanthodactylus erythrurus) ihren optimalen Lebensraum.<\/li><li>Der Zitronenfalter (Gonepteryx rhamni) ist einer der ersten Schmetterlinge, die im Fr\u00fchjahr erscheinen.<\/li><\/ul>\t\t\t\t\t\t\t\t<\/div>\n\t\t\t\t<\/div>\n\t\t\t\t\t<\/div>\n\t\t\t\t<\/div>\n\t\t<div class=\"elementor-element elementor-element-f4c5c1a e-con-full e-flex elementor-invisible e-con e-parent\" data-id=\"f4c5c1a\" data-element_type=\"container\" data-e-type=\"container\" data-settings=\"{&quot;background_background&quot;:&quot;classic&quot;,&quot;animation&quot;:&quot;fadeInUp&quot;}\">\n\t\t\t\t<div class=\"elementor-element elementor-element-1de90e8 elementor-widget elementor-widget-image\" data-id=\"1de90e8\" data-element_type=\"widget\" data-e-type=\"widget\" data-widget_type=\"image.default\">\n\t\t\t\t<div class=\"elementor-widget-container\">\n\t\t\t\t\t\t\t\t\t\t\t\t\t\t\t<img fetchpriority=\"high\" decoding=\"async\" width=\"1536\" height=\"362\" src=\"https:\/\/reccopolisforall.es\/wp-content\/uploads\/2024\/09\/C9-ENTORNO-1536x362.jpg\" class=\"attachment-1536x1536 size-1536x1536 wp-image-4006\" alt=\"Die nat\u00fcrliche Umgebung rund um den Fluss Tejo kann beobachtet werden. Die Passage mit dem Fluss unten, den bebauten Feldern vorn und der Bergkette unten im Hintergrund.\" srcset=\"https:\/\/reccopolisforall.es\/wp-content\/uploads\/2024\/09\/C9-ENTORNO-1536x362.jpg 1536w, https:\/\/reccopolisforall.es\/wp-content\/uploads\/2024\/09\/C9-ENTORNO-300x71.jpg 300w, https:\/\/reccopolisforall.es\/wp-content\/uploads\/2024\/09\/C9-ENTORNO-1024x242.jpg 1024w, https:\/\/reccopolisforall.es\/wp-content\/uploads\/2024\/09\/C9-ENTORNO-768x181.jpg 768w, https:\/\/reccopolisforall.es\/wp-content\/uploads\/2024\/09\/C9-ENTORNO.jpg 2048w\" sizes=\"(max-width: 1536px) 100vw, 1536px\" \/>\t\t\t\t\t\t\t\t\t\t\t\t\t\t\t<\/div>\n\t\t\t\t<\/div>\n\t\t\t\t<\/div>\n\t\t<div class=\"elementor-element elementor-element-160483fa e-con-full e-flex e-con e-parent\" data-id=\"160483fa\" data-element_type=\"container\" data-e-type=\"container\">\n\t\t<div class=\"elementor-element elementor-element-658aa58c e-con-full e-grid e-con e-child\" data-id=\"658aa58c\" data-element_type=\"container\" data-e-type=\"container\">\n\t\t\t\t<div class=\"elementor-element elementor-element-78ad1fa8 elementor-widget elementor-widget-heading\" data-id=\"78ad1fa8\" data-element_type=\"widget\" data-e-type=\"widget\" data-widget_type=\"heading.default\">\n\t\t\t\t<div class=\"elementor-widget-container\">\n\t\t\t\t\t<h2 class=\"elementor-heading-title elementor-size-default\">zur\u00fcck zu DER BESUCH<\/h2>\t\t\t\t<\/div>\n\t\t\t\t<\/div>\n\t\t\t\t<div class=\"elementor-element elementor-element-19fd2c9e elementor-widget__width-auto elementor-widget elementor-widget-button\" data-id=\"19fd2c9e\" data-element_type=\"widget\" data-e-type=\"widget\" data-widget_type=\"button.default\">\n\t\t\t\t<div class=\"elementor-widget-container\">\n\t\t\t\t\t\t\t\t\t<div class=\"elementor-button-wrapper\">\n\t\t\t\t\t<a class=\"elementor-button elementor-button-link elementor-size-sm\" href=\"https:\/\/reccopolisforall.es\/fortaleza-andalusi\/\">\n\t\t\t\t\t\t<span class=\"elementor-button-content-wrapper\">\n\t\t\t\t\t\t<span class=\"elementor-button-icon\">\n\t\t\t\t<svg aria-hidden=\"true\" class=\"e-font-icon-svg e-far-image\" viewBox=\"0 0 512 512\" xmlns=\"http:\/\/www.w3.org\/2000\/svg\"><path d=\"M464 64H48C21.49 64 0 85.49 0 112v288c0 26.51 21.49 48 48 48h416c26.51 0 48-21.49 48-48V112c0-26.51-21.49-48-48-48zm-6 336H54a6 6 0 0 1-6-6V118a6 6 0 0 1 6-6h404a6 6 0 0 1 6 6v276a6 6 0 0 1-6 6zM128 152c-22.091 0-40 17.909-40 40s17.909 40 40 40 40-17.909 40-40-17.909-40-40-40zM96 352h320v-80l-87.515-87.515c-4.686-4.686-12.284-4.686-16.971 0L192 304l-39.515-39.515c-4.686-4.686-12.284-4.686-16.971 0L96 304v48z\"><\/path><\/svg>\t\t\t<\/span>\n\t\t\t\t\t\t\t\t\t<span class=\"elementor-button-text\">Poster 8 <span class=\"screen-reader-text\">Gehe zu Poster 8<\/span><\/span>\n\t\t\t\t\t<\/span>\n\t\t\t\t\t<\/a>\n\t\t\t\t<\/div>\n\t\t\t\t\t\t\t\t<\/div>\n\t\t\t\t<\/div>\n\t\t\t\t<\/div>\n\t\t<div class=\"elementor-element elementor-element-4a73f921 e-con-full e-flex e-con e-child\" data-id=\"4a73f921\" data-element_type=\"container\" data-e-type=\"container\">\n\t\t\t\t<div class=\"elementor-element elementor-element-407e893a elementor-widget__width-auto elementor-align-center elementor-widget elementor-widget-button\" data-id=\"407e893a\" data-element_type=\"widget\" data-e-type=\"widget\" data-widget_type=\"button.default\">\n\t\t\t\t<div class=\"elementor-widget-container\">\n\t\t\t\t\t\t\t\t\t<div class=\"elementor-button-wrapper\">\n\t\t\t\t\t<a class=\"elementor-button elementor-button-link elementor-size-sm\" href=\"https:\/\/reccopolisforall.es\/visita-reccopolis\/\">\n\t\t\t\t\t\t<span class=\"elementor-button-content-wrapper\">\n\t\t\t\t\t\t<span class=\"elementor-button-icon\">\n\t\t\t\t<svg aria-hidden=\"true\" class=\"e-font-icon-svg e-fas-map-marked-alt\" viewBox=\"0 0 576 512\" xmlns=\"http:\/\/www.w3.org\/2000\/svg\"><path d=\"M288 0c-69.59 0-126 56.41-126 126 0 56.26 82.35 158.8 113.9 196.02 6.39 7.54 17.82 7.54 24.2 0C331.65 284.8 414 182.26 414 126 414 56.41 357.59 0 288 0zm0 168c-23.2 0-42-18.8-42-42s18.8-42 42-42 42 18.8 42 42-18.8 42-42 42zM20.12 215.95A32.006 32.006 0 0 0 0 245.66v250.32c0 11.32 11.43 19.06 21.94 14.86L160 448V214.92c-8.84-15.98-16.07-31.54-21.25-46.42L20.12 215.95zM288 359.67c-14.07 0-27.38-6.18-36.51-16.96-19.66-23.2-40.57-49.62-59.49-76.72v182l192 64V266c-18.92 27.09-39.82 53.52-59.49 76.72-9.13 10.77-22.44 16.95-36.51 16.95zm266.06-198.51L416 224v288l139.88-55.95A31.996 31.996 0 0 0 576 426.34V176.02c0-11.32-11.43-19.06-21.94-14.86z\"><\/path><\/svg>\t\t\t<\/span>\n\t\t\t\t\t\t\t\t\t<span class=\"elementor-button-text\">Reccopolis Lageplan <span class=\"screen-reader-text\">Zur\u00fcck zur Hauptansicht Reccopolis Lageplan<\/span><\/span>\n\t\t\t\t\t<\/span>\n\t\t\t\t\t<\/a>\n\t\t\t\t<\/div>\n\t\t\t\t\t\t\t\t<\/div>\n\t\t\t\t<\/div>\n\t\t\t\t<\/div>\n\t\t<div class=\"elementor-element elementor-element-737431ad e-con-full e-grid e-con e-child\" data-id=\"737431ad\" data-element_type=\"container\" data-e-type=\"container\">\n\t\t\t\t<div class=\"elementor-element elementor-element-29fab6f2 elementor-widget elementor-widget-heading\" data-id=\"29fab6f2\" data-element_type=\"widget\" data-e-type=\"widget\" data-widget_type=\"heading.default\">\n\t\t\t\t<div class=\"elementor-widget-container\">\n\t\t\t\t\t<h2 class=\"elementor-heading-title elementor-size-default\">DER BESUCH GEHT WEITER<\/h2>\t\t\t\t<\/div>\n\t\t\t\t<\/div>\n\t\t\t\t<div class=\"elementor-element elementor-element-7ebda55b elementor-widget__width-auto elementor-widget elementor-widget-button\" data-id=\"7ebda55b\" data-element_type=\"widget\" data-e-type=\"widget\" data-widget_type=\"button.default\">\n\t\t\t\t<div class=\"elementor-widget-container\">\n\t\t\t\t\t\t\t\t\t<div class=\"elementor-button-wrapper\">\n\t\t\t\t\t<a class=\"elementor-button elementor-button-link elementor-size-sm\" href=\"https:\/\/reccopolisforall.es\/iglesia-palatina\/\">\n\t\t\t\t\t\t<span class=\"elementor-button-content-wrapper\">\n\t\t\t\t\t\t<span class=\"elementor-button-icon\">\n\t\t\t\t<svg aria-hidden=\"true\" class=\"e-font-icon-svg e-far-image\" viewBox=\"0 0 512 512\" xmlns=\"http:\/\/www.w3.org\/2000\/svg\"><path d=\"M464 64H48C21.49 64 0 85.49 0 112v288c0 26.51 21.49 48 48 48h416c26.51 0 48-21.49 48-48V112c0-26.51-21.49-48-48-48zm-6 336H54a6 6 0 0 1-6-6V118a6 6 0 0 1 6-6h404a6 6 0 0 1 6 6v276a6 6 0 0 1-6 6zM128 152c-22.091 0-40 17.909-40 40s17.909 40 40 40 40-17.909 40-40-17.909-40-40-40zM96 352h320v-80l-87.515-87.515c-4.686-4.686-12.284-4.686-16.971 0L192 304l-39.515-39.515c-4.686-4.686-12.284-4.686-16.971 0L96 304v48z\"><\/path><\/svg>\t\t\t<\/span>\n\t\t\t\t\t\t\t\t\t<span class=\"elementor-button-text\">Poster 10 <span class=\"screen-reader-text\">Gehe zu Poster 10<\/span><\/span>\n\t\t\t\t\t<\/span>\n\t\t\t\t\t<\/a>\n\t\t\t\t<\/div>\n\t\t\t\t\t\t\t\t<\/div>\n\t\t\t\t<\/div>\n\t\t\t\t<\/div>\n\t\t\t\t<\/div>\n\t\t\t\t<\/div>\n\t\t","protected":false},"excerpt":{"rendered":"<div class=\"entry-summary\">\nEine Landschaft gepr\u00e4gt vom Fluss Tajo Diese Landschaft ist gepr\u00e4gt durch den gleichm\u00e4\u00dfig flie\u00dfenden Tajo und wirkt durch die bew\u00e4sserten Fl\u00e4chen und wiederaufgeforsteten Gebiete eher gleichf\u00f6rmig. Den unordentlichen Gegensatz dazu bildet der nat\u00fcrliche Wald mit der lebendigen Tierwelt und den&hellip;\n<\/div>\n<div class=\"link-more\"><a href=\"https:\/\/reccopolisforall.es\/de\/09_eine-landschaft-gepraegt-vom-fluss-tajo-poster\/\" class=\"more-link\">Continue reading<span class=\"screen-reader-text\"> &ldquo;09_Eine Landschaft gepr\u00e4gt vom Fluss Tajo Poster&rdquo;<\/span>&hellip;<\/a><\/div>\n","protected":false},"author":1,"featured_media":0,"parent":0,"menu_order":0,"comment_status":"closed","ping_status":"closed","template":"","meta":{"_acf_changed":false,"footnotes":""},"class_list":["post-4414","page","type-page","status-publish","hentry","entry"],"acf":[],"_links":{"self":[{"href":"https:\/\/reccopolisforall.es\/de\/wp-json\/wp\/v2\/pages\/4414","targetHints":{"allow":["GET"]}}],"collection":[{"href":"https:\/\/reccopolisforall.es\/de\/wp-json\/wp\/v2\/pages"}],"about":[{"href":"https:\/\/reccopolisforall.es\/de\/wp-json\/wp\/v2\/types\/page"}],"author":[{"embeddable":true,"href":"https:\/\/reccopolisforall.es\/de\/wp-json\/wp\/v2\/users\/1"}],"replies":[{"embeddable":true,"href":"https:\/\/reccopolisforall.es\/de\/wp-json\/wp\/v2\/comments?post=4414"}],"version-history":[{"count":1,"href":"https:\/\/reccopolisforall.es\/de\/wp-json\/wp\/v2\/pages\/4414\/revisions"}],"predecessor-version":[{"id":4415,"href":"https:\/\/reccopolisforall.es\/de\/wp-json\/wp\/v2\/pages\/4414\/revisions\/4415"}],"wp:attachment":[{"href":"https:\/\/reccopolisforall.es\/de\/wp-json\/wp\/v2\/media?parent=4414"}],"curies":[{"name":"wp","href":"https:\/\/api.w.org\/{rel}","templated":true}]}}