{"id":4422,"date":"2024-06-26T14:32:52","date_gmt":"2024-06-26T12:32:52","guid":{"rendered":"https:\/\/reccopolisforall.es\/18_reccopolis-veraendert-die-landschaft-poster\/"},"modified":"2025-02-11T13:32:36","modified_gmt":"2025-02-11T12:32:36","slug":"18_reccopolis-veraendert-die-landschaft-poster","status":"publish","type":"page","link":"https:\/\/reccopolisforall.es\/de\/18_reccopolis-veraendert-die-landschaft-poster\/","title":{"rendered":"18_Reccopolis ver\u00e4ndert die Landschaft Poster"},"content":{"rendered":"\t\t<div data-elementor-type=\"wp-page\" data-elementor-id=\"4422\" class=\"elementor elementor-4422 elementor-719\" data-elementor-post-type=\"page\">\n\t\t\t\t<div class=\"elementor-element elementor-element-908c053 e-flex e-con-boxed elementor-invisible e-con e-parent\" data-id=\"908c053\" data-element_type=\"container\" data-e-type=\"container\" data-settings=\"{&quot;animation&quot;:&quot;fadeInUp&quot;}\">\n\t\t\t\t\t<div class=\"e-con-inner\">\n\t\t\t\t<div class=\"elementor-element elementor-element-e1f6e7a elementor-widget elementor-widget-heading\" data-id=\"e1f6e7a\" data-element_type=\"widget\" data-e-type=\"widget\" data-widget_type=\"heading.default\">\n\t\t\t\t<div class=\"elementor-widget-container\">\n\t\t\t\t\t<h1 class=\"elementor-heading-title elementor-size-default\">Reccopolis ver\u00e4ndert die Landschaft<\/h1>\t\t\t\t<\/div>\n\t\t\t\t<\/div>\n\t\t\t\t\t<\/div>\n\t\t\t\t<\/div>\n\t\t<div class=\"elementor-element elementor-element-9ef2275 e-flex e-con-boxed elementor-invisible e-con e-parent\" data-id=\"9ef2275\" data-element_type=\"container\" data-e-type=\"container\" data-settings=\"{&quot;animation&quot;:&quot;fadeInUp&quot;}\">\n\t\t\t\t\t<div class=\"e-con-inner\">\n\t\t\t\t<div class=\"elementor-element elementor-element-7f95fc6 elementor-widget elementor-widget-text-editor\" data-id=\"7f95fc6\" data-element_type=\"widget\" data-e-type=\"widget\" data-widget_type=\"text-editor.default\">\n\t\t\t\t<div class=\"elementor-widget-container\">\n\t\t\t\t\t\t\t\t\t<p>Wie die Ergebnisse der arch\u00e4ologischen Ausgrabungen zeigen, war die wirtschaftliche Nutzung des Gebiets vor allem durch eine gemischte landwirtschaftliche Nutzung mit Viehzucht bestimmt. Der fruchtbare Boden der Flussauen des Tajo wurde f\u00fcr den Anbau von Getreide und Weinreben genutzt, w\u00e4hrend sich auf den umgebenden Hochebenen Olivenhaine befanden. Auf diesen Plateaus beg\u00fcnstigten Weideland und Unterholz die Haltung von Schafen, Ziegen, K\u00fchen und Ochsen. Die bewaldeten Gebiete waren fr\u00fcher weitl\u00e4ufiger als heute und besonders reich an Eichen und Kiefern, wobei beide Varianten, die <em>Schwarz-<\/em> und die <em>Waldkiefer<\/em> vorkamen. Die B\u00e4ume wurden vor allem f\u00fcr den Bau von Geb\u00e4uden in Reccopolis genutzt. Eine weitere nat\u00fcrliche Ressource bildete auch die Jagd nach Gro\u00df- und Kleinwild, vor allem nach Hirschen und Hasen.    <\/p><ul><li>Die nat\u00fcrliche Vegetation bestand aus \u00fcppigen Steineichen-W\u00e4ldern mit dichtem Gestr\u00fcpp, in denen vor allem Scharlacheichen und Schwarzdorn zu finden waren. Die W\u00e4lder versorgte die Bev\u00f6lkerung der Stadt mit Feuerholz, Holzkohle und Honig und dienten au\u00dferdem als Jagdrevier. <\/li><li>Die Anbaufl\u00e4chen waren fr\u00fcher viel kleiner als die, die man heutzutage sehen kann. Jede Parzelle wurde in drei Teile aufgeteilt, auf denen in aufeinander folgenden Jahren Getreide, Leguminosen und Brachfl\u00e4chen angebaut wurden. <\/li><li>Die Fl\u00e4chen, die sich weniger f\u00fcr die landwirtschaftliche Nutzung eigneten, wurden als Weiden genutzt, insbesondere f\u00fcr Schafe und Ziegen.<\/li><li>Im Vergleich zu heute, sahen die Olivenhaine fr\u00fcher eher so aus wie Weideland und glichen somit einem lichten Wald, denn neben dem Anbau von Oliven dienten diese Haine auch als Weiden f\u00fcr das Vieh. <\/li><li>Die G\u00e4rten und Obstb\u00e4ume, die keine regelm\u00e4\u00dfige Bew\u00e4sserung brauchten, befanden sich vor allem in den Flussauen.<\/li><li>F\u00fcr die Honigernte wurden B\u00e4ume aus dem Wald gef\u00e4llt und deren St\u00e4mme so ausgeh\u00f6hlt, dass die Bienenv\u00f6lker darin Unterschlupf fanden.<\/li><\/ul>\t\t\t\t\t\t\t\t<\/div>\n\t\t\t\t<\/div>\n\t\t\t\t\t<\/div>\n\t\t\t\t<\/div>\n\t\t<div class=\"elementor-element elementor-element-11b4dff e-flex e-con-boxed e-con e-parent\" data-id=\"11b4dff\" data-element_type=\"container\" data-e-type=\"container\">\n\t\t\t\t\t<div class=\"e-con-inner\">\n\t\t\t\t<div class=\"elementor-element elementor-element-5e6ee4e elementor-widget elementor-widget-image\" data-id=\"5e6ee4e\" data-element_type=\"widget\" data-e-type=\"widget\" data-widget_type=\"image.default\">\n\t\t\t\t<div class=\"elementor-widget-container\">\n\t\t\t\t\t\t\t\t\t\t\t\t<figure class=\"wp-caption\">\n\t\t\t\t\t\t\t\t\t\t<img fetchpriority=\"high\" decoding=\"async\" width=\"2048\" height=\"413\" src=\"https:\/\/reccopolisforall.es\/wp-content\/uploads\/2024\/09\/C18_IMG1.jpg\" class=\"attachment-2048x2048 size-2048x2048 wp-image-4004\" alt=\"Nat\u00fcrliche Landschaft des H\u00fcgels, auf dem sich der Standort befindet. Das Grundst\u00fcck und der Bestand an Olivenb\u00e4umen zeichnen sich aus.\" srcset=\"https:\/\/reccopolisforall.es\/wp-content\/uploads\/2024\/09\/C18_IMG1.jpg 2048w, https:\/\/reccopolisforall.es\/wp-content\/uploads\/2024\/09\/C18_IMG1-300x60.jpg 300w, https:\/\/reccopolisforall.es\/wp-content\/uploads\/2024\/09\/C18_IMG1-1024x207.jpg 1024w, https:\/\/reccopolisforall.es\/wp-content\/uploads\/2024\/09\/C18_IMG1-768x155.jpg 768w, https:\/\/reccopolisforall.es\/wp-content\/uploads\/2024\/09\/C18_IMG1-1536x310.jpg 1536w\" sizes=\"(max-width: 2048px) 100vw, 2048px\" \/>\t\t\t\t\t\t\t\t\t\t\t<figcaption class=\"widget-image-caption wp-caption-text\">Die nat\u00fcrliche Landschaft des H\u00fcgels, auf dem sich die Anlage befindet. Sie k\u00f6nnen die Grundst\u00fccke und die Olivenb\u00e4ume sehen, die dort stehen. <\/figcaption>\n\t\t\t\t\t\t\t\t\t\t<\/figure>\n\t\t\t\t\t\t\t\t\t<\/div>\n\t\t\t\t<\/div>\n\t\t\t\t\t<\/div>\n\t\t\t\t<\/div>\n\t\t<div class=\"elementor-element elementor-element-6a11c753 e-con-full e-flex e-con e-parent\" data-id=\"6a11c753\" data-element_type=\"container\" data-e-type=\"container\">\n\t\t<div class=\"elementor-element elementor-element-50588fcc e-con-full e-grid e-con e-child\" data-id=\"50588fcc\" data-element_type=\"container\" data-e-type=\"container\">\n\t\t\t\t<div class=\"elementor-element elementor-element-6415375c elementor-widget elementor-widget-heading\" data-id=\"6415375c\" data-element_type=\"widget\" data-e-type=\"widget\" data-widget_type=\"heading.default\">\n\t\t\t\t<div class=\"elementor-widget-container\">\n\t\t\t\t\t<h2 class=\"elementor-heading-title elementor-size-default\">R\u00dcCKBLICK AUF DEN BESUCH<\/h2>\t\t\t\t<\/div>\n\t\t\t\t<\/div>\n\t\t\t\t<div class=\"elementor-element elementor-element-281f8437 elementor-widget__width-auto elementor-widget elementor-widget-button\" data-id=\"281f8437\" data-element_type=\"widget\" data-e-type=\"widget\" data-widget_type=\"button.default\">\n\t\t\t\t<div class=\"elementor-widget-container\">\n\t\t\t\t\t\t\t\t\t<div class=\"elementor-button-wrapper\">\n\t\t\t\t\t<a class=\"elementor-button elementor-button-link elementor-size-sm\" href=\"https:\/\/reccopolisforall.es\/actividad-industrial-andalusi\/\">\n\t\t\t\t\t\t<span class=\"elementor-button-content-wrapper\">\n\t\t\t\t\t\t<span class=\"elementor-button-icon\">\n\t\t\t\t<svg aria-hidden=\"true\" class=\"e-font-icon-svg e-far-image\" viewBox=\"0 0 512 512\" xmlns=\"http:\/\/www.w3.org\/2000\/svg\"><path d=\"M464 64H48C21.49 64 0 85.49 0 112v288c0 26.51 21.49 48 48 48h416c26.51 0 48-21.49 48-48V112c0-26.51-21.49-48-48-48zm-6 336H54a6 6 0 0 1-6-6V118a6 6 0 0 1 6-6h404a6 6 0 0 1 6 6v276a6 6 0 0 1-6 6zM128 152c-22.091 0-40 17.909-40 40s17.909 40 40 40 40-17.909 40-40-17.909-40-40-40zM96 352h320v-80l-87.515-87.515c-4.686-4.686-12.284-4.686-16.971 0L192 304l-39.515-39.515c-4.686-4.686-12.284-4.686-16.971 0L96 304v48z\"><\/path><\/svg>\t\t\t<\/span>\n\t\t\t\t\t\t\t\t\t<span class=\"elementor-button-text\">Poster 17 <span class=\"screen-reader-text\">Gehe zu Poster 17<\/span><\/span>\n\t\t\t\t\t<\/span>\n\t\t\t\t\t<\/a>\n\t\t\t\t<\/div>\n\t\t\t\t\t\t\t\t<\/div>\n\t\t\t\t<\/div>\n\t\t\t\t<\/div>\n\t\t<div class=\"elementor-element elementor-element-17fb724e e-con-full e-flex e-con e-child\" data-id=\"17fb724e\" data-element_type=\"container\" data-e-type=\"container\">\n\t\t\t\t<div class=\"elementor-element elementor-element-365c04af elementor-widget__width-auto elementor-align-center elementor-widget elementor-widget-button\" data-id=\"365c04af\" data-element_type=\"widget\" data-e-type=\"widget\" data-widget_type=\"button.default\">\n\t\t\t\t<div class=\"elementor-widget-container\">\n\t\t\t\t\t\t\t\t\t<div class=\"elementor-button-wrapper\">\n\t\t\t\t\t<a class=\"elementor-button elementor-button-link elementor-size-sm\" href=\"https:\/\/reccopolisforall.es\/visita-reccopolis\/\">\n\t\t\t\t\t\t<span class=\"elementor-button-content-wrapper\">\n\t\t\t\t\t\t<span class=\"elementor-button-icon\">\n\t\t\t\t<svg aria-hidden=\"true\" class=\"e-font-icon-svg e-fas-map-marked-alt\" viewBox=\"0 0 576 512\" xmlns=\"http:\/\/www.w3.org\/2000\/svg\"><path d=\"M288 0c-69.59 0-126 56.41-126 126 0 56.26 82.35 158.8 113.9 196.02 6.39 7.54 17.82 7.54 24.2 0C331.65 284.8 414 182.26 414 126 414 56.41 357.59 0 288 0zm0 168c-23.2 0-42-18.8-42-42s18.8-42 42-42 42 18.8 42 42-18.8 42-42 42zM20.12 215.95A32.006 32.006 0 0 0 0 245.66v250.32c0 11.32 11.43 19.06 21.94 14.86L160 448V214.92c-8.84-15.98-16.07-31.54-21.25-46.42L20.12 215.95zM288 359.67c-14.07 0-27.38-6.18-36.51-16.96-19.66-23.2-40.57-49.62-59.49-76.72v182l192 64V266c-18.92 27.09-39.82 53.52-59.49 76.72-9.13 10.77-22.44 16.95-36.51 16.95zm266.06-198.51L416 224v288l139.88-55.95A31.996 31.996 0 0 0 576 426.34V176.02c0-11.32-11.43-19.06-21.94-14.86z\"><\/path><\/svg>\t\t\t<\/span>\n\t\t\t\t\t\t\t\t\t<span class=\"elementor-button-text\">Reccopolis Lageplan <span class=\"screen-reader-text\">Zur\u00fcck zur Hauptansicht Reccopolis Lageplan<\/span><\/span>\n\t\t\t\t\t<\/span>\n\t\t\t\t\t<\/a>\n\t\t\t\t<\/div>\n\t\t\t\t\t\t\t\t<\/div>\n\t\t\t\t<\/div>\n\t\t\t\t<\/div>\n\t\t<div class=\"elementor-element elementor-element-1ad27420 e-con-full e-grid e-con e-child\" data-id=\"1ad27420\" data-element_type=\"container\" data-e-type=\"container\">\n\t\t\t\t<div class=\"elementor-element elementor-element-39b99ee1 elementor-widget elementor-widget-heading\" data-id=\"39b99ee1\" data-element_type=\"widget\" data-e-type=\"widget\" data-widget_type=\"heading.default\">\n\t\t\t\t<div class=\"elementor-widget-container\">\n\t\t\t\t\t<h2 class=\"elementor-heading-title elementor-size-default\">DER BESUCH GEHT WEITER<\/h2>\t\t\t\t<\/div>\n\t\t\t\t<\/div>\n\t\t\t\t<div class=\"elementor-element elementor-element-1ddcf788 elementor-widget__width-auto elementor-widget elementor-widget-button\" data-id=\"1ddcf788\" data-element_type=\"widget\" data-e-type=\"widget\" data-widget_type=\"button.default\">\n\t\t\t\t<div class=\"elementor-widget-container\">\n\t\t\t\t\t\t\t\t\t<div class=\"elementor-button-wrapper\">\n\t\t\t\t\t<a class=\"elementor-button elementor-button-link elementor-size-sm\" href=\"https:\/\/reccopolisforall.es\/ermita\/\">\n\t\t\t\t\t\t<span class=\"elementor-button-content-wrapper\">\n\t\t\t\t\t\t<span class=\"elementor-button-icon\">\n\t\t\t\t<svg aria-hidden=\"true\" class=\"e-font-icon-svg e-far-image\" viewBox=\"0 0 512 512\" xmlns=\"http:\/\/www.w3.org\/2000\/svg\"><path d=\"M464 64H48C21.49 64 0 85.49 0 112v288c0 26.51 21.49 48 48 48h416c26.51 0 48-21.49 48-48V112c0-26.51-21.49-48-48-48zm-6 336H54a6 6 0 0 1-6-6V118a6 6 0 0 1 6-6h404a6 6 0 0 1 6 6v276a6 6 0 0 1-6 6zM128 152c-22.091 0-40 17.909-40 40s17.909 40 40 40 40-17.909 40-40-17.909-40-40-40zM96 352h320v-80l-87.515-87.515c-4.686-4.686-12.284-4.686-16.971 0L192 304l-39.515-39.515c-4.686-4.686-12.284-4.686-16.971 0L96 304v48z\"><\/path><\/svg>\t\t\t<\/span>\n\t\t\t\t\t\t\t\t\t<span class=\"elementor-button-text\">Poster 1 <span class=\"screen-reader-text\">Gehe zu Poster 1<\/span><\/span>\n\t\t\t\t\t<\/span>\n\t\t\t\t\t<\/a>\n\t\t\t\t<\/div>\n\t\t\t\t\t\t\t\t<\/div>\n\t\t\t\t<\/div>\n\t\t\t\t<\/div>\n\t\t\t\t<\/div>\n\t\t\t\t<\/div>\n\t\t","protected":false},"excerpt":{"rendered":"<div class=\"entry-summary\">\nReccopolis ver\u00e4ndert die Landschaft Wie die Ergebnisse der arch\u00e4ologischen Ausgrabungen zeigen, war die wirtschaftliche Nutzung des Gebiets vor allem durch eine gemischte landwirtschaftliche Nutzung mit Viehzucht bestimmt. Der fruchtbare Boden der Flussauen des Tajo wurde f\u00fcr den Anbau von Getreide&hellip;\n<\/div>\n<div class=\"link-more\"><a href=\"https:\/\/reccopolisforall.es\/de\/18_reccopolis-veraendert-die-landschaft-poster\/\" class=\"more-link\">Continue reading<span class=\"screen-reader-text\"> &ldquo;18_Reccopolis ver\u00e4ndert die Landschaft Poster&rdquo;<\/span>&hellip;<\/a><\/div>\n","protected":false},"author":1,"featured_media":0,"parent":0,"menu_order":0,"comment_status":"closed","ping_status":"closed","template":"","meta":{"_acf_changed":false,"footnotes":""},"class_list":["post-4422","page","type-page","status-publish","hentry","entry"],"acf":[],"_links":{"self":[{"href":"https:\/\/reccopolisforall.es\/de\/wp-json\/wp\/v2\/pages\/4422","targetHints":{"allow":["GET"]}}],"collection":[{"href":"https:\/\/reccopolisforall.es\/de\/wp-json\/wp\/v2\/pages"}],"about":[{"href":"https:\/\/reccopolisforall.es\/de\/wp-json\/wp\/v2\/types\/page"}],"author":[{"embeddable":true,"href":"https:\/\/reccopolisforall.es\/de\/wp-json\/wp\/v2\/users\/1"}],"replies":[{"embeddable":true,"href":"https:\/\/reccopolisforall.es\/de\/wp-json\/wp\/v2\/comments?post=4422"}],"version-history":[{"count":1,"href":"https:\/\/reccopolisforall.es\/de\/wp-json\/wp\/v2\/pages\/4422\/revisions"}],"predecessor-version":[{"id":4423,"href":"https:\/\/reccopolisforall.es\/de\/wp-json\/wp\/v2\/pages\/4422\/revisions\/4423"}],"wp:attachment":[{"href":"https:\/\/reccopolisforall.es\/de\/wp-json\/wp\/v2\/media?parent=4422"}],"curies":[{"name":"wp","href":"https:\/\/api.w.org\/{rel}","templated":true}]}}