{"id":4430,"date":"2024-06-26T16:29:00","date_gmt":"2024-06-26T14:29:00","guid":{"rendered":"https:\/\/reccopolisforall.es\/15_das-andalusische-wohnhaus-poster\/"},"modified":"2025-02-11T15:59:13","modified_gmt":"2025-02-11T14:59:13","slug":"15_das-andalusische-wohnhaus-poster","status":"publish","type":"page","link":"https:\/\/reccopolisforall.es\/de\/15_das-andalusische-wohnhaus-poster\/","title":{"rendered":"15_Das andalusische Wohnhaus Poster"},"content":{"rendered":"\t\t<div data-elementor-type=\"wp-page\" data-elementor-id=\"4430\" class=\"elementor elementor-4430 elementor-732\" data-elementor-post-type=\"page\">\n\t\t\t\t<div class=\"elementor-element elementor-element-e54c047 e-flex e-con-boxed elementor-invisible e-con e-parent\" data-id=\"e54c047\" data-element_type=\"container\" data-e-type=\"container\" data-settings=\"{&quot;animation&quot;:&quot;fadeInUp&quot;}\">\n\t\t\t\t\t<div class=\"e-con-inner\">\n\t\t\t\t<div class=\"elementor-element elementor-element-d7ead6a elementor-widget elementor-widget-heading\" data-id=\"d7ead6a\" data-element_type=\"widget\" data-e-type=\"widget\" data-widget_type=\"heading.default\">\n\t\t\t\t<div class=\"elementor-widget-container\">\n\t\t\t\t\t<h1 class=\"elementor-heading-title elementor-size-default\">Das andalusische Wohnhaus<\/h1>\t\t\t\t<\/div>\n\t\t\t\t<\/div>\n\t\t\t\t\t<\/div>\n\t\t\t\t<\/div>\n\t\t<div class=\"elementor-element elementor-element-659d650 e-flex e-con-boxed elementor-invisible e-con e-parent\" data-id=\"659d650\" data-element_type=\"container\" data-e-type=\"container\" data-settings=\"{&quot;animation&quot;:&quot;fadeInUp&quot;}\">\n\t\t\t\t\t<div class=\"e-con-inner\">\n\t\t\t\t<div class=\"elementor-element elementor-element-1913e69 elementor-widget elementor-widget-text-editor\" data-id=\"1913e69\" data-element_type=\"widget\" data-e-type=\"widget\" data-widget_type=\"text-editor.default\">\n\t\t\t\t<div class=\"elementor-widget-container\">\n\t\t\t\t\t\t\t\t\t<p>W\u00e4hrend der zwei Phasen der andalusischen Epoche (Anfang des 8. Jahrhunderts und Ende des 8. bis Anfang des 9. Jahrhunderts) ging das allt\u00e4gliche Leben in der Stadt, die heutzutage Madinat Raqqubal genannt wird, normal weiter. Davon zeugen die zahlreichen Ausgrabungen von Wohngeb\u00e4uden aus dieser Epoche. <\/p><p>Ein Beispiel f\u00fcr die erste andalusische Phase sind die Umbauten am ehemaligen Handelshaus. Es wurden Mauern eingezogen, die das Geb\u00e4ude in Wohneinheiten unterteilten und damit die zerst\u00f6rten Mauern der urspr\u00fcnglichen Fassade ersetzten. Neben diesen Wohneinheiten wurden Herde und andalusische Materialien aus Keramik gefunden, die die Nutzung dieser R\u00e4ume zum Wohnen und Leben belegen.  <\/p>\t\t\t\t\t\t\t\t<\/div>\n\t\t\t\t<\/div>\n\t\t\t\t\t<\/div>\n\t\t\t\t<\/div>\n\t\t<div class=\"elementor-element elementor-element-4afdd540 e-flex e-con-boxed e-con e-parent\" data-id=\"4afdd540\" data-element_type=\"container\" data-e-type=\"container\">\n\t\t\t\t\t<div class=\"e-con-inner\">\n\t\t<div class=\"elementor-element elementor-element-92fd6e6 e-con-full e-flex e-con e-child\" data-id=\"92fd6e6\" data-element_type=\"container\" data-e-type=\"container\">\n\t\t\t\t<div class=\"elementor-element elementor-element-25792d8 elementor-widget elementor-widget-image\" data-id=\"25792d8\" data-element_type=\"widget\" data-e-type=\"widget\" data-widget_type=\"image.default\">\n\t\t\t\t<div class=\"elementor-widget-container\">\n\t\t\t\t\t\t\t\t\t\t\t\t<figure class=\"wp-caption\">\n\t\t\t\t\t\t\t\t\t\t<img fetchpriority=\"high\" decoding=\"async\" width=\"790\" height=\"1024\" src=\"https:\/\/reccopolisforall.es\/wp-content\/uploads\/2024\/09\/C15-VIVIW-790x1024.jpg\" class=\"attachment-large size-large wp-image-3980\" alt=\"Grundriss der andalusischen H\u00e4user.\" srcset=\"https:\/\/reccopolisforall.es\/wp-content\/uploads\/2024\/09\/C15-VIVIW-790x1024.jpg 790w, https:\/\/reccopolisforall.es\/wp-content\/uploads\/2024\/09\/C15-VIVIW-231x300.jpg 231w, https:\/\/reccopolisforall.es\/wp-content\/uploads\/2024\/09\/C15-VIVIW-768x996.jpg 768w, https:\/\/reccopolisforall.es\/wp-content\/uploads\/2024\/09\/C15-VIVIW.jpg 800w\" sizes=\"(max-width: 790px) 100vw, 790px\" \/>\t\t\t\t\t\t\t\t\t\t\t<figcaption class=\"widget-image-caption wp-caption-text\">Plan der Behausungen aus der andalusischen Zeit.<\/figcaption>\n\t\t\t\t\t\t\t\t\t\t<\/figure>\n\t\t\t\t\t\t\t\t\t<\/div>\n\t\t\t\t<\/div>\n\t\t\t\t<\/div>\n\t\t<div class=\"elementor-element elementor-element-5b55ae89 e-con-full e-flex e-con e-child\" data-id=\"5b55ae89\" data-element_type=\"container\" data-e-type=\"container\">\n\t\t\t\t<div class=\"elementor-element elementor-element-3eb9ef6a elementor-widget elementor-widget-image\" data-id=\"3eb9ef6a\" data-element_type=\"widget\" data-e-type=\"widget\" data-widget_type=\"image.default\">\n\t\t\t\t<div class=\"elementor-widget-container\">\n\t\t\t\t\t\t\t\t\t\t\t\t<figure class=\"wp-caption\">\n\t\t\t\t\t\t\t\t\t\t<img decoding=\"async\" width=\"787\" height=\"787\" src=\"https:\/\/reccopolisforall.es\/wp-content\/uploads\/2024\/09\/C15-ILUS.jpg\" class=\"attachment-large size-large wp-image-3982\" alt=\"Nachbildung von Gesch\u00e4ftsgeb\u00e4uden im andalusischen Zeitalter.\" srcset=\"https:\/\/reccopolisforall.es\/wp-content\/uploads\/2024\/09\/C15-ILUS.jpg 787w, https:\/\/reccopolisforall.es\/wp-content\/uploads\/2024\/09\/C15-ILUS-300x300.jpg 300w, https:\/\/reccopolisforall.es\/wp-content\/uploads\/2024\/09\/C15-ILUS-150x150.jpg 150w, https:\/\/reccopolisforall.es\/wp-content\/uploads\/2024\/09\/C15-ILUS-768x768.jpg 768w, https:\/\/reccopolisforall.es\/wp-content\/uploads\/2024\/09\/C15-ILUS-448x448.jpg 448w\" sizes=\"(max-width: 787px) 100vw, 787px\" \/>\t\t\t\t\t\t\t\t\t\t\t<figcaption class=\"widget-image-caption wp-caption-text\">Rekonstruktion der Behausungen aus der andalusischen Zeit.<\/figcaption>\n\t\t\t\t\t\t\t\t\t\t<\/figure>\n\t\t\t\t\t\t\t\t\t<\/div>\n\t\t\t\t<\/div>\n\t\t\t\t<\/div>\n\t\t\t\t\t<\/div>\n\t\t\t\t<\/div>\n\t\t<div class=\"elementor-element elementor-element-7297f014 e-con-full e-flex e-con e-parent\" data-id=\"7297f014\" data-element_type=\"container\" data-e-type=\"container\">\n\t\t<div class=\"elementor-element elementor-element-5d463c25 e-con-full e-grid e-con e-child\" data-id=\"5d463c25\" data-element_type=\"container\" data-e-type=\"container\">\n\t\t\t\t<div class=\"elementor-element elementor-element-50583ee4 elementor-widget elementor-widget-heading\" data-id=\"50583ee4\" data-element_type=\"widget\" data-e-type=\"widget\" data-widget_type=\"heading.default\">\n\t\t\t\t<div class=\"elementor-widget-container\">\n\t\t\t\t\t<h2 class=\"elementor-heading-title elementor-size-default\">R\u00dcCKBLICK AUF DEN BESUCH<\/h2>\t\t\t\t<\/div>\n\t\t\t\t<\/div>\n\t\t\t\t<div class=\"elementor-element elementor-element-340a4143 elementor-widget__width-auto elementor-widget elementor-widget-button\" data-id=\"340a4143\" data-element_type=\"widget\" data-e-type=\"widget\" data-widget_type=\"button.default\">\n\t\t\t\t<div class=\"elementor-widget-container\">\n\t\t\t\t\t\t\t\t\t<div class=\"elementor-button-wrapper\">\n\t\t\t\t\t<a class=\"elementor-button elementor-button-link elementor-size-sm\" href=\"https:\/\/reccopolisforall.es\/de\/14_die-zweite-westgotische-epoche-poster\/\">\n\t\t\t\t\t\t<span class=\"elementor-button-content-wrapper\">\n\t\t\t\t\t\t<span class=\"elementor-button-icon\">\n\t\t\t\t<svg aria-hidden=\"true\" class=\"e-font-icon-svg e-far-image\" viewBox=\"0 0 512 512\" xmlns=\"http:\/\/www.w3.org\/2000\/svg\"><path d=\"M464 64H48C21.49 64 0 85.49 0 112v288c0 26.51 21.49 48 48 48h416c26.51 0 48-21.49 48-48V112c0-26.51-21.49-48-48-48zm-6 336H54a6 6 0 0 1-6-6V118a6 6 0 0 1 6-6h404a6 6 0 0 1 6 6v276a6 6 0 0 1-6 6zM128 152c-22.091 0-40 17.909-40 40s17.909 40 40 40 40-17.909 40-40-17.909-40-40-40zM96 352h320v-80l-87.515-87.515c-4.686-4.686-12.284-4.686-16.971 0L192 304l-39.515-39.515c-4.686-4.686-12.284-4.686-16.971 0L96 304v48z\"><\/path><\/svg>\t\t\t<\/span>\n\t\t\t\t\t\t\t\t\t<span class=\"elementor-button-text\">Poster 14 <span class=\"screen-reader-text\">Gehe zu Poster 18<\/span><\/span>\n\t\t\t\t\t<\/span>\n\t\t\t\t\t<\/a>\n\t\t\t\t<\/div>\n\t\t\t\t\t\t\t\t<\/div>\n\t\t\t\t<\/div>\n\t\t\t\t<\/div>\n\t\t<div class=\"elementor-element elementor-element-3ff4900b e-con-full e-flex e-con e-child\" data-id=\"3ff4900b\" data-element_type=\"container\" data-e-type=\"container\">\n\t\t\t\t<div class=\"elementor-element elementor-element-2536985a elementor-widget__width-auto elementor-align-center elementor-widget elementor-widget-button\" data-id=\"2536985a\" data-element_type=\"widget\" data-e-type=\"widget\" data-widget_type=\"button.default\">\n\t\t\t\t<div class=\"elementor-widget-container\">\n\t\t\t\t\t\t\t\t\t<div class=\"elementor-button-wrapper\">\n\t\t\t\t\t<a class=\"elementor-button elementor-button-link elementor-size-sm\" href=\"https:\/\/reccopolisforall.es\/visita-reccopolis\/\">\n\t\t\t\t\t\t<span class=\"elementor-button-content-wrapper\">\n\t\t\t\t\t\t<span class=\"elementor-button-icon\">\n\t\t\t\t<svg aria-hidden=\"true\" class=\"e-font-icon-svg e-fas-map-marked-alt\" viewBox=\"0 0 576 512\" xmlns=\"http:\/\/www.w3.org\/2000\/svg\"><path d=\"M288 0c-69.59 0-126 56.41-126 126 0 56.26 82.35 158.8 113.9 196.02 6.39 7.54 17.82 7.54 24.2 0C331.65 284.8 414 182.26 414 126 414 56.41 357.59 0 288 0zm0 168c-23.2 0-42-18.8-42-42s18.8-42 42-42 42 18.8 42 42-18.8 42-42 42zM20.12 215.95A32.006 32.006 0 0 0 0 245.66v250.32c0 11.32 11.43 19.06 21.94 14.86L160 448V214.92c-8.84-15.98-16.07-31.54-21.25-46.42L20.12 215.95zM288 359.67c-14.07 0-27.38-6.18-36.51-16.96-19.66-23.2-40.57-49.62-59.49-76.72v182l192 64V266c-18.92 27.09-39.82 53.52-59.49 76.72-9.13 10.77-22.44 16.95-36.51 16.95zm266.06-198.51L416 224v288l139.88-55.95A31.996 31.996 0 0 0 576 426.34V176.02c0-11.32-11.43-19.06-21.94-14.86z\"><\/path><\/svg>\t\t\t<\/span>\n\t\t\t\t\t\t\t\t\t<span class=\"elementor-button-text\">Reccopolis Lageplan <span class=\"screen-reader-text\">Zur\u00fcck zur Hauptansicht Reccopolis Lageplan<\/span><\/span>\n\t\t\t\t\t<\/span>\n\t\t\t\t\t<\/a>\n\t\t\t\t<\/div>\n\t\t\t\t\t\t\t\t<\/div>\n\t\t\t\t<\/div>\n\t\t\t\t<\/div>\n\t\t<div class=\"elementor-element elementor-element-200f6b49 e-con-full e-grid e-con e-child\" data-id=\"200f6b49\" data-element_type=\"container\" data-e-type=\"container\">\n\t\t\t\t<div class=\"elementor-element elementor-element-40e29fca elementor-widget elementor-widget-heading\" data-id=\"40e29fca\" data-element_type=\"widget\" data-e-type=\"widget\" data-widget_type=\"heading.default\">\n\t\t\t\t<div class=\"elementor-widget-container\">\n\t\t\t\t\t<h2 class=\"elementor-heading-title elementor-size-default\">DER BESUCH GEHT WEITER<\/h2>\t\t\t\t<\/div>\n\t\t\t\t<\/div>\n\t\t\t\t<div class=\"elementor-element elementor-element-68478ee9 elementor-widget__width-auto elementor-widget elementor-widget-button\" data-id=\"68478ee9\" data-element_type=\"widget\" data-e-type=\"widget\" data-widget_type=\"button.default\">\n\t\t\t\t<div class=\"elementor-widget-container\">\n\t\t\t\t\t\t\t\t\t<div class=\"elementor-button-wrapper\">\n\t\t\t\t\t<a class=\"elementor-button elementor-button-link elementor-size-sm\" href=\"https:\/\/reccopolisforall.es\/de\/16_der-wandel-eines-wohnhauses-poster\/\">\n\t\t\t\t\t\t<span class=\"elementor-button-content-wrapper\">\n\t\t\t\t\t\t<span class=\"elementor-button-icon\">\n\t\t\t\t<svg aria-hidden=\"true\" class=\"e-font-icon-svg e-far-image\" viewBox=\"0 0 512 512\" xmlns=\"http:\/\/www.w3.org\/2000\/svg\"><path d=\"M464 64H48C21.49 64 0 85.49 0 112v288c0 26.51 21.49 48 48 48h416c26.51 0 48-21.49 48-48V112c0-26.51-21.49-48-48-48zm-6 336H54a6 6 0 0 1-6-6V118a6 6 0 0 1 6-6h404a6 6 0 0 1 6 6v276a6 6 0 0 1-6 6zM128 152c-22.091 0-40 17.909-40 40s17.909 40 40 40 40-17.909 40-40-17.909-40-40-40zM96 352h320v-80l-87.515-87.515c-4.686-4.686-12.284-4.686-16.971 0L192 304l-39.515-39.515c-4.686-4.686-12.284-4.686-16.971 0L96 304v48z\"><\/path><\/svg>\t\t\t<\/span>\n\t\t\t\t\t\t\t\t\t<span class=\"elementor-button-text\">Poster 16 <span class=\"screen-reader-text\">Gehen Sie zu Poster 16<\/span><\/span>\n\t\t\t\t\t<\/span>\n\t\t\t\t\t<\/a>\n\t\t\t\t<\/div>\n\t\t\t\t\t\t\t\t<\/div>\n\t\t\t\t<\/div>\n\t\t\t\t<\/div>\n\t\t\t\t<\/div>\n\t\t\t\t<\/div>\n\t\t","protected":false},"excerpt":{"rendered":"<div class=\"entry-summary\">\nDas andalusische Wohnhaus W\u00e4hrend der zwei Phasen der andalusischen Epoche (Anfang des 8. Jahrhunderts und Ende des 8. bis Anfang des 9. Jahrhunderts) ging das allt\u00e4gliche Leben in der Stadt, die heutzutage Madinat Raqqubal genannt wird, normal weiter. Davon zeugen&hellip;\n<\/div>\n<div class=\"link-more\"><a href=\"https:\/\/reccopolisforall.es\/de\/15_das-andalusische-wohnhaus-poster\/\" class=\"more-link\">Continue reading<span class=\"screen-reader-text\"> &ldquo;15_Das andalusische Wohnhaus Poster&rdquo;<\/span>&hellip;<\/a><\/div>\n","protected":false},"author":1,"featured_media":0,"parent":0,"menu_order":0,"comment_status":"closed","ping_status":"closed","template":"","meta":{"_acf_changed":false,"footnotes":""},"class_list":["post-4430","page","type-page","status-publish","hentry","entry"],"acf":[],"_links":{"self":[{"href":"https:\/\/reccopolisforall.es\/de\/wp-json\/wp\/v2\/pages\/4430","targetHints":{"allow":["GET"]}}],"collection":[{"href":"https:\/\/reccopolisforall.es\/de\/wp-json\/wp\/v2\/pages"}],"about":[{"href":"https:\/\/reccopolisforall.es\/de\/wp-json\/wp\/v2\/types\/page"}],"author":[{"embeddable":true,"href":"https:\/\/reccopolisforall.es\/de\/wp-json\/wp\/v2\/users\/1"}],"replies":[{"embeddable":true,"href":"https:\/\/reccopolisforall.es\/de\/wp-json\/wp\/v2\/comments?post=4430"}],"version-history":[{"count":5,"href":"https:\/\/reccopolisforall.es\/de\/wp-json\/wp\/v2\/pages\/4430\/revisions"}],"predecessor-version":[{"id":4450,"href":"https:\/\/reccopolisforall.es\/de\/wp-json\/wp\/v2\/pages\/4430\/revisions\/4450"}],"wp:attachment":[{"href":"https:\/\/reccopolisforall.es\/de\/wp-json\/wp\/v2\/media?parent=4430"}],"curies":[{"name":"wp","href":"https:\/\/api.w.org\/{rel}","templated":true}]}}