{"id":4434,"date":"2024-06-26T16:30:58","date_gmt":"2024-06-26T14:30:58","guid":{"rendered":"https:\/\/reccopolisforall.es\/16_der-wandel-eines-wohnhauses-poster\/"},"modified":"2025-02-11T15:21:50","modified_gmt":"2025-02-11T14:21:50","slug":"16_der-wandel-eines-wohnhauses-poster","status":"publish","type":"page","link":"https:\/\/reccopolisforall.es\/de\/16_der-wandel-eines-wohnhauses-poster\/","title":{"rendered":"16_Der Wandel eines Wohnhauses Poster"},"content":{"rendered":"\t\t<div data-elementor-type=\"wp-page\" data-elementor-id=\"4434\" class=\"elementor elementor-4434 elementor-737\" data-elementor-post-type=\"page\">\n\t\t\t\t<div class=\"elementor-element elementor-element-3e7a060 e-flex e-con-boxed elementor-invisible e-con e-parent\" data-id=\"3e7a060\" data-element_type=\"container\" data-e-type=\"container\" data-settings=\"{&quot;animation&quot;:&quot;fadeInUp&quot;}\">\n\t\t\t\t\t<div class=\"e-con-inner\">\n\t\t\t\t<div class=\"elementor-element elementor-element-3df3efb elementor-widget elementor-widget-heading\" data-id=\"3df3efb\" data-element_type=\"widget\" data-e-type=\"widget\" data-widget_type=\"heading.default\">\n\t\t\t\t<div class=\"elementor-widget-container\">\n\t\t\t\t\t<h1 class=\"elementor-heading-title elementor-size-default\">Der Wandel eines Wohnhauses<\/h1>\t\t\t\t<\/div>\n\t\t\t\t<\/div>\n\t\t\t\t\t<\/div>\n\t\t\t\t<\/div>\n\t\t<div class=\"elementor-element elementor-element-05c50b3 e-flex e-con-boxed elementor-invisible e-con e-parent\" data-id=\"05c50b3\" data-element_type=\"container\" data-e-type=\"container\" data-settings=\"{&quot;animation&quot;:&quot;fadeInUp&quot;}\">\n\t\t\t\t\t<div class=\"e-con-inner\">\n\t\t\t\t<div class=\"elementor-element elementor-element-9e3cc07 elementor-widget elementor-widget-text-editor\" data-id=\"9e3cc07\" data-element_type=\"widget\" data-e-type=\"widget\" data-widget_type=\"text-editor.default\">\n\t\t\t\t<div class=\"elementor-widget-container\">\n\t\t\t\t\t\t\t\t\t<p>Erste westgotische Epoche: Der Bau stammt aus der Zeit der Stadtgr\u00fcndung Ende des 6. Jahrhunderts. Die Fundamente und Sockel der erhaltenen Mauern lassen den Grundriss eines Hauses erkennen, das sich um einen teilweise mit Arkaden versehenen Innenhof gruppiert, dessen zentraler Teil im Nordosten liegt und aus zwei R\u00e4umen besteht, die den Hauptwohnbereich bilden.<\/p><p>Zweite westgotische Epoche: Gegen Mitte des 7. Jahrhunderts und im Zuge der Ver\u00e4nderungen von Reccopolis zu dieser Zeit f\u00fchrten die Umbauten des Hauses zu einer Verringerung des Wohnraumes. Diese Ver\u00e4nderungen betrafen haupts\u00e4chlich den Hauptteil des Geb\u00e4udes. Aus dem kleinsten Zimmer wurde ein Stall, sodass zum Wohnen nur noch das gr\u00f6\u00dfere der beiden Zimmer \u00fcbrig blieb. <\/p>\t\t\t\t\t\t\t\t<\/div>\n\t\t\t\t<\/div>\n\t\t\t\t\t<\/div>\n\t\t\t\t<\/div>\n\t\t<div class=\"elementor-element elementor-element-a51c66c e-flex e-con-boxed e-con e-parent\" data-id=\"a51c66c\" data-element_type=\"container\" data-e-type=\"container\">\n\t\t\t\t\t<div class=\"e-con-inner\">\n\t\t<div class=\"elementor-element elementor-element-ed68a3f e-con-full e-flex e-con e-child\" data-id=\"ed68a3f\" data-element_type=\"container\" data-e-type=\"container\">\n\t\t\t\t<div class=\"elementor-element elementor-element-52138c8b elementor-widget elementor-widget-image\" data-id=\"52138c8b\" data-element_type=\"widget\" data-e-type=\"widget\" data-widget_type=\"image.default\">\n\t\t\t\t<div class=\"elementor-widget-container\">\n\t\t\t\t\t\t\t\t\t\t\t\t<figure class=\"wp-caption\">\n\t\t\t\t\t\t\t\t\t\t<img fetchpriority=\"high\" decoding=\"async\" width=\"800\" height=\"615\" src=\"https:\/\/reccopolisforall.es\/wp-content\/uploads\/2024\/09\/C16-P1.jpg\" class=\"attachment-large size-large wp-image-3984\" alt=\"Plan des Geb\u00e4udes mit Portikus in der ersten westgotischen Phase (Ende des 6. Jahrhunderts n. Chr.)\" srcset=\"https:\/\/reccopolisforall.es\/wp-content\/uploads\/2024\/09\/C16-P1.jpg 800w, https:\/\/reccopolisforall.es\/wp-content\/uploads\/2024\/09\/C16-P1-300x231.jpg 300w, https:\/\/reccopolisforall.es\/wp-content\/uploads\/2024\/09\/C16-P1-768x590.jpg 768w\" sizes=\"(max-width: 800px) 100vw, 800px\" \/>\t\t\t\t\t\t\t\t\t\t\t<figcaption class=\"widget-image-caption wp-caption-text\">Grundriss des Geb\u00e4udes mit S\u00e4ulengang in der ersten westgotischen Phase (Ende des 6. Jahrhunderts n. Chr.).<\/figcaption>\n\t\t\t\t\t\t\t\t\t\t<\/figure>\n\t\t\t\t\t\t\t\t\t<\/div>\n\t\t\t\t<\/div>\n\t\t\t\t<\/div>\n\t\t<div class=\"elementor-element elementor-element-3f731ae e-con-full e-flex e-con e-child\" data-id=\"3f731ae\" data-element_type=\"container\" data-e-type=\"container\">\n\t\t\t\t<div class=\"elementor-element elementor-element-3b045538 elementor-widget elementor-widget-image\" data-id=\"3b045538\" data-element_type=\"widget\" data-e-type=\"widget\" data-widget_type=\"image.default\">\n\t\t\t\t<div class=\"elementor-widget-container\">\n\t\t\t\t\t\t\t\t\t\t\t\t<figure class=\"wp-caption\">\n\t\t\t\t\t\t\t\t\t\t<img decoding=\"async\" width=\"756\" height=\"567\" src=\"https:\/\/reccopolisforall.es\/wp-content\/uploads\/2024\/09\/C16-VV1.jpg\" class=\"attachment-large size-large wp-image-3986\" alt=\"Illustrierte Nachbildung des Geb\u00e4udes in der ersten westgotischen Phase.\" srcset=\"https:\/\/reccopolisforall.es\/wp-content\/uploads\/2024\/09\/C16-VV1.jpg 756w, https:\/\/reccopolisforall.es\/wp-content\/uploads\/2024\/09\/C16-VV1-300x225.jpg 300w\" sizes=\"(max-width: 756px) 100vw, 756px\" \/>\t\t\t\t\t\t\t\t\t\t\t<figcaption class=\"widget-image-caption wp-caption-text\">Illustrierte Nachbildung des Geb\u00e4udes in seiner fr\u00fchen westgotischen Phase.<\/figcaption>\n\t\t\t\t\t\t\t\t\t\t<\/figure>\n\t\t\t\t\t\t\t\t\t<\/div>\n\t\t\t\t<\/div>\n\t\t\t\t<\/div>\n\t\t<div class=\"elementor-element elementor-element-cfbb043 e-con-full e-flex e-con e-child\" data-id=\"cfbb043\" data-element_type=\"container\" data-e-type=\"container\">\n\t\t\t\t<div class=\"elementor-element elementor-element-10348bc elementor-widget elementor-widget-image\" data-id=\"10348bc\" data-element_type=\"widget\" data-e-type=\"widget\" data-widget_type=\"image.default\">\n\t\t\t\t<div class=\"elementor-widget-container\">\n\t\t\t\t\t\t\t\t\t\t\t\t<figure class=\"wp-caption\">\n\t\t\t\t\t\t\t\t\t\t<img decoding=\"async\" width=\"800\" height=\"615\" src=\"https:\/\/reccopolisforall.es\/wp-content\/uploads\/2024\/09\/C16-P2.jpg\" class=\"attachment-large size-large wp-image-3988\" alt=\"Plan des Geb\u00e4udes mit Portikus in der zweiten westgotischen Phase (Mitte des 7. Jahrhunderts n. Chr.)\" srcset=\"https:\/\/reccopolisforall.es\/wp-content\/uploads\/2024\/09\/C16-P2.jpg 800w, https:\/\/reccopolisforall.es\/wp-content\/uploads\/2024\/09\/C16-P2-300x231.jpg 300w, https:\/\/reccopolisforall.es\/wp-content\/uploads\/2024\/09\/C16-P2-768x590.jpg 768w\" sizes=\"(max-width: 800px) 100vw, 800px\" \/>\t\t\t\t\t\t\t\t\t\t\t<figcaption class=\"widget-image-caption wp-caption-text\">Grundriss des Geb\u00e4udes mit S\u00e4ulengang aus der zweiten westgotischen Phase (Mitte des 7. Jahrhunderts n. Chr.)<\/figcaption>\n\t\t\t\t\t\t\t\t\t\t<\/figure>\n\t\t\t\t\t\t\t\t\t<\/div>\n\t\t\t\t<\/div>\n\t\t\t\t<\/div>\n\t\t<div class=\"elementor-element elementor-element-5fed495 e-con-full e-flex e-con e-child\" data-id=\"5fed495\" data-element_type=\"container\" data-e-type=\"container\">\n\t\t\t\t<div class=\"elementor-element elementor-element-1151ca3 elementor-widget elementor-widget-image\" data-id=\"1151ca3\" data-element_type=\"widget\" data-e-type=\"widget\" data-widget_type=\"image.default\">\n\t\t\t\t<div class=\"elementor-widget-container\">\n\t\t\t\t\t\t\t\t\t\t\t\t<figure class=\"wp-caption\">\n\t\t\t\t\t\t\t\t\t\t<img loading=\"lazy\" decoding=\"async\" width=\"800\" height=\"871\" src=\"https:\/\/reccopolisforall.es\/wp-content\/uploads\/2024\/09\/C16-VV2.jpg\" class=\"attachment-large size-large wp-image-3990\" alt=\"Illustrierte Nachbildung des Geb\u00e4udes in der zweiten westgotischen Phase.\" srcset=\"https:\/\/reccopolisforall.es\/wp-content\/uploads\/2024\/09\/C16-VV2.jpg 800w, https:\/\/reccopolisforall.es\/wp-content\/uploads\/2024\/09\/C16-VV2-276x300.jpg 276w, https:\/\/reccopolisforall.es\/wp-content\/uploads\/2024\/09\/C16-VV2-768x836.jpg 768w\" sizes=\"(max-width: 800px) 100vw, 800px\" \/>\t\t\t\t\t\t\t\t\t\t\t<figcaption class=\"widget-image-caption wp-caption-text\">Illustrierte Nachbildung des Geb\u00e4udes aus der zweiten westgotischen Phase.<\/figcaption>\n\t\t\t\t\t\t\t\t\t\t<\/figure>\n\t\t\t\t\t\t\t\t\t<\/div>\n\t\t\t\t<\/div>\n\t\t\t\t<\/div>\n\t\t\t\t\t<\/div>\n\t\t\t\t<\/div>\n\t\t<div class=\"elementor-element elementor-element-56f8edb3 e-con-full e-flex e-con e-parent\" data-id=\"56f8edb3\" data-element_type=\"container\" data-e-type=\"container\">\n\t\t<div class=\"elementor-element elementor-element-27cd36ba e-con-full e-grid e-con e-child\" data-id=\"27cd36ba\" data-element_type=\"container\" data-e-type=\"container\">\n\t\t\t\t<div class=\"elementor-element elementor-element-6cd7d7b4 elementor-widget elementor-widget-heading\" data-id=\"6cd7d7b4\" data-element_type=\"widget\" data-e-type=\"widget\" data-widget_type=\"heading.default\">\n\t\t\t\t<div class=\"elementor-widget-container\">\n\t\t\t\t\t<h2 class=\"elementor-heading-title elementor-size-default\">R\u00dcCKBLICK AUF DEN BESUCH<\/h2>\t\t\t\t<\/div>\n\t\t\t\t<\/div>\n\t\t\t\t<div class=\"elementor-element elementor-element-a9fd6be elementor-widget__width-auto elementor-widget elementor-widget-button\" data-id=\"a9fd6be\" data-element_type=\"widget\" data-e-type=\"widget\" data-widget_type=\"button.default\">\n\t\t\t\t<div class=\"elementor-widget-container\">\n\t\t\t\t\t\t\t\t\t<div class=\"elementor-button-wrapper\">\n\t\t\t\t\t<a class=\"elementor-button elementor-button-link elementor-size-sm\" href=\"https:\/\/reccopolisforall.es\/vivienda-andalusi\/\">\n\t\t\t\t\t\t<span class=\"elementor-button-content-wrapper\">\n\t\t\t\t\t\t<span class=\"elementor-button-icon\">\n\t\t\t\t<svg aria-hidden=\"true\" class=\"e-font-icon-svg e-far-image\" viewBox=\"0 0 512 512\" xmlns=\"http:\/\/www.w3.org\/2000\/svg\"><path d=\"M464 64H48C21.49 64 0 85.49 0 112v288c0 26.51 21.49 48 48 48h416c26.51 0 48-21.49 48-48V112c0-26.51-21.49-48-48-48zm-6 336H54a6 6 0 0 1-6-6V118a6 6 0 0 1 6-6h404a6 6 0 0 1 6 6v276a6 6 0 0 1-6 6zM128 152c-22.091 0-40 17.909-40 40s17.909 40 40 40 40-17.909 40-40-17.909-40-40-40zM96 352h320v-80l-87.515-87.515c-4.686-4.686-12.284-4.686-16.971 0L192 304l-39.515-39.515c-4.686-4.686-12.284-4.686-16.971 0L96 304v48z\"><\/path><\/svg>\t\t\t<\/span>\n\t\t\t\t\t\t\t\t\t<span class=\"elementor-button-text\">Poster 15 <span class=\"screen-reader-text\">Gehen Sie zu Poster 15<\/span><\/span>\n\t\t\t\t\t<\/span>\n\t\t\t\t\t<\/a>\n\t\t\t\t<\/div>\n\t\t\t\t\t\t\t\t<\/div>\n\t\t\t\t<\/div>\n\t\t\t\t<\/div>\n\t\t<div class=\"elementor-element elementor-element-3287aa0e e-con-full e-flex e-con e-child\" data-id=\"3287aa0e\" data-element_type=\"container\" data-e-type=\"container\">\n\t\t\t\t<div class=\"elementor-element elementor-element-7dd3492f elementor-widget__width-auto elementor-align-center elementor-widget elementor-widget-button\" data-id=\"7dd3492f\" data-element_type=\"widget\" data-e-type=\"widget\" data-widget_type=\"button.default\">\n\t\t\t\t<div class=\"elementor-widget-container\">\n\t\t\t\t\t\t\t\t\t<div class=\"elementor-button-wrapper\">\n\t\t\t\t\t<a class=\"elementor-button elementor-button-link elementor-size-sm\" href=\"https:\/\/reccopolisforall.es\/visita-reccopolis\/\">\n\t\t\t\t\t\t<span class=\"elementor-button-content-wrapper\">\n\t\t\t\t\t\t<span class=\"elementor-button-icon\">\n\t\t\t\t<svg aria-hidden=\"true\" class=\"e-font-icon-svg e-fas-map-marked-alt\" viewBox=\"0 0 576 512\" xmlns=\"http:\/\/www.w3.org\/2000\/svg\"><path d=\"M288 0c-69.59 0-126 56.41-126 126 0 56.26 82.35 158.8 113.9 196.02 6.39 7.54 17.82 7.54 24.2 0C331.65 284.8 414 182.26 414 126 414 56.41 357.59 0 288 0zm0 168c-23.2 0-42-18.8-42-42s18.8-42 42-42 42 18.8 42 42-18.8 42-42 42zM20.12 215.95A32.006 32.006 0 0 0 0 245.66v250.32c0 11.32 11.43 19.06 21.94 14.86L160 448V214.92c-8.84-15.98-16.07-31.54-21.25-46.42L20.12 215.95zM288 359.67c-14.07 0-27.38-6.18-36.51-16.96-19.66-23.2-40.57-49.62-59.49-76.72v182l192 64V266c-18.92 27.09-39.82 53.52-59.49 76.72-9.13 10.77-22.44 16.95-36.51 16.95zm266.06-198.51L416 224v288l139.88-55.95A31.996 31.996 0 0 0 576 426.34V176.02c0-11.32-11.43-19.06-21.94-14.86z\"><\/path><\/svg>\t\t\t<\/span>\n\t\t\t\t\t\t\t\t\t<span class=\"elementor-button-text\">Reccopolis Lageplan <span class=\"screen-reader-text\">Zur\u00fcck zur Hauptansicht Reccopolis Lageplan<\/span><\/span>\n\t\t\t\t\t<\/span>\n\t\t\t\t\t<\/a>\n\t\t\t\t<\/div>\n\t\t\t\t\t\t\t\t<\/div>\n\t\t\t\t<\/div>\n\t\t\t\t<\/div>\n\t\t<div class=\"elementor-element elementor-element-5dfb2efd e-con-full e-grid e-con e-child\" data-id=\"5dfb2efd\" data-element_type=\"container\" data-e-type=\"container\">\n\t\t\t\t<div class=\"elementor-element elementor-element-2462a46b elementor-widget elementor-widget-heading\" data-id=\"2462a46b\" data-element_type=\"widget\" data-e-type=\"widget\" data-widget_type=\"heading.default\">\n\t\t\t\t<div class=\"elementor-widget-container\">\n\t\t\t\t\t<h2 class=\"elementor-heading-title elementor-size-default\">DER BESUCH GEHT WEITER<\/h2>\t\t\t\t<\/div>\n\t\t\t\t<\/div>\n\t\t\t\t<div class=\"elementor-element elementor-element-16e93666 elementor-widget__width-auto elementor-widget elementor-widget-button\" data-id=\"16e93666\" data-element_type=\"widget\" data-e-type=\"widget\" data-widget_type=\"button.default\">\n\t\t\t\t<div class=\"elementor-widget-container\">\n\t\t\t\t\t\t\t\t\t<div class=\"elementor-button-wrapper\">\n\t\t\t\t\t<a class=\"elementor-button elementor-button-link elementor-size-sm\" href=\"https:\/\/reccopolisforall.es\/actividad-industrial-andalusi\/\">\n\t\t\t\t\t\t<span class=\"elementor-button-content-wrapper\">\n\t\t\t\t\t\t<span class=\"elementor-button-icon\">\n\t\t\t\t<svg aria-hidden=\"true\" class=\"e-font-icon-svg e-far-image\" viewBox=\"0 0 512 512\" xmlns=\"http:\/\/www.w3.org\/2000\/svg\"><path d=\"M464 64H48C21.49 64 0 85.49 0 112v288c0 26.51 21.49 48 48 48h416c26.51 0 48-21.49 48-48V112c0-26.51-21.49-48-48-48zm-6 336H54a6 6 0 0 1-6-6V118a6 6 0 0 1 6-6h404a6 6 0 0 1 6 6v276a6 6 0 0 1-6 6zM128 152c-22.091 0-40 17.909-40 40s17.909 40 40 40 40-17.909 40-40-17.909-40-40-40zM96 352h320v-80l-87.515-87.515c-4.686-4.686-12.284-4.686-16.971 0L192 304l-39.515-39.515c-4.686-4.686-12.284-4.686-16.971 0L96 304v48z\"><\/path><\/svg>\t\t\t<\/span>\n\t\t\t\t\t\t\t\t\t<span class=\"elementor-button-text\">Poster 17 <span class=\"screen-reader-text\">Gehe zu Poster 17<\/span><\/span>\n\t\t\t\t\t<\/span>\n\t\t\t\t\t<\/a>\n\t\t\t\t<\/div>\n\t\t\t\t\t\t\t\t<\/div>\n\t\t\t\t<\/div>\n\t\t\t\t<\/div>\n\t\t\t\t<\/div>\n\t\t\t\t<\/div>\n\t\t","protected":false},"excerpt":{"rendered":"<div class=\"entry-summary\">\nDer Wandel eines Wohnhauses Erste westgotische Epoche: Der Bau stammt aus der Zeit der Stadtgr\u00fcndung Ende des 6. Jahrhunderts. Die Fundamente und Sockel der erhaltenen Mauern lassen den Grundriss eines Hauses erkennen, das sich um einen teilweise mit Arkaden versehenen&hellip;\n<\/div>\n<div class=\"link-more\"><a href=\"https:\/\/reccopolisforall.es\/de\/16_der-wandel-eines-wohnhauses-poster\/\" class=\"more-link\">Continue reading<span class=\"screen-reader-text\"> &ldquo;16_Der Wandel eines Wohnhauses Poster&rdquo;<\/span>&hellip;<\/a><\/div>\n","protected":false},"author":1,"featured_media":0,"parent":0,"menu_order":0,"comment_status":"closed","ping_status":"closed","template":"","meta":{"_acf_changed":false,"footnotes":""},"class_list":["post-4434","page","type-page","status-publish","hentry","entry"],"acf":[],"_links":{"self":[{"href":"https:\/\/reccopolisforall.es\/de\/wp-json\/wp\/v2\/pages\/4434","targetHints":{"allow":["GET"]}}],"collection":[{"href":"https:\/\/reccopolisforall.es\/de\/wp-json\/wp\/v2\/pages"}],"about":[{"href":"https:\/\/reccopolisforall.es\/de\/wp-json\/wp\/v2\/types\/page"}],"author":[{"embeddable":true,"href":"https:\/\/reccopolisforall.es\/de\/wp-json\/wp\/v2\/users\/1"}],"replies":[{"embeddable":true,"href":"https:\/\/reccopolisforall.es\/de\/wp-json\/wp\/v2\/comments?post=4434"}],"version-history":[{"count":1,"href":"https:\/\/reccopolisforall.es\/de\/wp-json\/wp\/v2\/pages\/4434\/revisions"}],"predecessor-version":[{"id":4435,"href":"https:\/\/reccopolisforall.es\/de\/wp-json\/wp\/v2\/pages\/4434\/revisions\/4435"}],"wp:attachment":[{"href":"https:\/\/reccopolisforall.es\/de\/wp-json\/wp\/v2\/media?parent=4434"}],"curies":[{"name":"wp","href":"https:\/\/api.w.org\/{rel}","templated":true}]}}