{"id":4455,"date":"2024-06-26T16:39:25","date_gmt":"2024-06-26T14:39:25","guid":{"rendered":"https:\/\/reccopolisforall.es\/17_industrielle-aktivitaet-in-der-andalusischen-epoche-poster\/"},"modified":"2025-02-11T16:04:44","modified_gmt":"2025-02-11T15:04:44","slug":"17_industrielle-aktivitaet-in-der-andalusischen-epoche-poster","status":"publish","type":"page","link":"https:\/\/reccopolisforall.es\/de\/17_industrielle-aktivitaet-in-der-andalusischen-epoche-poster\/","title":{"rendered":"17_Industrielle Aktivit\u00e4t in der andalusischen Epoche Poster"},"content":{"rendered":"\t\t<div data-elementor-type=\"wp-page\" data-elementor-id=\"4455\" class=\"elementor elementor-4455 elementor-742\" data-elementor-post-type=\"page\">\n\t\t\t\t<div class=\"elementor-element elementor-element-5bcee91 e-flex e-con-boxed elementor-invisible e-con e-parent\" data-id=\"5bcee91\" data-element_type=\"container\" data-e-type=\"container\" data-settings=\"{&quot;animation&quot;:&quot;fadeInUp&quot;}\">\n\t\t\t\t\t<div class=\"e-con-inner\">\n\t\t\t\t<div class=\"elementor-element elementor-element-f665b68 elementor-widget elementor-widget-heading\" data-id=\"f665b68\" data-element_type=\"widget\" data-e-type=\"widget\" data-widget_type=\"heading.default\">\n\t\t\t\t<div class=\"elementor-widget-container\">\n\t\t\t\t\t<h1 class=\"elementor-heading-title elementor-size-default\">Industrielle Aktivit\u00e4t in der andalusischen Epoche<\/h1>\t\t\t\t<\/div>\n\t\t\t\t<\/div>\n\t\t\t\t\t<\/div>\n\t\t\t\t<\/div>\n\t\t<div class=\"elementor-element elementor-element-916d360 e-flex e-con-boxed elementor-invisible e-con e-parent\" data-id=\"916d360\" data-element_type=\"container\" data-e-type=\"container\" data-settings=\"{&quot;animation&quot;:&quot;fadeInUp&quot;}\">\n\t\t\t\t\t<div class=\"e-con-inner\">\n\t\t\t\t<div class=\"elementor-element elementor-element-fc8e101 elementor-widget elementor-widget-text-editor\" data-id=\"fc8e101\" data-element_type=\"widget\" data-e-type=\"widget\" data-widget_type=\"text-editor.default\">\n\t\t\t\t<div class=\"elementor-widget-container\">\n\t\t\t\t\t\t\t\t\t<p>Der urspr\u00fcnglich zum Wohnen genutzte Raum wurde in der andalusischen Epoche in eine wirtschaftlich produktive Zone umgewandelt. Bei den Ausgrabungen wurden riesige Gruben entdeckt, die wahrscheinlich mit der Produktion von Baumaterialen zu tun hatten. <\/p><p>Aus dieser Zeit wurde ein Ofen zur Kalkproduktion gefunden, bestehend aus einem Gang zur Beladung mit Brennholz und einer gro\u00dfen Brennkammer. In seinem Inneren wurden eine Schicht aus verkohltem Holz und eine aus gel\u00f6schtem Kalk sowie eine gro\u00dfe Menge an verbrannten Kalksteinen ausgegraben. <br><br>Das alles weist auf die letzte Phase der andalusischen Besetzung gegen Mitte des 9. Jahrhunderts hin. Die ehemalige Stadt wurde aufgegeben und stattdessen in einen Steinbruch umgewandelt. Aus diesem wurden Materialen zur Gr\u00fcndung eines neuen urbanen Mittelpunkts der andalusischen Macht gewonnen, die Medina namens Zorita.<\/p>\t\t\t\t\t\t\t\t<\/div>\n\t\t\t\t<\/div>\n\t\t\t\t\t<\/div>\n\t\t\t\t<\/div>\n\t\t<div class=\"elementor-element elementor-element-df682fd e-flex e-con-boxed e-con e-parent\" data-id=\"df682fd\" data-element_type=\"container\" data-e-type=\"container\">\n\t\t\t\t\t<div class=\"e-con-inner\">\n\t\t<div class=\"elementor-element elementor-element-88daae8 e-con-full e-flex e-con e-child\" data-id=\"88daae8\" data-element_type=\"container\" data-e-type=\"container\">\n\t\t\t\t<div class=\"elementor-element elementor-element-d711a30 elementor-widget elementor-widget-image\" data-id=\"d711a30\" data-element_type=\"widget\" data-e-type=\"widget\" data-widget_type=\"image.default\">\n\t\t\t\t<div class=\"elementor-widget-container\">\n\t\t\t\t\t\t\t\t\t\t\t\t<figure class=\"wp-caption\">\n\t\t\t\t\t\t\t\t\t\t<img fetchpriority=\"high\" decoding=\"async\" width=\"800\" height=\"651\" src=\"https:\/\/reccopolisforall.es\/wp-content\/uploads\/2024\/09\/C17-PLAN_CALERA.jpg\" class=\"attachment-large size-large wp-image-3992\" alt=\"Plan eines der Geb\u00e4ude im S\u00fcden, wo der Kalkofen gebaut wurde, rechts im Bild.\" srcset=\"https:\/\/reccopolisforall.es\/wp-content\/uploads\/2024\/09\/C17-PLAN_CALERA.jpg 800w, https:\/\/reccopolisforall.es\/wp-content\/uploads\/2024\/09\/C17-PLAN_CALERA-300x244.jpg 300w, https:\/\/reccopolisforall.es\/wp-content\/uploads\/2024\/09\/C17-PLAN_CALERA-768x625.jpg 768w\" sizes=\"(max-width: 800px) 100vw, 800px\" \/>\t\t\t\t\t\t\t\t\t\t\t<figcaption class=\"widget-image-caption wp-caption-text\">Plan des Geb\u00e4udes im S\u00fcden des Gel\u00e4ndes und des Kalkofens.<\/figcaption>\n\t\t\t\t\t\t\t\t\t\t<\/figure>\n\t\t\t\t\t\t\t\t\t<\/div>\n\t\t\t\t<\/div>\n\t\t\t\t<\/div>\n\t\t<div class=\"elementor-element elementor-element-0c5858b e-con-full e-flex e-con e-child\" data-id=\"0c5858b\" data-element_type=\"container\" data-e-type=\"container\">\n\t\t\t\t<div class=\"elementor-element elementor-element-1a5afefe elementor-widget elementor-widget-image\" data-id=\"1a5afefe\" data-element_type=\"widget\" data-e-type=\"widget\" data-widget_type=\"image.default\">\n\t\t\t\t<div class=\"elementor-widget-container\">\n\t\t\t\t\t\t\t\t\t\t\t\t<figure class=\"wp-caption\">\n\t\t\t\t\t\t\t\t\t\t<img decoding=\"async\" src=\"https:\/\/reccopolisforall.es\/wp-content\/uploads\/elementor\/thumbs\/C17-PLANTA-CALERA-qualwaj0kwd5igdvulhtz4wk9m3l1wavewuyoniaz2.png\" title=\"C17-PLANTA CALERA\" alt=\"Detaillierter Plan des Kalkofens.\" loading=\"lazy\" \/>\t\t\t\t\t\t\t\t\t\t\t<figcaption class=\"widget-image-caption wp-caption-text\">Detaillierter Plan des Kalkofens.<\/figcaption>\n\t\t\t\t\t\t\t\t\t\t<\/figure>\n\t\t\t\t\t\t\t\t\t<\/div>\n\t\t\t\t<\/div>\n\t\t\t\t<\/div>\n\t\t<div class=\"elementor-element elementor-element-65d3e3c e-con-full e-flex e-con e-child\" data-id=\"65d3e3c\" data-element_type=\"container\" data-e-type=\"container\">\n\t\t\t\t<div class=\"elementor-element elementor-element-d2815e1 elementor-widget elementor-widget-image\" data-id=\"d2815e1\" data-element_type=\"widget\" data-e-type=\"widget\" data-widget_type=\"image.default\">\n\t\t\t\t<div class=\"elementor-widget-container\">\n\t\t\t\t\t\t\t\t\t\t\t\t<figure class=\"wp-caption\">\n\t\t\t\t\t\t\t\t\t\t<img decoding=\"async\" width=\"1024\" height=\"426\" src=\"https:\/\/reccopolisforall.es\/wp-content\/uploads\/2024\/09\/C17-SECCION-CALERA-1024x426.png\" class=\"attachment-large size-large wp-image-3996\" alt=\"Abschnitt des Kalkofens, in dem alle seine Teile beschrieben werden: Beschickungsgang, Abdeckung, Brennkammer, T\u00fcnche und Tonvorbereitung.\" srcset=\"https:\/\/reccopolisforall.es\/wp-content\/uploads\/2024\/09\/C17-SECCION-CALERA-1024x426.png 1024w, https:\/\/reccopolisforall.es\/wp-content\/uploads\/2024\/09\/C17-SECCION-CALERA-300x125.png 300w, https:\/\/reccopolisforall.es\/wp-content\/uploads\/2024\/09\/C17-SECCION-CALERA-768x319.png 768w, https:\/\/reccopolisforall.es\/wp-content\/uploads\/2024\/09\/C17-SECCION-CALERA-1536x639.png 1536w, https:\/\/reccopolisforall.es\/wp-content\/uploads\/2024\/09\/C17-SECCION-CALERA.png 1806w\" sizes=\"(max-width: 1024px) 100vw, 1024px\" \/>\t\t\t\t\t\t\t\t\t\t\t<figcaption class=\"widget-image-caption wp-caption-text\">Ausschnitt aus dem Kalkofen, in dem jedes seiner Teile beschrieben wird.<\/figcaption>\n\t\t\t\t\t\t\t\t\t\t<\/figure>\n\t\t\t\t\t\t\t\t\t<\/div>\n\t\t\t\t<\/div>\n\t\t\t\t<\/div>\n\t\t<div class=\"elementor-element elementor-element-6bda7c0 e-con-full e-flex e-con e-child\" data-id=\"6bda7c0\" data-element_type=\"container\" data-e-type=\"container\">\n\t\t\t\t<div class=\"elementor-element elementor-element-572422a elementor-widget elementor-widget-image\" data-id=\"572422a\" data-element_type=\"widget\" data-e-type=\"widget\" data-widget_type=\"image.default\">\n\t\t\t\t<div class=\"elementor-widget-container\">\n\t\t\t\t\t\t\t\t\t\t\t\t<figure class=\"wp-caption\">\n\t\t\t\t\t\t\t\t\t\t<img decoding=\"async\" width=\"800\" height=\"582\" src=\"https:\/\/reccopolisforall.es\/wp-content\/uploads\/2024\/09\/C17-CALERA.jpg\" class=\"attachment-large size-large wp-image-3998\" alt=\"Gesamtansicht der Hauptkammer des Kalksteins.\" srcset=\"https:\/\/reccopolisforall.es\/wp-content\/uploads\/2024\/09\/C17-CALERA.jpg 800w, https:\/\/reccopolisforall.es\/wp-content\/uploads\/2024\/09\/C17-CALERA-300x218.jpg 300w, https:\/\/reccopolisforall.es\/wp-content\/uploads\/2024\/09\/C17-CALERA-768x559.jpg 768w\" sizes=\"(max-width: 800px) 100vw, 800px\" \/>\t\t\t\t\t\t\t\t\t\t\t<figcaption class=\"widget-image-caption wp-caption-text\">Blick in die Brennkammer des Kessels und die Lade\u00f6ffnung.<\/figcaption>\n\t\t\t\t\t\t\t\t\t\t<\/figure>\n\t\t\t\t\t\t\t\t\t<\/div>\n\t\t\t\t<\/div>\n\t\t\t\t<\/div>\n\t\t\t\t\t<\/div>\n\t\t\t\t<\/div>\n\t\t<div class=\"elementor-element elementor-element-7497a574 e-flex e-con-boxed e-con e-parent\" data-id=\"7497a574\" data-element_type=\"container\" data-e-type=\"container\">\n\t\t\t\t\t<div class=\"e-con-inner\">\n\t\t<div class=\"elementor-element elementor-element-7303d310 e-con-full e-flex e-con e-child\" data-id=\"7303d310\" data-element_type=\"container\" data-e-type=\"container\">\n\t\t\t\t<div class=\"elementor-element elementor-element-42371b1 elementor-widget elementor-widget-image\" data-id=\"42371b1\" data-element_type=\"widget\" data-e-type=\"widget\" data-widget_type=\"image.default\">\n\t\t\t\t<div class=\"elementor-widget-container\">\n\t\t\t\t\t\t\t\t\t\t\t\t<figure class=\"wp-caption\">\n\t\t\t\t\t\t\t\t\t\t<img decoding=\"async\" src=\"https:\/\/reccopolisforall.es\/wp-content\/uploads\/2024\/09\/C17-CALERAOK1.jpg\" title=\"C17-CALERAOK1\" alt=\"Darstellung einer Person, die im Kalkofen Kalk herstellt.\" loading=\"lazy\" \/>\t\t\t\t\t\t\t\t\t\t\t<figcaption class=\"widget-image-caption wp-caption-text\">Illustrierte Nachbildung des Kalkofens und der dort durchgef\u00fchrten Arbeiten.<\/figcaption>\n\t\t\t\t\t\t\t\t\t\t<\/figure>\n\t\t\t\t\t\t\t\t\t<\/div>\n\t\t\t\t<\/div>\n\t\t\t\t<\/div>\n\t\t\t\t\t<\/div>\n\t\t\t\t<\/div>\n\t\t<div class=\"elementor-element elementor-element-79d9c5c1 e-con-full e-flex e-con e-parent\" data-id=\"79d9c5c1\" data-element_type=\"container\" data-e-type=\"container\">\n\t\t<div class=\"elementor-element elementor-element-70e48e04 e-con-full e-grid e-con e-child\" data-id=\"70e48e04\" data-element_type=\"container\" data-e-type=\"container\">\n\t\t\t\t<div class=\"elementor-element elementor-element-5377fdd8 elementor-widget elementor-widget-heading\" data-id=\"5377fdd8\" data-element_type=\"widget\" data-e-type=\"widget\" data-widget_type=\"heading.default\">\n\t\t\t\t<div class=\"elementor-widget-container\">\n\t\t\t\t\t<h2 class=\"elementor-heading-title elementor-size-default\">zur\u00fcck in DER BESUCH<\/h2>\t\t\t\t<\/div>\n\t\t\t\t<\/div>\n\t\t\t\t<div class=\"elementor-element elementor-element-2c3b02b9 elementor-widget__width-auto elementor-widget elementor-widget-button\" data-id=\"2c3b02b9\" data-element_type=\"widget\" data-e-type=\"widget\" data-widget_type=\"button.default\">\n\t\t\t\t<div class=\"elementor-widget-container\">\n\t\t\t\t\t\t\t\t\t<div class=\"elementor-button-wrapper\">\n\t\t\t\t\t<a class=\"elementor-button elementor-button-link elementor-size-sm\" href=\"https:\/\/reccopolisforall.es\/evolucion-vivienda\/\">\n\t\t\t\t\t\t<span class=\"elementor-button-content-wrapper\">\n\t\t\t\t\t\t<span class=\"elementor-button-icon\">\n\t\t\t\t<svg aria-hidden=\"true\" class=\"e-font-icon-svg e-far-image\" viewBox=\"0 0 512 512\" xmlns=\"http:\/\/www.w3.org\/2000\/svg\"><path d=\"M464 64H48C21.49 64 0 85.49 0 112v288c0 26.51 21.49 48 48 48h416c26.51 0 48-21.49 48-48V112c0-26.51-21.49-48-48-48zm-6 336H54a6 6 0 0 1-6-6V118a6 6 0 0 1 6-6h404a6 6 0 0 1 6 6v276a6 6 0 0 1-6 6zM128 152c-22.091 0-40 17.909-40 40s17.909 40 40 40 40-17.909 40-40-17.909-40-40-40zM96 352h320v-80l-87.515-87.515c-4.686-4.686-12.284-4.686-16.971 0L192 304l-39.515-39.515c-4.686-4.686-12.284-4.686-16.971 0L96 304v48z\"><\/path><\/svg>\t\t\t<\/span>\n\t\t\t\t\t\t\t\t\t<span class=\"elementor-button-text\">Poster 16 <span class=\"screen-reader-text\">Gehen Sie zu Poster 16<\/span><\/span>\n\t\t\t\t\t<\/span>\n\t\t\t\t\t<\/a>\n\t\t\t\t<\/div>\n\t\t\t\t\t\t\t\t<\/div>\n\t\t\t\t<\/div>\n\t\t\t\t<\/div>\n\t\t<div class=\"elementor-element elementor-element-41b47501 e-con-full e-flex e-con e-child\" data-id=\"41b47501\" data-element_type=\"container\" data-e-type=\"container\">\n\t\t\t\t<div class=\"elementor-element elementor-element-11f6e86b elementor-widget__width-auto elementor-align-center elementor-widget elementor-widget-button\" data-id=\"11f6e86b\" data-element_type=\"widget\" data-e-type=\"widget\" data-widget_type=\"button.default\">\n\t\t\t\t<div class=\"elementor-widget-container\">\n\t\t\t\t\t\t\t\t\t<div class=\"elementor-button-wrapper\">\n\t\t\t\t\t<a class=\"elementor-button elementor-button-link elementor-size-sm\" href=\"https:\/\/reccopolisforall.es\/visita-reccopolis\/\">\n\t\t\t\t\t\t<span class=\"elementor-button-content-wrapper\">\n\t\t\t\t\t\t<span class=\"elementor-button-icon\">\n\t\t\t\t<svg aria-hidden=\"true\" class=\"e-font-icon-svg e-fas-map-marked-alt\" viewBox=\"0 0 576 512\" xmlns=\"http:\/\/www.w3.org\/2000\/svg\"><path d=\"M288 0c-69.59 0-126 56.41-126 126 0 56.26 82.35 158.8 113.9 196.02 6.39 7.54 17.82 7.54 24.2 0C331.65 284.8 414 182.26 414 126 414 56.41 357.59 0 288 0zm0 168c-23.2 0-42-18.8-42-42s18.8-42 42-42 42 18.8 42 42-18.8 42-42 42zM20.12 215.95A32.006 32.006 0 0 0 0 245.66v250.32c0 11.32 11.43 19.06 21.94 14.86L160 448V214.92c-8.84-15.98-16.07-31.54-21.25-46.42L20.12 215.95zM288 359.67c-14.07 0-27.38-6.18-36.51-16.96-19.66-23.2-40.57-49.62-59.49-76.72v182l192 64V266c-18.92 27.09-39.82 53.52-59.49 76.72-9.13 10.77-22.44 16.95-36.51 16.95zm266.06-198.51L416 224v288l139.88-55.95A31.996 31.996 0 0 0 576 426.34V176.02c0-11.32-11.43-19.06-21.94-14.86z\"><\/path><\/svg>\t\t\t<\/span>\n\t\t\t\t\t\t\t\t\t<span class=\"elementor-button-text\">Reccopolis Lageplan <span class=\"screen-reader-text\">Zur\u00fcck zur Hauptansicht Reccopolis Lageplan<\/span><\/span>\n\t\t\t\t\t<\/span>\n\t\t\t\t\t<\/a>\n\t\t\t\t<\/div>\n\t\t\t\t\t\t\t\t<\/div>\n\t\t\t\t<\/div>\n\t\t\t\t<\/div>\n\t\t<div class=\"elementor-element elementor-element-52d7e02e e-con-full e-grid e-con e-child\" data-id=\"52d7e02e\" data-element_type=\"container\" data-e-type=\"container\">\n\t\t\t\t<div class=\"elementor-element elementor-element-6d0c75ff elementor-widget elementor-widget-heading\" data-id=\"6d0c75ff\" data-element_type=\"widget\" data-e-type=\"widget\" data-widget_type=\"heading.default\">\n\t\t\t\t<div class=\"elementor-widget-container\">\n\t\t\t\t\t<h2 class=\"elementor-heading-title elementor-size-default\">DER BESUCH GEHT WEITER<\/h2>\t\t\t\t<\/div>\n\t\t\t\t<\/div>\n\t\t\t\t<div class=\"elementor-element elementor-element-793646a7 elementor-widget__width-auto elementor-widget elementor-widget-button\" data-id=\"793646a7\" data-element_type=\"widget\" data-e-type=\"widget\" data-widget_type=\"button.default\">\n\t\t\t\t<div class=\"elementor-widget-container\">\n\t\t\t\t\t\t\t\t\t<div class=\"elementor-button-wrapper\">\n\t\t\t\t\t<a class=\"elementor-button elementor-button-link elementor-size-sm\" href=\"https:\/\/reccopolisforall.es\/cambia-paisaje\/\">\n\t\t\t\t\t\t<span class=\"elementor-button-content-wrapper\">\n\t\t\t\t\t\t<span class=\"elementor-button-icon\">\n\t\t\t\t<svg aria-hidden=\"true\" class=\"e-font-icon-svg e-far-image\" viewBox=\"0 0 512 512\" xmlns=\"http:\/\/www.w3.org\/2000\/svg\"><path d=\"M464 64H48C21.49 64 0 85.49 0 112v288c0 26.51 21.49 48 48 48h416c26.51 0 48-21.49 48-48V112c0-26.51-21.49-48-48-48zm-6 336H54a6 6 0 0 1-6-6V118a6 6 0 0 1 6-6h404a6 6 0 0 1 6 6v276a6 6 0 0 1-6 6zM128 152c-22.091 0-40 17.909-40 40s17.909 40 40 40 40-17.909 40-40-17.909-40-40-40zM96 352h320v-80l-87.515-87.515c-4.686-4.686-12.284-4.686-16.971 0L192 304l-39.515-39.515c-4.686-4.686-12.284-4.686-16.971 0L96 304v48z\"><\/path><\/svg>\t\t\t<\/span>\n\t\t\t\t\t\t\t\t\t<span class=\"elementor-button-text\">Poster 18 <span class=\"screen-reader-text\">Gehe zu Poster 18<\/span><\/span>\n\t\t\t\t\t<\/span>\n\t\t\t\t\t<\/a>\n\t\t\t\t<\/div>\n\t\t\t\t\t\t\t\t<\/div>\n\t\t\t\t<\/div>\n\t\t\t\t<\/div>\n\t\t\t\t<\/div>\n\t\t\t\t<\/div>\n\t\t","protected":false},"excerpt":{"rendered":"<div class=\"entry-summary\">\nIndustrielle Aktivit\u00e4t in der andalusischen Epoche Der urspr\u00fcnglich zum Wohnen genutzte Raum wurde in der andalusischen Epoche in eine wirtschaftlich produktive Zone umgewandelt. Bei den Ausgrabungen wurden riesige Gruben entdeckt, die wahrscheinlich mit der Produktion von Baumaterialen zu tun hatten.&hellip;\n<\/div>\n<div class=\"link-more\"><a href=\"https:\/\/reccopolisforall.es\/de\/17_industrielle-aktivitaet-in-der-andalusischen-epoche-poster\/\" class=\"more-link\">Continue reading<span class=\"screen-reader-text\"> &ldquo;17_Industrielle Aktivit\u00e4t in der andalusischen Epoche Poster&rdquo;<\/span>&hellip;<\/a><\/div>\n","protected":false},"author":1,"featured_media":0,"parent":0,"menu_order":0,"comment_status":"closed","ping_status":"closed","template":"","meta":{"_acf_changed":false,"footnotes":""},"class_list":["post-4455","page","type-page","status-publish","hentry","entry"],"acf":[],"_links":{"self":[{"href":"https:\/\/reccopolisforall.es\/de\/wp-json\/wp\/v2\/pages\/4455","targetHints":{"allow":["GET"]}}],"collection":[{"href":"https:\/\/reccopolisforall.es\/de\/wp-json\/wp\/v2\/pages"}],"about":[{"href":"https:\/\/reccopolisforall.es\/de\/wp-json\/wp\/v2\/types\/page"}],"author":[{"embeddable":true,"href":"https:\/\/reccopolisforall.es\/de\/wp-json\/wp\/v2\/users\/1"}],"replies":[{"embeddable":true,"href":"https:\/\/reccopolisforall.es\/de\/wp-json\/wp\/v2\/comments?post=4455"}],"version-history":[{"count":1,"href":"https:\/\/reccopolisforall.es\/de\/wp-json\/wp\/v2\/pages\/4455\/revisions"}],"predecessor-version":[{"id":4456,"href":"https:\/\/reccopolisforall.es\/de\/wp-json\/wp\/v2\/pages\/4455\/revisions\/4456"}],"wp:attachment":[{"href":"https:\/\/reccopolisforall.es\/de\/wp-json\/wp\/v2\/media?parent=4455"}],"curies":[{"name":"wp","href":"https:\/\/api.w.org\/{rel}","templated":true}]}}