{"id":4514,"date":"2024-11-25T18:22:45","date_gmt":"2024-11-25T17:22:45","guid":{"rendered":"https:\/\/reccopolisforall.es\/panel_06-das-wohngebiet\/"},"modified":"2025-02-13T17:03:02","modified_gmt":"2025-02-13T16:03:02","slug":"panel_06-das-wohngebiet","status":"publish","type":"page","link":"https:\/\/reccopolisforall.es\/de\/panel_06-das-wohngebiet\/","title":{"rendered":"Panel_06 Das Wohngebiet"},"content":{"rendered":"\t\t<div data-elementor-type=\"wp-page\" data-elementor-id=\"4514\" class=\"elementor elementor-4514 elementor-2593\" data-elementor-post-type=\"page\">\n\t\t\t\t<div class=\"elementor-element elementor-element-0ec8e76 animated-slow e-flex e-con-boxed elementor-invisible e-con e-parent\" data-id=\"0ec8e76\" data-element_type=\"container\" data-e-type=\"container\" data-settings=\"{&quot;background_background&quot;:&quot;classic&quot;,&quot;animation&quot;:&quot;fadeInUp&quot;}\">\n\t\t\t\t\t<div class=\"e-con-inner\">\n\t\t\t\t<div class=\"elementor-element elementor-element-a927fd3 elementor-widget__width-inherit elementor-widget elementor-widget-heading\" data-id=\"a927fd3\" data-element_type=\"widget\" data-e-type=\"widget\" data-widget_type=\"heading.default\">\n\t\t\t\t<div class=\"elementor-widget-container\">\n\t\t\t\t\t<h1 class=\"elementor-heading-title elementor-size-default\">Panel 6 - Das Wohngebiet<\/h1>\t\t\t\t<\/div>\n\t\t\t\t<\/div>\n\t\t\t\t<div class=\"elementor-element elementor-element-c06fe0c elementor-widget__width-initial elementor-widget elementor-widget-text-editor\" data-id=\"c06fe0c\" data-element_type=\"widget\" data-e-type=\"widget\" data-widget_type=\"text-editor.default\">\n\t\t\t\t<div class=\"elementor-widget-container\">\n\t\t\t\t\t\t\t\t\t<p>Auf dieser Tafel erfahren wir mehr \u00fcber den Palastkomplex von Reccopolis. Dieser Bereich der Stadt besteht aus dem Palast, der Basilika und dem monumentalen Tor, das zum zentralen Platz dieser Geb\u00e4ude f\u00fchrt.  <\/p>\t\t\t\t\t\t\t\t<\/div>\n\t\t\t\t<\/div>\n\t\t\t\t\t<\/div>\n\t\t\t\t<\/div>\n\t\t<div class=\"elementor-element elementor-element-8e81673 e-flex e-con-boxed elementor-invisible e-con e-parent\" data-id=\"8e81673\" data-element_type=\"container\" data-e-type=\"container\" data-settings=\"{&quot;background_background&quot;:&quot;classic&quot;,&quot;animation&quot;:&quot;fadeInUp&quot;}\">\n\t\t\t\t\t<div class=\"e-con-inner\">\n\t\t\t\t<div class=\"elementor-element elementor-element-8c0ba3a elementor-widget elementor-widget-hotspot\" data-id=\"8c0ba3a\" data-element_type=\"widget\" data-e-type=\"widget\" id=\"panel\" data-settings=\"{&quot;hotspot&quot;:[{&quot;hotspot_label&quot;:&quot;1&lt;span class=\\&quot;screen-reader-text\\&quot;&gt;ir al cartel 1 con informaci\\u00f3n detallada&lt;\\\/span&gt;&quot;,&quot;hotspot_link&quot;:{&quot;url&quot;:&quot;#1&quot;,&quot;is_external&quot;:&quot;&quot;,&quot;nofollow&quot;:&quot;&quot;,&quot;custom_attributes&quot;:&quot;&quot;},&quot;hotspot_icon&quot;:{&quot;value&quot;:&quot;fas fa-info-circle&quot;,&quot;library&quot;:&quot;fa-solid&quot;},&quot;hotspot_icon_spacing&quot;:{&quot;unit&quot;:&quot;px&quot;,&quot;size&quot;:8,&quot;sizes&quot;:[]},&quot;hotspot_custom_size&quot;:&quot;yes&quot;,&quot;hotspot_width&quot;:{&quot;unit&quot;:&quot;px&quot;,&quot;size&quot;:30,&quot;sizes&quot;:[]},&quot;hotspot_height&quot;:{&quot;unit&quot;:&quot;px&quot;,&quot;size&quot;:17,&quot;sizes&quot;:[]},&quot;hotspot_tooltip_content&quot;:&quot;&quot;,&quot;hotspot_offset_y&quot;:{&quot;unit&quot;:&quot;%&quot;,&quot;size&quot;:95,&quot;sizes&quot;:[]},&quot;_id&quot;:&quot;975c1ab&quot;,&quot;hotspot_offset_x_tablet&quot;:{&quot;unit&quot;:&quot;px&quot;,&quot;size&quot;:49,&quot;sizes&quot;:[]},&quot;hotspot_offset_y_tablet&quot;:{&quot;unit&quot;:&quot;px&quot;,&quot;size&quot;:98,&quot;sizes&quot;:[]},&quot;hotspot_offset_x_mobile&quot;:{&quot;unit&quot;:&quot;px&quot;,&quot;size&quot;:49,&quot;sizes&quot;:[]},&quot;hotspot_offset_y_mobile&quot;:{&quot;unit&quot;:&quot;px&quot;,&quot;size&quot;:100,&quot;sizes&quot;:[]},&quot;hotspot_offset_x&quot;:{&quot;unit&quot;:&quot;%&quot;,&quot;size&quot;:48.5,&quot;sizes&quot;:[]},&quot;index&quot;:0,&quot;__dynamic__&quot;:null,&quot;hotspot_horizontal&quot;:&quot;left&quot;,&quot;hotspot_vertical&quot;:&quot;top&quot;,&quot;hotspot_tooltip_position&quot;:&quot;no&quot;,&quot;hotspot_position&quot;:null,&quot;hotspot_position_tablet&quot;:null,&quot;hotspot_position_mobile&quot;:null,&quot;hotspot_icon_position&quot;:&quot;start&quot;,&quot;hotspot_tooltip_width&quot;:null,&quot;hotspot_tooltip_width_tablet&quot;:null,&quot;hotspot_tooltip_width_mobile&quot;:null,&quot;hotspot_tooltip_text_wrap&quot;:null}],&quot;hotspot_sequenced_animation&quot;:&quot;no&quot;,&quot;tooltip_position&quot;:&quot;top&quot;,&quot;tooltip_trigger&quot;:&quot;click&quot;,&quot;tooltip_animation&quot;:&quot;e-hotspot--fade-in-out&quot;}\" data-widget_type=\"hotspot.default\">\n\t\t\t\t<div class=\"elementor-widget-container\">\n\t\t\t\t\t<img fetchpriority=\"high\" decoding=\"async\" width=\"1000\" height=\"760\" src=\"https:\/\/reccopolisforall.es\/wp-content\/uploads\/2024\/11\/SALA2_P6w.jpg\" class=\"attachment-large size-large wp-image-4116\" alt=\"Museumstafel mit ausf\u00fchrlichen Informationen \u00fcber das Wohngebiet.\" srcset=\"https:\/\/reccopolisforall.es\/wp-content\/uploads\/2024\/11\/SALA2_P6w.jpg 1000w, https:\/\/reccopolisforall.es\/wp-content\/uploads\/2024\/11\/SALA2_P6w-300x228.jpg 300w, https:\/\/reccopolisforall.es\/wp-content\/uploads\/2024\/11\/SALA2_P6w-768x584.jpg 768w\" sizes=\"(max-width: 1000px) 100vw, 1000px\" \/>\n\t\t\t\t\t\t<a class=\"e-hotspot elementor-repeater-item-975c1ab  e-hotspot--position-left e-hotspot--position-top e-hotspot--link e-hotspot--no-tooltip\" href=\"#1\">\n\n\t\t\t\t\t\t\t\t<div class=\"e-hotspot__button e-hotspot--soft-beat\">\n\t\t\t\t\t\t\t\t\t\t\t\t\t\t\t\t\t\t<div class=\"e-hotspot__icon\"><svg class=\"e-font-icon-svg e-fas-info-circle\" viewBox=\"0 0 512 512\" xmlns=\"http:\/\/www.w3.org\/2000\/svg\"><path d=\"M256 8C119.043 8 8 119.083 8 256c0 136.997 111.043 248 248 248s248-111.003 248-248C504 119.083 392.957 8 256 8zm0 110c23.196 0 42 18.804 42 42s-18.804 42-42 42-42-18.804-42-42 18.804-42 42-42zm56 254c0 6.627-5.373 12-12 12h-88c-6.627 0-12-5.373-12-12v-24c0-6.627 5.373-12 12-12h12v-64h-12c-6.627 0-12-5.373-12-12v-24c0-6.627 5.373-12 12-12h64c6.627 0 12 5.373 12 12v100h12c6.627 0 12 5.373 12 12v24z\"><\/path><\/svg><\/div>\n\t\t\t\t\t\t\t\t\t\t\t\t\t\t\t\t\t\t\t<div class=\"e-hotspot__label\">1<span class=\"screen-reader-text\">ir al cartel 1 con informaci\u00f3n detallada<\/span><\/div>\n\t\t\t\t\t\t\t\t\t\t\t\t\t\t\t<\/div>\n\n\t\t\t\t\t\t\t\t\n\t\t\t<\/a>\n\n\t\n\t\t\t\t\t\t<\/div>\n\t\t\t\t<\/div>\n\t\t\t\t\t<\/div>\n\t\t\t\t<\/div>\n\t\t<div class=\"elementor-element elementor-element-2a9954a e-con-full e-flex elementor-invisible e-con e-parent\" data-id=\"2a9954a\" data-element_type=\"container\" data-e-type=\"container\" data-settings=\"{&quot;background_background&quot;:&quot;classic&quot;,&quot;animation&quot;:&quot;fadeInUp&quot;}\">\n\t\t<div class=\"elementor-element elementor-element-cd7b40f e-con-full e-grid e-con e-child\" data-id=\"cd7b40f\" data-element_type=\"container\" data-e-type=\"container\">\n\t\t\t\t<div class=\"elementor-element elementor-element-803e94c elementor-widget__width-auto elementor-widget elementor-widget-button\" data-id=\"803e94c\" data-element_type=\"widget\" data-e-type=\"widget\" data-widget_type=\"button.default\">\n\t\t\t\t<div class=\"elementor-widget-container\">\n\t\t\t\t\t\t\t\t\t<div class=\"elementor-button-wrapper\">\n\t\t\t\t\t<a class=\"elementor-button elementor-button-link elementor-size-sm\" href=\"https:\/\/reccopolisforall.es\/edificios-comerciales-via\/\">\n\t\t\t\t\t\t<span class=\"elementor-button-content-wrapper\">\n\t\t\t\t\t\t<span class=\"elementor-button-icon\">\n\t\t\t\t<svg aria-hidden=\"true\" class=\"e-font-icon-svg e-fas-info-circle\" viewBox=\"0 0 512 512\" xmlns=\"http:\/\/www.w3.org\/2000\/svg\"><path d=\"M256 8C119.043 8 8 119.083 8 256c0 136.997 111.043 248 248 248s248-111.003 248-248C504 119.083 392.957 8 256 8zm0 110c23.196 0 42 18.804 42 42s-18.804 42-42 42-42-18.804-42-42 18.804-42 42-42zm56 254c0 6.627-5.373 12-12 12h-88c-6.627 0-12-5.373-12-12v-24c0-6.627 5.373-12 12-12h12v-64h-12c-6.627 0-12-5.373-12-12v-24c0-6.627 5.373-12 12-12h64c6.627 0 12 5.373 12 12v100h12c6.627 0 12 5.373 12 12v24z\"><\/path><\/svg>\t\t\t<\/span>\n\t\t\t\t\t\t\t\t\t<span class=\"elementor-button-text\">Panel 5 <span class=\"screen-reader-text\">Gehe zu Panel 5<\/span><\/span>\n\t\t\t\t\t<\/span>\n\t\t\t\t\t<\/a>\n\t\t\t\t<\/div>\n\t\t\t\t\t\t\t\t<\/div>\n\t\t\t\t<\/div>\n\t\t\t\t<\/div>\n\t\t<div class=\"elementor-element elementor-element-4586041 e-con-full e-flex e-con e-child\" data-id=\"4586041\" data-element_type=\"container\" data-e-type=\"container\">\n\t\t\t\t<div class=\"elementor-element elementor-element-16f2b3a elementor-widget__width-auto elementor-align-center elementor-widget elementor-widget-button\" data-id=\"16f2b3a\" data-element_type=\"widget\" data-e-type=\"widget\" data-widget_type=\"button.default\">\n\t\t\t\t<div class=\"elementor-widget-container\">\n\t\t\t\t\t\t\t\t\t<div class=\"elementor-button-wrapper\">\n\t\t\t\t\t<a class=\"elementor-button elementor-button-link elementor-size-sm\" href=\"https:\/\/reccopolisforall.es\/visita-centro-interpretacion\/\">\n\t\t\t\t\t\t<span class=\"elementor-button-content-wrapper\">\n\t\t\t\t\t\t<span class=\"elementor-button-icon\">\n\t\t\t\t<svg aria-hidden=\"true\" class=\"e-font-icon-svg e-fas-map-marked-alt\" viewBox=\"0 0 576 512\" xmlns=\"http:\/\/www.w3.org\/2000\/svg\"><path d=\"M288 0c-69.59 0-126 56.41-126 126 0 56.26 82.35 158.8 113.9 196.02 6.39 7.54 17.82 7.54 24.2 0C331.65 284.8 414 182.26 414 126 414 56.41 357.59 0 288 0zm0 168c-23.2 0-42-18.8-42-42s18.8-42 42-42 42 18.8 42 42-18.8 42-42 42zM20.12 215.95A32.006 32.006 0 0 0 0 245.66v250.32c0 11.32 11.43 19.06 21.94 14.86L160 448V214.92c-8.84-15.98-16.07-31.54-21.25-46.42L20.12 215.95zM288 359.67c-14.07 0-27.38-6.18-36.51-16.96-19.66-23.2-40.57-49.62-59.49-76.72v182l192 64V266c-18.92 27.09-39.82 53.52-59.49 76.72-9.13 10.77-22.44 16.95-36.51 16.95zm266.06-198.51L416 224v288l139.88-55.95A31.996 31.996 0 0 0 576 426.34V176.02c0-11.32-11.43-19.06-21.94-14.86z\"><\/path><\/svg>\t\t\t<\/span>\n\t\t\t\t\t\t\t\t\t<span class=\"elementor-button-text\">Grundriss des Interpretationszentrums <span class=\"screen-reader-text\">Zur\u00fcck zum Hauptgrundriss des Interpretationszentrums<\/span><\/span>\n\t\t\t\t\t<\/span>\n\t\t\t\t\t<\/a>\n\t\t\t\t<\/div>\n\t\t\t\t\t\t\t\t<\/div>\n\t\t\t\t<\/div>\n\t\t\t\t<\/div>\n\t\t<div class=\"elementor-element elementor-element-fd127d5 e-con-full e-grid e-con e-child\" data-id=\"fd127d5\" data-element_type=\"container\" data-e-type=\"container\">\n\t\t\t\t<div class=\"elementor-element elementor-element-7c4bdb2 elementor-widget__width-auto elementor-widget elementor-widget-button\" data-id=\"7c4bdb2\" data-element_type=\"widget\" data-e-type=\"widget\" data-widget_type=\"button.default\">\n\t\t\t\t<div class=\"elementor-widget-container\">\n\t\t\t\t\t\t\t\t\t<div class=\"elementor-button-wrapper\">\n\t\t\t\t\t<a class=\"elementor-button elementor-button-link elementor-size-sm\" href=\"https:\/\/reccopolisforall.es\/muralla-agua\/\">\n\t\t\t\t\t\t<span class=\"elementor-button-content-wrapper\">\n\t\t\t\t\t\t<span class=\"elementor-button-icon\">\n\t\t\t\t<svg aria-hidden=\"true\" class=\"e-font-icon-svg e-fas-info-circle\" viewBox=\"0 0 512 512\" xmlns=\"http:\/\/www.w3.org\/2000\/svg\"><path d=\"M256 8C119.043 8 8 119.083 8 256c0 136.997 111.043 248 248 248s248-111.003 248-248C504 119.083 392.957 8 256 8zm0 110c23.196 0 42 18.804 42 42s-18.804 42-42 42-42-18.804-42-42 18.804-42 42-42zm56 254c0 6.627-5.373 12-12 12h-88c-6.627 0-12-5.373-12-12v-24c0-6.627 5.373-12 12-12h12v-64h-12c-6.627 0-12-5.373-12-12v-24c0-6.627 5.373-12 12-12h64c6.627 0 12 5.373 12 12v100h12c6.627 0 12 5.373 12 12v24z\"><\/path><\/svg>\t\t\t<\/span>\n\t\t\t\t\t\t\t\t\t<span class=\"elementor-button-text\">Panel 7 <span class=\"screen-reader-text\">Gehe zu Panel 7<\/span><\/span>\n\t\t\t\t\t<\/span>\n\t\t\t\t\t<\/a>\n\t\t\t\t<\/div>\n\t\t\t\t\t\t\t\t<\/div>\n\t\t\t\t<\/div>\n\t\t\t\t<\/div>\n\t\t\t\t<\/div>\n\t\t<div class=\"elementor-element elementor-element-daee3c3 e-flex e-con-boxed e-con e-parent\" data-id=\"daee3c3\" data-element_type=\"container\" data-e-type=\"container\">\n\t\t\t\t\t<div class=\"e-con-inner\">\n\t\t\t\t<div class=\"elementor-element elementor-element-6e44e8a elementor-widget-divider--view-line elementor-widget elementor-widget-divider\" data-id=\"6e44e8a\" data-element_type=\"widget\" data-e-type=\"widget\" data-widget_type=\"divider.default\">\n\t\t\t\t<div class=\"elementor-widget-container\">\n\t\t\t\t\t\t\t<div class=\"elementor-divider\">\n\t\t\t<span class=\"elementor-divider-separator\">\n\t\t\t\t\t\t<\/span>\n\t\t<\/div>\n\t\t\t\t\t\t<\/div>\n\t\t\t\t<\/div>\n\t\t\t\t\t<\/div>\n\t\t\t\t<\/div>\n\t\t<div class=\"elementor-element elementor-element-4797cf4 animated-slow e-con-full e-flex elementor-invisible e-con e-parent\" data-id=\"4797cf4\" data-element_type=\"container\" data-e-type=\"container\" data-settings=\"{&quot;animation&quot;:&quot;fadeInUp&quot;,&quot;background_background&quot;:&quot;classic&quot;}\">\n\t\t\t\t<div class=\"elementor-element elementor-element-b61b0ef elementor-widget-mobile__width-inherit elementor-widget__width-inherit elementor-widget elementor-widget-heading\" data-id=\"b61b0ef\" data-element_type=\"widget\" data-e-type=\"widget\" id=\"1\" data-widget_type=\"heading.default\">\n\t\t\t\t<div class=\"elementor-widget-container\">\n\t\t\t\t\t<h2 class=\"elementor-heading-title elementor-size-default\">1. Geh\u00e4use<\/h2>\t\t\t\t<\/div>\n\t\t\t\t<\/div>\n\t\t\t\t<div class=\"elementor-element elementor-element-9e177cd elementor-widget__width-initial elementor-widget elementor-widget-text-editor\" data-id=\"9e177cd\" data-element_type=\"widget\" data-e-type=\"widget\" data-widget_type=\"text-editor.default\">\n\t\t\t\t<div class=\"elementor-widget-container\">\n\t\t\t\t\t\t\t\t\t<p>Die H\u00e4user von Reccopolis verf\u00fcgten \u00fcber rechteckige R\u00e4ume, die verschiedenen Funktionen gewidmet waren &#8211; Wohnr\u00e4ume, K\u00fcchen, Vorratskammern, St\u00e4lle &#8211; und die sich zu H\u00f6fen hin \u00f6ffneten, die manchmal teilweise mit S\u00e4uleng\u00e4ngen \u00fcberdacht waren.<\/p><p>Ein Sockel aus Steinmauerwerk st\u00fctzte die Stampflehmw\u00e4nde; die D\u00e4cher, in der Regel Giebeld\u00e4cher, bestanden aus gew\u00f6lbten Ziegeln, und die B\u00f6den wurden aus festgestampfter lehmiger Erde auf einem Kiesbett errichtet.<\/p><p>Wie die gesamte Stadt haben auch die Wohnh\u00e4user den Lauf der Zeit mitgemacht und wurden in der westgotischen Zeit ver\u00e4ndert. Die Nutzung wurde ge\u00e4ndert, die Wohnr\u00e4ume wurden verkleinert und einige von ihnen wurden in St\u00e4lle umgewandelt. <\/p>\t\t\t\t\t\t\t\t<\/div>\n\t\t\t\t<\/div>\n\t\t\t\t<\/div>\n\t\t<div class=\"elementor-element elementor-element-ea745dd e-flex e-con-boxed elementor-invisible e-con e-parent\" data-id=\"ea745dd\" data-element_type=\"container\" data-e-type=\"container\" data-settings=\"{&quot;animation&quot;:&quot;fadeInUp&quot;}\">\n\t\t\t\t\t<div class=\"e-con-inner\">\n\t\t<div class=\"elementor-element elementor-element-2793a6a e-con-full e-flex e-con e-child\" data-id=\"2793a6a\" data-element_type=\"container\" data-e-type=\"container\">\n\t\t\t\t<div class=\"elementor-element elementor-element-eef64cb elementor-widget elementor-widget-image\" data-id=\"eef64cb\" data-element_type=\"widget\" data-e-type=\"widget\" data-widget_type=\"image.default\">\n\t\t\t\t<div class=\"elementor-widget-container\">\n\t\t\t\t\t\t\t\t\t\t\t\t<figure class=\"wp-caption\">\n\t\t\t\t\t\t\t\t\t\t<img decoding=\"async\" width=\"448\" height=\"448\" src=\"https:\/\/reccopolisforall.es\/wp-content\/uploads\/2024\/11\/ZONAVIVI-copia-gigapixel-art-height-14211px_web-448x448.jpg\" class=\"attachment-icelander-square size-icelander-square wp-image-4122\" alt=\"Illustration einer westgotischen Wohnung im Schnitt.\" srcset=\"https:\/\/reccopolisforall.es\/wp-content\/uploads\/2024\/11\/ZONAVIVI-copia-gigapixel-art-height-14211px_web-448x448.jpg 448w, https:\/\/reccopolisforall.es\/wp-content\/uploads\/2024\/11\/ZONAVIVI-copia-gigapixel-art-height-14211px_web-150x150.jpg 150w\" sizes=\"(max-width: 448px) 100vw, 448px\" \/>\t\t\t\t\t\t\t\t\t\t\t<figcaption class=\"widget-image-caption wp-caption-text\">Illustration einer westgotischen Wohnung im Schnitt.<\/figcaption>\n\t\t\t\t\t\t\t\t\t\t<\/figure>\n\t\t\t\t\t\t\t\t\t<\/div>\n\t\t\t\t<\/div>\n\t\t\t\t<\/div>\n\t\t\t\t\t<\/div>\n\t\t\t\t<\/div>\n\t\t<div class=\"elementor-element elementor-element-52ebe3a e-flex e-con-boxed elementor-invisible e-con e-parent\" data-id=\"52ebe3a\" data-element_type=\"container\" data-e-type=\"container\" data-settings=\"{&quot;animation&quot;:&quot;fadeInUp&quot;}\">\n\t\t\t\t\t<div class=\"e-con-inner\">\n\t\t<div class=\"elementor-element elementor-element-cc85f39 e-con-full e-flex e-con e-child\" data-id=\"cc85f39\" data-element_type=\"container\" data-e-type=\"container\">\n\t\t\t\t<div class=\"elementor-element elementor-element-96157e1 elementor-widget elementor-widget-image\" data-id=\"96157e1\" data-element_type=\"widget\" data-e-type=\"widget\" data-widget_type=\"image.default\">\n\t\t\t\t<div class=\"elementor-widget-container\">\n\t\t\t\t\t\t\t\t\t\t\t\t<figure class=\"wp-caption\">\n\t\t\t\t\t\t\t\t\t\t<img decoding=\"async\" src=\"https:\/\/reccopolisforall.es\/wp-content\/uploads\/elementor\/thumbs\/panel_6a_web-qxm9exh0zilbidq4dl7kj1qo6w6l1wu7wdab9k1zl2.jpg\" title=\"panel_6a_web\" alt=\"Grundriss eines Hauses aus der westgotischen Zeit, der die verschiedenen Wohnbereiche um einen zentralen Hof zeigt.\" loading=\"lazy\" \/>\t\t\t\t\t\t\t\t\t\t\t<figcaption class=\"widget-image-caption wp-caption-text\">Grundriss eines Hauses aus der westgotischen Zeit, der die verschiedenen Wohnbereiche um einen zentralen Hof zeigt.<\/figcaption>\n\t\t\t\t\t\t\t\t\t\t<\/figure>\n\t\t\t\t\t\t\t\t\t<\/div>\n\t\t\t\t<\/div>\n\t\t\t\t<\/div>\n\t\t<div class=\"elementor-element elementor-element-db059d0 e-con-full e-flex e-con e-child\" data-id=\"db059d0\" data-element_type=\"container\" data-e-type=\"container\">\n\t\t\t\t<div class=\"elementor-element elementor-element-8638419 elementor-widget elementor-widget-image\" data-id=\"8638419\" data-element_type=\"widget\" data-e-type=\"widget\" data-widget_type=\"image.default\">\n\t\t\t\t<div class=\"elementor-widget-container\">\n\t\t\t\t\t\t\t\t\t\t\t\t<figure class=\"wp-caption\">\n\t\t\t\t\t\t\t\t\t\t<img decoding=\"async\" src=\"https:\/\/reccopolisforall.es\/wp-content\/uploads\/elementor\/thumbs\/panel_6b_web-qxm9evlcluiqv5suokebe27r04fumimr83zcb04rxi.jpg\" title=\"panel_6b_web\" alt=\"Grundriss eines Wohnhauses, an das in anderen Phasen der Besiedlung Strukturen angebaut wurden.\" loading=\"lazy\" \/>\t\t\t\t\t\t\t\t\t\t\t<figcaption class=\"widget-image-caption wp-caption-text\">Grundriss eines Wohnhauses mit Aufbauten in anderen Nutzungsphasen.<\/figcaption>\n\t\t\t\t\t\t\t\t\t\t<\/figure>\n\t\t\t\t\t\t\t\t\t<\/div>\n\t\t\t\t<\/div>\n\t\t\t\t<\/div>\n\t\t\t\t\t<\/div>\n\t\t\t\t<\/div>\n\t\t<div class=\"elementor-element elementor-element-79924ff e-flex e-con-boxed elementor-invisible e-con e-parent\" data-id=\"79924ff\" data-element_type=\"container\" data-e-type=\"container\" data-settings=\"{&quot;animation&quot;:&quot;fadeInUp&quot;}\">\n\t\t\t\t\t<div class=\"e-con-inner\">\n\t\t<div class=\"elementor-element elementor-element-3990ad6 e-con-full e-flex e-con e-child\" data-id=\"3990ad6\" data-element_type=\"container\" data-e-type=\"container\">\n\t\t\t\t<div class=\"elementor-element elementor-element-d48f572 elementor-widget__width-initial elementor-widget-divider--view-line elementor-widget elementor-widget-divider\" data-id=\"d48f572\" data-element_type=\"widget\" data-e-type=\"widget\" data-widget_type=\"divider.default\">\n\t\t\t\t<div class=\"elementor-widget-container\">\n\t\t\t\t\t\t\t<div class=\"elementor-divider\">\n\t\t\t<span class=\"elementor-divider-separator\">\n\t\t\t\t\t\t<\/span>\n\t\t<\/div>\n\t\t\t\t\t\t<\/div>\n\t\t\t\t<\/div>\n\t\t\t\t<\/div>\n\t\t<div class=\"elementor-element elementor-element-3bcdefa e-con-full e-flex e-con e-child\" data-id=\"3bcdefa\" data-element_type=\"container\" data-e-type=\"container\">\n\t\t\t\t<div class=\"elementor-element elementor-element-94880ef elementor-align-justify elementor-widget elementor-widget-button\" data-id=\"94880ef\" data-element_type=\"widget\" data-e-type=\"widget\" data-widget_type=\"button.default\">\n\t\t\t\t<div class=\"elementor-widget-container\">\n\t\t\t\t\t\t\t\t\t<div class=\"elementor-button-wrapper\">\n\t\t\t\t\t<a class=\"elementor-button elementor-button-link elementor-size-sm\" href=\"#panel\">\n\t\t\t\t\t\t<span class=\"elementor-button-content-wrapper\">\n\t\t\t\t\t\t<span class=\"elementor-button-icon\">\n\t\t\t\t<svg aria-hidden=\"true\" class=\"e-font-icon-svg e-fas-arrow-circle-up\" viewBox=\"0 0 512 512\" xmlns=\"http:\/\/www.w3.org\/2000\/svg\"><path d=\"M8 256C8 119 119 8 256 8s248 111 248 248-111 248-248 248S8 393 8 256zm143.6 28.9l72.4-75.5V392c0 13.3 10.7 24 24 24h16c13.3 0 24-10.7 24-24V209.4l72.4 75.5c9.3 9.7 24.8 9.9 34.3.4l10.9-11c9.4-9.4 9.4-24.6 0-33.9L273 107.7c-9.4-9.4-24.6-9.4-33.9 0L106.3 240.4c-9.4 9.4-9.4 24.6 0 33.9l10.9 11c9.6 9.5 25.1 9.3 34.4-.4z\"><\/path><\/svg>\t\t\t<\/span>\n\t\t\t\t\t\t\t\t\t<span class=\"elementor-button-text\"><span class=\"screen-reader-text\">zur\u00fcck zum obersten Panel<\/span><\/span>\n\t\t\t\t\t<\/span>\n\t\t\t\t\t<\/a>\n\t\t\t\t<\/div>\n\t\t\t\t\t\t\t\t<\/div>\n\t\t\t\t<\/div>\n\t\t\t\t<\/div>\n\t\t\t\t\t<\/div>\n\t\t\t\t<\/div>\n\t\t\t\t<\/div>\n\t\t","protected":false},"excerpt":{"rendered":"<div class=\"entry-summary\">\nPanel 6 &#8211; Das Wohngebiet Auf dieser Tafel erfahren wir mehr \u00fcber den Palastkomplex von Reccopolis. Dieser Bereich der Stadt besteht aus dem Palast, der Basilika und dem monumentalen Tor, das zum zentralen Platz dieser Geb\u00e4ude f\u00fchrt. 1ir al cartel&hellip;\n<\/div>\n<div class=\"link-more\"><a href=\"https:\/\/reccopolisforall.es\/de\/panel_06-das-wohngebiet\/\" class=\"more-link\">Continue reading<span class=\"screen-reader-text\"> &ldquo;Panel_06 Das Wohngebiet&rdquo;<\/span>&hellip;<\/a><\/div>\n","protected":false},"author":1,"featured_media":0,"parent":0,"menu_order":0,"comment_status":"closed","ping_status":"closed","template":"","meta":{"_acf_changed":false,"footnotes":""},"class_list":["post-4514","page","type-page","status-publish","hentry","entry"],"acf":[],"_links":{"self":[{"href":"https:\/\/reccopolisforall.es\/de\/wp-json\/wp\/v2\/pages\/4514","targetHints":{"allow":["GET"]}}],"collection":[{"href":"https:\/\/reccopolisforall.es\/de\/wp-json\/wp\/v2\/pages"}],"about":[{"href":"https:\/\/reccopolisforall.es\/de\/wp-json\/wp\/v2\/types\/page"}],"author":[{"embeddable":true,"href":"https:\/\/reccopolisforall.es\/de\/wp-json\/wp\/v2\/users\/1"}],"replies":[{"embeddable":true,"href":"https:\/\/reccopolisforall.es\/de\/wp-json\/wp\/v2\/comments?post=4514"}],"version-history":[{"count":1,"href":"https:\/\/reccopolisforall.es\/de\/wp-json\/wp\/v2\/pages\/4514\/revisions"}],"predecessor-version":[{"id":4515,"href":"https:\/\/reccopolisforall.es\/de\/wp-json\/wp\/v2\/pages\/4514\/revisions\/4515"}],"wp:attachment":[{"href":"https:\/\/reccopolisforall.es\/de\/wp-json\/wp\/v2\/media?parent=4514"}],"curies":[{"name":"wp","href":"https:\/\/api.w.org\/{rel}","templated":true}]}}