{"id":4531,"date":"2024-11-26T10:53:50","date_gmt":"2024-11-26T09:53:50","guid":{"rendered":"https:\/\/reccopolisforall.es\/panel_10-die-waehrung\/"},"modified":"2025-02-17T10:59:54","modified_gmt":"2025-02-17T09:59:54","slug":"panel_10-die-waehrung","status":"publish","type":"page","link":"https:\/\/reccopolisforall.es\/de\/panel_10-die-waehrung\/","title":{"rendered":"Panel_10 Die W\u00e4hrung"},"content":{"rendered":"\t\t<div data-elementor-type=\"wp-page\" data-elementor-id=\"4531\" class=\"elementor elementor-4531 elementor-2686\" data-elementor-post-type=\"page\">\n\t\t\t\t<div class=\"elementor-element elementor-element-b4b6299 animated-slow e-flex e-con-boxed elementor-invisible e-con e-parent\" data-id=\"b4b6299\" data-element_type=\"container\" data-e-type=\"container\" data-settings=\"{&quot;background_background&quot;:&quot;classic&quot;,&quot;animation&quot;:&quot;fadeInUp&quot;}\">\n\t\t\t\t\t<div class=\"e-con-inner\">\n\t\t\t\t<div class=\"elementor-element elementor-element-0f8b645 elementor-widget__width-inherit elementor-widget elementor-widget-heading\" data-id=\"0f8b645\" data-element_type=\"widget\" data-e-type=\"widget\" data-widget_type=\"heading.default\">\n\t\t\t\t<div class=\"elementor-widget-container\">\n\t\t\t\t\t<h1 class=\"elementor-heading-title elementor-size-default\">Panel 10 - Die W\u00e4hrung<\/h1>\t\t\t\t<\/div>\n\t\t\t\t<\/div>\n\t\t\t\t<div class=\"elementor-element elementor-element-654237b elementor-widget__width-initial elementor-widget elementor-widget-text-editor\" data-id=\"654237b\" data-element_type=\"widget\" data-e-type=\"widget\" data-widget_type=\"text-editor.default\">\n\t\t\t\t<div class=\"elementor-widget-container\">\n\t\t\t\t\t\t\t\t\t<p>Diese Tafel enth\u00e4lt ausf\u00fchrliche Informationen \u00fcber die M\u00fcnzen, ihre Pr\u00e4geanstalten und ihre Bedeutung in der Gesellschaft f\u00fcr das Steuererhebungssystem. <\/p>\t\t\t\t\t\t\t\t<\/div>\n\t\t\t\t<\/div>\n\t\t\t\t\t<\/div>\n\t\t\t\t<\/div>\n\t\t<div class=\"elementor-element elementor-element-0851dd8 animated-slow e-flex e-con-boxed elementor-invisible e-con e-parent\" data-id=\"0851dd8\" data-element_type=\"container\" data-e-type=\"container\" data-settings=\"{&quot;background_background&quot;:&quot;classic&quot;,&quot;animation&quot;:&quot;fadeInUp&quot;}\">\n\t\t\t\t\t<div class=\"e-con-inner\">\n\t\t\t\t<div class=\"elementor-element elementor-element-c43328c elementor-widget elementor-widget-hotspot\" data-id=\"c43328c\" data-element_type=\"widget\" data-e-type=\"widget\" id=\"panel\" data-settings=\"{&quot;hotspot&quot;:[{&quot;hotspot_label&quot;:&quot;1 &lt;span class=\\&quot;screen-reader-text\\&quot;&gt;gehen Sie zu Poster 1 mit detaillierten Informationen&lt;\\\/span&gt;&quot;,&quot;hotspot_link&quot;:{&quot;url&quot;:&quot;#1&quot;,&quot;is_external&quot;:&quot;&quot;,&quot;nofollow&quot;:&quot;&quot;,&quot;custom_attributes&quot;:&quot;&quot;},&quot;hotspot_icon&quot;:{&quot;value&quot;:&quot;fas fa-info-circle&quot;,&quot;library&quot;:&quot;fa-solid&quot;},&quot;hotspot_icon_spacing&quot;:{&quot;unit&quot;:&quot;px&quot;,&quot;size&quot;:8,&quot;sizes&quot;:[]},&quot;hotspot_custom_size&quot;:&quot;yes&quot;,&quot;hotspot_width&quot;:{&quot;unit&quot;:&quot;px&quot;,&quot;size&quot;:30,&quot;sizes&quot;:[]},&quot;hotspot_height&quot;:{&quot;unit&quot;:&quot;px&quot;,&quot;size&quot;:17,&quot;sizes&quot;:[]},&quot;hotspot_tooltip_content&quot;:&quot;&quot;,&quot;hotspot_offset_y&quot;:{&quot;unit&quot;:&quot;%&quot;,&quot;size&quot;:67,&quot;sizes&quot;:[]},&quot;_id&quot;:&quot;975c1ab&quot;,&quot;hotspot_offset_x_tablet&quot;:{&quot;unit&quot;:&quot;px&quot;,&quot;size&quot;:19.5,&quot;sizes&quot;:[]},&quot;hotspot_offset_y_tablet&quot;:{&quot;unit&quot;:&quot;px&quot;,&quot;size&quot;:66,&quot;sizes&quot;:[]},&quot;hotspot_offset_x_mobile&quot;:{&quot;unit&quot;:&quot;px&quot;,&quot;size&quot;:18.5,&quot;sizes&quot;:[]},&quot;hotspot_offset_y_mobile&quot;:{&quot;unit&quot;:&quot;px&quot;,&quot;size&quot;:72,&quot;sizes&quot;:[]},&quot;hotspot_offset_x&quot;:{&quot;unit&quot;:&quot;%&quot;,&quot;size&quot;:20,&quot;sizes&quot;:[]},&quot;index&quot;:0,&quot;__dynamic__&quot;:null,&quot;hotspot_icon_position&quot;:&quot;start&quot;,&quot;hotspot_horizontal&quot;:&quot;left&quot;,&quot;hotspot_vertical&quot;:&quot;top&quot;,&quot;hotspot_tooltip_position&quot;:&quot;no&quot;,&quot;hotspot_position&quot;:null,&quot;hotspot_position_tablet&quot;:null,&quot;hotspot_position_mobile&quot;:null,&quot;hotspot_tooltip_width&quot;:null,&quot;hotspot_tooltip_width_tablet&quot;:null,&quot;hotspot_tooltip_width_mobile&quot;:null,&quot;hotspot_tooltip_text_wrap&quot;:null}],&quot;hotspot_sequenced_animation&quot;:&quot;no&quot;,&quot;tooltip_position&quot;:&quot;top&quot;,&quot;tooltip_trigger&quot;:&quot;click&quot;,&quot;tooltip_animation&quot;:&quot;e-hotspot--fade-in-out&quot;}\" data-widget_type=\"hotspot.default\">\n\t\t\t\t<div class=\"elementor-widget-container\">\n\t\t\t\t\t<img fetchpriority=\"high\" decoding=\"async\" width=\"1000\" height=\"750\" src=\"https:\/\/reccopolisforall.es\/wp-content\/uploads\/2024\/11\/SALA2_P10w.jpg\" class=\"attachment-large size-large wp-image-4132\" alt=\"Museumstafel mit ausf\u00fchrlichen Informationen \u00fcber die M\u00fcnzen und ihre Pr\u00e4gung.\" srcset=\"https:\/\/reccopolisforall.es\/wp-content\/uploads\/2024\/11\/SALA2_P10w.jpg 1000w, https:\/\/reccopolisforall.es\/wp-content\/uploads\/2024\/11\/SALA2_P10w-300x225.jpg 300w, https:\/\/reccopolisforall.es\/wp-content\/uploads\/2024\/11\/SALA2_P10w-768x576.jpg 768w\" sizes=\"(max-width: 1000px) 100vw, 1000px\" \/>\n\t\t\t\t\t\t<a class=\"e-hotspot elementor-repeater-item-975c1ab  e-hotspot--position-left e-hotspot--position-top e-hotspot--link e-hotspot--no-tooltip\" href=\"#1\">\n\n\t\t\t\t\t\t\t\t<div class=\"e-hotspot__button e-hotspot--soft-beat\">\n\t\t\t\t\t\t\t\t\t\t\t\t\t\t\t\t\t\t<div class=\"e-hotspot__icon\"><svg class=\"e-font-icon-svg e-fas-info-circle\" viewBox=\"0 0 512 512\" xmlns=\"http:\/\/www.w3.org\/2000\/svg\"><path d=\"M256 8C119.043 8 8 119.083 8 256c0 136.997 111.043 248 248 248s248-111.003 248-248C504 119.083 392.957 8 256 8zm0 110c23.196 0 42 18.804 42 42s-18.804 42-42 42-42-18.804-42-42 18.804-42 42-42zm56 254c0 6.627-5.373 12-12 12h-88c-6.627 0-12-5.373-12-12v-24c0-6.627 5.373-12 12-12h12v-64h-12c-6.627 0-12-5.373-12-12v-24c0-6.627 5.373-12 12-12h64c6.627 0 12 5.373 12 12v100h12c6.627 0 12 5.373 12 12v24z\"><\/path><\/svg><\/div>\n\t\t\t\t\t\t\t\t\t\t\t\t\t\t\t\t\t\t\t<div class=\"e-hotspot__label\">1 <span class=\"screen-reader-text\">gehen Sie zu Poster 1 mit detaillierten Informationen<\/span><\/div>\n\t\t\t\t\t\t\t\t\t\t\t\t\t\t\t<\/div>\n\n\t\t\t\t\t\t\t\t\n\t\t\t<\/a>\n\n\t\n\t\t\t\t\t\t<\/div>\n\t\t\t\t<\/div>\n\t\t\t\t\t<\/div>\n\t\t\t\t<\/div>\n\t\t<div class=\"elementor-element elementor-element-6c0a44b e-con-full animated-slow e-flex elementor-invisible e-con e-parent\" data-id=\"6c0a44b\" data-element_type=\"container\" data-e-type=\"container\" data-settings=\"{&quot;background_background&quot;:&quot;classic&quot;,&quot;animation&quot;:&quot;fadeInUp&quot;}\">\n\t\t<div class=\"elementor-element elementor-element-f78ead5 e-con-full e-grid e-con e-child\" data-id=\"f78ead5\" data-element_type=\"container\" data-e-type=\"container\">\n\t\t\t\t<div class=\"elementor-element elementor-element-00b6bb3 elementor-widget__width-auto elementor-widget elementor-widget-button\" data-id=\"00b6bb3\" data-element_type=\"widget\" data-e-type=\"widget\" data-widget_type=\"button.default\">\n\t\t\t\t<div class=\"elementor-widget-container\">\n\t\t\t\t\t\t\t\t\t<div class=\"elementor-button-wrapper\">\n\t\t\t\t\t<a class=\"elementor-button elementor-button-link elementor-size-sm\" href=\"https:\/\/reccopolisforall.es\/artesanado\/\">\n\t\t\t\t\t\t<span class=\"elementor-button-content-wrapper\">\n\t\t\t\t\t\t<span class=\"elementor-button-icon\">\n\t\t\t\t<svg aria-hidden=\"true\" class=\"e-font-icon-svg e-fas-info-circle\" viewBox=\"0 0 512 512\" xmlns=\"http:\/\/www.w3.org\/2000\/svg\"><path d=\"M256 8C119.043 8 8 119.083 8 256c0 136.997 111.043 248 248 248s248-111.003 248-248C504 119.083 392.957 8 256 8zm0 110c23.196 0 42 18.804 42 42s-18.804 42-42 42-42-18.804-42-42 18.804-42 42-42zm56 254c0 6.627-5.373 12-12 12h-88c-6.627 0-12-5.373-12-12v-24c0-6.627 5.373-12 12-12h12v-64h-12c-6.627 0-12-5.373-12-12v-24c0-6.627 5.373-12 12-12h64c6.627 0 12 5.373 12 12v100h12c6.627 0 12 5.373 12 12v24z\"><\/path><\/svg>\t\t\t<\/span>\n\t\t\t\t\t\t\t\t\t<span class=\"elementor-button-text\">Panel 9 <span class=\"screen-reader-text\">Gehe zu Panel 9<\/span><\/span>\n\t\t\t\t\t<\/span>\n\t\t\t\t\t<\/a>\n\t\t\t\t<\/div>\n\t\t\t\t\t\t\t\t<\/div>\n\t\t\t\t<\/div>\n\t\t\t\t<\/div>\n\t\t<div class=\"elementor-element elementor-element-e3a3ca2 e-con-full e-flex e-con e-child\" data-id=\"e3a3ca2\" data-element_type=\"container\" data-e-type=\"container\">\n\t\t\t\t<div class=\"elementor-element elementor-element-cbdaea5 elementor-widget__width-auto elementor-align-center elementor-widget elementor-widget-button\" data-id=\"cbdaea5\" data-element_type=\"widget\" data-e-type=\"widget\" data-widget_type=\"button.default\">\n\t\t\t\t<div class=\"elementor-widget-container\">\n\t\t\t\t\t\t\t\t\t<div class=\"elementor-button-wrapper\">\n\t\t\t\t\t<a class=\"elementor-button elementor-button-link elementor-size-sm\" href=\"https:\/\/reccopolisforall.es\/visita-centro-interpretacion\/\">\n\t\t\t\t\t\t<span class=\"elementor-button-content-wrapper\">\n\t\t\t\t\t\t<span class=\"elementor-button-icon\">\n\t\t\t\t<svg aria-hidden=\"true\" class=\"e-font-icon-svg e-fas-map-marked-alt\" viewBox=\"0 0 576 512\" xmlns=\"http:\/\/www.w3.org\/2000\/svg\"><path d=\"M288 0c-69.59 0-126 56.41-126 126 0 56.26 82.35 158.8 113.9 196.02 6.39 7.54 17.82 7.54 24.2 0C331.65 284.8 414 182.26 414 126 414 56.41 357.59 0 288 0zm0 168c-23.2 0-42-18.8-42-42s18.8-42 42-42 42 18.8 42 42-18.8 42-42 42zM20.12 215.95A32.006 32.006 0 0 0 0 245.66v250.32c0 11.32 11.43 19.06 21.94 14.86L160 448V214.92c-8.84-15.98-16.07-31.54-21.25-46.42L20.12 215.95zM288 359.67c-14.07 0-27.38-6.18-36.51-16.96-19.66-23.2-40.57-49.62-59.49-76.72v182l192 64V266c-18.92 27.09-39.82 53.52-59.49 76.72-9.13 10.77-22.44 16.95-36.51 16.95zm266.06-198.51L416 224v288l139.88-55.95A31.996 31.996 0 0 0 576 426.34V176.02c0-11.32-11.43-19.06-21.94-14.86z\"><\/path><\/svg>\t\t\t<\/span>\n\t\t\t\t\t\t\t\t\t<span class=\"elementor-button-text\">Grundriss des Interpretationszentrums <span class=\"screen-reader-text\">Zur\u00fcck zum Hauptgrundriss des Interpretationszentrums<\/span><\/span>\n\t\t\t\t\t<\/span>\n\t\t\t\t\t<\/a>\n\t\t\t\t<\/div>\n\t\t\t\t\t\t\t\t<\/div>\n\t\t\t\t<\/div>\n\t\t\t\t<\/div>\n\t\t<div class=\"elementor-element elementor-element-ff9b79a e-con-full e-grid e-con e-child\" data-id=\"ff9b79a\" data-element_type=\"container\" data-e-type=\"container\">\n\t\t\t\t<div class=\"elementor-element elementor-element-e3ff39a elementor-widget__width-auto elementor-widget elementor-widget-button\" data-id=\"e3ff39a\" data-element_type=\"widget\" data-e-type=\"widget\" data-widget_type=\"button.default\">\n\t\t\t\t<div class=\"elementor-widget-container\">\n\t\t\t\t\t\t\t\t\t<div class=\"elementor-button-wrapper\">\n\t\t\t\t\t<a class=\"elementor-button elementor-button-link elementor-size-sm\" href=\"https:\/\/reccopolisforall.es\/sociedad-andalusi\/\">\n\t\t\t\t\t\t<span class=\"elementor-button-content-wrapper\">\n\t\t\t\t\t\t<span class=\"elementor-button-icon\">\n\t\t\t\t<svg aria-hidden=\"true\" class=\"e-font-icon-svg e-fas-info-circle\" viewBox=\"0 0 512 512\" xmlns=\"http:\/\/www.w3.org\/2000\/svg\"><path d=\"M256 8C119.043 8 8 119.083 8 256c0 136.997 111.043 248 248 248s248-111.003 248-248C504 119.083 392.957 8 256 8zm0 110c23.196 0 42 18.804 42 42s-18.804 42-42 42-42-18.804-42-42 18.804-42 42-42zm56 254c0 6.627-5.373 12-12 12h-88c-6.627 0-12-5.373-12-12v-24c0-6.627 5.373-12 12-12h12v-64h-12c-6.627 0-12-5.373-12-12v-24c0-6.627 5.373-12 12-12h64c6.627 0 12 5.373 12 12v100h12c6.627 0 12 5.373 12 12v24z\"><\/path><\/svg>\t\t\t<\/span>\n\t\t\t\t\t\t\t\t\t<span class=\"elementor-button-text\">Panel 11 <span class=\"screen-reader-text\">Gehe zu Panel 11<\/span><\/span>\n\t\t\t\t\t<\/span>\n\t\t\t\t\t<\/a>\n\t\t\t\t<\/div>\n\t\t\t\t\t\t\t\t<\/div>\n\t\t\t\t<\/div>\n\t\t\t\t<\/div>\n\t\t\t\t<\/div>\n\t\t<div class=\"elementor-element elementor-element-788df5d e-flex e-con-boxed e-con e-parent\" data-id=\"788df5d\" data-element_type=\"container\" data-e-type=\"container\">\n\t\t\t\t\t<div class=\"e-con-inner\">\n\t\t\t\t<div class=\"elementor-element elementor-element-1e3d775 elementor-widget-divider--view-line elementor-widget elementor-widget-divider\" data-id=\"1e3d775\" data-element_type=\"widget\" data-e-type=\"widget\" data-widget_type=\"divider.default\">\n\t\t\t\t<div class=\"elementor-widget-container\">\n\t\t\t\t\t\t\t<div class=\"elementor-divider\">\n\t\t\t<span class=\"elementor-divider-separator\">\n\t\t\t\t\t\t<\/span>\n\t\t<\/div>\n\t\t\t\t\t\t<\/div>\n\t\t\t\t<\/div>\n\t\t\t\t\t<\/div>\n\t\t\t\t<\/div>\n\t\t<div class=\"elementor-element elementor-element-340a797 animated-slow e-con-full e-flex elementor-invisible e-con e-parent\" data-id=\"340a797\" data-element_type=\"container\" data-e-type=\"container\" data-settings=\"{&quot;animation&quot;:&quot;fadeInUp&quot;,&quot;background_background&quot;:&quot;classic&quot;}\">\n\t\t\t\t<div class=\"elementor-element elementor-element-2a9cef1 elementor-widget-mobile__width-inherit elementor-widget__width-inherit elementor-widget elementor-widget-heading\" data-id=\"2a9cef1\" data-element_type=\"widget\" data-e-type=\"widget\" data-widget_type=\"heading.default\">\n\t\t\t\t<div class=\"elementor-widget-container\">\n\t\t\t\t\t<h2 class=\"elementor-heading-title elementor-size-default\">1. Die W\u00e4hrung von Reccopolis<\/h2>\t\t\t\t<\/div>\n\t\t\t\t<\/div>\n\t\t\t\t<div class=\"elementor-element elementor-element-d6ce039 elementor-widget__width-initial elementor-widget elementor-widget-text-editor\" data-id=\"d6ce039\" data-element_type=\"widget\" data-e-type=\"widget\" data-widget_type=\"text-editor.default\">\n\t\t\t\t<div class=\"elementor-widget-container\">\n\t\t\t\t\t\t\t\t\t<p>In Reccopolis gab es eine sogenannte Ceca, eine M\u00fcnzpr\u00e4geanstalt, in der, soweit es bis heute bekannt ist, mindestens vier westgotische K\u00f6nige auf die M\u00fcnzen gepr\u00e4gt wurden: Leovigild, Rekkared, Suinthila und Witiza.<\/p><p>Das westgotische W\u00e4hrungssystem basierte auf dem des sp\u00e4ten R\u00f6mischen Reiches und hatte als wichtigste W\u00e4hrungseinheit den goldenen Tremis. Diese M\u00fcnze, gemessen an ihrem hohen Wert, galt als das zentrale Element im Steuersystem und war daher notwendig f\u00fcr den Erhalt des Westgotenreichs. Trotzdem gibt es mehrere Hinweise darauf, dass das W\u00e4hrungssystem viel strukturierter war als bisher angenommen und die M\u00fcnze in einigen Teilen des Westgotenreichs f\u00fcr allt\u00e4gliche K\u00e4ufe und Verk\u00e4ufe genutzt wurde. Daf\u00fcr sprechen die Entdeckung von anderen M\u00fcnzen aus weniger wertvolleren Metallen, schriftliche Dokumente, die den h\u00e4ufigen Gebrauch belegen, und der Umlauf der sp\u00e4tr\u00f6mischen M\u00fcnze.  <\/p><p>Im Fundament des Taufbeckens der Palastkirche wurde ein kleiner Schatz aus 92 byzantinischen, suebischen und merowingischen Goldm\u00fcnzen gefunden. Ebenso entdeckte man die ersten westgotischen Pr\u00e4gungen des K\u00f6nigs Leovigild, die wahrscheinlich dort beigelegt wurden, um an die Gr\u00fcndung der Stadt zu erinnern.<\/p>\t\t\t\t\t\t\t\t<\/div>\n\t\t\t\t<\/div>\n\t\t\t\t<\/div>\n\t\t<div class=\"elementor-element elementor-element-2e55578 e-flex e-con-boxed elementor-invisible e-con e-parent\" data-id=\"2e55578\" data-element_type=\"container\" data-e-type=\"container\" data-settings=\"{&quot;animation&quot;:&quot;fadeInUp&quot;}\">\n\t\t\t\t\t<div class=\"e-con-inner\">\n\t\t<div class=\"elementor-element elementor-element-34f3604 e-con-full e-flex e-con e-child\" data-id=\"34f3604\" data-element_type=\"container\" data-e-type=\"container\">\n\t\t\t\t<div class=\"elementor-element elementor-element-d566ef9 elementor-widget elementor-widget-image\" data-id=\"d566ef9\" data-element_type=\"widget\" data-e-type=\"widget\" data-widget_type=\"image.default\">\n\t\t\t\t<div class=\"elementor-widget-container\">\n\t\t\t\t\t\t\t\t\t\t\t\t<figure class=\"wp-caption\">\n\t\t\t\t\t\t\t\t\t\t<img decoding=\"async\" width=\"710\" height=\"518\" src=\"https:\/\/reccopolisforall.es\/wp-content\/uploads\/2024\/12\/Fig-w.jpg\" class=\"attachment-full size-full wp-image-4204\" alt=\"Schatz aus Reccopolis, bestehend aus M\u00fcnzen aus der westgotischen Zeit.\" srcset=\"https:\/\/reccopolisforall.es\/wp-content\/uploads\/2024\/12\/Fig-w.jpg 710w, https:\/\/reccopolisforall.es\/wp-content\/uploads\/2024\/12\/Fig-w-300x219.jpg 300w\" sizes=\"(max-width: 710px) 100vw, 710px\" \/>\t\t\t\t\t\t\t\t\t\t\t<figcaption class=\"widget-image-caption wp-caption-text\">Kleiner Schatz von Reccopolis, zurzeit ausgestellt im Nationalen Arch\u00e4ologischen Museum, entdeckt w\u00e4hrend der Ausgrabungen 1946<\/figcaption>\n\t\t\t\t\t\t\t\t\t\t<\/figure>\n\t\t\t\t\t\t\t\t\t<\/div>\n\t\t\t\t<\/div>\n\t\t\t\t<\/div>\n\t\t\t\t\t<\/div>\n\t\t\t\t<\/div>\n\t\t<div class=\"elementor-element elementor-element-4d48192 e-flex e-con-boxed elementor-invisible e-con e-parent\" data-id=\"4d48192\" data-element_type=\"container\" data-e-type=\"container\" data-settings=\"{&quot;animation&quot;:&quot;fadeInUp&quot;}\">\n\t\t\t\t\t<div class=\"e-con-inner\">\n\t\t<div class=\"elementor-element elementor-element-1478f6c e-con-full e-flex e-con e-child\" data-id=\"1478f6c\" data-element_type=\"container\" data-e-type=\"container\">\n\t\t\t\t<div class=\"elementor-element elementor-element-fe1e0f4 elementor-widget elementor-widget-image\" data-id=\"fe1e0f4\" data-element_type=\"widget\" data-e-type=\"widget\" data-widget_type=\"image.default\">\n\t\t\t\t<div class=\"elementor-widget-container\">\n\t\t\t\t\t\t\t\t\t\t\t\t<figure class=\"wp-caption\">\n\t\t\t\t\t\t\t\t\t\t<img decoding=\"async\" width=\"300\" height=\"291\" src=\"https:\/\/reccopolisforall.es\/wp-content\/uploads\/2024\/12\/Caja-luz-20A-traz-moneda-tulga-w-300x291.jpg\" class=\"attachment-medium size-medium wp-image-4206\" alt=\"In Reccopolis gepr\u00e4gte M\u00fcnze des westgotischen K\u00f6nigs Tulga.\" srcset=\"https:\/\/reccopolisforall.es\/wp-content\/uploads\/2024\/12\/Caja-luz-20A-traz-moneda-tulga-w-300x291.jpg 300w, https:\/\/reccopolisforall.es\/wp-content\/uploads\/2024\/12\/Caja-luz-20A-traz-moneda-tulga-w-1024x993.jpg 1024w, https:\/\/reccopolisforall.es\/wp-content\/uploads\/2024\/12\/Caja-luz-20A-traz-moneda-tulga-w-768x745.jpg 768w, https:\/\/reccopolisforall.es\/wp-content\/uploads\/2024\/12\/Caja-luz-20A-traz-moneda-tulga-w.jpg 1300w\" sizes=\"(max-width: 300px) 100vw, 300px\" \/>\t\t\t\t\t\t\t\t\t\t\t<figcaption class=\"widget-image-caption wp-caption-text\">M\u00fcnze des K\u00f6nigs Tulga, gepr\u00e4gt in C\u00f3rdoba, und gefunden in Reccopolis<\/figcaption>\n\t\t\t\t\t\t\t\t\t\t<\/figure>\n\t\t\t\t\t\t\t\t\t<\/div>\n\t\t\t\t<\/div>\n\t\t\t\t<\/div>\n\t\t<div class=\"elementor-element elementor-element-8f8c422 e-con-full e-flex e-con e-child\" data-id=\"8f8c422\" data-element_type=\"container\" data-e-type=\"container\">\n\t\t\t\t<div class=\"elementor-element elementor-element-f6d339d elementor-widget elementor-widget-image\" data-id=\"f6d339d\" data-element_type=\"widget\" data-e-type=\"widget\" data-widget_type=\"image.default\">\n\t\t\t\t<div class=\"elementor-widget-container\">\n\t\t\t\t\t\t\t\t\t\t\t\t<figure class=\"wp-caption\">\n\t\t\t\t\t\t\t\t\t\t<img loading=\"lazy\" decoding=\"async\" width=\"300\" height=\"300\" src=\"https:\/\/reccopolisforall.es\/wp-content\/uploads\/2024\/12\/Moneda-de-Recopolis-Merida-w-e1734363268414-300x300.jpg\" class=\"attachment-medium size-medium wp-image-4208\" alt=\"In Reccopolis gepr\u00e4gte und in Merida ausgegrabene Goldm\u00fcnze.\" srcset=\"https:\/\/reccopolisforall.es\/wp-content\/uploads\/2024\/12\/Moneda-de-Recopolis-Merida-w-e1734363268414-300x300.jpg 300w, https:\/\/reccopolisforall.es\/wp-content\/uploads\/2024\/12\/Moneda-de-Recopolis-Merida-w-e1734363268414-1020x1024.jpg 1020w, https:\/\/reccopolisforall.es\/wp-content\/uploads\/2024\/12\/Moneda-de-Recopolis-Merida-w-e1734363268414-150x150.jpg 150w, https:\/\/reccopolisforall.es\/wp-content\/uploads\/2024\/12\/Moneda-de-Recopolis-Merida-w-e1734363268414-768x771.jpg 768w, https:\/\/reccopolisforall.es\/wp-content\/uploads\/2024\/12\/Moneda-de-Recopolis-Merida-w-e1734363268414-448x448.jpg 448w, https:\/\/reccopolisforall.es\/wp-content\/uploads\/2024\/12\/Moneda-de-Recopolis-Merida-w-e1734363268414.jpg 1390w\" sizes=\"(max-width: 300px) 100vw, 300px\" \/>\t\t\t\t\t\t\t\t\t\t\t<figcaption class=\"widget-image-caption wp-caption-text\">M\u00fcnze gepr\u00e4gt in Reccopolis und entdeckt bei Ausgrabungen von M\u00e9rida<\/figcaption>\n\t\t\t\t\t\t\t\t\t\t<\/figure>\n\t\t\t\t\t\t\t\t\t<\/div>\n\t\t\t\t<\/div>\n\t\t\t\t<\/div>\n\t\t<div class=\"elementor-element elementor-element-86c3823 e-con-full e-flex e-con e-child\" data-id=\"86c3823\" data-element_type=\"container\" data-e-type=\"container\">\n\t\t\t\t<div class=\"elementor-element elementor-element-02e371e elementor-widget elementor-widget-image\" data-id=\"02e371e\" data-element_type=\"widget\" data-e-type=\"widget\" data-widget_type=\"image.default\">\n\t\t\t\t<div class=\"elementor-widget-container\">\n\t\t\t\t\t\t\t\t\t\t\t\t<figure class=\"wp-caption\">\n\t\t\t\t\t\t\t\t\t\t<img loading=\"lazy\" decoding=\"async\" width=\"768\" height=\"513\" src=\"https:\/\/reccopolisforall.es\/wp-content\/uploads\/2024\/08\/C2_IMAGEN3-768x513.jpg\" class=\"attachment-medium_large size-medium_large wp-image-3914\" alt=\"Westgotische W\u00e4hrung, bekannt als Trem\u00eds. Auf der linken Vorderseite die schematische Figur des Profils von K\u00f6nig Leovigild und die Legende \u201eLeovigild\u201c. Rechts die R\u00fcckseite mit schematischer Figur einer gefl\u00fcgelten Victory und der lateinischen Legende \u201eIllustrious King\u201c.\" srcset=\"https:\/\/reccopolisforall.es\/wp-content\/uploads\/2024\/08\/C2_IMAGEN3-768x513.jpg 768w, https:\/\/reccopolisforall.es\/wp-content\/uploads\/2024\/08\/C2_IMAGEN3-300x201.jpg 300w, https:\/\/reccopolisforall.es\/wp-content\/uploads\/2024\/08\/C2_IMAGEN3-1024x685.jpg 1024w, https:\/\/reccopolisforall.es\/wp-content\/uploads\/2024\/08\/C2_IMAGEN3.jpg 1080w\" sizes=\"(max-width: 768px) 100vw, 768px\" \/>\t\t\t\t\t\t\t\t\t\t\t<figcaption class=\"widget-image-caption wp-caption-text\">Westgotische M\u00fcnze, bekannt als Trem\u00eds. Links die Vorderseite mit einer schematischen Darstellung des Profils von K\u00f6nig Leovigild und der Legende \u201eLeovigild\u201c. Auf der rechten Seite die R\u00fcckseite mit der schematischen Darstellung einer gefl\u00fcgelten Siegerin und der lateinischen Legende \u201eErlauchter K\u00f6nig\u201c.  <\/figcaption>\n\t\t\t\t\t\t\t\t\t\t<\/figure>\n\t\t\t\t\t\t\t\t\t<\/div>\n\t\t\t\t<\/div>\n\t\t\t\t<\/div>\n\t\t\t\t\t<\/div>\n\t\t\t\t<\/div>\n\t\t<div class=\"elementor-element elementor-element-3f3e63f e-flex e-con-boxed elementor-invisible e-con e-parent\" data-id=\"3f3e63f\" data-element_type=\"container\" data-e-type=\"container\" data-settings=\"{&quot;animation&quot;:&quot;fadeInUp&quot;}\">\n\t\t\t\t\t<div class=\"e-con-inner\">\n\t\t<div class=\"elementor-element elementor-element-410c36d e-con-full e-flex e-con e-child\" data-id=\"410c36d\" data-element_type=\"container\" data-e-type=\"container\">\n\t\t\t\t<div class=\"elementor-element elementor-element-e740a86 elementor-widget__width-initial elementor-widget-divider--view-line elementor-widget elementor-widget-divider\" data-id=\"e740a86\" data-element_type=\"widget\" data-e-type=\"widget\" data-widget_type=\"divider.default\">\n\t\t\t\t<div class=\"elementor-widget-container\">\n\t\t\t\t\t\t\t<div class=\"elementor-divider\">\n\t\t\t<span class=\"elementor-divider-separator\">\n\t\t\t\t\t\t<\/span>\n\t\t<\/div>\n\t\t\t\t\t\t<\/div>\n\t\t\t\t<\/div>\n\t\t\t\t<\/div>\n\t\t<div class=\"elementor-element elementor-element-b7e9a2b e-con-full e-flex e-con e-child\" data-id=\"b7e9a2b\" data-element_type=\"container\" data-e-type=\"container\">\n\t\t\t\t<div class=\"elementor-element elementor-element-d803af1 elementor-align-justify elementor-widget elementor-widget-button\" data-id=\"d803af1\" data-element_type=\"widget\" data-e-type=\"widget\" data-widget_type=\"button.default\">\n\t\t\t\t<div class=\"elementor-widget-container\">\n\t\t\t\t\t\t\t\t\t<div class=\"elementor-button-wrapper\">\n\t\t\t\t\t<a class=\"elementor-button elementor-button-link elementor-size-sm\" href=\"#panel\">\n\t\t\t\t\t\t<span class=\"elementor-button-content-wrapper\">\n\t\t\t\t\t\t<span class=\"elementor-button-icon\">\n\t\t\t\t<svg aria-hidden=\"true\" class=\"e-font-icon-svg e-fas-arrow-circle-up\" viewBox=\"0 0 512 512\" xmlns=\"http:\/\/www.w3.org\/2000\/svg\"><path d=\"M8 256C8 119 119 8 256 8s248 111 248 248-111 248-248 248S8 393 8 256zm143.6 28.9l72.4-75.5V392c0 13.3 10.7 24 24 24h16c13.3 0 24-10.7 24-24V209.4l72.4 75.5c9.3 9.7 24.8 9.9 34.3.4l10.9-11c9.4-9.4 9.4-24.6 0-33.9L273 107.7c-9.4-9.4-24.6-9.4-33.9 0L106.3 240.4c-9.4 9.4-9.4 24.6 0 33.9l10.9 11c9.6 9.5 25.1 9.3 34.4-.4z\"><\/path><\/svg>\t\t\t<\/span>\n\t\t\t\t\t\t\t\t\t<span class=\"elementor-button-text\"><span class=\"screen-reader-text\">zur\u00fcck zum obersten Panel<\/span><\/span>\n\t\t\t\t\t<\/span>\n\t\t\t\t\t<\/a>\n\t\t\t\t<\/div>\n\t\t\t\t\t\t\t\t<\/div>\n\t\t\t\t<\/div>\n\t\t\t\t<\/div>\n\t\t\t\t\t<\/div>\n\t\t\t\t<\/div>\n\t\t\t\t<\/div>\n\t\t","protected":false},"excerpt":{"rendered":"<div class=\"entry-summary\">\nPanel 10 &#8211; Die W\u00e4hrung Diese Tafel enth\u00e4lt ausf\u00fchrliche Informationen \u00fcber die M\u00fcnzen, ihre Pr\u00e4geanstalten und ihre Bedeutung in der Gesellschaft f\u00fcr das Steuererhebungssystem. 1 gehen Sie zu Poster 1 mit detaillierten Informationen Panel 9 Gehe zu Panel 9 Grundriss&hellip;\n<\/div>\n<div class=\"link-more\"><a href=\"https:\/\/reccopolisforall.es\/de\/panel_10-die-waehrung\/\" class=\"more-link\">Continue reading<span class=\"screen-reader-text\"> &ldquo;Panel_10 Die W\u00e4hrung&rdquo;<\/span>&hellip;<\/a><\/div>\n","protected":false},"author":1,"featured_media":0,"parent":0,"menu_order":0,"comment_status":"closed","ping_status":"closed","template":"","meta":{"_acf_changed":false,"footnotes":""},"class_list":["post-4531","page","type-page","status-publish","hentry","entry"],"acf":[],"_links":{"self":[{"href":"https:\/\/reccopolisforall.es\/de\/wp-json\/wp\/v2\/pages\/4531","targetHints":{"allow":["GET"]}}],"collection":[{"href":"https:\/\/reccopolisforall.es\/de\/wp-json\/wp\/v2\/pages"}],"about":[{"href":"https:\/\/reccopolisforall.es\/de\/wp-json\/wp\/v2\/types\/page"}],"author":[{"embeddable":true,"href":"https:\/\/reccopolisforall.es\/de\/wp-json\/wp\/v2\/users\/1"}],"replies":[{"embeddable":true,"href":"https:\/\/reccopolisforall.es\/de\/wp-json\/wp\/v2\/comments?post=4531"}],"version-history":[{"count":1,"href":"https:\/\/reccopolisforall.es\/de\/wp-json\/wp\/v2\/pages\/4531\/revisions"}],"predecessor-version":[{"id":4532,"href":"https:\/\/reccopolisforall.es\/de\/wp-json\/wp\/v2\/pages\/4531\/revisions\/4532"}],"wp:attachment":[{"href":"https:\/\/reccopolisforall.es\/de\/wp-json\/wp\/v2\/media?parent=4531"}],"curies":[{"name":"wp","href":"https:\/\/api.w.org\/{rel}","templated":true}]}}