{"id":4676,"date":"2024-05-28T16:53:41","date_gmt":"2024-05-28T14:53:41","guid":{"rendered":"https:\/\/reccopolisforall.es\/lernen-sie-reccopolis-kennen\/"},"modified":"2025-07-18T09:47:49","modified_gmt":"2025-07-18T07:47:49","slug":"lernen-sie-reccopolis-kennen","status":"publish","type":"page","link":"https:\/\/reccopolisforall.es\/de\/lernen-sie-reccopolis-kennen\/","title":{"rendered":"LERNEN SIE RECCOPOLIS KENNEN"},"content":{"rendered":"\t\t<div data-elementor-type=\"wp-page\" data-elementor-id=\"4676\" class=\"elementor elementor-4676 elementor-102\" data-elementor-post-type=\"page\">\n\t\t\t\t<div class=\"elementor-element elementor-element-117ed214 animated-slow e-con-full e-flex elementor-invisible e-con e-parent\" data-id=\"117ed214\" data-element_type=\"container\" data-e-type=\"container\" data-settings=\"{&quot;animation&quot;:&quot;fadeInUp&quot;,&quot;background_background&quot;:&quot;classic&quot;}\">\n\t\t\t\t<div class=\"elementor-element elementor-element-3991686e elementor-widget-mobile__width-inherit elementor-widget__width-inherit elementor-widget elementor-widget-heading\" data-id=\"3991686e\" data-element_type=\"widget\" data-e-type=\"widget\" data-widget_type=\"heading.default\">\n\t\t\t\t<div class=\"elementor-widget-container\">\n\t\t\t\t\t<h1 class=\"elementor-heading-title elementor-size-default\">LERNEN SIE RECCOPOLIS KENNEN<\/h1>\t\t\t\t<\/div>\n\t\t\t\t<\/div>\n\t\t\t\t<div class=\"elementor-element elementor-element-95f862d elementor-widget elementor-widget-text-editor\" data-id=\"95f862d\" data-element_type=\"widget\" data-e-type=\"widget\" data-widget_type=\"text-editor.default\">\n\t\t\t\t<div class=\"elementor-widget-container\">\n\t\t\t\t\t\t\t\t\t<p>Auf dieser Seite finden Sie zwei Fenster. Das linke f\u00fchrt Sie zum Informationszentrum des Arch\u00e4ologieparks von Reccopolis. Die Beschreibung und Visualisierung jeder einzelnen Tafel bietet Ihnen einen Einblick in die Arch\u00e4ologie, die Geschichte des Gebiets von Rec\u00f3polis und seine Entwicklung seit der Gr\u00fcndung der westgotischen Stadt im Jahr 578 n. Chr. bis zur Umsiedlung der Bev\u00f6lkerung nach Zorita de los Canes im 18. Jahrhundert.  <span style=\"color: var( --e-global-color-text ); background-color: var(--color_content_background); font-family: var(--typography_fonts_text);\">\u00dcber das andere Fenster k\u00f6nnen Sie die St\u00e4tte besichtigen und eine Tour zu den wichtigsten Wahrzeichen der Stadt unternehmen.<\/span><\/p>\t\t\t\t\t\t\t\t<\/div>\n\t\t\t\t<\/div>\n\t\t\t\t<\/div>\n\t\t<div class=\"elementor-element elementor-element-52aeb30 e-con-full e-flex e-con e-parent\" data-id=\"52aeb30\" data-element_type=\"container\" data-e-type=\"container\">\n\t\t<div class=\"elementor-element elementor-element-e1ffb28 e-con-full e-flex e-con e-child\" data-id=\"e1ffb28\" data-element_type=\"container\" data-e-type=\"container\">\n\t\t<div class=\"elementor-element elementor-element-23f934f e-con-full e-flex e-con e-child\" data-id=\"23f934f\" data-element_type=\"container\" data-e-type=\"container\">\n\t\t\t\t<div class=\"elementor-element elementor-element-43afb257 elementor-widget elementor-widget-heading\" data-id=\"43afb257\" data-element_type=\"widget\" data-e-type=\"widget\" data-widget_type=\"heading.default\">\n\t\t\t\t<div class=\"elementor-widget-container\">\n\t\t\t\t\t<h2 class=\"elementor-heading-title elementor-size-default\">BESUCHEN SIE DAS INFORMATIONSSZENTRUM<\/h2>\t\t\t\t<\/div>\n\t\t\t\t<\/div>\n\t\t<div class=\"elementor-element elementor-element-20059a8e e-con-full e-flex e-con e-child\" data-id=\"20059a8e\" data-element_type=\"container\" data-e-type=\"container\">\n\t\t\t\t<div class=\"elementor-element elementor-element-201dddff elementor-widget__width-initial elementor-widget elementor-widget-image\" data-id=\"201dddff\" data-element_type=\"widget\" data-e-type=\"widget\" data-widget_type=\"image.default\">\n\t\t\t\t<div class=\"elementor-widget-container\">\n\t\t\t\t\t\t\t\t\t\t\t\t\t\t\t<img fetchpriority=\"high\" decoding=\"async\" width=\"1920\" height=\"1080\" src=\"https:\/\/reccopolisforall.es\/wp-content\/uploads\/2024\/12\/DSC_0178-w-1920x1080.jpg\" class=\"attachment-icelander-intro size-icelander-intro wp-image-4272\" alt=\"Eingang zum Interpretationszentrum Reccopolis\" \/>\t\t\t\t\t\t\t\t\t\t\t\t\t\t\t<\/div>\n\t\t\t\t<\/div>\n\t\t\t\t<div class=\"elementor-element elementor-element-32c35b9c elementor-widget elementor-widget-text-editor\" data-id=\"32c35b9c\" data-element_type=\"widget\" data-e-type=\"widget\" data-widget_type=\"text-editor.default\">\n\t\t\t\t<div class=\"elementor-widget-container\">\n\t\t\t\t\t\t\t\t\t<p>Im <strong>Informationszentrum <\/strong>k\u00f6nnen alle Besuchenden mehr \u00fcber den Komplex und seine Geschichte im Laufe der Jahrhunderte dank einer Reihe von barrierefreien Leuchtk\u00e4sten, die Sie im Internet einsehen k\u00f6nnen, erfahren.<\/p>\t\t\t\t\t\t\t\t<\/div>\n\t\t\t\t<\/div>\n\t\t\t\t<div class=\"elementor-element elementor-element-6e65c1b5 elementor-align-center elementor-widget elementor-widget-button\" data-id=\"6e65c1b5\" data-element_type=\"widget\" data-e-type=\"widget\" data-widget_type=\"button.default\">\n\t\t\t\t<div class=\"elementor-widget-container\">\n\t\t\t\t\t\t\t\t\t<div class=\"elementor-button-wrapper\">\n\t\t\t\t\t<a class=\"elementor-button elementor-button-link elementor-size-sm\" href=\"https:\/\/reccopolisforall.es\/visita-centro-interpretacion\/\">\n\t\t\t\t\t\t<span class=\"elementor-button-content-wrapper\">\n\t\t\t\t\t\t\t\t\t<span class=\"elementor-button-text\">TRETEN SIE IN DAS INFORMATIONSZENTRUM EIN <span class=\"screen-reader-text\">TRETEN SIE IN DAS INFORMATIONSZENTRUM EIN<\/span><\/span>\n\t\t\t\t\t<\/span>\n\t\t\t\t\t<\/a>\n\t\t\t\t<\/div>\n\t\t\t\t\t\t\t\t<\/div>\n\t\t\t\t<\/div>\n\t\t\t\t<\/div>\n\t\t\t\t<\/div>\n\t\t\t\t<\/div>\n\t\t<div class=\"elementor-element elementor-element-7461381 e-con-full e-flex e-con e-child\" data-id=\"7461381\" data-element_type=\"container\" data-e-type=\"container\">\n\t\t<div class=\"elementor-element elementor-element-2a69aa0 e-con-full e-flex e-con e-child\" data-id=\"2a69aa0\" data-element_type=\"container\" data-e-type=\"container\">\n\t\t\t\t<div class=\"elementor-element elementor-element-ae794fe elementor-widget elementor-widget-heading\" data-id=\"ae794fe\" data-element_type=\"widget\" data-e-type=\"widget\" data-widget_type=\"heading.default\">\n\t\t\t\t<div class=\"elementor-widget-container\">\n\t\t\t\t\t<h2 class=\"elementor-heading-title elementor-size-default\">BESUCHEN SIE DIE AUSGRABUNGSST\u00c4TTE<\/h2>\t\t\t\t<\/div>\n\t\t\t\t<\/div>\n\t\t<div class=\"elementor-element elementor-element-2410cb4 e-con-full e-flex e-con e-child\" data-id=\"2410cb4\" data-element_type=\"container\" data-e-type=\"container\">\n\t\t\t\t<div class=\"elementor-element elementor-element-6d13a1c elementor-widget__width-initial elementor-widget elementor-widget-image\" data-id=\"6d13a1c\" data-element_type=\"widget\" data-e-type=\"widget\" data-widget_type=\"image.default\">\n\t\t\t\t<div class=\"elementor-widget-container\">\n\t\t\t\t\t\t\t\t\t\t\t\t\t\t\t<img decoding=\"async\" width=\"760\" height=\"500\" src=\"https:\/\/reccopolisforall.es\/wp-content\/uploads\/2024\/06\/YACIMIENTO_AEREA.jpg\" class=\"attachment-full size-full wp-image-3868\" alt=\"Luftaufnahme des Standorts Reccopolis\" srcset=\"https:\/\/reccopolisforall.es\/wp-content\/uploads\/2024\/06\/YACIMIENTO_AEREA.jpg 760w, https:\/\/reccopolisforall.es\/wp-content\/uploads\/2024\/06\/YACIMIENTO_AEREA-300x197.jpg 300w\" sizes=\"(max-width: 760px) 100vw, 760px\" \/>\t\t\t\t\t\t\t\t\t\t\t\t\t\t\t<\/div>\n\t\t\t\t<\/div>\n\t\t\t\t<div class=\"elementor-element elementor-element-b423f3f elementor-widget elementor-widget-text-editor\" data-id=\"b423f3f\" data-element_type=\"widget\" data-e-type=\"widget\" data-widget_type=\"text-editor.default\">\n\t\t\t\t<div class=\"elementor-widget-container\">\n\t\t\t\t\t\t\t\t\t<p>Sie k\u00f6nnen die <strong>Ausgrabungsst\u00e4tte <\/strong>besuchen, indem Sie auf die jeweiligen Schilder klicken. So erfahren Sie mehr \u00fcber die Geb\u00e4ude und ihre Funktionen in der Stadt und k\u00f6nnen die noch vorhandenen ausgegrabenen Strukturen besichtigen.<\/p>\t\t\t\t\t\t\t\t<\/div>\n\t\t\t\t<\/div>\n\t\t\t\t<div class=\"elementor-element elementor-element-4cd73d2 elementor-align-center elementor-widget elementor-widget-button\" data-id=\"4cd73d2\" data-element_type=\"widget\" data-e-type=\"widget\" data-widget_type=\"button.default\">\n\t\t\t\t<div class=\"elementor-widget-container\">\n\t\t\t\t\t\t\t\t\t<div class=\"elementor-button-wrapper\">\n\t\t\t\t\t<a class=\"elementor-button elementor-button-link elementor-size-sm\" href=\"https:\/\/reccopolisforall.es\/visita-reccopolis\/\">\n\t\t\t\t\t\t<span class=\"elementor-button-content-wrapper\">\n\t\t\t\t\t\t\t\t\t<span class=\"elementor-button-text\">BESUCHEN SIE DIE AUSGRABUNGSST\u00c4TTE <span class=\"screen-reader-text\">BESUCHEN SIE DIE AUSGRABUNGSST\u00c4TTE <\/span><\/span>\n\t\t\t\t\t<\/span>\n\t\t\t\t\t<\/a>\n\t\t\t\t<\/div>\n\t\t\t\t\t\t\t\t<\/div>\n\t\t\t\t<\/div>\n\t\t\t\t<\/div>\n\t\t\t\t<\/div>\n\t\t\t\t<\/div>\n\t\t\t\t<\/div>\n\t\t<div class=\"elementor-element elementor-element-77d65c2 e-flex e-con-boxed e-con e-parent\" data-id=\"77d65c2\" data-element_type=\"container\" data-e-type=\"container\">\n\t\t\t\t\t<div class=\"e-con-inner\">\n\t\t\t\t<div class=\"elementor-element elementor-element-fbf7f2c elementor-widget elementor-widget-spacer\" data-id=\"fbf7f2c\" data-element_type=\"widget\" data-e-type=\"widget\" data-widget_type=\"spacer.default\">\n\t\t\t\t<div class=\"elementor-widget-container\">\n\t\t\t\t\t\t\t<div class=\"elementor-spacer\">\n\t\t\t<div class=\"elementor-spacer-inner\"><\/div>\n\t\t<\/div>\n\t\t\t\t\t\t<\/div>\n\t\t\t\t<\/div>\n\t\t\t\t\t<\/div>\n\t\t\t\t<\/div>\n\t\t\t\t<\/div>\n\t\t","protected":false},"excerpt":{"rendered":"<div class=\"entry-summary\">\nLERNEN SIE RECCOPOLIS KENNEN Auf dieser Seite finden Sie zwei Fenster. Das linke f\u00fchrt Sie zum Informationszentrum des Arch\u00e4ologieparks von Reccopolis. Die Beschreibung und Visualisierung jeder einzelnen Tafel bietet Ihnen einen Einblick in die Arch\u00e4ologie, die Geschichte des Gebiets von&hellip;\n<\/div>\n<div class=\"link-more\"><a href=\"https:\/\/reccopolisforall.es\/de\/lernen-sie-reccopolis-kennen\/\" class=\"more-link\">Continue reading<span class=\"screen-reader-text\"> &ldquo;LERNEN SIE RECCOPOLIS KENNEN&rdquo;<\/span>&hellip;<\/a><\/div>\n","protected":false},"author":1,"featured_media":0,"parent":0,"menu_order":0,"comment_status":"closed","ping_status":"closed","template":"","meta":{"_acf_changed":false,"footnotes":""},"class_list":["post-4676","page","type-page","status-publish","hentry","entry"],"acf":[],"_links":{"self":[{"href":"https:\/\/reccopolisforall.es\/de\/wp-json\/wp\/v2\/pages\/4676","targetHints":{"allow":["GET"]}}],"collection":[{"href":"https:\/\/reccopolisforall.es\/de\/wp-json\/wp\/v2\/pages"}],"about":[{"href":"https:\/\/reccopolisforall.es\/de\/wp-json\/wp\/v2\/types\/page"}],"author":[{"embeddable":true,"href":"https:\/\/reccopolisforall.es\/de\/wp-json\/wp\/v2\/users\/1"}],"replies":[{"embeddable":true,"href":"https:\/\/reccopolisforall.es\/de\/wp-json\/wp\/v2\/comments?post=4676"}],"version-history":[{"count":1,"href":"https:\/\/reccopolisforall.es\/de\/wp-json\/wp\/v2\/pages\/4676\/revisions"}],"predecessor-version":[{"id":4677,"href":"https:\/\/reccopolisforall.es\/de\/wp-json\/wp\/v2\/pages\/4676\/revisions\/4677"}],"wp:attachment":[{"href":"https:\/\/reccopolisforall.es\/de\/wp-json\/wp\/v2\/media?parent=4676"}],"curies":[{"name":"wp","href":"https:\/\/api.w.org\/{rel}","templated":true}]}}