{"id":4689,"date":"2024-09-18T17:50:34","date_gmt":"2024-09-18T15:50:34","guid":{"rendered":"https:\/\/reccopolisforall.es\/3d-modelle\/"},"modified":"2025-12-11T14:16:43","modified_gmt":"2025-12-11T13:16:43","slug":"3d-modelle","status":"publish","type":"page","link":"https:\/\/reccopolisforall.es\/de\/3d-modelle\/","title":{"rendered":"3D-Modelle"},"content":{"rendered":"\t\t<div data-elementor-type=\"wp-page\" data-elementor-id=\"4689\" class=\"elementor elementor-4689 elementor-1839\" data-elementor-post-type=\"page\">\n\t\t\t\t<div class=\"elementor-element elementor-element-3b6204f6 animated-slow e-flex e-con-boxed elementor-invisible e-con e-parent\" data-id=\"3b6204f6\" data-element_type=\"container\" data-e-type=\"container\" data-settings=\"{&quot;animation&quot;:&quot;fadeInUp&quot;,&quot;background_background&quot;:&quot;classic&quot;}\">\n\t\t\t\t\t<div class=\"e-con-inner\">\n\t\t\t\t<div class=\"elementor-element elementor-element-3367e4b7 elementor-widget-mobile__width-inherit elementor-widget__width-inherit elementor-widget elementor-widget-heading\" data-id=\"3367e4b7\" data-element_type=\"widget\" data-e-type=\"widget\" data-widget_type=\"heading.default\">\n\t\t\t\t<div class=\"elementor-widget-container\">\n\t\t\t\t\t<h2 class=\"elementor-heading-title elementor-size-default\">3D-Modelle<\/h2>\t\t\t\t<\/div>\n\t\t\t\t<\/div>\n\t\t\t\t<div class=\"elementor-element elementor-element-1f6e4f9c elementor-widget elementor-widget-text-editor\" data-id=\"1f6e4f9c\" data-element_type=\"widget\" data-e-type=\"widget\" data-widget_type=\"text-editor.default\">\n\t\t\t\t<div class=\"elementor-widget-container\">\n\t\t\t\t\t\t\t\t\t<p>Auf dieser Seite sind 3D-Modelle von arch\u00e4ologischen Fundst\u00fccken abgebildet, die im Laufe der Jahre in der Ausgrabungsst\u00e4tte gefunden wurden.<\/p>\t\t\t\t\t\t\t\t<\/div>\n\t\t\t\t<\/div>\n\t\t\t\t\t<\/div>\n\t\t\t\t<\/div>\n\t\t<div class=\"elementor-element elementor-element-bb80346 animated-slow e-flex e-con-boxed elementor-invisible e-con e-parent\" data-id=\"bb80346\" data-element_type=\"container\" data-e-type=\"container\" data-settings=\"{&quot;animation&quot;:&quot;fadeInUp&quot;}\">\n\t\t\t\t\t<div class=\"e-con-inner\">\n\t\t\t\t<div class=\"elementor-element elementor-element-b320325 elementor-widget-divider--view-line elementor-widget elementor-widget-divider\" data-id=\"b320325\" data-element_type=\"widget\" data-e-type=\"widget\" data-widget_type=\"divider.default\">\n\t\t\t\t<div class=\"elementor-widget-container\">\n\t\t\t\t\t\t\t<div class=\"elementor-divider\">\n\t\t\t<span class=\"elementor-divider-separator\">\n\t\t\t\t\t\t<\/span>\n\t\t<\/div>\n\t\t\t\t\t\t<\/div>\n\t\t\t\t<\/div>\n\t\t\t\t\t<\/div>\n\t\t\t\t<\/div>\n\t\t<div class=\"elementor-element elementor-element-52d5929 e-flex e-con-boxed e-con e-parent\" data-id=\"52d5929\" data-element_type=\"container\" data-e-type=\"container\">\n\t\t\t\t\t<div class=\"e-con-inner\">\n\t\t<div class=\"elementor-element elementor-element-db31d4e e-grid e-con-full e-con e-child\" data-id=\"db31d4e\" data-element_type=\"container\" data-e-type=\"container\">\n\t\t<div class=\"elementor-element elementor-element-39fd533 e-con-full e-flex e-con e-child\" data-id=\"39fd533\" data-element_type=\"container\" data-e-type=\"container\">\n\t\t\t\t<div class=\"elementor-element elementor-element-eaf8e83 elementor-widget elementor-widget-image\" data-id=\"eaf8e83\" data-element_type=\"widget\" data-e-type=\"widget\" data-widget_type=\"image.default\">\n\t\t\t\t<div class=\"elementor-widget-container\">\n\t\t\t\t\t\t\t\t\t\t\t\t\t\t\t\t<a href=\"https:\/\/reccopolisforall.es\/de\/profilierte-schale\/\">\n\t\t\t\t\t\t\t<img fetchpriority=\"high\" decoding=\"async\" width=\"1005\" height=\"1005\" src=\"https:\/\/reccopolisforall.es\/wp-content\/uploads\/2025\/12\/CUENCO_CARENADO_FONDO.png\" class=\"attachment-large size-large wp-image-4900\" alt=\"\" srcset=\"https:\/\/reccopolisforall.es\/wp-content\/uploads\/2025\/12\/CUENCO_CARENADO_FONDO.png 1005w, https:\/\/reccopolisforall.es\/wp-content\/uploads\/2025\/12\/CUENCO_CARENADO_FONDO-300x300.png 300w, https:\/\/reccopolisforall.es\/wp-content\/uploads\/2025\/12\/CUENCO_CARENADO_FONDO-150x150.png 150w, https:\/\/reccopolisforall.es\/wp-content\/uploads\/2025\/12\/CUENCO_CARENADO_FONDO-768x768.png 768w, https:\/\/reccopolisforall.es\/wp-content\/uploads\/2025\/12\/CUENCO_CARENADO_FONDO-448x448.png 448w\" sizes=\"(max-width: 1005px) 100vw, 1005px\" \/>\t\t\t\t\t\t\t\t<\/a>\n\t\t\t\t\t\t\t\t\t\t\t\t\t\t\t<\/div>\n\t\t\t\t<\/div>\n\t\t\t\t<\/div>\n\t\t<div class=\"elementor-element elementor-element-b6e64ab e-con-full e-flex e-con e-child\" data-id=\"b6e64ab\" data-element_type=\"container\" data-e-type=\"container\">\n\t\t\t\t<div class=\"elementor-element elementor-element-cbd3f40 elementor-widget elementor-widget-image\" data-id=\"cbd3f40\" data-element_type=\"widget\" data-e-type=\"widget\" data-widget_type=\"image.default\">\n\t\t\t\t<div class=\"elementor-widget-container\">\n\t\t\t\t\t\t\t\t\t\t\t\t\t\t\t\t<a href=\"https:\/\/reccopolisforall.es\/de\/westgotische-inschrift-auf-marmor\/\">\n\t\t\t\t\t\t\t<img decoding=\"async\" width=\"1005\" height=\"1005\" src=\"https:\/\/reccopolisforall.es\/wp-content\/uploads\/2025\/12\/INSCRIPCION_01_FONDO.png\" class=\"attachment-large size-large wp-image-4903\" alt=\"\" srcset=\"https:\/\/reccopolisforall.es\/wp-content\/uploads\/2025\/12\/INSCRIPCION_01_FONDO.png 1005w, https:\/\/reccopolisforall.es\/wp-content\/uploads\/2025\/12\/INSCRIPCION_01_FONDO-300x300.png 300w, https:\/\/reccopolisforall.es\/wp-content\/uploads\/2025\/12\/INSCRIPCION_01_FONDO-150x150.png 150w, https:\/\/reccopolisforall.es\/wp-content\/uploads\/2025\/12\/INSCRIPCION_01_FONDO-768x768.png 768w, https:\/\/reccopolisforall.es\/wp-content\/uploads\/2025\/12\/INSCRIPCION_01_FONDO-448x448.png 448w\" sizes=\"(max-width: 1005px) 100vw, 1005px\" \/>\t\t\t\t\t\t\t\t<\/a>\n\t\t\t\t\t\t\t\t\t\t\t\t\t\t\t<\/div>\n\t\t\t\t<\/div>\n\t\t\t\t<\/div>\n\t\t<div class=\"elementor-element elementor-element-21cb3fa e-con-full e-flex e-con e-child\" data-id=\"21cb3fa\" data-element_type=\"container\" data-e-type=\"container\">\n\t\t\t\t<div class=\"elementor-element elementor-element-57eabb5 elementor-widget elementor-widget-image\" data-id=\"57eabb5\" data-element_type=\"widget\" data-e-type=\"widget\" data-widget_type=\"image.default\">\n\t\t\t\t<div class=\"elementor-widget-container\">\n\t\t\t\t\t\t\t\t\t\t\t\t\t\t\t\t<a href=\"https:\/\/reccopolisforall.es\/de\/westgotischer-pilaster-von-reccopolis\/\">\n\t\t\t\t\t\t\t<img decoding=\"async\" width=\"1005\" height=\"1005\" src=\"https:\/\/reccopolisforall.es\/wp-content\/uploads\/2025\/12\/PILASTRA_FONDO.png\" class=\"attachment-large size-large wp-image-4894\" alt=\"\" srcset=\"https:\/\/reccopolisforall.es\/wp-content\/uploads\/2025\/12\/PILASTRA_FONDO.png 1005w, https:\/\/reccopolisforall.es\/wp-content\/uploads\/2025\/12\/PILASTRA_FONDO-300x300.png 300w, https:\/\/reccopolisforall.es\/wp-content\/uploads\/2025\/12\/PILASTRA_FONDO-150x150.png 150w, https:\/\/reccopolisforall.es\/wp-content\/uploads\/2025\/12\/PILASTRA_FONDO-768x768.png 768w, https:\/\/reccopolisforall.es\/wp-content\/uploads\/2025\/12\/PILASTRA_FONDO-448x448.png 448w\" sizes=\"(max-width: 1005px) 100vw, 1005px\" \/>\t\t\t\t\t\t\t\t<\/a>\n\t\t\t\t\t\t\t\t\t\t\t\t\t\t\t<\/div>\n\t\t\t\t<\/div>\n\t\t\t\t<\/div>\n\t\t<div class=\"elementor-element elementor-element-1da7cc0 e-con-full e-flex e-con e-child\" data-id=\"1da7cc0\" data-element_type=\"container\" data-e-type=\"container\">\n\t\t\t\t<div class=\"elementor-element elementor-element-fd43e16 elementor-widget elementor-widget-image\" data-id=\"fd43e16\" data-element_type=\"widget\" data-e-type=\"widget\" data-widget_type=\"image.default\">\n\t\t\t\t<div class=\"elementor-widget-container\">\n\t\t\t\t\t\t\t\t\t\t\t\t\t\t\t\t<a href=\"https:\/\/reccopolisforall.es\/de\/westgotische-inschrift-rec-auf-marmor\/\">\n\t\t\t\t\t\t\t<img loading=\"lazy\" decoding=\"async\" width=\"1005\" height=\"1005\" src=\"https:\/\/reccopolisforall.es\/wp-content\/uploads\/2025\/12\/INSCRIPCION_02_FONDO.png\" class=\"attachment-large size-large wp-image-4888\" alt=\"\" srcset=\"https:\/\/reccopolisforall.es\/wp-content\/uploads\/2025\/12\/INSCRIPCION_02_FONDO.png 1005w, https:\/\/reccopolisforall.es\/wp-content\/uploads\/2025\/12\/INSCRIPCION_02_FONDO-300x300.png 300w, https:\/\/reccopolisforall.es\/wp-content\/uploads\/2025\/12\/INSCRIPCION_02_FONDO-150x150.png 150w, https:\/\/reccopolisforall.es\/wp-content\/uploads\/2025\/12\/INSCRIPCION_02_FONDO-768x768.png 768w, https:\/\/reccopolisforall.es\/wp-content\/uploads\/2025\/12\/INSCRIPCION_02_FONDO-448x448.png 448w\" sizes=\"(max-width: 1005px) 100vw, 1005px\" \/>\t\t\t\t\t\t\t\t<\/a>\n\t\t\t\t\t\t\t\t\t\t\t\t\t\t\t<\/div>\n\t\t\t\t<\/div>\n\t\t\t\t<\/div>\n\t\t<div class=\"elementor-element elementor-element-d318037 e-con-full e-flex e-con e-child\" data-id=\"d318037\" data-element_type=\"container\" data-e-type=\"container\">\n\t\t\t\t<div class=\"elementor-element elementor-element-94a70e3 elementor-widget elementor-widget-image\" data-id=\"94a70e3\" data-element_type=\"widget\" data-e-type=\"widget\" data-widget_type=\"image.default\">\n\t\t\t\t<div class=\"elementor-widget-container\">\n\t\t\t\t\t\t\t\t\t\t\t\t\t\t\t\t<a href=\"https:\/\/reccopolisforall.es\/de\/westgotische-ohrringform\/\">\n\t\t\t\t\t\t\t<img loading=\"lazy\" decoding=\"async\" width=\"1005\" height=\"1005\" src=\"https:\/\/reccopolisforall.es\/wp-content\/uploads\/2025\/12\/MOLDE_PENDIENTES_FONDO.png\" class=\"attachment-large size-large wp-image-4891\" alt=\"\" srcset=\"https:\/\/reccopolisforall.es\/wp-content\/uploads\/2025\/12\/MOLDE_PENDIENTES_FONDO.png 1005w, https:\/\/reccopolisforall.es\/wp-content\/uploads\/2025\/12\/MOLDE_PENDIENTES_FONDO-300x300.png 300w, https:\/\/reccopolisforall.es\/wp-content\/uploads\/2025\/12\/MOLDE_PENDIENTES_FONDO-150x150.png 150w, https:\/\/reccopolisforall.es\/wp-content\/uploads\/2025\/12\/MOLDE_PENDIENTES_FONDO-768x768.png 768w, https:\/\/reccopolisforall.es\/wp-content\/uploads\/2025\/12\/MOLDE_PENDIENTES_FONDO-448x448.png 448w\" sizes=\"(max-width: 1005px) 100vw, 1005px\" \/>\t\t\t\t\t\t\t\t<\/a>\n\t\t\t\t\t\t\t\t\t\t\t\t\t\t\t<\/div>\n\t\t\t\t<\/div>\n\t\t\t\t<\/div>\n\t\t<div class=\"elementor-element elementor-element-0c33c37 e-con-full e-flex e-con e-child\" data-id=\"0c33c37\" data-element_type=\"container\" data-e-type=\"container\">\n\t\t\t\t<div class=\"elementor-element elementor-element-a75ee8e elementor-widget elementor-widget-image\" data-id=\"a75ee8e\" data-element_type=\"widget\" data-e-type=\"widget\" data-widget_type=\"image.default\">\n\t\t\t\t<div class=\"elementor-widget-container\">\n\t\t\t\t\t\t\t\t\t\t\t\t\t\t\t\t<a href=\"https:\/\/reccopolisforall.es\/de\/westgotisches-tremis\/\">\n\t\t\t\t\t\t\t<img loading=\"lazy\" decoding=\"async\" width=\"1005\" height=\"1005\" src=\"https:\/\/reccopolisforall.es\/wp-content\/uploads\/2025\/12\/TREMIS_VISIGODO_FONDO.png\" class=\"attachment-large size-large wp-image-4897\" alt=\"\" srcset=\"https:\/\/reccopolisforall.es\/wp-content\/uploads\/2025\/12\/TREMIS_VISIGODO_FONDO.png 1005w, https:\/\/reccopolisforall.es\/wp-content\/uploads\/2025\/12\/TREMIS_VISIGODO_FONDO-300x300.png 300w, https:\/\/reccopolisforall.es\/wp-content\/uploads\/2025\/12\/TREMIS_VISIGODO_FONDO-150x150.png 150w, https:\/\/reccopolisforall.es\/wp-content\/uploads\/2025\/12\/TREMIS_VISIGODO_FONDO-768x768.png 768w, https:\/\/reccopolisforall.es\/wp-content\/uploads\/2025\/12\/TREMIS_VISIGODO_FONDO-448x448.png 448w\" sizes=\"(max-width: 1005px) 100vw, 1005px\" \/>\t\t\t\t\t\t\t\t<\/a>\n\t\t\t\t\t\t\t\t\t\t\t\t\t\t\t<\/div>\n\t\t\t\t<\/div>\n\t\t\t\t<\/div>\n\t\t\t\t<\/div>\n\t\t\t\t\t<\/div>\n\t\t\t\t<\/div>\n\t\t\t\t<\/div>\n\t\t","protected":false},"excerpt":{"rendered":"<div class=\"entry-summary\">\n3D-Modelle Auf dieser Seite sind 3D-Modelle von arch\u00e4ologischen Fundst\u00fccken abgebildet, die im Laufe der Jahre in der Ausgrabungsst\u00e4tte gefunden wurden.\n<\/div>\n<div class=\"link-more\"><a href=\"https:\/\/reccopolisforall.es\/de\/3d-modelle\/\" class=\"more-link\">Continue reading<span class=\"screen-reader-text\"> &ldquo;3D-Modelle&rdquo;<\/span>&hellip;<\/a><\/div>\n","protected":false},"author":1,"featured_media":0,"parent":0,"menu_order":0,"comment_status":"closed","ping_status":"closed","template":"","meta":{"_acf_changed":false,"footnotes":""},"class_list":["post-4689","page","type-page","status-publish","hentry","entry"],"acf":[],"_links":{"self":[{"href":"https:\/\/reccopolisforall.es\/de\/wp-json\/wp\/v2\/pages\/4689","targetHints":{"allow":["GET"]}}],"collection":[{"href":"https:\/\/reccopolisforall.es\/de\/wp-json\/wp\/v2\/pages"}],"about":[{"href":"https:\/\/reccopolisforall.es\/de\/wp-json\/wp\/v2\/types\/page"}],"author":[{"embeddable":true,"href":"https:\/\/reccopolisforall.es\/de\/wp-json\/wp\/v2\/users\/1"}],"replies":[{"embeddable":true,"href":"https:\/\/reccopolisforall.es\/de\/wp-json\/wp\/v2\/comments?post=4689"}],"version-history":[{"count":3,"href":"https:\/\/reccopolisforall.es\/de\/wp-json\/wp\/v2\/pages\/4689\/revisions"}],"predecessor-version":[{"id":4908,"href":"https:\/\/reccopolisforall.es\/de\/wp-json\/wp\/v2\/pages\/4689\/revisions\/4908"}],"wp:attachment":[{"href":"https:\/\/reccopolisforall.es\/de\/wp-json\/wp\/v2\/media?parent=4689"}],"curies":[{"name":"wp","href":"https:\/\/api.w.org\/{rel}","templated":true}]}}