{"id":4691,"date":"2024-05-28T16:50:57","date_gmt":"2024-05-28T14:50:57","guid":{"rendered":"https:\/\/reccopolisforall.es\/fuer-mehr-informationen\/"},"modified":"2025-07-18T10:30:00","modified_gmt":"2025-07-18T08:30:00","slug":"fuer-mehr-informationen","status":"publish","type":"page","link":"https:\/\/reccopolisforall.es\/de\/fuer-mehr-informationen\/","title":{"rendered":"F\u00fcr mehr Informationen"},"content":{"rendered":"\t\t<div data-elementor-type=\"wp-page\" data-elementor-id=\"4691\" class=\"elementor elementor-4691 elementor-96\" data-elementor-post-type=\"page\">\n\t\t\t\t<div class=\"elementor-element elementor-element-fcfa6dc e-flex e-con-boxed e-con e-parent\" data-id=\"fcfa6dc\" data-element_type=\"container\" data-e-type=\"container\">\n\t\t\t\t\t<div class=\"e-con-inner\">\n\t\t\t\t<div class=\"elementor-element elementor-element-93a33a7 elementor-widget elementor-widget-heading\" data-id=\"93a33a7\" data-element_type=\"widget\" data-e-type=\"widget\" data-widget_type=\"heading.default\">\n\t\t\t\t<div class=\"elementor-widget-container\">\n\t\t\t\t\t<h2 class=\"elementor-heading-title elementor-size-default\">F\u00dcR MEHR INFORMATIONEN<\/h2>\t\t\t\t<\/div>\n\t\t\t\t<\/div>\n\t\t\t\t\t<\/div>\n\t\t\t\t<\/div>\n\t\t<div class=\"elementor-element elementor-element-f38bc61 e-flex e-con-boxed e-con e-parent\" data-id=\"f38bc61\" data-element_type=\"container\" data-e-type=\"container\">\n\t\t\t\t\t<div class=\"e-con-inner\">\n\t\t<div class=\"elementor-element elementor-element-2658871 e-con-full e-flex e-con e-child\" data-id=\"2658871\" data-element_type=\"container\" data-e-type=\"container\">\n\t\t\t\t<div class=\"elementor-element elementor-element-7b59962 elementor-nav-menu--dropdown-tablet elementor-nav-menu__text-align-aside elementor-nav-menu--toggle elementor-nav-menu--burger elementor-widget elementor-widget-nav-menu\" data-id=\"7b59962\" data-element_type=\"widget\" data-e-type=\"widget\" id=\"menu\" data-settings=\"{&quot;layout&quot;:&quot;vertical&quot;,&quot;submenu_icon&quot;:{&quot;value&quot;:&quot;&lt;svg aria-hidden=\\&quot;true\\&quot; class=\\&quot;e-font-icon-svg e-fas-caret-down\\&quot; viewBox=\\&quot;0 0 320 512\\&quot; xmlns=\\&quot;http:\\\/\\\/www.w3.org\\\/2000\\\/svg\\&quot;&gt;&lt;path d=\\&quot;M31.3 192h257.3c17.8 0 26.7 21.5 14.1 34.1L174.1 354.8c-7.8 7.8-20.5 7.8-28.3 0L17.2 226.1C4.6 213.5 13.5 192 31.3 192z\\&quot;&gt;&lt;\\\/path&gt;&lt;\\\/svg&gt;&quot;,&quot;library&quot;:&quot;fa-solid&quot;},&quot;toggle&quot;:&quot;burger&quot;}\" data-widget_type=\"nav-menu.default\">\n\t\t\t\t<div class=\"elementor-widget-container\">\n\t\t\t\t\t\t\t\t<nav aria-label=\"Para saber m\u00e1s\" class=\"elementor-nav-menu--main elementor-nav-menu__container elementor-nav-menu--layout-vertical e--pointer-underline e--animation-fade\">\n\t\t\t\t<ul id=\"menu-1-7b59962\" class=\"elementor-nav-menu sm-vertical\"><li class=\"menu-item menu-item-type-custom menu-item-object-custom menu-item-3525\"><a href=\"#articulos\" class=\"elementor-item elementor-item-anchor\">Art\u00edculos cient\u00edficos<\/a><\/li>\n<li class=\"menu-item menu-item-type-custom menu-item-object-custom menu-item-3526\"><a href=\"#publicaciones\" class=\"elementor-item elementor-item-anchor\">Publicaciones divulgativas<\/a><\/li>\n<li class=\"menu-item menu-item-type-custom menu-item-object-custom menu-item-3527\"><a href=\"#prensa\" class=\"elementor-item elementor-item-anchor\">Art\u00edculos de prensa<\/a><\/li>\n<li class=\"menu-item menu-item-type-custom menu-item-object-custom menu-item-3528\"><a href=\"#recursos\" class=\"elementor-item elementor-item-anchor\">Recursos web<\/a><\/li>\n<\/ul>\t\t\t<\/nav>\n\t\t\t\t\t<div class=\"elementor-menu-toggle\" role=\"button\" tabindex=\"0\" aria-label=\"Men\u00fc Umschalter\" aria-expanded=\"false\">\n\t\t\t<svg aria-hidden=\"true\" role=\"presentation\" class=\"elementor-menu-toggle__icon--open e-font-icon-svg e-eicon-menu-bar\" viewBox=\"0 0 1000 1000\" xmlns=\"http:\/\/www.w3.org\/2000\/svg\"><path d=\"M104 333H896C929 333 958 304 958 271S929 208 896 208H104C71 208 42 237 42 271S71 333 104 333ZM104 583H896C929 583 958 554 958 521S929 458 896 458H104C71 458 42 487 42 521S71 583 104 583ZM104 833H896C929 833 958 804 958 771S929 708 896 708H104C71 708 42 737 42 771S71 833 104 833Z\"><\/path><\/svg><svg aria-hidden=\"true\" role=\"presentation\" class=\"elementor-menu-toggle__icon--close e-font-icon-svg e-eicon-close\" viewBox=\"0 0 1000 1000\" xmlns=\"http:\/\/www.w3.org\/2000\/svg\"><path d=\"M742 167L500 408 258 167C246 154 233 150 217 150 196 150 179 158 167 167 154 179 150 196 150 212 150 229 154 242 171 254L408 500 167 742C138 771 138 800 167 829 196 858 225 858 254 829L496 587 738 829C750 842 767 846 783 846 800 846 817 842 829 829 842 817 846 804 846 783 846 767 842 750 829 737L588 500 833 258C863 229 863 200 833 171 804 137 775 137 742 167Z\"><\/path><\/svg>\t\t<\/div>\n\t\t\t\t\t<nav class=\"elementor-nav-menu--dropdown elementor-nav-menu__container\" aria-hidden=\"true\">\n\t\t\t\t<ul id=\"menu-2-7b59962\" class=\"elementor-nav-menu sm-vertical\"><li class=\"menu-item menu-item-type-custom menu-item-object-custom menu-item-3525\"><a href=\"#articulos\" class=\"elementor-item elementor-item-anchor\" tabindex=\"-1\">Art\u00edculos cient\u00edficos<\/a><\/li>\n<li class=\"menu-item menu-item-type-custom menu-item-object-custom menu-item-3526\"><a href=\"#publicaciones\" class=\"elementor-item elementor-item-anchor\" tabindex=\"-1\">Publicaciones divulgativas<\/a><\/li>\n<li class=\"menu-item menu-item-type-custom menu-item-object-custom menu-item-3527\"><a href=\"#prensa\" class=\"elementor-item elementor-item-anchor\" tabindex=\"-1\">Art\u00edculos de prensa<\/a><\/li>\n<li class=\"menu-item menu-item-type-custom menu-item-object-custom menu-item-3528\"><a href=\"#recursos\" class=\"elementor-item elementor-item-anchor\" tabindex=\"-1\">Recursos web<\/a><\/li>\n<\/ul>\t\t\t<\/nav>\n\t\t\t\t\t\t<\/div>\n\t\t\t\t<\/div>\n\t\t\t\t<\/div>\n\t\t<div class=\"elementor-element elementor-element-f2dd5ed e-con-full e-flex e-con e-child\" data-id=\"f2dd5ed\" data-element_type=\"container\" data-e-type=\"container\">\n\t\t\t\t<div class=\"elementor-element elementor-element-f06ad0c elementor-widget elementor-widget-heading\" data-id=\"f06ad0c\" data-element_type=\"widget\" data-e-type=\"widget\" id=\"articulos\" data-widget_type=\"heading.default\">\n\t\t\t\t<div class=\"elementor-widget-container\">\n\t\t\t\t\t<h2 class=\"elementor-heading-title elementor-size-default\">WISSENSCHAFTLICHE FACHARTIKEL<\/h2>\t\t\t\t<\/div>\n\t\t\t\t<\/div>\n\t\t\t\t<div class=\"elementor-element elementor-element-1588c84 elementor-widget elementor-widget-text-editor\" data-id=\"1588c84\" data-element_type=\"widget\" data-e-type=\"widget\" data-widget_type=\"text-editor.default\">\n\t\t\t\t<div class=\"elementor-widget-container\">\n\t\t\t\t\t\t\t\t\t<ul><li><span style=\"color: #000000;\"><a style=\"color: #000000;\" href=\"https:\/\/doi.org\/10.1038\/s41467-023-41367-7\" target=\"_blank\" rel=\"noopener\">Camuera, J., Jim\u00e9nez-Espejo, F.J., Soto-Chica, Jim\u00e9nez-Moreno, G., Garc\u00eda-Alix, A., Ramos-Rom\u00e1n, M. J., Ruha Leena, Castro-Priego, M. Drought as a possible contributor to the Visigothic Kingdom crisis and Islamic expansion in the Iberian Peninsula. <em>Nature Communications,<\/em> 14, 5733 (2023).<\/a><\/span><\/li><\/ul><ul><li><span style=\"color: #000000;\"><a style=\"color: #000000;\" href=\"https:\/\/www.tandfonline.com\/doi\/abs\/10.1080\/17546559.2023.2245392?src=\" target=\"_blank\" rel=\"noopener\">Castro-Priego, M., Diarte-Blasco, P. &amp; Olmo-Enciso, L. (2023). Coins from the multi-stratified medieval site of Reccopolis: analysis of long-term numismatic records, <em>Journal of Medieval Iberian Studies<\/em> <\/a><\/span><\/li><\/ul><ul><li><span style=\"color: #000000;\"><a style=\"color: #000000;\" href=\"https:\/\/doi.org\/10.1080\/00766097.2022.2065067\" target=\"_blank\" rel=\"noopener\">Diarte-Blasco, P., Castro-Priego, M., &amp; Olmo-Enciso, L. (2022). Urban Defence and the Visigoths: New Light on Fortification Design and Technology from the Royal City of Reccopolis (Guadalajara, Spain). <em>Medieval Archaeology<\/em>, <em>66<\/em>(1), 30\u201353. <\/a><\/span><\/li><\/ul><ul><li><span style=\"color: #000000;\"><a style=\"color: #000000;\" href=\"https:\/\/doi.org\/10.3989\/arq.arqt.2022.006\" target=\"_blank\" rel=\"noopener\">Diarte-Blasco, P., Castro-Priego, M., &amp; Olmo-Enciso, L. (2022). La muralla de Reccopolis (Zorita de los Canes, Guadalajara): t\u00e9cnicas constructivas y transformaciones de un circuito defensivo de periodo visigodo. <em>Arqueolog\u00eda de La Arquitectura<\/em>, <em>19<\/em>, e129.  <\/a><\/span><\/li><\/ul><ul><li><span style=\"color: #000000;\">Olmo-Enciso, L., Castro-Priego, M., &amp; Diarte-Blasco, P. (2020). Entre el periodo visigodo y la temprana \u00e9poca emiral de Al-Andalus el espacio construido y la cultura material de Rec\u00f3polis. In <em>El sitio de las cosas: La Alta Edad Media en contexto<\/em> (pp. 103\u2013121).  <\/span><\/li><\/ul><ul><li><span style=\"color: #000000;\">Olmo-Enciso, L. (2020). Rec\u00f3polis, the representation of power in a complex landscape. In S. Pazram &amp; P. Pach\u00e1 (Eds.), <em>The Visigothic Kingdom of Toledo: Concepts and Forms of Power<\/em> (pp. 107\u2013118). Amsterdam University Press.   <\/span><\/li><\/ul><ul><li><span style=\"color: #000000;\"><a style=\"color: #000000;\" href=\"https:\/\/doi.org\/10.2307\/j.ctvndv6wx\" target=\"_blank\" rel=\"noopener\">Olmo-Enciso, L., Castro Priego, M., Ruiz Zapata, B., Gil Garc\u00eda, M. J., Galindo Pellicena, M., Checa-Herr\u00e1iz, J., &amp; Torre-Vedejo de la, A. (2019). Mediterranean Landscapes in Post Antiquity. In S. Gelichi &amp; L. Olmo-Enciso (Eds.), <em>Mediterranean Landscapes in Post Antiquity: New frontiers and new perspectives<\/em>. Archaeopress Publishing Ltd.    <\/a><\/span><\/li><\/ul><ul><li><span style=\"color: #000000;\">Diarte-Blasco, P., Castro-Priego. Manuel, &amp; Olmo-Enciso, L. (2019). La fundaci\u00f3n de una nueva ciudad: Reccopolis. In E. Huguet Enguita &amp; A. Ribera-Lacomba (Eds.), <em>En Tiempo de los Visigodos en el Territorio de Valencia<\/em> (pp. 44\u201349). Museo de Prehistoria de Valencia.    <\/span><\/li><\/ul><ul><li><span style=\"color: #000000;\"><a style=\"color: #000000;\" href=\"https:\/\/doi.org\/10.15184\/aqy.2019.66\" target=\"_blank\" rel=\"noopener\">Henning, J., McCormick, M., Enciso, L. O., Rassmann, K., &amp; Eyub, E. F. (2019). Reccopolis revealed: the first geomagnetic mapping of the early medieval Visigothic royal town. <em>Antiquity<\/em>, <em>93<\/em>(369), 735\u2013751.  <\/a><\/span><\/li><\/ul><ul><li><span style=\"color: #000000;\"><a style=\"color: #000000;\" href=\"https:\/\/doi.org\/10.14198\/LVCENTVM2019.38.17\" target=\"_blank\" rel=\"noopener\">Olmo-Enciso, L., Castro Priego, M., &amp; Diarte Blasco, P. (2019). Transformaci\u00f3n social y agrosistema en el interior peninsular durante la Alta Edad Media (s. VI-VIII d. C.): nuevas evidencias desde Rec\u00f3polis (Zorita de los Canes, Guadalajara). <em>Lucentum<\/em>, <em>38<\/em>, 355.  <\/a><\/span><\/li><\/ul><ul><li><span style=\"color: #000000;\"><a style=\"color: #000000;\" href=\"https:\/\/doi.org\/10.12977\/groma14\" target=\"_blank\" rel=\"noopener\">Olmo-Enciso, L., Castro-Priego, M., &amp; Diarte-Blasco, P. (2018). Beside and within the walls of Reccopolis: social dynamics and landscape transformations of a new Visigothic urban foundation.  <em>Groma. Documenting Archaeology <\/em>, <em>14<\/em> (3). <\/a><\/span><\/li><\/ul><ul><li><span style=\"color: #000000;\"><a style=\"color: #000000;\" href=\"https:\/\/doi.org\/10.1080\/00766097.2016.1147784\" target=\"_blank\" rel=\"noopener\">Castro Priego, M. (2016). Absent Coinage: Archaeological Contexts and Tremisses on the Central Iberian Peninsula in the 7th and 8th Centuries &lt;scp&gt;AD&lt;\/scp&gt;. <em>Medieval Archaeology<\/em>, <em>60<\/em> (1), 27\u201356.  <\/a><\/span><\/li><\/ul>\t\t\t\t\t\t\t\t<\/div>\n\t\t\t\t<\/div>\n\t\t\t\t<div class=\"elementor-element elementor-element-e74d941 elementor-widget elementor-widget-heading\" data-id=\"e74d941\" data-element_type=\"widget\" data-e-type=\"widget\" id=\"publicaciones\" data-widget_type=\"heading.default\">\n\t\t\t\t<div class=\"elementor-widget-container\">\n\t\t\t\t\t<h2 class=\"elementor-heading-title elementor-size-default\">PUBLIKATIONEN ZUR \u00d6FFENTLICHKEITSARBEIT<\/h2>\t\t\t\t<\/div>\n\t\t\t\t<\/div>\n\t\t\t\t<div class=\"elementor-element elementor-element-3500dce elementor-widget elementor-widget-text-editor\" data-id=\"3500dce\" data-element_type=\"widget\" data-e-type=\"widget\" data-widget_type=\"text-editor.default\">\n\t\t\t\t<div class=\"elementor-widget-container\">\n\t\t\t\t\t\t\t\t\t<ul><li><a href=\"https:\/\/cultura.castillalamancha.es\/files\/pdf\/guia-recopolis-1.pdf\" target=\"_blank\" rel=\"noopener\"><span class=\"screen-reader-text\">PDF herunterladen<\/span><span style=\"color: #000000;\">Olmo Enciso, L., G\u00f3mez de la Torre-Verdejo, A., Castro Priego, M., &amp; G\u00f3mez Garc\u00eda, L. (2008). <em>Recopolis. Gu\u00eda del Parque Arqueol\u00f3gico <\/em> (Junta de Comunidades de Castilla-La Mancha, Ed.).<\/span><\/a><\/li><\/ul><ul><li><span style=\"color: #000000;\"><a style=\"color: #000000;\" href=\"https:\/\/cultura.castillalamancha.es\/files\/pdf\/folleto-recopolis.pdf\" target=\"_blank\" rel=\"noopener\"><span class=\"screen-reader-text\">PDF herunterladen<\/span>Pe\u00f1a, V. (n.d.). <em>Folleto del Parque Arqueol\u00f3gico de Rec\u00f3polis<\/em>. <\/a><\/span><\/li><\/ul>\t\t\t\t\t\t\t\t<\/div>\n\t\t\t\t<\/div>\n\t\t\t\t<div class=\"elementor-element elementor-element-9423148 elementor-widget elementor-widget-heading\" data-id=\"9423148\" data-element_type=\"widget\" data-e-type=\"widget\" id=\"prensa\" data-widget_type=\"heading.default\">\n\t\t\t\t<div class=\"elementor-widget-container\">\n\t\t\t\t\t<h2 class=\"elementor-heading-title elementor-size-default\">PRESSEARTIKEL<\/h2>\t\t\t\t<\/div>\n\t\t\t\t<\/div>\n\t\t\t\t<div class=\"elementor-element elementor-element-463ef63 elementor-widget elementor-widget-text-editor\" data-id=\"463ef63\" data-element_type=\"widget\" data-e-type=\"widget\" data-widget_type=\"text-editor.default\">\n\t\t\t\t<div class=\"elementor-widget-container\">\n\t\t\t\t\t\t\t\t\t<ul><li><span style=\"color: #000000;\"><a style=\"color: #000000;\" href=\"https:\/\/www.abc.es\/historia\/abci-recopolis-olvidada-ciudad-visigoda-quiso-constantinopla-miniatura-para-espana-202008060050_noticia.html\" target=\"_blank\" rel=\"noopener\">Cervera, C. (2022, September 16). Rec\u00f3polis, la olvidada ciudad visigoda que quiso ser una Constantinopla en miniatura para Espa\u00f1a.  <em>ABC. Historia <\/em>.<\/a><\/span><\/li><\/ul><ul><li><span style=\"color: #000000;\"><a style=\"color: #000000;\" href=\"https:\/\/www.lavanguardia.com\/historiayvida\/edad-media\/20220802\/8422468\/recopolis-faraonica-ciudad-visigoda-levantada-cero.html\" target=\"_blank\" rel=\"noopener\">Mart\u00edn Gonz\u00e1lez, D. (2022, August 2). Rec\u00f3polis, la fara\u00f3nica ciudad visigoda levantada desde cero. <em>La Vanguardia<\/em>. <\/a><\/span><\/li><\/ul><ul><li><span style=\"color: #000000;\"><a style=\"color: #000000;\" href=\"https:\/\/elpais.com\/cultura\/2019\/08\/28\/actualidad\/1567007303_261635.html?rel=buscador_noticias\" target=\"_blank\" rel=\"noopener\">Olaya, V. G. (2019, August 29). Rec\u00f3polis, el Versalles de la Espa\u00f1a vaciada. <em>El Pa\u00eds<\/em>. <\/a><\/span><\/li><\/ul><ul><li><span style=\"color: #000000;\"><a style=\"color: #000000;\" href=\"https:\/\/english.elpais.com\/elpais\/2019\/08\/30\/inenglish\/1567166566_800218.html#\" target=\"_blank\" rel=\"noopener\">Oyala, V. G. (2019, Agoust 30). <em>Reccopolis, the Versailles of Spain\u2019s deserted interior.<\/em> English El Pa\u00eds.<\/a><\/span><\/li><\/ul><ul><li><span style=\"color: #000000;\"><a style=\"color: #000000;\" href=\"https:\/\/elpais.com\/cultura\/2019\/06\/26\/actualidad\/1561559568_607219.html?rel=buscador_noticias&amp;event=go&amp;event_log=go&amp;prod=REG&amp;o=CABEP\" target=\"_blank\" rel=\"noopener\">Olaya, V. G. (2019, June 28). Rec\u00f3polis, 30 hect\u00e1reas de un complejo palatino oculto. <em>El Pa\u00eds<\/em>. <\/a><\/span><\/li><\/ul><ul><li><span style=\"color: #000000;\"><a style=\"color: #000000;\" href=\"https:\/\/www.abc.es\/cultura\/abci-antigua-ciudad-visigoda-recopolis-rezo-201906281356_noticia.html\" target=\"_blank\" rel=\"noopener\">Arrizabalaga, M. (2019, June 28). En la antigua ciudad visigoda de Rec\u00f3polis se rez\u00f3 a Al\u00e1.  <em>ABC. Cultural <\/em>.<\/a><\/span><\/li><\/ul>\t\t\t\t\t\t\t\t<\/div>\n\t\t\t\t<\/div>\n\t\t\t\t<div class=\"elementor-element elementor-element-8c02feb elementor-widget elementor-widget-heading\" data-id=\"8c02feb\" data-element_type=\"widget\" data-e-type=\"widget\" id=\"recursos\" data-widget_type=\"heading.default\">\n\t\t\t\t<div class=\"elementor-widget-container\">\n\t\t\t\t\t<h2 class=\"elementor-heading-title elementor-size-default\">INTERNETQUELLEN<\/h2>\t\t\t\t<\/div>\n\t\t\t\t<\/div>\n\t\t\t\t<div class=\"elementor-element elementor-element-61483b2 elementor-widget elementor-widget-text-editor\" data-id=\"61483b2\" data-element_type=\"widget\" data-e-type=\"widget\" data-widget_type=\"text-editor.default\">\n\t\t\t\t<div class=\"elementor-widget-container\">\n\t\t\t\t\t\t\t\t\t<ul><li><span style=\"color: #000000;\"><a style=\"color: #000000;\" href=\"https:\/\/www.abc.es\/historia\/abci-recopolis-olvidada-ciudad-visigoda-quiso-constantinopla-miniatura-para-espana-202008060050_noticia.html\" target=\"_blank\" rel=\"noopener\">Google Arts &amp; Culture. <em>Un paseo por el yacimiento de Rec\u00f3polis.<\/em> <\/a><\/span><\/li><\/ul><ul><li><span style=\"color: #000000;\"><a style=\"color: #000000;\" href=\"https:\/\/commons.wikimedia.org\/wiki\/Category:Rec%C3%B3polis\" target=\"_blank\" rel=\"noopener\">Wikimedia: <em>Rec\u00f3polis<\/em>.<\/a><\/span><\/li><\/ul>\t\t\t\t\t\t\t\t<\/div>\n\t\t\t\t<\/div>\n\t\t\t\t<\/div>\n\t\t\t\t\t<\/div>\n\t\t\t\t<\/div>\n\t\t<div class=\"elementor-element elementor-element-86a3c3d e-flex e-con-boxed elementor-invisible e-con e-parent\" data-id=\"86a3c3d\" data-element_type=\"container\" data-e-type=\"container\" data-settings=\"{&quot;animation&quot;:&quot;fadeInUp&quot;}\">\n\t\t\t\t\t<div class=\"e-con-inner\">\n\t\t<div class=\"elementor-element elementor-element-7b94bd8 e-con-full e-flex e-con e-child\" data-id=\"7b94bd8\" data-element_type=\"container\" data-e-type=\"container\">\n\t\t\t\t<div class=\"elementor-element elementor-element-89654ee elementor-widget__width-initial elementor-widget-divider--view-line elementor-widget elementor-widget-divider\" data-id=\"89654ee\" data-element_type=\"widget\" data-e-type=\"widget\" data-widget_type=\"divider.default\">\n\t\t\t\t<div class=\"elementor-widget-container\">\n\t\t\t\t\t\t\t<div class=\"elementor-divider\">\n\t\t\t<span class=\"elementor-divider-separator\">\n\t\t\t\t\t\t<\/span>\n\t\t<\/div>\n\t\t\t\t\t\t<\/div>\n\t\t\t\t<\/div>\n\t\t\t\t<\/div>\n\t\t<div class=\"elementor-element elementor-element-4d67ed7 e-con-full e-flex e-con e-child\" data-id=\"4d67ed7\" data-element_type=\"container\" data-e-type=\"container\">\n\t\t\t\t<div class=\"elementor-element elementor-element-db12f43 elementor-align-justify elementor-widget elementor-widget-button\" data-id=\"db12f43\" data-element_type=\"widget\" data-e-type=\"widget\" data-widget_type=\"button.default\">\n\t\t\t\t<div class=\"elementor-widget-container\">\n\t\t\t\t\t\t\t\t\t<div class=\"elementor-button-wrapper\">\n\t\t\t\t\t<a class=\"elementor-button elementor-button-link elementor-size-sm\" href=\"#menu\">\n\t\t\t\t\t\t<span class=\"elementor-button-content-wrapper\">\n\t\t\t\t\t\t<span class=\"elementor-button-icon\">\n\t\t\t\t<svg aria-hidden=\"true\" class=\"e-font-icon-svg e-fas-arrow-circle-up\" viewBox=\"0 0 512 512\" xmlns=\"http:\/\/www.w3.org\/2000\/svg\"><path d=\"M8 256C8 119 119 8 256 8s248 111 248 248-111 248-248 248S8 393 8 256zm143.6 28.9l72.4-75.5V392c0 13.3 10.7 24 24 24h16c13.3 0 24-10.7 24-24V209.4l72.4 75.5c9.3 9.7 24.8 9.9 34.3.4l10.9-11c9.4-9.4 9.4-24.6 0-33.9L273 107.7c-9.4-9.4-24.6-9.4-33.9 0L106.3 240.4c-9.4 9.4-9.4 24.6 0 33.9l10.9 11c9.6 9.5 25.1 9.3 34.4-.4z\"><\/path><\/svg>\t\t\t<\/span>\n\t\t\t\t\t\t\t\t\t<span class=\"elementor-button-text\"><span class=\"screen-reader-text\">zur\u00fcck zum Anfang<\/span><\/span>\n\t\t\t\t\t<\/span>\n\t\t\t\t\t<\/a>\n\t\t\t\t<\/div>\n\t\t\t\t\t\t\t\t<\/div>\n\t\t\t\t<\/div>\n\t\t\t\t<\/div>\n\t\t\t\t\t<\/div>\n\t\t\t\t<\/div>\n\t\t\t\t<\/div>\n\t\t","protected":false},"excerpt":{"rendered":"<div class=\"entry-summary\">\nF\u00dcR MEHR INFORMATIONEN WISSENSCHAFTLICHE FACHARTIKEL Camuera, J., Jim\u00e9nez-Espejo, F.J., Soto-Chica, Jim\u00e9nez-Moreno, G., Garc\u00eda-Alix, A., Ramos-Rom\u00e1n, M. J., Ruha Leena, Castro-Priego, M. Drought as a possible contributor to the Visigothic Kingdom crisis and Islamic expansion in the Iberian Peninsula. Nature Communications,&hellip;\n<\/div>\n<div class=\"link-more\"><a href=\"https:\/\/reccopolisforall.es\/de\/fuer-mehr-informationen\/\" class=\"more-link\">Continue reading<span class=\"screen-reader-text\"> &ldquo;F\u00fcr mehr Informationen&rdquo;<\/span>&hellip;<\/a><\/div>\n","protected":false},"author":1,"featured_media":0,"parent":0,"menu_order":0,"comment_status":"closed","ping_status":"closed","template":"","meta":{"_acf_changed":false,"footnotes":""},"class_list":["post-4691","page","type-page","status-publish","hentry","entry"],"acf":[],"_links":{"self":[{"href":"https:\/\/reccopolisforall.es\/de\/wp-json\/wp\/v2\/pages\/4691","targetHints":{"allow":["GET"]}}],"collection":[{"href":"https:\/\/reccopolisforall.es\/de\/wp-json\/wp\/v2\/pages"}],"about":[{"href":"https:\/\/reccopolisforall.es\/de\/wp-json\/wp\/v2\/types\/page"}],"author":[{"embeddable":true,"href":"https:\/\/reccopolisforall.es\/de\/wp-json\/wp\/v2\/users\/1"}],"replies":[{"embeddable":true,"href":"https:\/\/reccopolisforall.es\/de\/wp-json\/wp\/v2\/comments?post=4691"}],"version-history":[{"count":1,"href":"https:\/\/reccopolisforall.es\/de\/wp-json\/wp\/v2\/pages\/4691\/revisions"}],"predecessor-version":[{"id":4692,"href":"https:\/\/reccopolisforall.es\/de\/wp-json\/wp\/v2\/pages\/4691\/revisions\/4692"}],"wp:attachment":[{"href":"https:\/\/reccopolisforall.es\/de\/wp-json\/wp\/v2\/media?parent=4691"}],"curies":[{"name":"wp","href":"https:\/\/api.w.org\/{rel}","templated":true}]}}