{"id":4697,"date":"2024-06-03T10:47:57","date_gmt":"2024-06-03T08:47:57","guid":{"rendered":"https:\/\/reccopolisforall.es\/rechtlicher-hinweis\/"},"modified":"2025-07-18T11:48:21","modified_gmt":"2025-07-18T09:48:21","slug":"rechtlicher-hinweis","status":"publish","type":"page","link":"https:\/\/reccopolisforall.es\/de\/rechtlicher-hinweis\/","title":{"rendered":"Rechtlicher Hinweis"},"content":{"rendered":"\t\t<div data-elementor-type=\"wp-page\" data-elementor-id=\"4697\" class=\"elementor elementor-4697 elementor-216\" data-elementor-post-type=\"page\">\n\t\t\t\t<div class=\"elementor-element elementor-element-4b3f1e86 e-con-full e-flex e-con e-parent\" data-id=\"4b3f1e86\" data-element_type=\"container\" data-e-type=\"container\" data-settings=\"{&quot;background_background&quot;:&quot;classic&quot;}\">\n\t\t\t\t<div class=\"elementor-element elementor-element-488ab7be elementor-widget-mobile__width-inherit elementor-widget__width-inherit elementor-widget elementor-widget-heading\" data-id=\"488ab7be\" data-element_type=\"widget\" data-e-type=\"widget\" data-widget_type=\"heading.default\">\n\t\t\t\t<div class=\"elementor-widget-container\">\n\t\t\t\t\t<h1 class=\"elementor-heading-title elementor-size-default\">Rechtlicher Hinweis<\/h1>\t\t\t\t<\/div>\n\t\t\t\t<\/div>\n\t\t\t\t<\/div>\n\t\t<div class=\"elementor-element elementor-element-402484b e-flex e-con-boxed e-con e-parent\" data-id=\"402484b\" data-element_type=\"container\" data-e-type=\"container\">\n\t\t\t\t\t<div class=\"e-con-inner\">\n\t\t\t\t<div class=\"elementor-element elementor-element-f1b9031 elementor-widget elementor-widget-heading\" data-id=\"f1b9031\" data-element_type=\"widget\" data-e-type=\"widget\" data-widget_type=\"heading.default\">\n\t\t\t\t<div class=\"elementor-widget-container\">\n\t\t\t\t\t<h2 class=\"elementor-heading-title elementor-size-default\">Wer wir sind<\/h2>\t\t\t\t<\/div>\n\t\t\t\t<\/div>\n\t\t\t\t<div class=\"elementor-element elementor-element-8c606a3 elementor-widget elementor-widget-text-editor\" data-id=\"8c606a3\" data-element_type=\"widget\" data-e-type=\"widget\" data-widget_type=\"text-editor.default\">\n\t\t\t\t<div class=\"elementor-widget-container\">\n\t\t\t\t\t\t\t\t\t<p>In \u00dcbereinstimmung mit Artikel 10 des Gesetzes 34\/2002 vom 11. Juli \u00fcber die Dienste der Informationsgesellschaft und den elektronischen Handel gibt der Inhaber seine Identifikationsdaten an:<\/p><p>Halterung: Manuel Castro Priego.<br>Adresse: \u00c1rea de Arqueolog\u00eda. Departamento de Historia y Filosof\u00eda. Facultad de Filosof\u00eda y Letras C\/Colegios, 2. 1\u00aa planta 28801 Alcal\u00e1 de Henares, Madrid &#8211; Espa\u00f1a.<br>E-Mail Adresse: <a href=\"mailto:manuel.castro@uah.es\">manuel.castro@uah.es<\/a><br>Website: <a href=\"https:\/\/reccopolisforall.es\/de\/\">https:\/\/reccopolisforall.es<\/a>   <\/p>\t\t\t\t\t\t\t\t<\/div>\n\t\t\t\t<\/div>\n\t\t\t\t\t<\/div>\n\t\t\t\t<\/div>\n\t\t<div class=\"elementor-element elementor-element-61d03f1 e-flex e-con-boxed e-con e-parent\" data-id=\"61d03f1\" data-element_type=\"container\" data-e-type=\"container\">\n\t\t\t\t\t<div class=\"e-con-inner\">\n\t\t\t\t<div class=\"elementor-element elementor-element-01dc2c0 elementor-widget elementor-widget-heading\" data-id=\"01dc2c0\" data-element_type=\"widget\" data-e-type=\"widget\" data-widget_type=\"heading.default\">\n\t\t\t\t<div class=\"elementor-widget-container\">\n\t\t\t\t\t<h2 class=\"elementor-heading-title elementor-size-default\">Finalidad<\/h2>\t\t\t\t<\/div>\n\t\t\t\t<\/div>\n\t\t\t\t<div class=\"elementor-element elementor-element-f889d13 elementor-widget elementor-widget-text-editor\" data-id=\"f889d13\" data-element_type=\"widget\" data-e-type=\"widget\" data-widget_type=\"text-editor.default\">\n\t\t\t\t<div class=\"elementor-widget-container\">\n\t\t\t\t\t\t\t\t\t<p>Der Zweck der Website ist: <strong>Projekt \u00fcbertragen. Zug\u00e4nglichkeit der Inhalte des Interpretationszentrums und Besuch des Reccopolis-Gel\u00e4ndes. <\/strong><\/p>\t\t\t\t\t\t\t\t<\/div>\n\t\t\t\t<\/div>\n\t\t\t\t\t<\/div>\n\t\t\t\t<\/div>\n\t\t<div class=\"elementor-element elementor-element-a43a5ba e-flex e-con-boxed e-con e-parent\" data-id=\"a43a5ba\" data-element_type=\"container\" data-e-type=\"container\">\n\t\t\t\t\t<div class=\"e-con-inner\">\n\t\t\t\t<div class=\"elementor-element elementor-element-9c0d256 elementor-widget elementor-widget-heading\" data-id=\"9c0d256\" data-element_type=\"widget\" data-e-type=\"widget\" data-widget_type=\"heading.default\">\n\t\t\t\t<div class=\"elementor-widget-container\">\n\t\t\t\t\t<h2 class=\"elementor-heading-title elementor-size-default\">Bedingungen f\u00fcr die Nutzung<\/h2>\t\t\t\t<\/div>\n\t\t\t\t<\/div>\n\t\t\t\t<div class=\"elementor-element elementor-element-a14e213 elementor-widget elementor-widget-text-editor\" data-id=\"a14e213\" data-element_type=\"widget\" data-e-type=\"widget\" data-widget_type=\"text-editor.default\">\n\t\t\t\t<div class=\"elementor-widget-container\">\n\t\t\t\t\t\t\t\t\t<p>Die Nutzung der Website verleiht Ihnen den Status eines Benutzers und setzt die vollst\u00e4ndige Annahme aller auf den Seiten enthaltenen Klauseln und Nutzungsbedingungen voraus:<\/p><p>Wenn Sie nicht mit jeder einzelnen dieser Bedingungen einverstanden sind, nutzen Sie die Website bitte nicht.<\/p><p>Der Zugriff auf die Website impliziert in keiner Weise die Aufnahme einer Gesch\u00e4ftsbeziehung mit dem Eigent\u00fcmer.<\/p><p>Der Beherberger erm\u00f6glicht Ihnen \u00fcber die Website den Zugang zu und die Nutzung von verschiedenen Inhalten, die der Beherberger und\/oder seine Mitarbeiter im Internet ver\u00f6ffentlicht haben.<\/p><p>In diesem Sinne verpflichten Sie sich, die Inhalte der Website NICHT f\u00fcr unerlaubte Zwecke oder Wirkungen zu verwenden, die in den vorliegenden rechtlichen Hinweisen oder durch die geltende Gesetzgebung verboten sind, die die Rechte und Interessen Dritter verletzen oder die in irgendeiner Weise die normale Nutzung der Inhalte, der Computerausr\u00fcstung oder der Dokumente, Dateien und aller Arten von Inhalten, die auf einer Computerausr\u00fcstung gespeichert sind, die dem Eigent\u00fcmer, anderen Nutzern oder anderen Internetnutzern geh\u00f6rt oder von ihnen in Auftrag gegeben wurde, besch\u00e4digen, deaktivieren, \u00fcberlasten, verschlechtern oder behindern k\u00f6nnen.<\/p>\t\t\t\t\t\t\t\t<\/div>\n\t\t\t\t<\/div>\n\t\t\t\t\t<\/div>\n\t\t\t\t<\/div>\n\t\t<div class=\"elementor-element elementor-element-9c5375f e-flex e-con-boxed e-con e-parent\" data-id=\"9c5375f\" data-element_type=\"container\" data-e-type=\"container\">\n\t\t\t\t\t<div class=\"e-con-inner\">\n\t\t\t\t<div class=\"elementor-element elementor-element-2fe69ae elementor-widget elementor-widget-heading\" data-id=\"2fe69ae\" data-element_type=\"widget\" data-e-type=\"widget\" data-widget_type=\"heading.default\">\n\t\t\t\t<div class=\"elementor-widget-container\">\n\t\t\t\t\t<h2 class=\"elementor-heading-title elementor-size-default\">Sicherheitsma\u00dfnahmen<\/h2>\t\t\t\t<\/div>\n\t\t\t\t<\/div>\n\t\t\t\t<div class=\"elementor-element elementor-element-546573c elementor-widget elementor-widget-text-editor\" data-id=\"546573c\" data-element_type=\"widget\" data-e-type=\"widget\" data-widget_type=\"text-editor.default\">\n\t\t\t\t<div class=\"elementor-widget-container\">\n\t\t\t\t\t\t\t\t\t<p>Die dem Inhaber zur Verf\u00fcgung gestellten personenbezogenen Daten k\u00f6nnen in automatisierten oder nicht automatisierten Datenbanken gespeichert werden, deren Eigent\u00fcmer ausschlie\u00dflich der Inhaber ist, der alle technischen, organisatorischen und sicherheitstechnischen Ma\u00dfnahmen ergreift, um die Vertraulichkeit, Integrit\u00e4t und Qualit\u00e4t der darin enthaltenen Informationen gem\u00e4\u00df den Bestimmungen der geltenden Datenschutzgesetze zu gew\u00e4hrleisten.<\/p><p>Sie sollten sich jedoch dar\u00fcber im Klaren sein, dass die Sicherheitsvorkehrungen der Computersysteme im Internet nicht v\u00f6llig zuverl\u00e4ssig sind und dass der Inhaber daher nicht garantieren kann, dass keine Viren oder andere Elemente vorhanden sind, die Ver\u00e4nderungen in den Computersystemen (Software und Hardware) des Benutzers oder in den darin enthaltenen elektronischen Dokumenten und Dateien verursachen k\u00f6nnen, obwohl der Inhaber alle Anstrengungen unternimmt und die erforderlichen Sicherheitsma\u00dfnahmen ergreift, um das Vorhandensein dieser sch\u00e4dlichen Elemente zu vermeiden.<\/p>\t\t\t\t\t\t\t\t<\/div>\n\t\t\t\t<\/div>\n\t\t\t\t\t<\/div>\n\t\t\t\t<\/div>\n\t\t<div class=\"elementor-element elementor-element-23b8307 e-flex e-con-boxed e-con e-parent\" data-id=\"23b8307\" data-element_type=\"container\" data-e-type=\"container\">\n\t\t\t\t\t<div class=\"e-con-inner\">\n\t\t\t\t<div class=\"elementor-element elementor-element-5f3c266 elementor-widget elementor-widget-heading\" data-id=\"5f3c266\" data-element_type=\"widget\" data-e-type=\"widget\" data-widget_type=\"heading.default\">\n\t\t\t\t<div class=\"elementor-widget-container\">\n\t\t\t\t\t<h2 class=\"elementor-heading-title elementor-size-default\">Verarbeitung von personenbezogenen Daten<\/h2>\t\t\t\t<\/div>\n\t\t\t\t<\/div>\n\t\t\t\t<div class=\"elementor-element elementor-element-7cfdd20 elementor-widget elementor-widget-text-editor\" data-id=\"7cfdd20\" data-element_type=\"widget\" data-e-type=\"widget\" data-widget_type=\"text-editor.default\">\n\t\t\t\t<div class=\"elementor-widget-container\">\n\t\t\t\t\t\t\t\t\t<p>Sie k\u00f6nnen alle Informationen \u00fcber die Verarbeitung der vom f\u00fcr die Verarbeitung Verantwortlichen gesammelten personenbezogenen Daten auf der Seite <a href=\"https:\/\/reccopolisforall.es\/politica-de-privacidad\/\">Datenschutzpolitik <\/a>einsehen.<\/p>\t\t\t\t\t\t\t\t<\/div>\n\t\t\t\t<\/div>\n\t\t\t\t\t<\/div>\n\t\t\t\t<\/div>\n\t\t<div class=\"elementor-element elementor-element-30b955e e-flex e-con-boxed e-con e-parent\" data-id=\"30b955e\" data-element_type=\"container\" data-e-type=\"container\">\n\t\t\t\t\t<div class=\"e-con-inner\">\n\t\t\t\t<div class=\"elementor-element elementor-element-9b46545 elementor-widget elementor-widget-heading\" data-id=\"9b46545\" data-element_type=\"widget\" data-e-type=\"widget\" data-widget_type=\"heading.default\">\n\t\t\t\t<div class=\"elementor-widget-container\">\n\t\t\t\t\t<h3 class=\"elementor-heading-title elementor-size-default\">Inhalt<\/h3>\t\t\t\t<\/div>\n\t\t\t\t<\/div>\n\t\t\t\t<div class=\"elementor-element elementor-element-3a9d732 elementor-widget elementor-widget-text-editor\" data-id=\"3a9d732\" data-element_type=\"widget\" data-e-type=\"widget\" data-widget_type=\"text-editor.default\">\n\t\t\t\t<div class=\"elementor-widget-container\">\n\t\t\t\t\t\t\t\t\t<p>Der Inhaber hat die auf der Website enthaltenen Informationen, Multimedia-Inhalte und Materialien aus Quellen bezogen, die er f\u00fcr zuverl\u00e4ssig h\u00e4lt. Obwohl er alle angemessenen Schritte unternommen hat, um sicherzustellen, dass die darin enthaltenen Informationen korrekt sind, \u00fcbernimmt der Inhaber keine Gew\u00e4hr f\u00fcr deren Richtigkeit, Vollst\u00e4ndigkeit oder Aktualit\u00e4t. Der Inhaber lehnt ausdr\u00fccklich jede Haftung f\u00fcr Fehler oder Auslassungen in den auf den Seiten der Website enthaltenen Informationen ab. <\/p><p>Es ist verboten, \u00fcber die Website illegale oder unzul\u00e4ssige Inhalte, Computerviren oder Nachrichten zu \u00fcbermitteln oder zu versenden, die im Allgemeinen die Rechte des Eigent\u00fcmers oder Dritter beeintr\u00e4chtigen oder verletzen. Der Inhalt der Website dient ausschlie\u00dflich zu Informationszwecken und darf unter keinen Umst\u00e4nden als Verkaufsangebot, Aufforderung zur Abgabe eines Kaufangebots oder als Empfehlung zur Durchf\u00fchrung einer anderen Transaktion verwendet oder betrachtet werden, es sei denn, dies wird ausdr\u00fccklich angegeben. <\/p><p>Der Inhaber beh\u00e4lt sich das Recht vor, den Inhalt der Website, die Links oder die \u00fcber die Website erhaltenen Informationen ohne vorherige Ank\u00fcndigung zu \u00e4ndern, auszusetzen, zu l\u00f6schen oder einzuschr\u00e4nken. Der Beherberger haftet nicht f\u00fcr Sch\u00e4den, die sich aus der Nutzung der Informationen auf der Website oder in den sozialen Netzwerken des Beherbergers ergeben k\u00f6nnen. <\/p>\t\t\t\t\t\t\t\t<\/div>\n\t\t\t\t<\/div>\n\t\t\t\t\t<\/div>\n\t\t\t\t<\/div>\n\t\t<div class=\"elementor-element elementor-element-b792eda e-flex e-con-boxed e-con e-parent\" data-id=\"b792eda\" data-element_type=\"container\" data-e-type=\"container\">\n\t\t\t\t\t<div class=\"e-con-inner\">\n\t\t\t\t<div class=\"elementor-element elementor-element-091d57c elementor-widget elementor-widget-heading\" data-id=\"091d57c\" data-element_type=\"widget\" data-e-type=\"widget\" data-widget_type=\"heading.default\">\n\t\t\t\t<div class=\"elementor-widget-container\">\n\t\t\t\t\t<h2 class=\"elementor-heading-title elementor-size-default\">Cookies-Politik<\/h2>\t\t\t\t<\/div>\n\t\t\t\t<\/div>\n\t\t\t\t<div class=\"elementor-element elementor-element-2c9b252 elementor-widget elementor-widget-text-editor\" data-id=\"2c9b252\" data-element_type=\"widget\" data-e-type=\"widget\" data-widget_type=\"text-editor.default\">\n\t\t\t\t<div class=\"elementor-widget-container\">\n\t\t\t\t\t\t\t\t\t<p>Sie k\u00f6nnen alle Informationen \u00fcber die Politik zur Sammlung und Verarbeitung von Cookies auf der Seite <a href=\"https:\/\/reccopolisforall.es\/politica-cookies\/\">Cookies Politik <\/a>einsehen.<\/p>\t\t\t\t\t\t\t\t<\/div>\n\t\t\t\t<\/div>\n\t\t\t\t\t<\/div>\n\t\t\t\t<\/div>\n\t\t<div class=\"elementor-element elementor-element-8f61730 e-flex e-con-boxed e-con e-parent\" data-id=\"8f61730\" data-element_type=\"container\" data-e-type=\"container\">\n\t\t\t\t\t<div class=\"e-con-inner\">\n\t\t\t\t<div class=\"elementor-element elementor-element-6d3a1d2 elementor-widget elementor-widget-heading\" data-id=\"6d3a1d2\" data-element_type=\"widget\" data-e-type=\"widget\" data-widget_type=\"heading.default\">\n\t\t\t\t<div class=\"elementor-widget-container\">\n\t\t\t\t\t<h3 class=\"elementor-heading-title elementor-size-default\">Eingebetteter Inhalt von einer anderen Website<\/h3>\t\t\t\t<\/div>\n\t\t\t\t<\/div>\n\t\t\t\t<div class=\"elementor-element elementor-element-2487818 elementor-widget elementor-widget-text-editor\" data-id=\"2487818\" data-element_type=\"widget\" data-e-type=\"widget\" data-widget_type=\"text-editor.default\">\n\t\t\t\t<div class=\"elementor-widget-container\">\n\t\t\t\t\t\t\t\t\t<p>Die Artikel auf dieser Website k\u00f6nnen eingebettete Inhalte (z. B. Videos, Bilder, Artikel usw.) enthalten. Eingebettete Inhalte von anderen Websites verhalten sich genau so, als ob der Besucher die andere Website besucht h\u00e4tte. <\/p><p>Diese Websites k\u00f6nnen Daten \u00fcber Sie sammeln, Cookies verwenden, zus\u00e4tzliche Verfolgungen von Dritten einbetten und Ihre Interaktion mit diesen eingebetteten Inhalten \u00fcberwachen, einschlie\u00dflich der Verfolgung Ihrer Interaktion mit den eingebetteten Inhalten, wenn Sie ein Konto haben und auf dieser Website angemeldet sind.<\/p>\t\t\t\t\t\t\t\t<\/div>\n\t\t\t\t<\/div>\n\t\t\t\t\t<\/div>\n\t\t\t\t<\/div>\n\t\t<div class=\"elementor-element elementor-element-30f0454 e-flex e-con-boxed e-con e-parent\" data-id=\"30f0454\" data-element_type=\"container\" data-e-type=\"container\">\n\t\t\t\t\t<div class=\"e-con-inner\">\n\t\t\t\t<div class=\"elementor-element elementor-element-0279754 elementor-widget elementor-widget-heading\" data-id=\"0279754\" data-element_type=\"widget\" data-e-type=\"widget\" data-widget_type=\"heading.default\">\n\t\t\t\t<div class=\"elementor-widget-container\">\n\t\t\t\t\t<h2 class=\"elementor-heading-title elementor-size-default\">Links zu anderen Websites<\/h2>\t\t\t\t<\/div>\n\t\t\t\t<\/div>\n\t\t\t\t<div class=\"elementor-element elementor-element-1eec105 elementor-widget elementor-widget-text-editor\" data-id=\"1eec105\" data-element_type=\"widget\" data-e-type=\"widget\" data-widget_type=\"text-editor.default\">\n\t\t\t\t<div class=\"elementor-widget-container\">\n\t\t\t\t\t\t\t\t\t<p>Der Beherberger kann \u00fcber Links den Zugang zu Websites Dritter erm\u00f6glichen, um Sie \u00fcber die Existenz anderer Informationsquellen im Internet zu informieren, wo Sie weitere Informationen \u00fcber die Website finden k\u00f6nnen.<\/p><p>Diese Links zu anderen Websites sind in keiner Weise ein Vorschlag oder eine Empfehlung f\u00fcr Sie, die Ziel-Websites zu besuchen, die au\u00dferhalb der Kontrolle des Eigent\u00fcmers liegen, und daher ist der Eigent\u00fcmer nicht verantwortlich f\u00fcr den Inhalt der verlinkten Websites oder f\u00fcr das Ergebnis, das Sie erhalten, wenn Sie den Links folgen. Dar\u00fcber hinaus ist der Inhaber nicht verantwortlich f\u00fcr die Links oder Hinweise auf den verlinkten Websites, zu denen er Ihnen den Zugang erm\u00f6glicht. <\/p><p>Die Einrichtung des Links impliziert in keinem Fall das Bestehen einer Beziehung zwischen dem Inhaber und dem Eigent\u00fcmer der Website, auf der der Link eingerichtet ist, noch die Annahme oder Billigung von deren Inhalten oder Dienstleistungen durch den Inhaber.<\/p><p>Wenn Sie \u00fcber einen Link, den Sie auf der Website finden, auf eine externe Website zugreifen, sollten Sie die Datenschutzrichtlinien der anderen Website lesen, die sich von denen dieser Website unterscheiden k\u00f6nnen.<\/p>\t\t\t\t\t\t\t\t<\/div>\n\t\t\t\t<\/div>\n\t\t\t\t\t<\/div>\n\t\t\t\t<\/div>\n\t\t<div class=\"elementor-element elementor-element-24d346e e-flex e-con-boxed e-con e-parent\" data-id=\"24d346e\" data-element_type=\"container\" data-e-type=\"container\">\n\t\t\t\t\t<div class=\"e-con-inner\">\n\t\t\t\t<div class=\"elementor-element elementor-element-99dc048 elementor-widget elementor-widget-heading\" data-id=\"99dc048\" data-element_type=\"widget\" data-e-type=\"widget\" data-widget_type=\"heading.default\">\n\t\t\t\t<div class=\"elementor-widget-container\">\n\t\t\t\t\t<h2 class=\"elementor-heading-title elementor-size-default\">Geistiges und gewerbliches Eigentum<\/h2>\t\t\t\t<\/div>\n\t\t\t\t<\/div>\n\t\t\t\t<div class=\"elementor-element elementor-element-0747e57 elementor-widget elementor-widget-text-editor\" data-id=\"0747e57\" data-element_type=\"widget\" data-e-type=\"widget\" data-widget_type=\"text-editor.default\">\n\t\t\t\t<div class=\"elementor-widget-container\">\n\t\t\t\t\t\t\t\t\t<p>Alle Rechte vorbehalten, wie auf der Seite <a href=\"https:\/\/reccopolisforall.es\/creditos\/\">Credits <\/a>angegeben. Der Zugang zu dieser Website unterliegt den folgenden Bedingungen: Die Vervielf\u00e4ltigung, dauerhafte Speicherung und Verbreitung des Inhalts oder jede andere Nutzung zu \u00f6ffentlichen oder kommerziellen Zwecken ist ohne die vorherige ausdr\u00fcckliche schriftliche Zustimmung des Eigent\u00fcmers ausdr\u00fccklich verboten. Im Falle des Kopierens eines Links von der Website muss dieser ordnungsgem\u00e4\u00df zitiert werden. In \u00dcbereinstimmung mit dem K\u00f6niglichen Gesetzesdekret 1\/1996 vom 12. April, Gesetz \u00fcber geistiges Eigentum, und seinen \u00c4nderungen Gesetz 21\/2014, das den Inhalt der europ\u00e4ischen Richtlinien in die spanische Gesetzgebung umsetzt, und Gesetz 2\/2019.   <\/p>\t\t\t\t\t\t\t\t<\/div>\n\t\t\t\t<\/div>\n\t\t\t\t\t<\/div>\n\t\t\t\t<\/div>\n\t\t<div class=\"elementor-element elementor-element-d6990d0 e-flex e-con-boxed e-con e-parent\" data-id=\"d6990d0\" data-element_type=\"container\" data-e-type=\"container\">\n\t\t\t\t\t<div class=\"e-con-inner\">\n\t\t\t\t<div class=\"elementor-element elementor-element-eaaf54d elementor-widget elementor-widget-heading\" data-id=\"eaaf54d\" data-element_type=\"widget\" data-e-type=\"widget\" data-widget_type=\"heading.default\">\n\t\t\t\t<div class=\"elementor-widget-container\">\n\t\t\t\t\t<h2 class=\"elementor-heading-title elementor-size-default\">Begrenzung der Haftung<\/h2>\t\t\t\t<\/div>\n\t\t\t\t<\/div>\n\t\t\t\t<div class=\"elementor-element elementor-element-7092ca9 elementor-widget elementor-widget-text-editor\" data-id=\"7092ca9\" data-element_type=\"widget\" data-e-type=\"widget\" data-widget_type=\"text-editor.default\">\n\t\t\t\t<div class=\"elementor-widget-container\">\n\t\t\t\t\t\t\t\t\t<p>Der Beherberger lehnt jede Verantwortung im Falle von Unterbrechungen oder St\u00f6rungen der im Internet angebotenen Dienstleistungen oder Inhalte ab, unabh\u00e4ngig von deren Ursache. Ebenso haftet der Inhaber nicht f\u00fcr Netzausf\u00e4lle, Gesch\u00e4ftsausf\u00e4lle als Folge solcher Ausf\u00e4lle, vor\u00fcbergehende Unterbrechungen der Stromversorgung oder jede andere Art von indirekten Sch\u00e4den, die durch Ursachen au\u00dferhalb der Kontrolle des Inhabers verursacht werden k\u00f6nnen. <\/p><p>Bevor Sie Entscheidungen und\/oder Handlungen auf der Grundlage der auf der Website enthaltenen Informationen treffen, empfiehlt Ihnen der Inhaber, die erhaltenen Informationen mit anderen Quellen zu vergleichen.<\/p>\t\t\t\t\t\t\t\t<\/div>\n\t\t\t\t<\/div>\n\t\t\t\t\t<\/div>\n\t\t\t\t<\/div>\n\t\t<div class=\"elementor-element elementor-element-008e096 e-flex e-con-boxed e-con e-parent\" data-id=\"008e096\" data-element_type=\"container\" data-e-type=\"container\">\n\t\t\t\t\t<div class=\"e-con-inner\">\n\t\t\t\t<div class=\"elementor-element elementor-element-880dc49 elementor-widget elementor-widget-heading\" data-id=\"880dc49\" data-element_type=\"widget\" data-e-type=\"widget\" data-widget_type=\"heading.default\">\n\t\t\t\t<div class=\"elementor-widget-container\">\n\t\t\t\t\t<h2 class=\"elementor-heading-title elementor-size-default\">Gerichtsbarkeit<\/h2>\t\t\t\t<\/div>\n\t\t\t\t<\/div>\n\t\t\t\t<div class=\"elementor-element elementor-element-4dfc238 elementor-widget elementor-widget-text-editor\" data-id=\"4dfc238\" data-element_type=\"widget\" data-e-type=\"widget\" data-widget_type=\"text-editor.default\">\n\t\t\t\t<div class=\"elementor-widget-container\">\n\t\t\t\t\t\t\t\t\t<p>Dieser rechtliche Hinweis unterliegt ausschlie\u00dflich dem spanischen Recht.<\/p>\t\t\t\t\t\t\t\t<\/div>\n\t\t\t\t<\/div>\n\t\t\t\t\t<\/div>\n\t\t\t\t<\/div>\n\t\t<div class=\"elementor-element elementor-element-29257d4 e-flex e-con-boxed e-con e-parent\" data-id=\"29257d4\" data-element_type=\"container\" data-e-type=\"container\">\n\t\t\t\t\t<div class=\"e-con-inner\">\n\t\t\t\t<div class=\"elementor-element elementor-element-1838367 elementor-widget elementor-widget-heading\" data-id=\"1838367\" data-element_type=\"widget\" data-e-type=\"widget\" data-widget_type=\"heading.default\">\n\t\t\t\t<div class=\"elementor-widget-container\">\n\t\t\t\t\t<h3 class=\"elementor-heading-title elementor-size-default\">Contacto<\/h3>\t\t\t\t<\/div>\n\t\t\t\t<\/div>\n\t\t\t\t<div class=\"elementor-element elementor-element-a68b872 elementor-widget elementor-widget-text-editor\" data-id=\"a68b872\" data-element_type=\"widget\" data-e-type=\"widget\" data-widget_type=\"text-editor.default\">\n\t\t\t\t<div class=\"elementor-widget-container\">\n\t\t\t\t\t\t\t\t\t<p>Wenn Sie Fragen zu diesem rechtlichen Hinweis haben oder Anmerkungen zur Website machen m\u00f6chten, k\u00f6nnen Sie eine E-Mail an die folgende Adresse senden: <a href=\"mailto:arqueologia@uah.es\">arqueologia@uah.es<\/a><\/p>\t\t\t\t\t\t\t\t<\/div>\n\t\t\t\t<\/div>\n\t\t\t\t\t<\/div>\n\t\t\t\t<\/div>\n\t\t\t\t<\/div>\n\t\t","protected":false},"excerpt":{"rendered":"<div class=\"entry-summary\">\nRechtlicher Hinweis Wer wir sind In \u00dcbereinstimmung mit Artikel 10 des Gesetzes 34\/2002 vom 11. Juli \u00fcber die Dienste der Informationsgesellschaft und den elektronischen Handel gibt der Inhaber seine Identifikationsdaten an: Halterung: Manuel Castro Priego.Adresse: \u00c1rea de Arqueolog\u00eda. Departamento de&hellip;\n<\/div>\n<div class=\"link-more\"><a href=\"https:\/\/reccopolisforall.es\/de\/rechtlicher-hinweis\/\" class=\"more-link\">Continue reading<span class=\"screen-reader-text\"> &ldquo;Rechtlicher Hinweis&rdquo;<\/span>&hellip;<\/a><\/div>\n","protected":false},"author":1,"featured_media":0,"parent":0,"menu_order":0,"comment_status":"closed","ping_status":"closed","template":"","meta":{"_acf_changed":false,"footnotes":""},"class_list":["post-4697","page","type-page","status-publish","hentry","entry"],"acf":[],"_links":{"self":[{"href":"https:\/\/reccopolisforall.es\/de\/wp-json\/wp\/v2\/pages\/4697","targetHints":{"allow":["GET"]}}],"collection":[{"href":"https:\/\/reccopolisforall.es\/de\/wp-json\/wp\/v2\/pages"}],"about":[{"href":"https:\/\/reccopolisforall.es\/de\/wp-json\/wp\/v2\/types\/page"}],"author":[{"embeddable":true,"href":"https:\/\/reccopolisforall.es\/de\/wp-json\/wp\/v2\/users\/1"}],"replies":[{"embeddable":true,"href":"https:\/\/reccopolisforall.es\/de\/wp-json\/wp\/v2\/comments?post=4697"}],"version-history":[{"count":1,"href":"https:\/\/reccopolisforall.es\/de\/wp-json\/wp\/v2\/pages\/4697\/revisions"}],"predecessor-version":[{"id":4698,"href":"https:\/\/reccopolisforall.es\/de\/wp-json\/wp\/v2\/pages\/4697\/revisions\/4698"}],"wp:attachment":[{"href":"https:\/\/reccopolisforall.es\/de\/wp-json\/wp\/v2\/media?parent=4697"}],"curies":[{"name":"wp","href":"https:\/\/api.w.org\/{rel}","templated":true}]}}