{"id":4864,"date":"2025-12-09T14:58:51","date_gmt":"2025-12-09T13:58:51","guid":{"rendered":"https:\/\/reccopolisforall.es\/profilierte-schale\/"},"modified":"2025-12-11T13:44:49","modified_gmt":"2025-12-11T12:44:49","slug":"profilierte-schale","status":"publish","type":"page","link":"https:\/\/reccopolisforall.es\/de\/profilierte-schale\/","title":{"rendered":"PROFILIERTE SCHALE"},"content":{"rendered":"\t\t<div data-elementor-type=\"wp-page\" data-elementor-id=\"4864\" class=\"elementor elementor-4864 elementor-4796\" data-elementor-post-type=\"page\">\n\t\t\t\t<div class=\"elementor-element elementor-element-a557817 animated-slow e-flex e-con-boxed elementor-invisible e-con e-parent\" data-id=\"a557817\" data-element_type=\"container\" data-e-type=\"container\" data-settings=\"{&quot;animation&quot;:&quot;fadeInUp&quot;}\">\n\t\t\t\t\t<div class=\"e-con-inner\">\n\t\t\t\t<div class=\"elementor-element elementor-element-442087b elementor-widget-mobile__width-inherit elementor-widget__width-inherit elementor-widget elementor-widget-heading\" data-id=\"442087b\" data-element_type=\"widget\" data-e-type=\"widget\" data-widget_type=\"heading.default\">\n\t\t\t\t<div class=\"elementor-widget-container\">\n\t\t\t\t\t<h3 class=\"elementor-heading-title elementor-size-default\">PROFILIERTE SCHALE<\/h3>\t\t\t\t<\/div>\n\t\t\t\t<\/div>\n\t\t\t\t<div class=\"elementor-element elementor-element-a0b78e8 elementor-widget elementor-widget-text-editor\" data-id=\"a0b78e8\" data-element_type=\"widget\" data-e-type=\"widget\" data-widget_type=\"text-editor.default\">\n\t\t\t\t<div class=\"elementor-widget-container\">\n\t\t\t\t\t\t\t\t\t<p style=\"text-align: left;\">Eine profilierte Schale aus der westgotischen Zeit im 7. Jahrhundert n. Chr., gefunden w\u00e4hrend der Ausgrabungskampagne 2002 in der Stadt Reccopolis (Guadalajara). Dieses Fundst\u00fcck, das auf einer Drehbank gefertigt wurde, weist einen Herstellungsfehler auf, wodurch die Kante uneben ist. Zudem hat es einen Riss an einem Teil des K\u00f6rpers und des Unterteils. Die dunkle Verf\u00e4rbung an der Au\u00dfenfl\u00e4che deutet darauf hin, dass diese Keramik einer Hitzequelle ausgesetzt war.   <\/p>\t\t\t\t\t\t\t\t<\/div>\n\t\t\t\t<\/div>\n\t\t\t\t\t<\/div>\n\t\t\t\t<\/div>\n\t\t<div class=\"elementor-element elementor-element-07ad5b4 e-con-full animated-slow e-flex elementor-invisible e-con e-parent\" data-id=\"07ad5b4\" data-element_type=\"container\" data-e-type=\"container\" data-settings=\"{&quot;animation&quot;:&quot;fadeInUp&quot;}\">\n\t\t\t\t<div class=\"elementor-element elementor-element-a8f7915 elementor-widget__width-inherit elementor-widget elementor-widget-html\" data-id=\"a8f7915\" data-element_type=\"widget\" data-e-type=\"widget\" data-widget_type=\"html.default\">\n\t\t\t\t<div class=\"elementor-widget-container\">\n\t\t\t\t\t<div class=\"sketchfab-embed-wrapper\"> <iframe title=\"Cuenco carenado. Visigodo. s.VII. Reccopolis\" frameborder=\"0\" allowfullscreen=\"\" mozallowfullscreen=\"true\" webkitallowfullscreen=\"true\" allow=\"autoplay; fullscreen; xr-spatial-tracking\" xr-spatial-tracking=\"\" execution-while-out-of-viewport=\"\" execution-while-not-rendered=\"\" web-share=\"\" width=\"1280\" height=\"720\" src=\"https:\/\/sketchfab.com\/models\/1dfa1bdaef6e44f5a68c502666619400\/embed?transparent=1\"> <\/iframe> <p style=\"font-size: 13px; font-weight: normal; margin: 5px; color: #4A4A4A;\"> <a href=\"https:\/\/sketchfab.com\/3d-models\/cuenco-carenado-visigodo-svii-reccopolis-1dfa1bdaef6e44f5a68c502666619400?utm_medium=embed&amp;utm_campaign=share-popup&amp;utm_content=1dfa1bdaef6e44f5a68c502666619400\" target=\"_blank\" rel=\"nofollow\" style=\"font-weight: bold; color: #1CAAD9;\"> Gekielte Schale. Westgotisch. 7. Jahrhundert. Reckopolis    <\/a> by <a href=\"https:\/\/sketchfab.com\/arqueologiauah?utm_medium=embed&amp;utm_campaign=share-popup&amp;utm_content=1dfa1bdaef6e44f5a68c502666619400\" target=\"_blank\" rel=\"nofollow\" style=\"font-weight: bold; color: #1CAAD9;\"> \u00c1rea de Arqueolog\u00eda - Universidad de Alcal\u00e1 <\/a> on <a href=\"https:\/\/sketchfab.com?utm_medium=embed&amp;utm_campaign=share-popup&amp;utm_content=1dfa1bdaef6e44f5a68c502666619400\" target=\"_blank\" rel=\"nofollow\" style=\"font-weight: bold; color: #1CAAD9;\">Sketchfab<\/a><\/p><\/div>\t\t\t\t<\/div>\n\t\t\t\t<\/div>\n\t\t\t\t<\/div>\n\t\t\t\t<\/div>\n\t\t","protected":false},"excerpt":{"rendered":"<div class=\"entry-summary\">\nPROFILIERTE SCHALE Eine profilierte Schale aus der westgotischen Zeit im 7. Jahrhundert n. Chr., gefunden w\u00e4hrend der Ausgrabungskampagne 2002 in der Stadt Reccopolis (Guadalajara). Dieses Fundst\u00fcck, das auf einer Drehbank gefertigt wurde, weist einen Herstellungsfehler auf, wodurch die Kante uneben&hellip;\n<\/div>\n<div class=\"link-more\"><a href=\"https:\/\/reccopolisforall.es\/de\/profilierte-schale\/\" class=\"more-link\">Continue reading<span class=\"screen-reader-text\"> &ldquo;PROFILIERTE SCHALE&rdquo;<\/span>&hellip;<\/a><\/div>\n","protected":false},"author":1,"featured_media":0,"parent":0,"menu_order":0,"comment_status":"closed","ping_status":"closed","template":"","meta":{"_acf_changed":false,"footnotes":""},"class_list":["post-4864","page","type-page","status-publish","hentry","entry"],"acf":[],"_links":{"self":[{"href":"https:\/\/reccopolisforall.es\/de\/wp-json\/wp\/v2\/pages\/4864","targetHints":{"allow":["GET"]}}],"collection":[{"href":"https:\/\/reccopolisforall.es\/de\/wp-json\/wp\/v2\/pages"}],"about":[{"href":"https:\/\/reccopolisforall.es\/de\/wp-json\/wp\/v2\/types\/page"}],"author":[{"embeddable":true,"href":"https:\/\/reccopolisforall.es\/de\/wp-json\/wp\/v2\/users\/1"}],"replies":[{"embeddable":true,"href":"https:\/\/reccopolisforall.es\/de\/wp-json\/wp\/v2\/comments?post=4864"}],"version-history":[{"count":1,"href":"https:\/\/reccopolisforall.es\/de\/wp-json\/wp\/v2\/pages\/4864\/revisions"}],"predecessor-version":[{"id":4865,"href":"https:\/\/reccopolisforall.es\/de\/wp-json\/wp\/v2\/pages\/4864\/revisions\/4865"}],"wp:attachment":[{"href":"https:\/\/reccopolisforall.es\/de\/wp-json\/wp\/v2\/media?parent=4864"}],"curies":[{"name":"wp","href":"https:\/\/api.w.org\/{rel}","templated":true}]}}