{"id":4870,"date":"2025-12-09T15:06:07","date_gmt":"2025-12-09T14:06:07","guid":{"rendered":"https:\/\/reccopolisforall.es\/westgotische-inschrift-auf-marmor\/"},"modified":"2025-12-11T13:50:51","modified_gmt":"2025-12-11T12:50:51","slug":"westgotische-inschrift-auf-marmor","status":"publish","type":"page","link":"https:\/\/reccopolisforall.es\/de\/westgotische-inschrift-auf-marmor\/","title":{"rendered":"Westgotische Inschrift auf marmor"},"content":{"rendered":"\t\t<div data-elementor-type=\"wp-page\" data-elementor-id=\"4870\" class=\"elementor elementor-4870 elementor-4812\" data-elementor-post-type=\"page\">\n\t\t\t\t<div class=\"elementor-element elementor-element-2580bfc animated-slow e-flex e-con-boxed elementor-invisible e-con e-parent\" data-id=\"2580bfc\" data-element_type=\"container\" data-e-type=\"container\" data-settings=\"{&quot;animation&quot;:&quot;fadeInUp&quot;}\">\n\t\t\t\t\t<div class=\"e-con-inner\">\n\t\t\t\t<div class=\"elementor-element elementor-element-b278bfe elementor-widget-mobile__width-inherit elementor-widget__width-inherit elementor-widget elementor-widget-heading\" data-id=\"b278bfe\" data-element_type=\"widget\" data-e-type=\"widget\" data-widget_type=\"heading.default\">\n\t\t\t\t<div class=\"elementor-widget-container\">\n\t\t\t\t\t<h3 class=\"elementor-heading-title elementor-size-default\">Westgotische Inschrift auf marmor<\/h3>\t\t\t\t<\/div>\n\t\t\t\t<\/div>\n\t\t\t\t<div class=\"elementor-element elementor-element-2b16897 elementor-widget elementor-widget-text-editor\" data-id=\"2b16897\" data-element_type=\"widget\" data-e-type=\"widget\" data-widget_type=\"text-editor.default\">\n\t\t\t\t<div class=\"elementor-widget-container\">\n\t\t\t\t\t\t\t\t\t<p>Ein Fragment einer lateinischen Inschrift aus westgotischer Zeit auf wei\u00dfem Marmor. Es zeigt V in der oberen Zeile und FRV in der unteren Zeile. Dieses Fragment, das in Reccopolis gefunden wurde, zeigt die Vorderseite der Inschrift sowie die Seite, die an der Oberfl\u00e4che befestigt war, auf der sich die Inschrift befand.  <\/p>\t\t\t\t\t\t\t\t<\/div>\n\t\t\t\t<\/div>\n\t\t\t\t\t<\/div>\n\t\t\t\t<\/div>\n\t\t<div class=\"elementor-element elementor-element-00aeafc e-con-full animated-slow e-flex elementor-invisible e-con e-parent\" data-id=\"00aeafc\" data-element_type=\"container\" data-e-type=\"container\" data-settings=\"{&quot;animation&quot;:&quot;fadeInUp&quot;}\">\n\t\t\t\t<div class=\"elementor-element elementor-element-767b457 elementor-widget__width-inherit elementor-widget elementor-widget-html\" data-id=\"767b457\" data-element_type=\"widget\" data-e-type=\"widget\" data-widget_type=\"html.default\">\n\t\t\t\t<div class=\"elementor-widget-container\">\n\t\t\t\t\t<div class=\"sketchfab-embed-wrapper\"> <iframe title=\"Inscripci\u00f3n de \u00e9poca visigoda en m\u00e1rmol blanco\" frameborder=\"0\" allowfullscreen=\"\" mozallowfullscreen=\"true\" webkitallowfullscreen=\"true\" allow=\"autoplay; fullscreen; xr-spatial-tracking\" xr-spatial-tracking=\"\" execution-while-out-of-viewport=\"\" execution-while-not-rendered=\"\" web-share=\"\" width=\"1250\" height=\"720\" src=\"https:\/\/sketchfab.com\/models\/5cd04741197141e2b0b70b5f2bc99a93\/embed?transparent=1\"> <\/iframe> <p style=\"font-size: 13px; font-weight: normal; margin: 5px; color: #4A4A4A;\">  <a href=\"https:\/\/sketchfab.com\/3d-models\/inscripcion-de-epoca-visigoda-en-marmol-blanco-5cd04741197141e2b0b70b5f2bc99a93?utm_medium=embed&amp;utm_campaign=share-popup&amp;utm_content=5cd04741197141e2b0b70b5f2bc99a93\" target=\"_blank\" rel=\"nofollow\" style=\"font-weight: bold; color: #1CAAD9;\"> Inscripci\u00f3n de \u00e9poca visigoda en m\u00e1rmol blanco <\/a> by <a href=\"https:\/\/sketchfab.com\/arqueologiauah?utm_medium=embed&amp;utm_campaign=share-popup&amp;utm_content=5cd04741197141e2b0b70b5f2bc99a93\" target=\"_blank\" rel=\"nofollow\" style=\"font-weight: bold; color: #1CAAD9;\"> \u00c1rea de Arqueolog\u00eda - Universidad de Alcal\u00e1 <\/a> on <a href=\"https:\/\/sketchfab.com?utm_medium=embed&amp;utm_campaign=share-popup&amp;utm_content=5cd04741197141e2b0b70b5f2bc99a93\" target=\"_blank\" rel=\"nofollow\" style=\"font-weight: bold; color: #1CAAD9;\">Sketchfab<\/a><\/p><\/div>\t\t\t\t<\/div>\n\t\t\t\t<\/div>\n\t\t\t\t<\/div>\n\t\t\t\t<\/div>\n\t\t","protected":false},"excerpt":{"rendered":"<div class=\"entry-summary\">\nWestgotische Inschrift auf marmor Ein Fragment einer lateinischen Inschrift aus westgotischer Zeit auf wei\u00dfem Marmor. Es zeigt V in der oberen Zeile und FRV in der unteren Zeile. Dieses Fragment, das in Reccopolis gefunden wurde, zeigt die Vorderseite der Inschrift&hellip;\n<\/div>\n<div class=\"link-more\"><a href=\"https:\/\/reccopolisforall.es\/de\/westgotische-inschrift-auf-marmor\/\" class=\"more-link\">Continue reading<span class=\"screen-reader-text\"> &ldquo;Westgotische Inschrift auf marmor&rdquo;<\/span>&hellip;<\/a><\/div>\n","protected":false},"author":1,"featured_media":0,"parent":0,"menu_order":0,"comment_status":"closed","ping_status":"closed","template":"","meta":{"_acf_changed":false,"footnotes":""},"class_list":["post-4870","page","type-page","status-publish","hentry","entry"],"acf":[],"_links":{"self":[{"href":"https:\/\/reccopolisforall.es\/de\/wp-json\/wp\/v2\/pages\/4870","targetHints":{"allow":["GET"]}}],"collection":[{"href":"https:\/\/reccopolisforall.es\/de\/wp-json\/wp\/v2\/pages"}],"about":[{"href":"https:\/\/reccopolisforall.es\/de\/wp-json\/wp\/v2\/types\/page"}],"author":[{"embeddable":true,"href":"https:\/\/reccopolisforall.es\/de\/wp-json\/wp\/v2\/users\/1"}],"replies":[{"embeddable":true,"href":"https:\/\/reccopolisforall.es\/de\/wp-json\/wp\/v2\/comments?post=4870"}],"version-history":[{"count":1,"href":"https:\/\/reccopolisforall.es\/de\/wp-json\/wp\/v2\/pages\/4870\/revisions"}],"predecessor-version":[{"id":4871,"href":"https:\/\/reccopolisforall.es\/de\/wp-json\/wp\/v2\/pages\/4870\/revisions\/4871"}],"wp:attachment":[{"href":"https:\/\/reccopolisforall.es\/de\/wp-json\/wp\/v2\/media?parent=4870"}],"curies":[{"name":"wp","href":"https:\/\/api.w.org\/{rel}","templated":true}]}}