{"id":4872,"date":"2025-12-09T13:53:03","date_gmt":"2025-12-09T12:53:03","guid":{"rendered":"https:\/\/reccopolisforall.es\/westgotische-inschrift-rec-auf-marmor\/"},"modified":"2025-12-11T13:51:45","modified_gmt":"2025-12-11T12:51:45","slug":"westgotische-inschrift-rec-auf-marmor","status":"publish","type":"page","link":"https:\/\/reccopolisforall.es\/de\/westgotische-inschrift-rec-auf-marmor\/","title":{"rendered":"Westgotische Inschrift \u201eREC\u201c auf Marmor"},"content":{"rendered":"\t\t<div data-elementor-type=\"wp-page\" data-elementor-id=\"4872\" class=\"elementor elementor-4872 elementor-4791\" data-elementor-post-type=\"page\">\n\t\t\t\t<div class=\"elementor-element elementor-element-1d34615 animated-slow e-flex e-con-boxed elementor-invisible e-con e-parent\" data-id=\"1d34615\" data-element_type=\"container\" data-e-type=\"container\" data-settings=\"{&quot;animation&quot;:&quot;fadeInUp&quot;}\">\n\t\t\t\t\t<div class=\"e-con-inner\">\n\t\t\t\t<div class=\"elementor-element elementor-element-e959984 elementor-widget-mobile__width-inherit elementor-widget__width-inherit elementor-widget elementor-widget-heading\" data-id=\"e959984\" data-element_type=\"widget\" data-e-type=\"widget\" data-widget_type=\"heading.default\">\n\t\t\t\t<div class=\"elementor-widget-container\">\n\t\t\t\t\t<h3 class=\"elementor-heading-title elementor-size-default\">Westgotische Inschrift \u201eREC\u201c auf Marmor<\/h3>\t\t\t\t<\/div>\n\t\t\t\t<\/div>\n\t\t\t\t<div class=\"elementor-element elementor-element-db5edc5 elementor-widget elementor-widget-text-editor\" data-id=\"db5edc5\" data-element_type=\"widget\" data-e-type=\"widget\" data-widget_type=\"text-editor.default\">\n\t\t\t\t<div class=\"elementor-widget-container\">\n\t\t\t\t\t\t\t\t\t<p style=\"text-align: left;\">Eine Inschrift aus westgotischer Zeit tr\u00e4gt oben die Buchstaben S, in der Mitte REC und unten MMA. Dieses Fragment war m\u00f6glicherweise Teil einer gr\u00f6\u00dferen Inschrift, von der mehrere Fragmente in der westgotischen Stadt Reckopolis gefunden wurden. Die Inschrift ist auf einem dicken Marmorst\u00fcck eingraviert, wobei die Seite, die mit dem Untergrund verbunden war, noch erhalten ist. Spuren des M\u00f6rtels, mit dem das St\u00fcck einst befestigt war, sind an dieser Seite sichtbar. Dar\u00fcber hinaus sind durch die Zersplitterung im Laufe der Zeit Adern im Marmor erkennbar, die die wei\u00dfe, kristalline Zusammensetzung des Marmors offenbaren.    <\/p>\t\t\t\t\t\t\t\t<\/div>\n\t\t\t\t<\/div>\n\t\t\t\t\t<\/div>\n\t\t\t\t<\/div>\n\t\t<div class=\"elementor-element elementor-element-130323b e-con-full animated-slow e-flex elementor-invisible e-con e-parent\" data-id=\"130323b\" data-element_type=\"container\" data-e-type=\"container\" data-settings=\"{&quot;animation&quot;:&quot;fadeInUp&quot;}\">\n\t\t\t\t<div class=\"elementor-element elementor-element-24a28e4 elementor-widget__width-inherit elementor-widget elementor-widget-html\" data-id=\"24a28e4\" data-element_type=\"widget\" data-e-type=\"widget\" data-widget_type=\"html.default\">\n\t\t\t\t<div class=\"elementor-widget-container\">\n\t\t\t\t\t<div class=\"sketchfab-embed-wrapper\"> <iframe title=\"Westgotische lateinische Inschrift auf Marmor\" frameborder=\"0\" allowfullscreen=\"\" mozallowfullscreen=\"true\" webkitallowfullscreen=\"true\" allow=\"autoplay; fullscreen; xr-spatial-tracking\" xr-spatial-tracking=\"\" execution-while-out-of-viewport=\"\" execution-while-not-rendered=\"\" web-share=\"\" width=\"1280\" height=\"720\" src=\"https:\/\/sketchfab.com\/models\/5054f588e659460ea6e9d5bb79d55c24\/embed?transparent=1\"> <\/iframe> <p style=\"font-size: 13px; font-weight: normal; margin: 5px; color: #4A4A4A;\">  <a href=\"https:\/\/sketchfab.com\/3d-models\/inscripcion-latina-de-epoca-visigoda-en-marmol-5054f588e659460ea6e9d5bb79d55c24?utm_medium=embed&amp;utm_campaign=share-popup&amp;utm_content=5054f588e659460ea6e9d5bb79d55c24\" target=\"_blank\" rel=\"nofollow\" style=\"font-weight: bold; color: #1CAAD9;\"> Inscripci\u00f3n latina de \u00e9poca visigoda en marmol <\/a> by <a href=\"https:\/\/sketchfab.com\/arqueologiauah?utm_medium=embed&amp;utm_campaign=share-popup&amp;utm_content=5054f588e659460ea6e9d5bb79d55c24\" target=\"_blank\" rel=\"nofollow\" style=\"font-weight: bold; color: #1CAAD9;\"> \u00c1rea de Arqueolog\u00eda - Universidad de Alcal\u00e1 <\/a> on <a href=\"https:\/\/sketchfab.com?utm_medium=embed&amp;utm_campaign=share-popup&amp;utm_content=5054f588e659460ea6e9d5bb79d55c24\" target=\"_blank\" rel=\"nofollow\" style=\"font-weight: bold; color: #1CAAD9;\">Sketchfab<\/a><\/p><\/div>\t\t\t\t<\/div>\n\t\t\t\t<\/div>\n\t\t\t\t<\/div>\n\t\t\t\t<\/div>\n\t\t","protected":false},"excerpt":{"rendered":"<div class=\"entry-summary\">\nWestgotische Inschrift \u201eREC\u201c auf Marmor Eine Inschrift aus westgotischer Zeit tr\u00e4gt oben die Buchstaben S, in der Mitte REC und unten MMA. Dieses Fragment war m\u00f6glicherweise Teil einer gr\u00f6\u00dferen Inschrift, von der mehrere Fragmente in der westgotischen Stadt Reckopolis gefunden&hellip;\n<\/div>\n<div class=\"link-more\"><a href=\"https:\/\/reccopolisforall.es\/de\/westgotische-inschrift-rec-auf-marmor\/\" class=\"more-link\">Continue reading<span class=\"screen-reader-text\"> &ldquo;Westgotische Inschrift \u201eREC\u201c auf Marmor&rdquo;<\/span>&hellip;<\/a><\/div>\n","protected":false},"author":1,"featured_media":0,"parent":0,"menu_order":0,"comment_status":"closed","ping_status":"closed","template":"","meta":{"_acf_changed":false,"footnotes":""},"class_list":["post-4872","page","type-page","status-publish","hentry","entry"],"acf":[],"_links":{"self":[{"href":"https:\/\/reccopolisforall.es\/de\/wp-json\/wp\/v2\/pages\/4872","targetHints":{"allow":["GET"]}}],"collection":[{"href":"https:\/\/reccopolisforall.es\/de\/wp-json\/wp\/v2\/pages"}],"about":[{"href":"https:\/\/reccopolisforall.es\/de\/wp-json\/wp\/v2\/types\/page"}],"author":[{"embeddable":true,"href":"https:\/\/reccopolisforall.es\/de\/wp-json\/wp\/v2\/users\/1"}],"replies":[{"embeddable":true,"href":"https:\/\/reccopolisforall.es\/de\/wp-json\/wp\/v2\/comments?post=4872"}],"version-history":[{"count":1,"href":"https:\/\/reccopolisforall.es\/de\/wp-json\/wp\/v2\/pages\/4872\/revisions"}],"predecessor-version":[{"id":4873,"href":"https:\/\/reccopolisforall.es\/de\/wp-json\/wp\/v2\/pages\/4872\/revisions\/4873"}],"wp:attachment":[{"href":"https:\/\/reccopolisforall.es\/de\/wp-json\/wp\/v2\/media?parent=4872"}],"curies":[{"name":"wp","href":"https:\/\/api.w.org\/{rel}","templated":true}]}}