{"id":4884,"date":"2025-12-09T15:02:34","date_gmt":"2025-12-09T14:02:34","guid":{"rendered":"https:\/\/reccopolisforall.es\/westgotisches-tremis\/"},"modified":"2025-12-11T13:59:34","modified_gmt":"2025-12-11T12:59:34","slug":"westgotisches-tremis","status":"publish","type":"page","link":"https:\/\/reccopolisforall.es\/de\/westgotisches-tremis\/","title":{"rendered":"Westgotisches Trem\u00eds"},"content":{"rendered":"\t\t<div data-elementor-type=\"wp-page\" data-elementor-id=\"4884\" class=\"elementor elementor-4884 elementor-4802\" data-elementor-post-type=\"page\">\n\t\t\t\t<div class=\"elementor-element elementor-element-7b9aa36 animated-slow e-flex e-con-boxed elementor-invisible e-con e-parent\" data-id=\"7b9aa36\" data-element_type=\"container\" data-e-type=\"container\" data-settings=\"{&quot;animation&quot;:&quot;fadeInUp&quot;}\">\n\t\t\t\t\t<div class=\"e-con-inner\">\n\t\t\t\t<div class=\"elementor-element elementor-element-569e9f0 elementor-widget-mobile__width-inherit elementor-widget__width-inherit elementor-widget elementor-widget-heading\" data-id=\"569e9f0\" data-element_type=\"widget\" data-e-type=\"widget\" data-widget_type=\"heading.default\">\n\t\t\t\t<div class=\"elementor-widget-container\">\n\t\t\t\t\t<h3 class=\"elementor-heading-title elementor-size-default\">Westgotisches Trem\u00eds<\/h3>\t\t\t\t<\/div>\n\t\t\t\t<\/div>\n\t\t\t\t<div class=\"elementor-element elementor-element-2d4cbc0 elementor-widget elementor-widget-text-editor\" data-id=\"2d4cbc0\" data-element_type=\"widget\" data-e-type=\"widget\" data-widget_type=\"text-editor.default\">\n\t\t\t\t<div class=\"elementor-widget-container\">\n\t\t\t\t\t\t\t\t\t<p>Diese vom westgotischen K\u00f6nig Tulga in C\u00f3rdoba gepr\u00e4gte M\u00fcnze, wie die Vorderseite (TULGA REX) und die R\u00fcckseite (CORDOBA PIVS) zeigen, wurde in der Fundst\u00e4tte Reccopolis in einem Grab dokumentiert, das m\u00f6glicherweise aus der islamischen Zeit stammt. Diese M\u00fcnze ist ein Beispiel f\u00fcr die Bedeutung C\u00f3rdobas in der westgotischen Zeit als Stadt und als Zentrum der Region Baetica. <\/p>\t\t\t\t\t\t\t\t<\/div>\n\t\t\t\t<\/div>\n\t\t\t\t\t<\/div>\n\t\t\t\t<\/div>\n\t\t<div class=\"elementor-element elementor-element-0a66416 e-con-full animated-slow e-flex elementor-invisible e-con e-parent\" data-id=\"0a66416\" data-element_type=\"container\" data-e-type=\"container\" data-settings=\"{&quot;animation&quot;:&quot;fadeInUp&quot;}\">\n\t\t\t\t<div class=\"elementor-element elementor-element-a0d24a7 elementor-widget__width-inherit elementor-widget elementor-widget-html\" data-id=\"a0d24a7\" data-element_type=\"widget\" data-e-type=\"widget\" data-widget_type=\"html.default\">\n\t\t\t\t<div class=\"elementor-widget-container\">\n\t\t\t\t\t<div class=\"sketchfab-embed-wrapper\"> <iframe title=\"Trem\u00eds Visigodo del siglo VII d. C.\" frameborder=\"0\" allowfullscreen=\"\" mozallowfullscreen=\"true\" webkitallowfullscreen=\"true\" allow=\"autoplay; fullscreen; xr-spatial-tracking\" xr-spatial-tracking=\"\" execution-while-out-of-viewport=\"\" execution-while-not-rendered=\"\" web-share=\"\" width=\"1250\" height=\"720\" src=\"https:\/\/sketchfab.com\/models\/3df21056b5d841d5924dec857aabcbbd\/embed?transparent=1\"> <\/iframe> <p style=\"font-size: 13px; font-weight: normal; margin: 5px; color: #4A4A4A;\"> <a href=\"https:\/\/sketchfab.com\/3d-models\/tremis-visigodo-del-siglo-vii-d-c-3df21056b5d841d5924dec857aabcbbd?utm_medium=embed&amp;utm_campaign=share-popup&amp;utm_content=3df21056b5d841d5924dec857aabcbbd\" target=\"_blank\" rel=\"nofollow\" style=\"font-weight: bold; color: #1CAAD9;\"> <g id=\"gid_0\"> Trem\u00eds Visigodo del siglo VII d. C. <\/g>  <\/a> by <a href=\"https:\/\/sketchfab.com\/arqueologiauah?utm_medium=embed&amp;utm_campaign=share-popup&amp;utm_content=3df21056b5d841d5924dec857aabcbbd\" target=\"_blank\" rel=\"nofollow\" style=\"font-weight: bold; color: #1CAAD9;\"> \u00c1rea de Arqueolog\u00eda - Universidad de Alcal\u00e1 <\/a> on <a href=\"https:\/\/sketchfab.com?utm_medium=embed&amp;utm_campaign=share-popup&amp;utm_content=3df21056b5d841d5924dec857aabcbbd\" target=\"_blank\" rel=\"nofollow\" style=\"font-weight: bold; color: #1CAAD9;\">Sketchfab<\/a><\/p><\/div>\t\t\t\t<\/div>\n\t\t\t\t<\/div>\n\t\t\t\t<\/div>\n\t\t\t\t<\/div>\n\t\t","protected":false},"excerpt":{"rendered":"<div class=\"entry-summary\">\nWestgotisches Trem\u00eds Diese vom westgotischen K\u00f6nig Tulga in C\u00f3rdoba gepr\u00e4gte M\u00fcnze, wie die Vorderseite (TULGA REX) und die R\u00fcckseite (CORDOBA PIVS) zeigen, wurde in der Fundst\u00e4tte Reccopolis in einem Grab dokumentiert, das m\u00f6glicherweise aus der islamischen Zeit stammt. Diese M\u00fcnze&hellip;\n<\/div>\n<div class=\"link-more\"><a href=\"https:\/\/reccopolisforall.es\/de\/westgotisches-tremis\/\" class=\"more-link\">Continue reading<span class=\"screen-reader-text\"> &ldquo;Westgotisches Trem\u00eds&rdquo;<\/span>&hellip;<\/a><\/div>\n","protected":false},"author":1,"featured_media":0,"parent":0,"menu_order":0,"comment_status":"closed","ping_status":"closed","template":"","meta":{"_acf_changed":false,"footnotes":""},"class_list":["post-4884","page","type-page","status-publish","hentry","entry"],"acf":[],"_links":{"self":[{"href":"https:\/\/reccopolisforall.es\/de\/wp-json\/wp\/v2\/pages\/4884","targetHints":{"allow":["GET"]}}],"collection":[{"href":"https:\/\/reccopolisforall.es\/de\/wp-json\/wp\/v2\/pages"}],"about":[{"href":"https:\/\/reccopolisforall.es\/de\/wp-json\/wp\/v2\/types\/page"}],"author":[{"embeddable":true,"href":"https:\/\/reccopolisforall.es\/de\/wp-json\/wp\/v2\/users\/1"}],"replies":[{"embeddable":true,"href":"https:\/\/reccopolisforall.es\/de\/wp-json\/wp\/v2\/comments?post=4884"}],"version-history":[{"count":1,"href":"https:\/\/reccopolisforall.es\/de\/wp-json\/wp\/v2\/pages\/4884\/revisions"}],"predecessor-version":[{"id":4885,"href":"https:\/\/reccopolisforall.es\/de\/wp-json\/wp\/v2\/pages\/4884\/revisions\/4885"}],"wp:attachment":[{"href":"https:\/\/reccopolisforall.es\/de\/wp-json\/wp\/v2\/media?parent=4884"}],"curies":[{"name":"wp","href":"https:\/\/api.w.org\/{rel}","templated":true}]}}