{"id":4709,"date":"2024-06-03T10:47:57","date_gmt":"2024-06-03T08:47:57","guid":{"rendered":"https:\/\/reccopolisforall.es\/legal-notice\/"},"modified":"2025-07-18T12:19:09","modified_gmt":"2025-07-18T10:19:09","slug":"legal-notice","status":"publish","type":"page","link":"https:\/\/reccopolisforall.es\/en\/legal-notice\/","title":{"rendered":"Legal Notice"},"content":{"rendered":"\t\t<div data-elementor-type=\"wp-page\" data-elementor-id=\"4709\" class=\"elementor elementor-4709 elementor-216\" data-elementor-post-type=\"page\">\n\t\t\t\t<div class=\"elementor-element elementor-element-4b3f1e86 e-con-full e-flex e-con e-parent\" data-id=\"4b3f1e86\" data-element_type=\"container\" data-e-type=\"container\" data-settings=\"{&quot;background_background&quot;:&quot;classic&quot;}\">\n\t\t\t\t<div class=\"elementor-element elementor-element-488ab7be elementor-widget-mobile__width-inherit elementor-widget__width-inherit elementor-widget elementor-widget-heading\" data-id=\"488ab7be\" data-element_type=\"widget\" data-e-type=\"widget\" data-widget_type=\"heading.default\">\n\t\t\t\t<div class=\"elementor-widget-container\">\n\t\t\t\t\t<h1 class=\"elementor-heading-title elementor-size-default\">Legal Notice<\/h1>\t\t\t\t<\/div>\n\t\t\t\t<\/div>\n\t\t\t\t<\/div>\n\t\t<div class=\"elementor-element elementor-element-402484b e-flex e-con-boxed e-con e-parent\" data-id=\"402484b\" data-element_type=\"container\" data-e-type=\"container\">\n\t\t\t\t\t<div class=\"e-con-inner\">\n\t\t\t\t<div class=\"elementor-element elementor-element-f1b9031 elementor-widget elementor-widget-heading\" data-id=\"f1b9031\" data-element_type=\"widget\" data-e-type=\"widget\" data-widget_type=\"heading.default\">\n\t\t\t\t<div class=\"elementor-widget-container\">\n\t\t\t\t\t<h2 class=\"elementor-heading-title elementor-size-default\">Who we are<\/h2>\t\t\t\t<\/div>\n\t\t\t\t<\/div>\n\t\t\t\t<div class=\"elementor-element elementor-element-8c606a3 elementor-widget elementor-widget-text-editor\" data-id=\"8c606a3\" data-element_type=\"widget\" data-e-type=\"widget\" data-widget_type=\"text-editor.default\">\n\t\t\t\t<div class=\"elementor-widget-container\">\n\t\t\t\t\t\t\t\t\t<p>In compliance with article 10 of Law 34\/2002, of 11 July, on Information Society Services and Electronic Commerce, the Holder sets out its identification data:<\/p><p>Holder: Manuel Castro Priego.<br>Address: \u00c1rea de Arqueolog\u00eda. Departamento de Historia y Filosof\u00eda. Facultad de Filosof\u00eda y Letras C\/Colegios, 2. 1\u00aa planta 28801 Alcal\u00e1 de Henares, Madrid &#8211; Espa\u00f1a.<br>E-mail address: <a href=\"mailto:manuel.castro@uah.es\">manuel.castro@uah.es<\/a><br>Website: <a href=\"https:\/\/reccopolisforall.es\/en\/\">https:\/\/reccopolisforall.es<\/a>   <\/p>\t\t\t\t\t\t\t\t<\/div>\n\t\t\t\t<\/div>\n\t\t\t\t\t<\/div>\n\t\t\t\t<\/div>\n\t\t<div class=\"elementor-element elementor-element-61d03f1 e-flex e-con-boxed e-con e-parent\" data-id=\"61d03f1\" data-element_type=\"container\" data-e-type=\"container\">\n\t\t\t\t\t<div class=\"e-con-inner\">\n\t\t\t\t<div class=\"elementor-element elementor-element-01dc2c0 elementor-widget elementor-widget-heading\" data-id=\"01dc2c0\" data-element_type=\"widget\" data-e-type=\"widget\" data-widget_type=\"heading.default\">\n\t\t\t\t<div class=\"elementor-widget-container\">\n\t\t\t\t\t<h2 class=\"elementor-heading-title elementor-size-default\">Purpose<\/h2>\t\t\t\t<\/div>\n\t\t\t\t<\/div>\n\t\t\t\t<div class=\"elementor-element elementor-element-f889d13 elementor-widget elementor-widget-text-editor\" data-id=\"f889d13\" data-element_type=\"widget\" data-e-type=\"widget\" data-widget_type=\"text-editor.default\">\n\t\t\t\t<div class=\"elementor-widget-container\">\n\t\t\t\t\t\t\t\t\t<p>The purpose of the Website is: <strong>Transfer project. Accessibility of the contents of the Interpretation Centre and visit to the Reccopolis site. <\/strong><\/p>\t\t\t\t\t\t\t\t<\/div>\n\t\t\t\t<\/div>\n\t\t\t\t\t<\/div>\n\t\t\t\t<\/div>\n\t\t<div class=\"elementor-element elementor-element-a43a5ba e-flex e-con-boxed e-con e-parent\" data-id=\"a43a5ba\" data-element_type=\"container\" data-e-type=\"container\">\n\t\t\t\t\t<div class=\"e-con-inner\">\n\t\t\t\t<div class=\"elementor-element elementor-element-9c0d256 elementor-widget elementor-widget-heading\" data-id=\"9c0d256\" data-element_type=\"widget\" data-e-type=\"widget\" data-widget_type=\"heading.default\">\n\t\t\t\t<div class=\"elementor-widget-container\">\n\t\t\t\t\t<h2 class=\"elementor-heading-title elementor-size-default\">Conditions of use<\/h2>\t\t\t\t<\/div>\n\t\t\t\t<\/div>\n\t\t\t\t<div class=\"elementor-element elementor-element-a14e213 elementor-widget elementor-widget-text-editor\" data-id=\"a14e213\" data-element_type=\"widget\" data-e-type=\"widget\" data-widget_type=\"text-editor.default\">\n\t\t\t\t<div class=\"elementor-widget-container\">\n\t\t\t\t\t\t\t\t\t<p>The use of the Website grants you the status of User, and implies full acceptance of all the clauses and conditions of use included in the pages:<\/p><p>If you do not agree with each and every one of these terms and conditions, please do not use the Website.<\/p><p>Access to the Website does not in any way imply the commencement of a commercial relationship with the Owner.<\/p><p>Through the Website, the Proprietor provides you with access to and use of various content that the Proprietor and\/or its collaborators have published on the Internet.<\/p><p>To this effect, you are obliged and committed NOT to use any of the contents of the Website for illicit purposes or effects, prohibited in this Legal Notice or by current legislation, harmful to the rights and interests of third parties, or that in any way may damage, disable, overload, deteriorate or impede the normal use of the contents, computer equipment or documents, files and all types of content stored on any computer equipment owned or contracted by the Owner, other users or any Internet user.<\/p>\t\t\t\t\t\t\t\t<\/div>\n\t\t\t\t<\/div>\n\t\t\t\t\t<\/div>\n\t\t\t\t<\/div>\n\t\t<div class=\"elementor-element elementor-element-9c5375f e-flex e-con-boxed e-con e-parent\" data-id=\"9c5375f\" data-element_type=\"container\" data-e-type=\"container\">\n\t\t\t\t\t<div class=\"e-con-inner\">\n\t\t\t\t<div class=\"elementor-element elementor-element-2fe69ae elementor-widget elementor-widget-heading\" data-id=\"2fe69ae\" data-element_type=\"widget\" data-e-type=\"widget\" data-widget_type=\"heading.default\">\n\t\t\t\t<div class=\"elementor-widget-container\">\n\t\t\t\t\t<h2 class=\"elementor-heading-title elementor-size-default\">Security measures<\/h2>\t\t\t\t<\/div>\n\t\t\t\t<\/div>\n\t\t\t\t<div class=\"elementor-element elementor-element-546573c elementor-widget elementor-widget-text-editor\" data-id=\"546573c\" data-element_type=\"widget\" data-e-type=\"widget\" data-widget_type=\"text-editor.default\">\n\t\t\t\t<div class=\"elementor-widget-container\">\n\t\t\t\t\t\t\t\t\t<p>The personal data provided to the Holder may be stored in automated or non-automated databases, whose ownership corresponds exclusively to the Holder, who assumes all the technical, organisational and security measures that guarantee the confidentiality, integrity and quality of the information contained therein in accordance with the provisions of current legislation on data protection.<\/p><p>However, you should be aware that the security measures of computer systems on the Internet are not entirely reliable and that, therefore, the Holder cannot guarantee the non-existence of viruses or other elements that may cause alterations in the User&#8217;s computer systems (software and hardware) or in their electronic documents and files contained therein, although the Holder makes every effort and takes the necessary security measures to avoid the presence of these harmful elements.<\/p>\t\t\t\t\t\t\t\t<\/div>\n\t\t\t\t<\/div>\n\t\t\t\t\t<\/div>\n\t\t\t\t<\/div>\n\t\t<div class=\"elementor-element elementor-element-23b8307 e-flex e-con-boxed e-con e-parent\" data-id=\"23b8307\" data-element_type=\"container\" data-e-type=\"container\">\n\t\t\t\t\t<div class=\"e-con-inner\">\n\t\t\t\t<div class=\"elementor-element elementor-element-5f3c266 elementor-widget elementor-widget-heading\" data-id=\"5f3c266\" data-element_type=\"widget\" data-e-type=\"widget\" data-widget_type=\"heading.default\">\n\t\t\t\t<div class=\"elementor-widget-container\">\n\t\t\t\t\t<h2 class=\"elementor-heading-title elementor-size-default\">Processing of personal data<\/h2>\t\t\t\t<\/div>\n\t\t\t\t<\/div>\n\t\t\t\t<div class=\"elementor-element elementor-element-7cfdd20 elementor-widget elementor-widget-text-editor\" data-id=\"7cfdd20\" data-element_type=\"widget\" data-e-type=\"widget\" data-widget_type=\"text-editor.default\">\n\t\t\t\t<div class=\"elementor-widget-container\">\n\t\t\t\t\t\t\t\t\t<p>You can consult all the information relating to the processing of personal data collected by the Data Controller on the <a href=\"https:\/\/reccopolisforall.es\/politica-de-privacidad\/\">Privacy Policy<\/a> page.<\/p>\t\t\t\t\t\t\t\t<\/div>\n\t\t\t\t<\/div>\n\t\t\t\t\t<\/div>\n\t\t\t\t<\/div>\n\t\t<div class=\"elementor-element elementor-element-30b955e e-flex e-con-boxed e-con e-parent\" data-id=\"30b955e\" data-element_type=\"container\" data-e-type=\"container\">\n\t\t\t\t\t<div class=\"e-con-inner\">\n\t\t\t\t<div class=\"elementor-element elementor-element-9b46545 elementor-widget elementor-widget-heading\" data-id=\"9b46545\" data-element_type=\"widget\" data-e-type=\"widget\" data-widget_type=\"heading.default\">\n\t\t\t\t<div class=\"elementor-widget-container\">\n\t\t\t\t\t<h3 class=\"elementor-heading-title elementor-size-default\">Contents<\/h3>\t\t\t\t<\/div>\n\t\t\t\t<\/div>\n\t\t\t\t<div class=\"elementor-element elementor-element-3a9d732 elementor-widget elementor-widget-text-editor\" data-id=\"3a9d732\" data-element_type=\"widget\" data-e-type=\"widget\" data-widget_type=\"text-editor.default\">\n\t\t\t\t<div class=\"elementor-widget-container\">\n\t\t\t\t\t\t\t\t\t<p>The Owner has obtained the information, multimedia content and materials contained on the Website from sources it believes to be reliable, but while it has taken all reasonable steps to ensure that the information contained therein is correct, the Owner does not warrant that it is accurate, complete or up to date. The Proprietor expressly disclaims any liability for errors or omissions in the information contained in the pages of the Website. <\/p><p>It is forbidden to transmit or send through the Website any illegal or illicit content, computer viruses, or messages that, in general, affect or violate the rights of the Owner or third parties. The contents of the Website are for information purposes only and under no circumstances should they be used or considered as an offer to sell, a request for an offer to buy or a recommendation to carry out any other transaction, unless expressly stated. <\/p><p>The Proprietor reserves the right to modify, suspend, cancel or restrict the content of the Website, the links or the information obtained through the Website, without prior notice. The Proprietor is not liable for any damages that may arise from the use of the information on the Website or the information contained in the social networks of the Proprietor. <\/p>\t\t\t\t\t\t\t\t<\/div>\n\t\t\t\t<\/div>\n\t\t\t\t\t<\/div>\n\t\t\t\t<\/div>\n\t\t<div class=\"elementor-element elementor-element-b792eda e-flex e-con-boxed e-con e-parent\" data-id=\"b792eda\" data-element_type=\"container\" data-e-type=\"container\">\n\t\t\t\t\t<div class=\"e-con-inner\">\n\t\t\t\t<div class=\"elementor-element elementor-element-091d57c elementor-widget elementor-widget-heading\" data-id=\"091d57c\" data-element_type=\"widget\" data-e-type=\"widget\" data-widget_type=\"heading.default\">\n\t\t\t\t<div class=\"elementor-widget-container\">\n\t\t\t\t\t<h2 class=\"elementor-heading-title elementor-size-default\">Cookies policy<\/h2>\t\t\t\t<\/div>\n\t\t\t\t<\/div>\n\t\t\t\t<div class=\"elementor-element elementor-element-2c9b252 elementor-widget elementor-widget-text-editor\" data-id=\"2c9b252\" data-element_type=\"widget\" data-e-type=\"widget\" data-widget_type=\"text-editor.default\">\n\t\t\t\t<div class=\"elementor-widget-container\">\n\t\t\t\t\t\t\t\t\t<p>You can consult all the information relating to the policy on the collection and processing of cookies on the <a href=\"https:\/\/reccopolisforall.es\/en\/cookie-policy-eu\/\">Cookies Policy<\/a> page.<\/p>\t\t\t\t\t\t\t\t<\/div>\n\t\t\t\t<\/div>\n\t\t\t\t\t<\/div>\n\t\t\t\t<\/div>\n\t\t<div class=\"elementor-element elementor-element-8f61730 e-flex e-con-boxed e-con e-parent\" data-id=\"8f61730\" data-element_type=\"container\" data-e-type=\"container\">\n\t\t\t\t\t<div class=\"e-con-inner\">\n\t\t\t\t<div class=\"elementor-element elementor-element-6d3a1d2 elementor-widget elementor-widget-heading\" data-id=\"6d3a1d2\" data-element_type=\"widget\" data-e-type=\"widget\" data-widget_type=\"heading.default\">\n\t\t\t\t<div class=\"elementor-widget-container\">\n\t\t\t\t\t<h3 class=\"elementor-heading-title elementor-size-default\">Embedded content from another website<\/h3>\t\t\t\t<\/div>\n\t\t\t\t<\/div>\n\t\t\t\t<div class=\"elementor-element elementor-element-2487818 elementor-widget elementor-widget-text-editor\" data-id=\"2487818\" data-element_type=\"widget\" data-e-type=\"widget\" data-widget_type=\"text-editor.default\">\n\t\t\t\t<div class=\"elementor-widget-container\">\n\t\t\t\t\t\t\t\t\t<p>Articles on this site may include embedded content (e.g. videos, images, articles, etc.). Embedded content from other websites behaves exactly as if the visitor had visited the other website. <\/p><p>These websites may collect data about you, use cookies, embed additional tracking from third parties and monitor your interaction with that embedded content, including tracking your interaction with the embedded content if you have an account and are logged into that website.<\/p>\t\t\t\t\t\t\t\t<\/div>\n\t\t\t\t<\/div>\n\t\t\t\t\t<\/div>\n\t\t\t\t<\/div>\n\t\t<div class=\"elementor-element elementor-element-30f0454 e-flex e-con-boxed e-con e-parent\" data-id=\"30f0454\" data-element_type=\"container\" data-e-type=\"container\">\n\t\t\t\t\t<div class=\"e-con-inner\">\n\t\t\t\t<div class=\"elementor-element elementor-element-0279754 elementor-widget elementor-widget-heading\" data-id=\"0279754\" data-element_type=\"widget\" data-e-type=\"widget\" data-widget_type=\"heading.default\">\n\t\t\t\t<div class=\"elementor-widget-container\">\n\t\t\t\t\t<h2 class=\"elementor-heading-title elementor-size-default\">Links to other websites<\/h2>\t\t\t\t<\/div>\n\t\t\t\t<\/div>\n\t\t\t\t<div class=\"elementor-element elementor-element-1eec105 elementor-widget elementor-widget-text-editor\" data-id=\"1eec105\" data-element_type=\"widget\" data-e-type=\"widget\" data-widget_type=\"text-editor.default\">\n\t\t\t\t<div class=\"elementor-widget-container\">\n\t\t\t\t\t\t\t\t\t<p>The Proprietor may provide access to third party websites by means of links with the sole purpose of informing you of the existence of other sources of information on the Internet where you can find further information on the Website.<\/p><p>These links to other websites are in no way a suggestion or recommendation for you to visit the destination websites, which are beyond the control of the Owner, and therefore the Owner is not responsible for the content of the linked websites or for the result you obtain by following the links. Furthermore, the Proprietor is not responsible for any links or pointers located on the linked websites to which it provides you with access. <\/p><p>The establishment of the link does not imply in any case the existence of a relationship between the Holder and the owner of the site where the link is established, nor the acceptance or approval by the Holder of its contents or services.<\/p><p>If you access an external website from a link you find on the Website you should read the other website&#8217;s own privacy policy which may differ from that of this Website.<\/p>\t\t\t\t\t\t\t\t<\/div>\n\t\t\t\t<\/div>\n\t\t\t\t\t<\/div>\n\t\t\t\t<\/div>\n\t\t<div class=\"elementor-element elementor-element-24d346e e-flex e-con-boxed e-con e-parent\" data-id=\"24d346e\" data-element_type=\"container\" data-e-type=\"container\">\n\t\t\t\t\t<div class=\"e-con-inner\">\n\t\t\t\t<div class=\"elementor-element elementor-element-99dc048 elementor-widget elementor-widget-heading\" data-id=\"99dc048\" data-element_type=\"widget\" data-e-type=\"widget\" data-widget_type=\"heading.default\">\n\t\t\t\t<div class=\"elementor-widget-container\">\n\t\t\t\t\t<h2 class=\"elementor-heading-title elementor-size-default\">Intellectual and Industrial Property<\/h2>\t\t\t\t<\/div>\n\t\t\t\t<\/div>\n\t\t\t\t<div class=\"elementor-element elementor-element-0747e57 elementor-widget elementor-widget-text-editor\" data-id=\"0747e57\" data-element_type=\"widget\" data-e-type=\"widget\" data-widget_type=\"text-editor.default\">\n\t\t\t\t<div class=\"elementor-widget-container\">\n\t\t\t\t\t\t\t\t\t<p>All rights reserved, as specified on the <a href=\"https:\/\/reccopolisforall.es\/en\/credits\/\">Credits <\/a>page. All access to this Website is subject to the following conditions: the reproduction, permanent storage and dissemination of the contents or any other use for public or commercial purposes is expressly prohibited without the prior express written consent of the Owner. In the case of copying any link from the Website, it is obliged to be properly cited. In compliance with Royal Legislative Decree 1\/1996, of 12 April, Intellectual Property Law, and its amendments Law 21\/2014 which transposes the content of European directives to Spanish legislation, and law 2\/2019.   <\/p>\t\t\t\t\t\t\t\t<\/div>\n\t\t\t\t<\/div>\n\t\t\t\t\t<\/div>\n\t\t\t\t<\/div>\n\t\t<div class=\"elementor-element elementor-element-d6990d0 e-flex e-con-boxed e-con e-parent\" data-id=\"d6990d0\" data-element_type=\"container\" data-e-type=\"container\">\n\t\t\t\t\t<div class=\"e-con-inner\">\n\t\t\t\t<div class=\"elementor-element elementor-element-eaaf54d elementor-widget elementor-widget-heading\" data-id=\"eaaf54d\" data-element_type=\"widget\" data-e-type=\"widget\" data-widget_type=\"heading.default\">\n\t\t\t\t<div class=\"elementor-widget-container\">\n\t\t\t\t\t<h2 class=\"elementor-heading-title elementor-size-default\">Limitation of liability<\/h2>\t\t\t\t<\/div>\n\t\t\t\t<\/div>\n\t\t\t\t<div class=\"elementor-element elementor-element-7092ca9 elementor-widget elementor-widget-text-editor\" data-id=\"7092ca9\" data-element_type=\"widget\" data-e-type=\"widget\" data-widget_type=\"text-editor.default\">\n\t\t\t\t<div class=\"elementor-widget-container\">\n\t\t\t\t\t\t\t\t\t<p>The Proprietor declines any responsibility in the event of interruptions or malfunction of the Services or content offered on the Internet, whatever their cause. Likewise, the Proprietor shall not be liable for network failures, loss of business as a result of such failures, temporary suspensions of electricity supply or any other type of indirect damage that may be caused by causes beyond the control of the Proprietor. <\/p><p>Before taking decisions and\/or actions based on the information contained on the Website, the Proprietor recommends that you check and contrast the information received with other sources.<\/p>\t\t\t\t\t\t\t\t<\/div>\n\t\t\t\t<\/div>\n\t\t\t\t\t<\/div>\n\t\t\t\t<\/div>\n\t\t<div class=\"elementor-element elementor-element-008e096 e-flex e-con-boxed e-con e-parent\" data-id=\"008e096\" data-element_type=\"container\" data-e-type=\"container\">\n\t\t\t\t\t<div class=\"e-con-inner\">\n\t\t\t\t<div class=\"elementor-element elementor-element-880dc49 elementor-widget elementor-widget-heading\" data-id=\"880dc49\" data-element_type=\"widget\" data-e-type=\"widget\" data-widget_type=\"heading.default\">\n\t\t\t\t<div class=\"elementor-widget-container\">\n\t\t\t\t\t<h2 class=\"elementor-heading-title elementor-size-default\">jurisdiction<\/h2>\t\t\t\t<\/div>\n\t\t\t\t<\/div>\n\t\t\t\t<div class=\"elementor-element elementor-element-4dfc238 elementor-widget elementor-widget-text-editor\" data-id=\"4dfc238\" data-element_type=\"widget\" data-e-type=\"widget\" data-widget_type=\"text-editor.default\">\n\t\t\t\t<div class=\"elementor-widget-container\">\n\t\t\t\t\t\t\t\t\t<p>This Legal Notice is governed entirely by Spanish law.<\/p>\t\t\t\t\t\t\t\t<\/div>\n\t\t\t\t<\/div>\n\t\t\t\t\t<\/div>\n\t\t\t\t<\/div>\n\t\t<div class=\"elementor-element elementor-element-29257d4 e-flex e-con-boxed e-con e-parent\" data-id=\"29257d4\" data-element_type=\"container\" data-e-type=\"container\">\n\t\t\t\t\t<div class=\"e-con-inner\">\n\t\t\t\t<div class=\"elementor-element elementor-element-1838367 elementor-widget elementor-widget-heading\" data-id=\"1838367\" data-element_type=\"widget\" data-e-type=\"widget\" data-widget_type=\"heading.default\">\n\t\t\t\t<div class=\"elementor-widget-container\">\n\t\t\t\t\t<h3 class=\"elementor-heading-title elementor-size-default\">Contact<\/h3>\t\t\t\t<\/div>\n\t\t\t\t<\/div>\n\t\t\t\t<div class=\"elementor-element elementor-element-a68b872 elementor-widget elementor-widget-text-editor\" data-id=\"a68b872\" data-element_type=\"widget\" data-e-type=\"widget\" data-widget_type=\"text-editor.default\">\n\t\t\t\t<div class=\"elementor-widget-container\">\n\t\t\t\t\t\t\t\t\t<p>If you have any questions about this Legal Notice or would like to make any comments about the Website, you can send an e-mail to the address: <a href=\"mailto:arqueologia@uah.es\">arqueologia@uah.es<\/a><\/p>\t\t\t\t\t\t\t\t<\/div>\n\t\t\t\t<\/div>\n\t\t\t\t\t<\/div>\n\t\t\t\t<\/div>\n\t\t\t\t<\/div>\n\t\t","protected":false},"excerpt":{"rendered":"<div class=\"entry-summary\">\nLegal Notice Who we are In compliance with article 10 of Law 34\/2002, of 11 July, on Information Society Services and Electronic Commerce, the Holder sets out its identification data: Holder: Manuel Castro Priego.Address: \u00c1rea de Arqueolog\u00eda. Departamento de Historia&hellip;\n<\/div>\n<div class=\"link-more\"><a href=\"https:\/\/reccopolisforall.es\/en\/legal-notice\/\" class=\"more-link\">Continue reading<span class=\"screen-reader-text\"> &ldquo;Legal Notice&rdquo;<\/span>&hellip;<\/a><\/div>\n","protected":false},"author":1,"featured_media":0,"parent":0,"menu_order":0,"comment_status":"closed","ping_status":"closed","template":"","meta":{"_acf_changed":false,"footnotes":""},"class_list":["post-4709","page","type-page","status-publish","hentry","entry"],"acf":[],"_links":{"self":[{"href":"https:\/\/reccopolisforall.es\/en\/wp-json\/wp\/v2\/pages\/4709","targetHints":{"allow":["GET"]}}],"collection":[{"href":"https:\/\/reccopolisforall.es\/en\/wp-json\/wp\/v2\/pages"}],"about":[{"href":"https:\/\/reccopolisforall.es\/en\/wp-json\/wp\/v2\/types\/page"}],"author":[{"embeddable":true,"href":"https:\/\/reccopolisforall.es\/en\/wp-json\/wp\/v2\/users\/1"}],"replies":[{"embeddable":true,"href":"https:\/\/reccopolisforall.es\/en\/wp-json\/wp\/v2\/comments?post=4709"}],"version-history":[{"count":1,"href":"https:\/\/reccopolisforall.es\/en\/wp-json\/wp\/v2\/pages\/4709\/revisions"}],"predecessor-version":[{"id":4710,"href":"https:\/\/reccopolisforall.es\/en\/wp-json\/wp\/v2\/pages\/4709\/revisions\/4710"}],"wp:attachment":[{"href":"https:\/\/reccopolisforall.es\/en\/wp-json\/wp\/v2\/media?parent=4709"}],"curies":[{"name":"wp","href":"https:\/\/api.w.org\/{rel}","templated":true}]}}