{"id":4862,"date":"2025-12-09T14:58:51","date_gmt":"2025-12-09T13:58:51","guid":{"rendered":"https:\/\/reccopolisforall.es\/bowl-with-a-carinated-rim\/"},"modified":"2025-12-11T13:44:00","modified_gmt":"2025-12-11T12:44:00","slug":"bowl-with-a-carinated-rim","status":"publish","type":"page","link":"https:\/\/reccopolisforall.es\/en\/bowl-with-a-carinated-rim\/","title":{"rendered":"Bowl with a carinated rim"},"content":{"rendered":"\t\t<div data-elementor-type=\"wp-page\" data-elementor-id=\"4862\" class=\"elementor elementor-4862 elementor-4796\" data-elementor-post-type=\"page\">\n\t\t\t\t<div class=\"elementor-element elementor-element-a557817 animated-slow e-flex e-con-boxed elementor-invisible e-con e-parent\" data-id=\"a557817\" data-element_type=\"container\" data-e-type=\"container\" data-settings=\"{&quot;animation&quot;:&quot;fadeInUp&quot;}\">\n\t\t\t\t\t<div class=\"e-con-inner\">\n\t\t\t\t<div class=\"elementor-element elementor-element-442087b elementor-widget-mobile__width-inherit elementor-widget__width-inherit elementor-widget elementor-widget-heading\" data-id=\"442087b\" data-element_type=\"widget\" data-e-type=\"widget\" data-widget_type=\"heading.default\">\n\t\t\t\t<div class=\"elementor-widget-container\">\n\t\t\t\t\t<h3 class=\"elementor-heading-title elementor-size-default\">Bowl with a carinated rim<\/h3>\t\t\t\t<\/div>\n\t\t\t\t<\/div>\n\t\t\t\t<div class=\"elementor-element elementor-element-a0b78e8 elementor-widget elementor-widget-text-editor\" data-id=\"a0b78e8\" data-element_type=\"widget\" data-e-type=\"widget\" data-widget_type=\"text-editor.default\">\n\t\t\t\t<div class=\"elementor-widget-container\">\n\t\t\t\t\t\t\t\t\t<p style=\"text-align: left;\">A bowl with a carinated rim, documented from the Visigothic phase of the 7th century AD, found in the city of Recc\u00f3polis (Guadalajara) during the 2002 excavation campaign. The piece, made on a potter&#8217;s wheel, has a manufacturing defect that results in an uneven rim. It also has a fracture on part of the body and the base. The visible darkening on the outer surface suggests that this pottery was exposed to some kind of heat source.   <\/p>\t\t\t\t\t\t\t\t<\/div>\n\t\t\t\t<\/div>\n\t\t\t\t\t<\/div>\n\t\t\t\t<\/div>\n\t\t<div class=\"elementor-element elementor-element-07ad5b4 e-con-full animated-slow e-flex elementor-invisible e-con e-parent\" data-id=\"07ad5b4\" data-element_type=\"container\" data-e-type=\"container\" data-settings=\"{&quot;animation&quot;:&quot;fadeInUp&quot;}\">\n\t\t\t\t<div class=\"elementor-element elementor-element-a8f7915 elementor-widget__width-inherit elementor-widget elementor-widget-html\" data-id=\"a8f7915\" data-element_type=\"widget\" data-e-type=\"widget\" data-widget_type=\"html.default\">\n\t\t\t\t<div class=\"elementor-widget-container\">\n\t\t\t\t\t<div class=\"sketchfab-embed-wrapper\"> <iframe title=\"Cuenco carenado. Visigodo. s.VII. Reccopolis\" frameborder=\"0\" allowfullscreen=\"\" mozallowfullscreen=\"true\" webkitallowfullscreen=\"true\" allow=\"autoplay; fullscreen; xr-spatial-tracking\" xr-spatial-tracking=\"\" execution-while-out-of-viewport=\"\" execution-while-not-rendered=\"\" web-share=\"\" width=\"1280\" height=\"720\" src=\"https:\/\/sketchfab.com\/models\/1dfa1bdaef6e44f5a68c502666619400\/embed?transparent=1\"> <\/iframe> <p style=\"font-size: 13px; font-weight: normal; margin: 5px; color: #4A4A4A;\"> <a href=\"https:\/\/sketchfab.com\/3d-models\/cuenco-carenado-visigodo-svii-reccopolis-1dfa1bdaef6e44f5a68c502666619400?utm_medium=embed&amp;utm_campaign=share-popup&amp;utm_content=1dfa1bdaef6e44f5a68c502666619400\" target=\"_blank\" rel=\"nofollow\" style=\"font-weight: bold; color: #1CAAD9;\"> Carinated bowl. Visigothic. 7th century. Reccopolis    <\/a> by <a href=\"https:\/\/sketchfab.com\/arqueologiauah?utm_medium=embed&amp;utm_campaign=share-popup&amp;utm_content=1dfa1bdaef6e44f5a68c502666619400\" target=\"_blank\" rel=\"nofollow\" style=\"font-weight: bold; color: #1CAAD9;\"> \u00c1rea de Arqueolog\u00eda - Universidad de Alcal\u00e1 <\/a> on <a href=\"https:\/\/sketchfab.com?utm_medium=embed&amp;utm_campaign=share-popup&amp;utm_content=1dfa1bdaef6e44f5a68c502666619400\" target=\"_blank\" rel=\"nofollow\" style=\"font-weight: bold; color: #1CAAD9;\">Sketchfab<\/a><\/p><\/div>\t\t\t\t<\/div>\n\t\t\t\t<\/div>\n\t\t\t\t<\/div>\n\t\t\t\t<\/div>\n\t\t","protected":false},"excerpt":{"rendered":"<div class=\"entry-summary\">\nBowl with a carinated rim A bowl with a carinated rim, documented from the Visigothic phase of the 7th century AD, found in the city of Recc\u00f3polis (Guadalajara) during the 2002 excavation campaign. The piece, made on a potter&#8217;s wheel,&hellip;\n<\/div>\n<div class=\"link-more\"><a href=\"https:\/\/reccopolisforall.es\/en\/bowl-with-a-carinated-rim\/\" class=\"more-link\">Continue reading<span class=\"screen-reader-text\"> &ldquo;Bowl with a carinated rim&rdquo;<\/span>&hellip;<\/a><\/div>\n","protected":false},"author":1,"featured_media":0,"parent":0,"menu_order":0,"comment_status":"closed","ping_status":"closed","template":"","meta":{"_acf_changed":false,"footnotes":""},"class_list":["post-4862","page","type-page","status-publish","hentry","entry"],"acf":[],"_links":{"self":[{"href":"https:\/\/reccopolisforall.es\/en\/wp-json\/wp\/v2\/pages\/4862","targetHints":{"allow":["GET"]}}],"collection":[{"href":"https:\/\/reccopolisforall.es\/en\/wp-json\/wp\/v2\/pages"}],"about":[{"href":"https:\/\/reccopolisforall.es\/en\/wp-json\/wp\/v2\/types\/page"}],"author":[{"embeddable":true,"href":"https:\/\/reccopolisforall.es\/en\/wp-json\/wp\/v2\/users\/1"}],"replies":[{"embeddable":true,"href":"https:\/\/reccopolisforall.es\/en\/wp-json\/wp\/v2\/comments?post=4862"}],"version-history":[{"count":1,"href":"https:\/\/reccopolisforall.es\/en\/wp-json\/wp\/v2\/pages\/4862\/revisions"}],"predecessor-version":[{"id":4863,"href":"https:\/\/reccopolisforall.es\/en\/wp-json\/wp\/v2\/pages\/4862\/revisions\/4863"}],"wp:attachment":[{"href":"https:\/\/reccopolisforall.es\/en\/wp-json\/wp\/v2\/media?parent=4862"}],"curies":[{"name":"wp","href":"https:\/\/api.w.org\/{rel}","templated":true}]}}