{"id":4868,"date":"2025-12-09T13:53:03","date_gmt":"2025-12-09T12:53:03","guid":{"rendered":"https:\/\/reccopolisforall.es\/visigothic-inscription-rec-on-marble\/"},"modified":"2025-12-11T13:50:45","modified_gmt":"2025-12-11T12:50:45","slug":"visigothic-inscription-rec-on-marble","status":"publish","type":"page","link":"https:\/\/reccopolisforall.es\/en\/visigothic-inscription-rec-on-marble\/","title":{"rendered":"Visigothic inscription &#8220;REC&#8221; on marble"},"content":{"rendered":"\t\t<div data-elementor-type=\"wp-page\" data-elementor-id=\"4868\" class=\"elementor elementor-4868 elementor-4791\" data-elementor-post-type=\"page\">\n\t\t\t\t<div class=\"elementor-element elementor-element-1d34615 animated-slow e-flex e-con-boxed elementor-invisible e-con e-parent\" data-id=\"1d34615\" data-element_type=\"container\" data-e-type=\"container\" data-settings=\"{&quot;animation&quot;:&quot;fadeInUp&quot;}\">\n\t\t\t\t\t<div class=\"e-con-inner\">\n\t\t\t\t<div class=\"elementor-element elementor-element-e959984 elementor-widget-mobile__width-inherit elementor-widget__width-inherit elementor-widget elementor-widget-heading\" data-id=\"e959984\" data-element_type=\"widget\" data-e-type=\"widget\" data-widget_type=\"heading.default\">\n\t\t\t\t<div class=\"elementor-widget-container\">\n\t\t\t\t\t<h3 class=\"elementor-heading-title elementor-size-default\">Visigothic inscription \"REC\" on marble<\/h3>\t\t\t\t<\/div>\n\t\t\t\t<\/div>\n\t\t\t\t<div class=\"elementor-element elementor-element-db5edc5 elementor-widget elementor-widget-text-editor\" data-id=\"db5edc5\" data-element_type=\"widget\" data-e-type=\"widget\" data-widget_type=\"text-editor.default\">\n\t\t\t\t<div class=\"elementor-widget-container\">\n\t\t\t\t\t\t\t\t\t<p style=\"text-align: left;\">A Visigothic-era inscription reads S at the top, REC in the middle, and MMA at the bottom. This fragment may have been part of a much larger inscription, of which several fragments have been recovered in the Visigothic city of Reccopolis. The inscription is written on a thick piece of marble, although the side that was attached to the surface on which it was originally mounted is still preserved. Traces of the mortar that once bonded it to the surface are visible on this attached side. Furthermore, veins are visible in the piece due to fragmentation over time, revealing the white crystalline composition of the marble.    <\/p>\t\t\t\t\t\t\t\t<\/div>\n\t\t\t\t<\/div>\n\t\t\t\t\t<\/div>\n\t\t\t\t<\/div>\n\t\t<div class=\"elementor-element elementor-element-130323b e-con-full animated-slow e-flex elementor-invisible e-con e-parent\" data-id=\"130323b\" data-element_type=\"container\" data-e-type=\"container\" data-settings=\"{&quot;animation&quot;:&quot;fadeInUp&quot;}\">\n\t\t\t\t<div class=\"elementor-element elementor-element-24a28e4 elementor-widget__width-inherit elementor-widget elementor-widget-html\" data-id=\"24a28e4\" data-element_type=\"widget\" data-e-type=\"widget\" data-widget_type=\"html.default\">\n\t\t\t\t<div class=\"elementor-widget-container\">\n\t\t\t\t\t<div class=\"sketchfab-embed-wrapper\"> <iframe title=\"Visigothic-era Latin inscription on marble\" frameborder=\"0\" allowfullscreen=\"\" mozallowfullscreen=\"true\" webkitallowfullscreen=\"true\" allow=\"autoplay; fullscreen; xr-spatial-tracking\" xr-spatial-tracking=\"\" execution-while-out-of-viewport=\"\" execution-while-not-rendered=\"\" web-share=\"\" width=\"1280\" height=\"720\" src=\"https:\/\/sketchfab.com\/models\/5054f588e659460ea6e9d5bb79d55c24\/embed?transparent=1\"> <\/iframe> <p style=\"font-size: 13px; font-weight: normal; margin: 5px; color: #4A4A4A;\">  <a href=\"https:\/\/sketchfab.com\/3d-models\/inscripcion-latina-de-epoca-visigoda-en-marmol-5054f588e659460ea6e9d5bb79d55c24?utm_medium=embed&amp;utm_campaign=share-popup&amp;utm_content=5054f588e659460ea6e9d5bb79d55c24\" target=\"_blank\" rel=\"nofollow\" style=\"font-weight: bold; color: #1CAAD9;\"> Inscripci\u00f3n latina de \u00e9poca visigoda en marmol <\/a> by <a href=\"https:\/\/sketchfab.com\/arqueologiauah?utm_medium=embed&amp;utm_campaign=share-popup&amp;utm_content=5054f588e659460ea6e9d5bb79d55c24\" target=\"_blank\" rel=\"nofollow\" style=\"font-weight: bold; color: #1CAAD9;\"> \u00c1rea de Arqueolog\u00eda - Universidad de Alcal\u00e1 <\/a> on <a href=\"https:\/\/sketchfab.com?utm_medium=embed&amp;utm_campaign=share-popup&amp;utm_content=5054f588e659460ea6e9d5bb79d55c24\" target=\"_blank\" rel=\"nofollow\" style=\"font-weight: bold; color: #1CAAD9;\">Sketchfab<\/a><\/p><\/div>\t\t\t\t<\/div>\n\t\t\t\t<\/div>\n\t\t\t\t<\/div>\n\t\t\t\t<\/div>\n\t\t","protected":false},"excerpt":{"rendered":"<div class=\"entry-summary\">\nVisigothic inscription &#8220;REC&#8221; on marble A Visigothic-era inscription reads S at the top, REC in the middle, and MMA at the bottom. This fragment may have been part of a much larger inscription, of which several fragments have been recovered&hellip;\n<\/div>\n<div class=\"link-more\"><a href=\"https:\/\/reccopolisforall.es\/en\/visigothic-inscription-rec-on-marble\/\" class=\"more-link\">Continue reading<span class=\"screen-reader-text\"> &ldquo;Visigothic inscription &#8220;REC&#8221; on marble&rdquo;<\/span>&hellip;<\/a><\/div>\n","protected":false},"author":1,"featured_media":0,"parent":0,"menu_order":0,"comment_status":"closed","ping_status":"closed","template":"","meta":{"_acf_changed":false,"footnotes":""},"class_list":["post-4868","page","type-page","status-publish","hentry","entry"],"acf":[],"_links":{"self":[{"href":"https:\/\/reccopolisforall.es\/en\/wp-json\/wp\/v2\/pages\/4868","targetHints":{"allow":["GET"]}}],"collection":[{"href":"https:\/\/reccopolisforall.es\/en\/wp-json\/wp\/v2\/pages"}],"about":[{"href":"https:\/\/reccopolisforall.es\/en\/wp-json\/wp\/v2\/types\/page"}],"author":[{"embeddable":true,"href":"https:\/\/reccopolisforall.es\/en\/wp-json\/wp\/v2\/users\/1"}],"replies":[{"embeddable":true,"href":"https:\/\/reccopolisforall.es\/en\/wp-json\/wp\/v2\/comments?post=4868"}],"version-history":[{"count":1,"href":"https:\/\/reccopolisforall.es\/en\/wp-json\/wp\/v2\/pages\/4868\/revisions"}],"predecessor-version":[{"id":4869,"href":"https:\/\/reccopolisforall.es\/en\/wp-json\/wp\/v2\/pages\/4868\/revisions\/4869"}],"wp:attachment":[{"href":"https:\/\/reccopolisforall.es\/en\/wp-json\/wp\/v2\/media?parent=4868"}],"curies":[{"name":"wp","href":"https:\/\/api.w.org\/{rel}","templated":true}]}}