{"id":4874,"date":"2025-12-09T15:04:09","date_gmt":"2025-12-09T14:04:09","guid":{"rendered":"https:\/\/reccopolisforall.es\/visigothic-earring-mould\/"},"modified":"2025-12-11T13:52:31","modified_gmt":"2025-12-11T12:52:31","slug":"visigothic-earring-mould","status":"publish","type":"page","link":"https:\/\/reccopolisforall.es\/en\/visigothic-earring-mould\/","title":{"rendered":"Visigothic Earring Mould"},"content":{"rendered":"\t\t<div data-elementor-type=\"wp-page\" data-elementor-id=\"4874\" class=\"elementor elementor-4874 elementor-4807\" data-elementor-post-type=\"page\">\n\t\t\t\t<div class=\"elementor-element elementor-element-0477adf animated-slow e-flex e-con-boxed elementor-invisible e-con e-parent\" data-id=\"0477adf\" data-element_type=\"container\" data-e-type=\"container\" data-settings=\"{&quot;animation&quot;:&quot;fadeInUp&quot;}\">\n\t\t\t\t\t<div class=\"e-con-inner\">\n\t\t\t\t<div class=\"elementor-element elementor-element-1d3d4c5 elementor-widget-mobile__width-inherit elementor-widget__width-inherit elementor-widget elementor-widget-heading\" data-id=\"1d3d4c5\" data-element_type=\"widget\" data-e-type=\"widget\" data-widget_type=\"heading.default\">\n\t\t\t\t<div class=\"elementor-widget-container\">\n\t\t\t\t\t<h3 class=\"elementor-heading-title elementor-size-default\">Visigothic Earring Mould<\/h3>\t\t\t\t<\/div>\n\t\t\t\t<\/div>\n\t\t\t\t<div class=\"elementor-element elementor-element-9909bb0 elementor-widget elementor-widget-text-editor\" data-id=\"9909bb0\" data-element_type=\"widget\" data-e-type=\"widget\" data-widget_type=\"text-editor.default\">\n\t\t\t\t<div class=\"elementor-widget-container\">\n\t\t\t\t\t\t\t\t\t<p>An earring mould reused on both sides for the manufacture of goldsmith&#8217;s ornaments. It has incisions on both sides for making circular earrings with various pendants. The remains of the metal that joined the two parts of the mould to make the pieces can be seen.  <\/p>\t\t\t\t\t\t\t\t<\/div>\n\t\t\t\t<\/div>\n\t\t\t\t\t<\/div>\n\t\t\t\t<\/div>\n\t\t<div class=\"elementor-element elementor-element-f3a3985 e-con-full animated-slow e-flex elementor-invisible e-con e-parent\" data-id=\"f3a3985\" data-element_type=\"container\" data-e-type=\"container\" data-settings=\"{&quot;animation&quot;:&quot;fadeInUp&quot;}\">\n\t\t\t\t<div class=\"elementor-element elementor-element-e43958a elementor-widget__width-inherit elementor-widget elementor-widget-html\" data-id=\"e43958a\" data-element_type=\"widget\" data-e-type=\"widget\" data-widget_type=\"html.default\">\n\t\t\t\t<div class=\"elementor-widget-container\">\n\t\t\t\t\t<div class=\"sketchfab-embed-wrapper\"> <iframe title=\"Visigothic-era earring mold\" frameborder=\"0\" allowfullscreen=\"\" mozallowfullscreen=\"true\" webkitallowfullscreen=\"true\" allow=\"autoplay; fullscreen; xr-spatial-tracking\" xr-spatial-tracking=\"\" execution-while-out-of-viewport=\"\" execution-while-not-rendered=\"\" web-share=\"\" width=\"1250\" height=\"720\" src=\"https:\/\/sketchfab.com\/models\/15719ddd7e454326b87021e9434087f7\/embed?transparent=1\"> <\/iframe> <p style=\"font-size: 13px; font-weight: normal; margin: 5px; color: #4A4A4A;\">  <a href=\"https:\/\/sketchfab.com\/3d-models\/molde-de-pendientes-de-epoca-visigoda-15719ddd7e454326b87021e9434087f7?utm_medium=embed&amp;utm_campaign=share-popup&amp;utm_content=15719ddd7e454326b87021e9434087f7\" target=\"_blank\" rel=\"nofollow\" style=\"font-weight: bold; color: #1CAAD9;\"> Molde de pendientes de \u00e9poca visigoda <\/a> by <a href=\"https:\/\/sketchfab.com\/arqueologiauah?utm_medium=embed&amp;utm_campaign=share-popup&amp;utm_content=15719ddd7e454326b87021e9434087f7\" target=\"_blank\" rel=\"nofollow\" style=\"font-weight: bold; color: #1CAAD9;\"> \u00c1rea de Arqueolog\u00eda - Universidad de Alcal\u00e1 <\/a> on <a href=\"https:\/\/sketchfab.com?utm_medium=embed&amp;utm_campaign=share-popup&amp;utm_content=15719ddd7e454326b87021e9434087f7\" target=\"_blank\" rel=\"nofollow\" style=\"font-weight: bold; color: #1CAAD9;\">Sketchfab<\/a><\/p><\/div>\t\t\t\t<\/div>\n\t\t\t\t<\/div>\n\t\t\t\t<\/div>\n\t\t\t\t<\/div>\n\t\t","protected":false},"excerpt":{"rendered":"<div class=\"entry-summary\">\nVisigothic Earring Mould An earring mould reused on both sides for the manufacture of goldsmith&#8217;s ornaments. It has incisions on both sides for making circular earrings with various pendants. The remains of the metal that joined the two parts of&hellip;\n<\/div>\n<div class=\"link-more\"><a href=\"https:\/\/reccopolisforall.es\/en\/visigothic-earring-mould\/\" class=\"more-link\">Continue reading<span class=\"screen-reader-text\"> &ldquo;Visigothic Earring Mould&rdquo;<\/span>&hellip;<\/a><\/div>\n","protected":false},"author":1,"featured_media":0,"parent":0,"menu_order":0,"comment_status":"closed","ping_status":"closed","template":"","meta":{"_acf_changed":false,"footnotes":""},"class_list":["post-4874","page","type-page","status-publish","hentry","entry"],"acf":[],"_links":{"self":[{"href":"https:\/\/reccopolisforall.es\/en\/wp-json\/wp\/v2\/pages\/4874","targetHints":{"allow":["GET"]}}],"collection":[{"href":"https:\/\/reccopolisforall.es\/en\/wp-json\/wp\/v2\/pages"}],"about":[{"href":"https:\/\/reccopolisforall.es\/en\/wp-json\/wp\/v2\/types\/page"}],"author":[{"embeddable":true,"href":"https:\/\/reccopolisforall.es\/en\/wp-json\/wp\/v2\/users\/1"}],"replies":[{"embeddable":true,"href":"https:\/\/reccopolisforall.es\/en\/wp-json\/wp\/v2\/comments?post=4874"}],"version-history":[{"count":1,"href":"https:\/\/reccopolisforall.es\/en\/wp-json\/wp\/v2\/pages\/4874\/revisions"}],"predecessor-version":[{"id":4875,"href":"https:\/\/reccopolisforall.es\/en\/wp-json\/wp\/v2\/pages\/4874\/revisions\/4875"}],"wp:attachment":[{"href":"https:\/\/reccopolisforall.es\/en\/wp-json\/wp\/v2\/media?parent=4874"}],"curies":[{"name":"wp","href":"https:\/\/api.w.org\/{rel}","templated":true}]}}