{"id":4878,"date":"2025-12-09T13:19:34","date_gmt":"2025-12-09T12:19:34","guid":{"rendered":"https:\/\/reccopolisforall.es\/visigothic-pilaster-of-reccopolis\/"},"modified":"2025-12-11T13:54:31","modified_gmt":"2025-12-11T12:54:31","slug":"visigothic-pilaster-of-reccopolis","status":"publish","type":"page","link":"https:\/\/reccopolisforall.es\/en\/visigothic-pilaster-of-reccopolis\/","title":{"rendered":"Visigothic Pilaster of Reccopolis"},"content":{"rendered":"\t\t<div data-elementor-type=\"wp-page\" data-elementor-id=\"4878\" class=\"elementor elementor-4878 elementor-4764\" data-elementor-post-type=\"page\">\n\t\t\t\t<div class=\"elementor-element elementor-element-18b6c5e animated-slow e-flex e-con-boxed elementor-invisible e-con e-parent\" data-id=\"18b6c5e\" data-element_type=\"container\" data-e-type=\"container\" data-settings=\"{&quot;animation&quot;:&quot;fadeInUp&quot;}\">\n\t\t\t\t\t<div class=\"e-con-inner\">\n\t\t\t\t<div class=\"elementor-element elementor-element-68d4445 elementor-widget-mobile__width-inherit elementor-widget__width-inherit elementor-widget elementor-widget-heading\" data-id=\"68d4445\" data-element_type=\"widget\" data-e-type=\"widget\" data-widget_type=\"heading.default\">\n\t\t\t\t<div class=\"elementor-widget-container\">\n\t\t\t\t\t<h3 class=\"elementor-heading-title elementor-size-default\">Visigothic Pilaster of Reccopolis<\/h3>\t\t\t\t<\/div>\n\t\t\t\t<\/div>\n\t\t\t\t<div class=\"elementor-element elementor-element-3e206c9 elementor-widget elementor-widget-text-editor\" data-id=\"3e206c9\" data-element_type=\"widget\" data-e-type=\"widget\" data-widget_type=\"text-editor.default\">\n\t\t\t\t<div class=\"elementor-widget-container\">\n\t\t\t\t\t\t\t\t\t<p style=\"text-align: left;\">A Visigothic pilaster from the archaeological site of the Visigothic city of Reccopolis, in Zorita de los Canes, Guadalajara, Spain. This pilaster is fragmented on one side and shows signs of fire damage on the face that was attached to the wall. It was found inside the city&#8217;s former basilica.  <\/p>\t\t\t\t\t\t\t\t<\/div>\n\t\t\t\t<\/div>\n\t\t\t\t\t<\/div>\n\t\t\t\t<\/div>\n\t\t<div class=\"elementor-element elementor-element-3dbb22f e-con-full animated-slow e-flex elementor-invisible e-con e-parent\" data-id=\"3dbb22f\" data-element_type=\"container\" data-e-type=\"container\" data-settings=\"{&quot;animation&quot;:&quot;fadeInUp&quot;}\">\n\t\t\t\t<div class=\"elementor-element elementor-element-a56f437 elementor-widget__width-inherit elementor-widget elementor-widget-html\" data-id=\"a56f437\" data-element_type=\"widget\" data-e-type=\"widget\" data-widget_type=\"html.default\">\n\t\t\t\t<div class=\"elementor-widget-container\">\n\t\t\t\t\t<div class=\"sketchfab-embed-wrapper\"> <iframe title=\"Visigothic Pilaster of Reccopolis\" frameborder=\"0\" allowfullscreen=\"\" mozallowfullscreen=\"true\" webkitallowfullscreen=\"true\" allow=\"autoplay; fullscreen; xr-spatial-tracking\" xr-spatial-tracking=\"\" execution-while-out-of-viewport=\"\" execution-while-not-rendered=\"\" web-share=\"\" width=\"1280\" height=\"720\" src=\"https:\/\/sketchfab.com\/models\/da6418395b8d4665a20fef2282e046ac\/embed?transparent=1\"> <\/iframe> <p style=\"font-size: 13px; font-weight: normal; margin: 5px; color: #4A4A4A;\">  <a href=\"https:\/\/sketchfab.com\/3d-models\/pilastra-visigoda-de-reccopolis-da6418395b8d4665a20fef2282e046ac?utm_medium=embed&amp;utm_campaign=share-popup&amp;utm_content=da6418395b8d4665a20fef2282e046ac\" target=\"_blank\" rel=\"nofollow\" style=\"font-weight: bold; color: #1CAAD9;\"> Pilastra visigoda de Reccopolis <\/a> by <a href=\"https:\/\/sketchfab.com\/arqueologiauah?utm_medium=embed&amp;utm_campaign=share-popup&amp;utm_content=da6418395b8d4665a20fef2282e046ac\" target=\"_blank\" rel=\"nofollow\" style=\"font-weight: bold; color: #1CAAD9;\"> \u00c1rea de Arqueolog\u00eda - Universidad de Alcal\u00e1 <\/a> on <a href=\"https:\/\/sketchfab.com?utm_medium=embed&amp;utm_campaign=share-popup&amp;utm_content=da6418395b8d4665a20fef2282e046ac\" target=\"_blank\" rel=\"nofollow\" style=\"font-weight: bold; color: #1CAAD9;\">Sketchfab<\/a><\/p><\/div>\t\t\t\t<\/div>\n\t\t\t\t<\/div>\n\t\t\t\t<\/div>\n\t\t\t\t<\/div>\n\t\t","protected":false},"excerpt":{"rendered":"<div class=\"entry-summary\">\nVisigothic Pilaster of Reccopolis A Visigothic pilaster from the archaeological site of the Visigothic city of Reccopolis, in Zorita de los Canes, Guadalajara, Spain. This pilaster is fragmented on one side and shows signs of fire damage on the face&hellip;\n<\/div>\n<div class=\"link-more\"><a href=\"https:\/\/reccopolisforall.es\/en\/visigothic-pilaster-of-reccopolis\/\" class=\"more-link\">Continue reading<span class=\"screen-reader-text\"> &ldquo;Visigothic Pilaster of Reccopolis&rdquo;<\/span>&hellip;<\/a><\/div>\n","protected":false},"author":1,"featured_media":0,"parent":0,"menu_order":0,"comment_status":"closed","ping_status":"closed","template":"","meta":{"_acf_changed":false,"footnotes":""},"class_list":["post-4878","page","type-page","status-publish","hentry","entry"],"acf":[],"_links":{"self":[{"href":"https:\/\/reccopolisforall.es\/en\/wp-json\/wp\/v2\/pages\/4878","targetHints":{"allow":["GET"]}}],"collection":[{"href":"https:\/\/reccopolisforall.es\/en\/wp-json\/wp\/v2\/pages"}],"about":[{"href":"https:\/\/reccopolisforall.es\/en\/wp-json\/wp\/v2\/types\/page"}],"author":[{"embeddable":true,"href":"https:\/\/reccopolisforall.es\/en\/wp-json\/wp\/v2\/users\/1"}],"replies":[{"embeddable":true,"href":"https:\/\/reccopolisforall.es\/en\/wp-json\/wp\/v2\/comments?post=4878"}],"version-history":[{"count":1,"href":"https:\/\/reccopolisforall.es\/en\/wp-json\/wp\/v2\/pages\/4878\/revisions"}],"predecessor-version":[{"id":4879,"href":"https:\/\/reccopolisforall.es\/en\/wp-json\/wp\/v2\/pages\/4878\/revisions\/4879"}],"wp:attachment":[{"href":"https:\/\/reccopolisforall.es\/en\/wp-json\/wp\/v2\/media?parent=4878"}],"curies":[{"name":"wp","href":"https:\/\/api.w.org\/{rel}","templated":true}]}}